{"id":1611,"date":"2016-02-29T03:37:14","date_gmt":"2016-02-29T03:37:14","guid":{"rendered":"http:\/\/heritageclub.ca\/villemarie\/?page_id=1611"},"modified":"2020-09-14T11:59:35","modified_gmt":"2020-09-14T16:59:35","slug":"partenaires-ville-marie","status":"publish","type":"page","link":"https:\/\/heritageclub.ca\/villemarie\/partenaires-ville-marie\/","title":{"rendered":"Partenaires Ville-Marie"},"content":{"rendered":"<p>========================================================<br \/>\n<strong>Voyages Traditours <\/strong><br \/>\n<a href=\"http:\/\/traditours.com\">http:\/\/traditours.com<\/a><\/p>\n<p>M. Hamelin a expliqu\u00e9 aux 48 membres pr\u00e9sents son r\u00f4le en tant qu&rsquo;accompagnateur pour la compagnie Voyages Traditours.<\/p>\n<p>Lors de cette pr\u00e9sentation M. Hamelin a remis aux membres une brochure des destinations voyages, carte d&rsquo;affaire et crayon.<\/p>\n<p>Deux sacs \u00e0 dos &laquo;&nbsp;Traditours&nbsp;&raquo; ont \u00e9t\u00e9 remis par tirage apr\u00e8s sa pr\u00e9sentation.<\/p>\n<p><a href=\"http:\/\/www.traditours.com\">Voyages Traditours<\/a><\/p>\n<p>=========================================================<br \/>\n<strong>Collectionneur d&rsquo;\u00e9pinglettes \/ \u00c9change \/ Achat<br \/>\n<a href=\"http:\/\/clubepinglettes.unblog.fr\/%20\">http:\/\/clubepinglettes.unblog.fr\/<\/a><br \/>\nCourriel : clubepinglettes@hotmail.com<br \/>\nGilles Labine Courriel : labineg@videotron.ca<\/strong><br \/>\n=========================================================<br \/>\n<strong>Voyages 123GO. Richard Beauchamp conseiller en voyages<br \/>\n<\/strong><\/p>\n<p>https:\/\/www.voyages123go.com<\/p>\n<p>Richard Beauchamp courriel: rbeauchamp@voyages123go.com<\/p>\n<p>t\u00e9l\u00e9phone:514 704 1345<\/p>\n<p>=========================================================<\/p>\n","protected":false},"excerpt":{"rendered":"<p>======================================================== Voyages Traditours http:\/\/traditours.com M. Hamelin a expliqu\u00e9 aux 48 membres pr\u00e9sents son r\u00f4le en tant qu&rsquo;accompagnateur pour la compagnie Voyages Traditours. Lors de cette pr\u00e9sentation M. Hamelin a remis aux membres une brochure des destinations voyages, carte d&rsquo;affaire et crayon. Deux sacs \u00e0 dos &laquo;&nbsp;Traditours&nbsp;&raquo; ont \u00e9t\u00e9 remis par tirage apr\u00e8s sa pr\u00e9sentation. Voyages&#8230;  <a class=\"excerpt-read-more\" href=\"https:\/\/heritageclub.ca\/villemarie\/partenaires-ville-marie\/\" title=\"Read Partenaires Ville-Marie\">Lire la suite &raquo;<\/a><\/p>\n","protected":false},"author":12,"featured_media":0,"parent":0,"menu_order":0,"comment_status":"closed","ping_status":"closed","template":"page-no-siderbar.php","meta":{"_acf_changed":false,"footnotes":""},"class_list":["post-1611","page","type-page","status-publish","hentry"],"acf":[],"_links":{"self":[{"href":"https:\/\/heritageclub.ca\/villemarie\/wp-json\/wp\/v2\/pages\/1611","targetHints":{"allow":["GET"]}}],"collection":[{"href":"https:\/\/heritageclub.ca\/villemarie\/wp-json\/wp\/v2\/pages"}],"about":[{"href":"https:\/\/heritageclub.ca\/villemarie\/wp-json\/wp\/v2\/types\/page"}],"author":[{"embeddable":true,"href":"https:\/\/heritageclub.ca\/villemarie\/wp-json\/wp\/v2\/users\/12"}],"replies":[{"embeddable":true,"href":"https:\/\/heritageclub.ca\/villemarie\/wp-json\/wp\/v2\/comments?post=1611"}],"version-history":[{"count":48,"href":"https:\/\/heritageclub.ca\/villemarie\/wp-json\/wp\/v2\/pages\/1611\/revisions"}],"predecessor-version":[{"id":8813,"href":"https:\/\/heritageclub.ca\/villemarie\/wp-json\/wp\/v2\/pages\/1611\/revisions\/8813"}],"wp:attachment":[{"href":"https:\/\/heritageclub.ca\/villemarie\/wp-json\/wp\/v2\/media?parent=1611"}],"curies":[{"name":"wp","href":"https:\/\/api.w.org\/{rel}","templated":true}]}}