{"id":9797,"date":"2019-05-09T19:55:06","date_gmt":"2019-05-09T23:55:06","guid":{"rendered":"http:\/\/heritageclub.ca\/richelieu\/?page_id=9797"},"modified":"2021-03-09T13:21:56","modified_gmt":"2021-03-09T18:21:56","slug":"mai-2019-portovino-du-dix30","status":"publish","type":"page","link":"https:\/\/heritageclub.ca\/richelieu\/mai-2019-portovino-du-dix30\/","title":{"rendered":"Mai 2019 \u2014 Portovino"},"content":{"rendered":"<table width=\"100%\" align=\"center\">\n<tbody>\n<tr>\n<td align=\"center\"><img decoding=\"async\" src=\"https:\/\/heritageclub.ca\/richelieu\/wp-content\/uploads\/sites\/16\/2021\/03\/Portovino-600x352-1.jpg\" alt=\"Portovino-600x352\" width=\"75%\" class=\"alignnone size-full wp-image-15806\"><\/p>\n<p><a href=\"https:\/\/heritageclub.ca\/richelieu\/fr\/lieu\/restaurant-portovino\/\" target=\"_blank\" rel=\"noopener noreferrer\"><big>Restaurant Portovino au Quartier DIX30<\/big><br \/>\n8940, Boulevard Leduc #10, Brossard, QC. J4Y 0G4<\/a><\/p>\n<p>Il y avait 61 personnes pr\u00e9sentes.<br \/>\nCe f\u00fbt un grand succ\u00e8s pour une premi\u00e8re pour ce restaurant.<br \/>\nLa qualit\u00e9 des 6 choix au menu \u00e9tait digne d&rsquo;un bon resto italien.<br \/>\nLes gens \u00e9taient au rendez-vous ainsi que le beau temps.<\/p>\n<p><img decoding=\"async\" src=\"https:\/\/heritageclub.ca\/richelieu\/wp-content\/uploads\/sites\/16\/2019\/11\/line-divider-estrellas.png\" alt=\"line-divider-estrellas\" width=\"80%\"><\/p>\n<h2><strong><em>Les photos<\/em><\/strong><\/h2>\n<p><img decoding=\"async\" class=\"\" src=\"https:\/\/heritageclub.ca\/richelieu\/wp-content\/uploads\/sites\/16\/2018\/10\/trans.gif\" alt=\"trans\" width=\"80%\" height=\"24\"><\/p>\n<p style=\"text-align: center\"><strong>(Cliquez sur l&rsquo;image pour l&rsquo;agrandir dans une autre fen\u00eatre)<\/strong><\/p>\n<p><a href=\"https:\/\/heritageclub.ca\/richelieu\/wp-content\/uploads\/sites\/16\/2019\/05\/2019-05-08-NK7_0003.jpg\" target=\"_blank\" rel=\"noopener noreferrer\"><img loading=\"lazy\" decoding=\"async\" src=\"https:\/\/heritageclub.ca\/richelieu\/wp-content\/uploads\/sites\/16\/2019\/05\/2019-05-08-NK7_0003-300x200.jpg\" alt=\"2019-05-08-NK7_0003-300x200\" width=\"300\" height=\"200\" class=\"alignnone size-medium wp-image-9745\" hspace=\"10\" vspace=\"10\"><\/a><a href=\"https:\/\/heritageclub.ca\/richelieu\/wp-content\/uploads\/sites\/16\/2019\/05\/2019-05-08-NK7_0004.jpg\" target=\"_blank\" rel=\"noopener noreferrer\"><img loading=\"lazy\" decoding=\"async\" src=\"https:\/\/heritageclub.ca\/richelieu\/wp-content\/uploads\/sites\/16\/2019\/05\/2019-05-08-NK7_0004-300x200.jpg\" alt=\"2019-05-08-NK7_0004-300x200\" width=\"300\" height=\"200\" class=\"alignnone size-medium wp-image-9746\" hspace=\"10\" vspace=\"10\"><\/a><a href=\"https:\/\/heritageclub.ca\/richelieu\/wp-content\/uploads\/sites\/16\/2019\/05\/2019-05-08-NK7_0005.jpg\" target=\"_blank\" rel=\"noopener noreferrer\"><img loading=\"lazy\" decoding=\"async\" src=\"https:\/\/heritageclub.ca\/richelieu\/wp-content\/uploads\/sites\/16\/2019\/05\/2019-05-08-NK7_0005-300x196.jpg\" alt=\"2019-05-08-NK7_0005-300x196\" width=\"300\" height=\"200\" class=\"alignnone size-medium wp-image-9747\" hspace=\"10\" vspace=\"10\"><\/a><a href=\"https:\/\/heritageclub.ca\/richelieu\/wp-content\/uploads\/sites\/16\/2019\/05\/2019-05-08-NK7_0006.jpg\" target=\"_blank\" rel=\"noopener noreferrer\"><img loading=\"lazy\" decoding=\"async\" src=\"https:\/\/heritageclub.ca\/richelieu\/wp-content\/uploads\/sites\/16\/2019\/05\/2019-05-08-NK7_0006-300x196.jpg\" alt=\"2019-05-08-NK7_0006-300x196\" width=\"300\" height=\"200\" class=\"alignnone size-medium wp-image-9748\" hspace=\"10\" vspace=\"10\"><\/a><a href=\"https:\/\/heritageclub.ca\/richelieu\/wp-content\/uploads\/sites\/16\/2019\/05\/2019-05-08-NK7_0008.jpg\" target=\"_blank\" rel=\"noopener noreferrer\"><img loading=\"lazy\" decoding=\"async\" src=\"https:\/\/heritageclub.ca\/richelieu\/wp-content\/uploads\/sites\/16\/2019\/05\/2019-05-08-NK7_0008-300x200.jpg\" alt=\"2019-05-08-NK7_0008-300x200\" width=\"300\" height=\"200\" class=\"alignnone size-medium wp-image-9750\" hspace=\"10\" vspace=\"10\"><\/a><a href=\"https:\/\/heritageclub.ca\/richelieu\/wp-content\/uploads\/sites\/16\/2019\/05\/2019-05-08-NK7_0007.jpg\" target=\"_blank\" rel=\"noopener noreferrer\"><img loading=\"lazy\" decoding=\"async\" src=\"https:\/\/heritageclub.ca\/richelieu\/wp-content\/uploads\/sites\/16\/2019\/05\/2019-05-08-NK7_0007-300x195.jpg\" alt=\"2019-05-08-NK7_0007-300x195\" width=\"300\" height=\"200\" class=\"alignnone size-medium wp-image-9749\" hspace=\"10\" vspace=\"10\"><\/a><a href=\"https:\/\/heritageclub.ca\/richelieu\/wp-content\/uploads\/sites\/16\/2019\/05\/2019-05-08-NK7_0024.jpg\" target=\"_blank\" rel=\"noopener noreferrer\"><img loading=\"lazy\" decoding=\"async\" src=\"https:\/\/heritageclub.ca\/richelieu\/wp-content\/uploads\/sites\/16\/2019\/05\/2019-05-08-NK7_0024-300x200.jpg\" alt=\"2019-05-08-NK7_0024-300x200\" width=\"300\" height=\"200\" class=\"alignnone size-medium wp-image-9764\" hspace=\"10\" vspace=\"10\"><\/a><a href=\"https:\/\/heritageclub.ca\/richelieu\/wp-content\/uploads\/sites\/16\/2019\/05\/2019-05-08-NK7_0026.jpg\" target=\"_blank\" rel=\"noopener noreferrer\"><img loading=\"lazy\" decoding=\"async\" src=\"https:\/\/heritageclub.ca\/richelieu\/wp-content\/uploads\/sites\/16\/2019\/05\/2019-05-08-NK7_0026-300x200.jpg\" alt=\"2019-05-08-NK7_0026-300x200\" width=\"300\" height=\"200\" class=\"alignnone size-medium wp-image-9787\" hspace=\"10\" vspace=\"10\"><\/a><a href=\"https:\/\/heritageclub.ca\/richelieu\/wp-content\/uploads\/sites\/16\/2019\/05\/2019-05-08-NK7_0028.jpg\" target=\"_blank\" rel=\"noopener noreferrer\"><img loading=\"lazy\" decoding=\"async\" src=\"https:\/\/heritageclub.ca\/richelieu\/wp-content\/uploads\/sites\/16\/2019\/05\/2019-05-08-NK7_0028-300x193.jpg\" alt=\"2019-05-08-NK7_0028-300x193\" width=\"300\" height=\"200\" class=\"alignnone size-medium wp-image-9768\" hspace=\"10\" vspace=\"10\"><\/a><a href=\"https:\/\/heritageclub.ca\/richelieu\/wp-content\/uploads\/sites\/16\/2019\/05\/2019-05-08-NK7_0015.jpg\" target=\"_blank\" rel=\"noopener noreferrer\"><img loading=\"lazy\" decoding=\"async\" src=\"https:\/\/heritageclub.ca\/richelieu\/wp-content\/uploads\/sites\/16\/2019\/05\/2019-05-08-NK7_0015-300x200.jpg\" alt=\"2019-05-08-NK7_0015-300x200\" width=\"300\" height=\"200\" class=\"alignnone size-medium wp-image-9755\" hspace=\"10\" vspace=\"10\"><\/a><a href=\"https:\/\/heritageclub.ca\/richelieu\/wp-content\/uploads\/sites\/16\/2019\/05\/2019-05-08-NK7_0018.jpg\" target=\"_blank\" rel=\"noopener noreferrer\"><img loading=\"lazy\" decoding=\"async\" src=\"https:\/\/heritageclub.ca\/richelieu\/wp-content\/uploads\/sites\/16\/2019\/05\/2019-05-08-NK7_0018-300x201.jpg\" alt=\"2019-05-08-NK7_0018-300x201\" width=\"300\" height=\"200\" class=\"alignnone size-medium wp-image-9758\" hspace=\"10\" vspace=\"10\"><\/a><a href=\"https:\/\/heritageclub.ca\/richelieu\/wp-content\/uploads\/sites\/16\/2019\/05\/2019-05-08-NK7_0016.jpg\" target=\"_blank\" rel=\"noopener noreferrer\"><img loading=\"lazy\" decoding=\"async\" src=\"https:\/\/heritageclub.ca\/richelieu\/wp-content\/uploads\/sites\/16\/2019\/05\/2019-05-08-NK7_0016-300x197.jpg\" alt=\"2019-05-08-NK7_0016-300x197\" width=\"300\" height=\"200\" class=\"alignnone size-medium wp-image-9756\" hspace=\"10\" vspace=\"10\"><\/a><a href=\"https:\/\/heritageclub.ca\/richelieu\/wp-content\/uploads\/sites\/16\/2019\/05\/2019-05-08-NK7_0042.jpg\" target=\"_blank\" rel=\"noopener noreferrer\"><img loading=\"lazy\" decoding=\"async\" src=\"https:\/\/heritageclub.ca\/richelieu\/wp-content\/uploads\/sites\/16\/2019\/05\/2019-05-08-NK7_0042-300x186.jpg\" alt=\"2019-05-08-NK7_0042-300x186\" width=\"300\" height=\"200\" class=\"alignnone size-medium wp-image-9782\" hspace=\"10\" vspace=\"10\"><\/a><a href=\"https:\/\/heritageclub.ca\/richelieu\/wp-content\/uploads\/sites\/16\/2019\/05\/2019-05-08-NK7_0023.jpg\" target=\"_blank\" rel=\"noopener noreferrer\"><img loading=\"lazy\" decoding=\"async\" src=\"https:\/\/heritageclub.ca\/richelieu\/wp-content\/uploads\/sites\/16\/2019\/05\/2019-05-08-NK7_0023-300x201.jpg\" alt=\"2019-05-08-NK7_0023-300x201\" width=\"300\" height=\"200\" class=\"alignnone size-medium wp-image-9784\" hspace=\"10\" vspace=\"10\"><\/a><a href=\"https:\/\/heritageclub.ca\/richelieu\/wp-content\/uploads\/sites\/16\/2019\/05\/2019-05-08-NK7_0010.jpg\" target=\"_blank\" rel=\"noopener noreferrer\"><img loading=\"lazy\" decoding=\"async\" src=\"https:\/\/heritageclub.ca\/richelieu\/wp-content\/uploads\/sites\/16\/2019\/05\/2019-05-08-NK7_0010-300x200.jpg\" alt=\"2019-05-08-NK7_0010-300x200\" width=\"300\" height=\"200\" class=\"alignnone size-medium wp-image-9752\" hspace=\"10\" vspace=\"10\"><\/a><a href=\"https:\/\/heritageclub.ca\/richelieu\/wp-content\/uploads\/sites\/16\/2019\/05\/2019-05-08-NK7_0020.jpg\" target=\"_blank\" rel=\"noopener noreferrer\"><img loading=\"lazy\" decoding=\"async\" src=\"https:\/\/heritageclub.ca\/richelieu\/wp-content\/uploads\/sites\/16\/2019\/05\/2019-05-08-NK7_0020-300x200.jpg\" alt=\"2019-05-08-NK7_0020-300x200\" width=\"300\" height=\"200\" class=\"alignnone size-medium wp-image-9760\" hspace=\"10\" vspace=\"10\"><\/a><a href=\"https:\/\/heritageclub.ca\/richelieu\/wp-content\/uploads\/sites\/16\/2019\/05\/2019-05-08-NK7_0019.jpg\" target=\"_blank\" rel=\"noopener noreferrer\"><img loading=\"lazy\" decoding=\"async\" src=\"https:\/\/heritageclub.ca\/richelieu\/wp-content\/uploads\/sites\/16\/2019\/05\/2019-05-08-NK7_0019-300x200.jpg\" alt=\"2019-05-08-NK7_0019-300x200\" width=\"300\" height=\"200\" class=\"alignnone size-medium wp-image-9759\" hspace=\"10\" vspace=\"10\"><\/a><a href=\"https:\/\/heritageclub.ca\/richelieu\/wp-content\/uploads\/sites\/16\/2019\/05\/2019-05-08-NK7_0011.jpg\" target=\"_blank\" rel=\"noopener noreferrer\"><img loading=\"lazy\" decoding=\"async\" src=\"https:\/\/heritageclub.ca\/richelieu\/wp-content\/uploads\/sites\/16\/2019\/05\/2019-05-08-NK7_0011-300x200.jpg\" alt=\"2019-05-08-NK7_0011-300x200\" width=\"300\" height=\"200\" class=\"alignnone size-medium wp-image-9753\" hspace=\"10\" vspace=\"10\"><\/a><a href=\"https:\/\/heritageclub.ca\/richelieu\/wp-content\/uploads\/sites\/16\/2019\/05\/2019-05-08-NK7_0017.jpg\" target=\"_blank\" rel=\"noopener noreferrer\"><img loading=\"lazy\" decoding=\"async\" src=\"https:\/\/heritageclub.ca\/richelieu\/wp-content\/uploads\/sites\/16\/2019\/05\/2019-05-08-NK7_0017-300x207.jpg\" alt=\"2019-05-08-NK7_0017-300x207\" width=\"300\" height=\"200\" class=\"alignnone size-medium wp-image-9757\" hspace=\"10\" vspace=\"10\"><\/a><a href=\"https:\/\/heritageclub.ca\/richelieu\/wp-content\/uploads\/sites\/16\/2019\/05\/2019-05-08-NK7_0027.jpg\" target=\"_blank\" rel=\"noopener noreferrer\"><img loading=\"lazy\" decoding=\"async\" src=\"https:\/\/heritageclub.ca\/richelieu\/wp-content\/uploads\/sites\/16\/2019\/05\/2019-05-08-NK7_0027-300x195.jpg\" alt=\"2019-05-08-NK7_0027-300x195\" width=\"300\" height=\"200\" class=\"alignnone size-medium wp-image-9793\" hspace=\"10\" vspace=\"10\"><\/a><a href=\"https:\/\/heritageclub.ca\/richelieu\/wp-content\/uploads\/sites\/16\/2019\/05\/2019-05-08-NK7_0038.jpg\" target=\"_blank\" rel=\"noopener noreferrer\"><img loading=\"lazy\" decoding=\"async\" src=\"https:\/\/heritageclub.ca\/richelieu\/wp-content\/uploads\/sites\/16\/2019\/05\/2019-05-08-NK7_0038-300x200-1.jpg\" alt=\"2019-05-08-NK7_0038-300x200-1\" width=\"300\" height=\"200\" class=\"alignnone size-medium wp-image-9778\" hspace=\"10\" vspace=\"10\"><\/a><a href=\"https:\/\/heritageclub.ca\/richelieu\/wp-content\/uploads\/sites\/16\/2019\/05\/2019-05-08-NK7_0013.jpg\" target=\"_blank\" rel=\"noopener noreferrer\"><img loading=\"lazy\" decoding=\"async\" src=\"https:\/\/heritageclub.ca\/richelieu\/wp-content\/uploads\/sites\/16\/2019\/05\/2019-05-08-NK7_0013-300x200.jpg\" alt=\"2019-05-08-NK7_0013-300x200\" width=\"300\" height=\"200\" class=\"alignnone size-medium wp-image-9754\" hspace=\"10\" vspace=\"10\"><\/a><a href=\"https:\/\/heritageclub.ca\/richelieu\/wp-content\/uploads\/sites\/16\/2019\/05\/2019-05-08-NK7_0039.jpg\" target=\"_blank\" rel=\"noopener noreferrer\"><img loading=\"lazy\" decoding=\"async\" src=\"https:\/\/heritageclub.ca\/richelieu\/wp-content\/uploads\/sites\/16\/2019\/05\/2019-05-08-NK7_0039-300x200-1.jpg\" alt=\"2019-05-08-NK7_0039-300x200-1\" width=\"300\" height=\"200\" class=\"alignnone size-medium wp-image-9779\" hspace=\"10\" vspace=\"10\"><\/a><a href=\"https:\/\/heritageclub.ca\/richelieu\/wp-content\/uploads\/sites\/16\/2019\/05\/2019-05-08-NK7_0009.jpg\" target=\"_blank\" rel=\"noopener noreferrer\"><img loading=\"lazy\" decoding=\"async\" src=\"https:\/\/heritageclub.ca\/richelieu\/wp-content\/uploads\/sites\/16\/2019\/05\/2019-05-08-NK7_0009-300x200.jpg\" alt=\"2019-05-08-NK7_0009-300x200\" width=\"300\" height=\"200\" class=\"alignnone size-medium wp-image-9751\" hspace=\"10\" vspace=\"10\"><\/a><a href=\"https:\/\/heritageclub.ca\/richelieu\/wp-content\/uploads\/sites\/16\/2019\/05\/2019-05-08-NK7_0021.jpg\" target=\"_blank\" rel=\"noopener noreferrer\"><img loading=\"lazy\" decoding=\"async\" src=\"https:\/\/heritageclub.ca\/richelieu\/wp-content\/uploads\/sites\/16\/2019\/05\/2019-05-08-NK7_0021-300x195.jpg\" alt=\"2019-05-08-NK7_0021-300x195\" width=\"300\" height=\"200\" class=\"alignnone size-medium wp-image-9761\" hspace=\"10\" vspace=\"10\"><\/a><a href=\"https:\/\/heritageclub.ca\/richelieu\/wp-content\/uploads\/sites\/16\/2019\/05\/2019-05-08-NK7_0022.jpg\" target=\"_blank\" rel=\"noopener noreferrer\"><img loading=\"lazy\" decoding=\"async\" src=\"https:\/\/heritageclub.ca\/richelieu\/wp-content\/uploads\/sites\/16\/2019\/05\/2019-05-08-NK7_0022-300x200.jpg\" alt=\"2019-05-08-NK7_0022-300x200\" width=\"300\" height=\"200\" class=\"alignnone size-medium wp-image-9783\" hspace=\"10\" vspace=\"10\"><\/a><a href=\"https:\/\/heritageclub.ca\/richelieu\/wp-content\/uploads\/sites\/16\/2019\/05\/2019-05-08-NK7_0029.jpg\" target=\"_blank\" rel=\"noopener noreferrer\"><img loading=\"lazy\" decoding=\"async\" src=\"https:\/\/heritageclub.ca\/richelieu\/wp-content\/uploads\/sites\/16\/2019\/05\/2019-05-08-NK7_0029-300x200.jpg\" alt=\"2019-05-08-NK7_0029-300x200\" width=\"300\" height=\"200\" class=\"alignnone size-medium wp-image-9796\" hspace=\"10\" vspace=\"10\"><\/a><a href=\"https:\/\/heritageclub.ca\/richelieu\/wp-content\/uploads\/sites\/16\/2019\/05\/2019-05-08-NK7_0030.jpg\" target=\"_blank\" rel=\"noopener noreferrer\"><img loading=\"lazy\" decoding=\"async\" src=\"https:\/\/heritageclub.ca\/richelieu\/wp-content\/uploads\/sites\/16\/2019\/05\/2019-05-08-NK7_0030-300x205.jpg\" alt=\"2019-05-08-NK7_0030-300x205\" width=\"300\" height=\"205\" class=\"alignnone size-medium wp-image-9770\" hspace=\"10\" vspace=\"10\"><\/a><a href=\"https:\/\/heritageclub.ca\/richelieu\/wp-content\/uploads\/sites\/16\/2019\/05\/2019-05-08-NK7_0031.jpg\" target=\"_blank\" rel=\"noopener noreferrer\"><img loading=\"lazy\" decoding=\"async\" src=\"https:\/\/heritageclub.ca\/richelieu\/wp-content\/uploads\/sites\/16\/2019\/05\/2019-05-08-NK7_0031-300x199.jpg\" alt=\"2019-05-08-NK7_0031-300x199\" width=\"300\" height=\"199\" class=\"alignnone size-medium wp-image-9771\" hspace=\"10\" vspace=\"10\"><\/a><a href=\"https:\/\/heritageclub.ca\/richelieu\/wp-content\/uploads\/sites\/16\/2019\/05\/2019-05-08-NK7_0032.jpg\" target=\"_blank\" rel=\"noopener noreferrer\"><img loading=\"lazy\" decoding=\"async\" src=\"https:\/\/heritageclub.ca\/richelieu\/wp-content\/uploads\/sites\/16\/2019\/05\/2019-05-08-NK7_0032-300x200.jpg\" alt=\"2019-05-08-NK7_0032-300x200\" width=\"300\" height=\"200\" class=\"alignnone size-medium wp-image-9772\" hspace=\"10\" vspace=\"10\"><\/a><a href=\"https:\/\/heritageclub.ca\/richelieu\/wp-content\/uploads\/sites\/16\/2019\/05\/2019-05-08-NK7_0033.jpg\" target=\"_blank\" rel=\"noopener noreferrer\"><img loading=\"lazy\" decoding=\"async\" src=\"https:\/\/heritageclub.ca\/richelieu\/wp-content\/uploads\/sites\/16\/2019\/05\/2019-05-08-NK7_0033-300x200.jpg\" alt=\"2019-05-08-NK7_0033-300x200\" width=\"300\" height=\"200\" class=\"alignnone size-medium wp-image-9773\" hspace=\"10\" vspace=\"10\"><\/a><a href=\"https:\/\/heritageclub.ca\/richelieu\/wp-content\/uploads\/sites\/16\/2019\/05\/2019-05-08-NK7_0034.jpg\" target=\"_blank\" rel=\"noopener noreferrer\"><img loading=\"lazy\" decoding=\"async\" src=\"https:\/\/heritageclub.ca\/richelieu\/wp-content\/uploads\/sites\/16\/2019\/05\/2019-05-08-NK7_0034-300x200.jpg\" alt=\"2019-05-08-NK7_0034-300x200\" width=\"300\" height=\"200\" class=\"alignnone size-medium wp-image-9774\" hspace=\"10\" vspace=\"10\"><\/a><a href=\"https:\/\/heritageclub.ca\/richelieu\/wp-content\/uploads\/sites\/16\/2019\/05\/2019-05-08-NK7_0035.jpg\" target=\"_blank\" rel=\"noopener noreferrer\"><img loading=\"lazy\" decoding=\"async\" src=\"https:\/\/heritageclub.ca\/richelieu\/wp-content\/uploads\/sites\/16\/2019\/05\/2019-05-08-NK7_0035-300x200.jpg\" alt=\"2019-05-08-NK7_0035-300x200\" width=\"300\" height=\"200\" class=\"alignnone size-medium wp-image-9775\" hspace=\"10\" vspace=\"10\"><\/a><a href=\"https:\/\/heritageclub.ca\/richelieu\/wp-content\/uploads\/sites\/16\/2019\/05\/2019-05-08-NK7_0036.jpg\" target=\"_blank\" rel=\"noopener noreferrer\"><img loading=\"lazy\" decoding=\"async\" src=\"https:\/\/heritageclub.ca\/richelieu\/wp-content\/uploads\/sites\/16\/2019\/05\/2019-05-08-NK7_0036-300x200.jpg\" alt=\"2019-05-08-NK7_0036-300x200\" width=\"300\" height=\"200\" class=\"alignnone size-medium wp-image-9776\" hspace=\"10\" vspace=\"10\"><\/a><a href=\"https:\/\/heritageclub.ca\/richelieu\/wp-content\/uploads\/sites\/16\/2019\/05\/2019-05-08-NK7_0041.jpg\" target=\"_blank\" rel=\"noopener noreferrer\"><img loading=\"lazy\" decoding=\"async\" src=\"https:\/\/heritageclub.ca\/richelieu\/wp-content\/uploads\/sites\/16\/2019\/05\/2019-05-08-NK7_0041-300x200.jpg\" alt=\"2019-05-08-NK7_0041-300x200\" width=\"300\" height=\"200\" class=\"alignnone size-medium wp-image-9781\" hspace=\"10\" vspace=\"10\"><\/a><a href=\"https:\/\/heritageclub.ca\/richelieu\/wp-content\/uploads\/sites\/16\/2019\/05\/2019-05-08-NK7_0040.jpg\" target=\"_blank\" rel=\"noopener noreferrer\"><img loading=\"lazy\" decoding=\"async\" src=\"https:\/\/heritageclub.ca\/richelieu\/wp-content\/uploads\/sites\/16\/2019\/05\/2019-05-08-NK7_0040-300x190.jpg\" alt=\"2019-05-08-NK7_0040-300x190\" width=\"300\" height=\"200\" class=\"alignnone size-medium wp-image-9780\" hspace=\"10\" vspace=\"10\"><\/a><br \/>\n<img decoding=\"async\" src=\"https:\/\/heritageclub.ca\/richelieu\/wp-content\/uploads\/sites\/16\/2018\/10\/trans.gif\" width=\"100%\" height=\"10\"><\/p>\n<hr>\n<p><a href=\"https:\/\/heritageclub.ca\/richelieu\/wp-content\/uploads\/sites\/16\/2019\/06\/Bulletin_Info-Richelieu_vol-209_Juillet-Aout_2019.pdf\" rel=\"noopener noreferrer\" target=\"_blank\"><span style=\"color: #999999\"><em>R\u00e9f\u00e9rence du d\u00eener du mois au restaurant Portovino au Quartier DIX30 en Mai 2019<br \/>\ndans le Bulletin Info-Richelieu \u2014 Juillet\/Ao\u00fbt 2019 (en format PDF)<\/em><\/span><\/a><\/p>\n<hr>\n<h3><a href=\"https:\/\/heritageclub.ca\/richelieu\/fr\/contactez-nous\/\">Pour toute information ou commentaire, contactez-nous<\/a><\/h3>\n<\/td>\n<\/tr>\n<\/tbody>\n<\/table>\n","protected":false},"excerpt":{"rendered":"<p>Restaurant Portovino au Quartier DIX30 8940, Boulevard Leduc #10, Brossard, QC. J4Y 0G4 Il y avait 61 personnes pr\u00e9sentes. Ce f\u00fbt un grand succ\u00e8s pour une premi\u00e8re pour ce restaurant. La qualit\u00e9 des 6 choix au menu \u00e9tait digne d&rsquo;un bon resto italien. Les gens \u00e9taient au rendez-vous ainsi que le beau temps. Les photos&#8230;  <a class=\"excerpt-read-more\" href=\"https:\/\/heritageclub.ca\/richelieu\/mai-2019-portovino-du-dix30\/\" title=\"Read Mai 2019 \u2014 Portovino\">Lire la suite &raquo;<\/a><\/p>\n","protected":false},"author":12,"featured_media":0,"parent":0,"menu_order":0,"comment_status":"closed","ping_status":"closed","template":"page-fullwidth.php","meta":{"_acf_changed":false,"ngg_post_thumbnail":0,"footnotes":""},"class_list":["post-9797","page","type-page","status-publish","hentry"],"acf":[],"_links":{"self":[{"href":"https:\/\/heritageclub.ca\/richelieu\/wp-json\/wp\/v2\/pages\/9797","targetHints":{"allow":["GET"]}}],"collection":[{"href":"https:\/\/heritageclub.ca\/richelieu\/wp-json\/wp\/v2\/pages"}],"about":[{"href":"https:\/\/heritageclub.ca\/richelieu\/wp-json\/wp\/v2\/types\/page"}],"author":[{"embeddable":true,"href":"https:\/\/heritageclub.ca\/richelieu\/wp-json\/wp\/v2\/users\/12"}],"replies":[{"embeddable":true,"href":"https:\/\/heritageclub.ca\/richelieu\/wp-json\/wp\/v2\/comments?post=9797"}],"version-history":[{"count":58,"href":"https:\/\/heritageclub.ca\/richelieu\/wp-json\/wp\/v2\/pages\/9797\/revisions"}],"predecessor-version":[{"id":15821,"href":"https:\/\/heritageclub.ca\/richelieu\/wp-json\/wp\/v2\/pages\/9797\/revisions\/15821"}],"wp:attachment":[{"href":"https:\/\/heritageclub.ca\/richelieu\/wp-json\/wp\/v2\/media?parent=9797"}],"curies":[{"name":"wp","href":"https:\/\/api.w.org\/{rel}","templated":true}]}}