{"id":9677,"date":"2019-05-02T09:54:27","date_gmt":"2019-05-02T13:54:27","guid":{"rendered":"http:\/\/heritageclub.ca\/richelieu\/?page_id=9677"},"modified":"2021-03-09T13:23:07","modified_gmt":"2021-03-09T18:23:07","slug":"avril-2019-erabliere-sous-bois","status":"publish","type":"page","link":"https:\/\/heritageclub.ca\/richelieu\/avril-2019-erabliere-sous-bois\/","title":{"rendered":"Avril 2019 \u2014 \u00c9rabli\u00e8re au Sous-Bois"},"content":{"rendered":"<table width=\"100%\" align=\"center\">\n<tbody>\n<tr>\n<td align=\"center\"><img decoding=\"async\" src=\"https:\/\/heritageclub.ca\/richelieu\/wp-content\/uploads\/sites\/16\/2021\/03\/Erabliere-sous-bois.jpg\" alt=\"Erabliere-sous-bois\" width=\"75%\" class=\"alignnone size-full wp-image-15822\"><\/p>\n<p><a href=\"https:\/\/heritageclub.ca\/richelieu\/fr\/lieu\/erabliere-au-sous-bois\/\" rel=\"noopener noreferrer\" target=\"_blank\"><big>D\u00eener \u00e0 l&rsquo;\u00c9rabli\u00e8re au Sous-Bois<\/big><br \/>\n150, Chemin du Sous-Bois, Mont Saint-Gr\u00e9goire, QC. J5R 5H7<\/a><\/p>\n<p>Par une belle journ\u00e9e du printemps, soit le 10 avril c\u2019\u00e9tait un retour \u00e0 la Cabane \u00e0 sucre l\u2019\u00c9rabli\u00e8re au Sous-Bois, que ce sont r\u00e9unis 39 membres du Chapitre Richelieu.<br \/>\nIl y a eu diff\u00e9rents prix de pr\u00e9sences, dont 2 assortiments cadeaux de produits d&rsquo;\u00e9rable offert par le propri\u00e9taire.<\/p>\n<p><img decoding=\"async\" src=\"https:\/\/heritageclub.ca\/richelieu\/wp-content\/uploads\/sites\/16\/2019\/11\/line-divider-estrellas.png\" alt=\"line-divider-estrellas\" width=\"80%\"><\/p>\n<h2><strong><em>Les photos<\/em><\/strong><\/h2>\n<p><img decoding=\"async\" class=\"\" src=\"https:\/\/heritageclub.ca\/richelieu\/wp-content\/uploads\/sites\/16\/2018\/10\/trans.gif\" alt=\"trans\" width=\"80%\" height=\"24\"><\/p>\n<p style=\"text-align: center\"><strong>(Cliquez sur l&rsquo;image pour l&rsquo;agrandir dans une autre fen\u00eatre)<\/strong><\/p>\n<p><a href=\"https:\/\/heritageclub.ca\/richelieu\/wp-content\/uploads\/sites\/16\/2019\/05\/2019-04-10-DSCN3668.jpg\" target=\"_blank\" rel=\"noopener noreferrer\"><img loading=\"lazy\" decoding=\"async\" src=\"https:\/\/heritageclub.ca\/richelieu\/wp-content\/uploads\/sites\/16\/2019\/05\/2019-04-10-DSCN3668-300x225.jpg\" alt=\"\" width=\"300\" height=\"225\" class=\"alignnone size-medium wp-image-9651\" hspace=\"10\" vspace=\"10\"><\/a><a href=\"https:\/\/heritageclub.ca\/richelieu\/wp-content\/uploads\/sites\/16\/2019\/05\/2019-04-10-DSCN3615.jpg\" target=\"_blank\" rel=\"noopener noreferrer\"><img loading=\"lazy\" decoding=\"async\" src=\"https:\/\/heritageclub.ca\/richelieu\/wp-content\/uploads\/sites\/16\/2019\/05\/2019-04-10-DSCN3615-300x225.jpg\" alt=\"\" width=\"300\" height=\"225\" class=\"alignnone size-medium wp-image-9634\" hspace=\"10\" vspace=\"10\"><\/a><a href=\"https:\/\/heritageclub.ca\/richelieu\/wp-content\/uploads\/sites\/16\/2019\/05\/2019-04-10-DSCN3622.jpg\" target=\"_blank\" rel=\"noopener noreferrer\"><img loading=\"lazy\" decoding=\"async\" src=\"https:\/\/heritageclub.ca\/richelieu\/wp-content\/uploads\/sites\/16\/2019\/05\/2019-04-10-DSCN3622-300x225.jpg\" alt=\"\" width=\"300\" height=\"225\" class=\"alignnone size-medium wp-image-9636\" hspace=\"10\" vspace=\"10\"><\/a><a href=\"https:\/\/heritageclub.ca\/richelieu\/wp-content\/uploads\/sites\/16\/2019\/05\/2019-04-10-DSCN3624.jpg\" target=\"_blank\" rel=\"noopener noreferrer\"><img loading=\"lazy\" decoding=\"async\" src=\"https:\/\/heritageclub.ca\/richelieu\/wp-content\/uploads\/sites\/16\/2019\/05\/2019-04-10-DSCN3624-300x225.jpg\" alt=\"\" width=\"300\" height=\"225\" class=\"alignnone size-medium wp-image-9637\" hspace=\"10\" vspace=\"10\"><\/a><a href=\"https:\/\/heritageclub.ca\/richelieu\/wp-content\/uploads\/sites\/16\/2019\/05\/2019-04-10-DSCN3628.jpg\" target=\"_blank\" rel=\"noopener noreferrer\"><img loading=\"lazy\" decoding=\"async\" src=\"https:\/\/heritageclub.ca\/richelieu\/wp-content\/uploads\/sites\/16\/2019\/05\/2019-04-10-DSCN3628-300x225.jpg\" alt=\"\" width=\"300\" height=\"225\" class=\"alignnone size-medium wp-image-9664\" hspace=\"10\" vspace=\"10\"><\/a><a href=\"https:\/\/heritageclub.ca\/richelieu\/wp-content\/uploads\/sites\/16\/2019\/05\/2019-04-10-DSCN3636.jpg\" target=\"_blank\" rel=\"noopener noreferrer\"><img loading=\"lazy\" decoding=\"async\" src=\"https:\/\/heritageclub.ca\/richelieu\/wp-content\/uploads\/sites\/16\/2019\/05\/2019-04-10-DSCN3636-300x225.jpg\" alt=\"\" width=\"300\" height=\"225\" class=\"alignnone size-medium wp-image-9640\" hspace=\"10\" vspace=\"10\"><\/a><a href=\"https:\/\/heritageclub.ca\/richelieu\/wp-content\/uploads\/sites\/16\/2019\/05\/2019-04-10-DSCN3638.jpg\" target=\"_blank\" rel=\"noopener noreferrer\"><img loading=\"lazy\" decoding=\"async\" src=\"https:\/\/heritageclub.ca\/richelieu\/wp-content\/uploads\/sites\/16\/2019\/05\/2019-04-10-DSCN3638-300x225.jpg\" alt=\"\" width=\"300\" height=\"225\" class=\"alignnone size-medium wp-image-9641\" hspace=\"10\" vspace=\"10\"><\/a><a href=\"https:\/\/heritageclub.ca\/richelieu\/wp-content\/uploads\/sites\/16\/2019\/05\/2019-04-10-DSCN3640.jpg\" target=\"_blank\" rel=\"noopener noreferrer\"><img loading=\"lazy\" decoding=\"async\" src=\"https:\/\/heritageclub.ca\/richelieu\/wp-content\/uploads\/sites\/16\/2019\/05\/2019-04-10-DSCN3640-300x225.jpg\" alt=\"\" width=\"300\" height=\"225\" class=\"alignnone size-medium wp-image-9642\" hspace=\"10\" vspace=\"10\"><\/a><a href=\"https:\/\/heritageclub.ca\/richelieu\/wp-content\/uploads\/sites\/16\/2019\/05\/2019-04-10-DSCN3642.jpg\" target=\"_blank\" rel=\"noopener noreferrer\"><img loading=\"lazy\" decoding=\"async\" src=\"https:\/\/heritageclub.ca\/richelieu\/wp-content\/uploads\/sites\/16\/2019\/05\/2019-04-10-DSCN3642-300x225.jpg\" alt=\"\" width=\"300\" height=\"225\" class=\"alignnone size-medium wp-image-9643\" hspace=\"10\" vspace=\"10\"><\/a><a href=\"https:\/\/heritageclub.ca\/richelieu\/wp-content\/uploads\/sites\/16\/2019\/05\/2019-04-10-DSCN3644.jpg\" target=\"_blank\" rel=\"noopener noreferrer\"><img loading=\"lazy\" decoding=\"async\" src=\"https:\/\/heritageclub.ca\/richelieu\/wp-content\/uploads\/sites\/16\/2019\/05\/2019-04-10-DSCN3644-300x225.jpg\" alt=\"\" width=\"300\" height=\"225\" class=\"alignnone size-medium wp-image-9644\" hspace=\"10\" vspace=\"10\"><\/a><a href=\"https:\/\/heritageclub.ca\/richelieu\/wp-content\/uploads\/sites\/16\/2019\/05\/2019-04-10-DSCN3646.jpg\" target=\"_blank\" rel=\"noopener noreferrer\"><img loading=\"lazy\" decoding=\"async\" src=\"https:\/\/heritageclub.ca\/richelieu\/wp-content\/uploads\/sites\/16\/2019\/05\/2019-04-10-DSCN3646-300x225.jpg\" alt=\"\" width=\"300\" height=\"225\" class=\"alignnone size-medium wp-image-9645\" hspace=\"10\" vspace=\"10\"><\/a><a href=\"https:\/\/heritageclub.ca\/richelieu\/wp-content\/uploads\/sites\/16\/2019\/05\/2019-04-10-DSCN3648.jpg\" target=\"_blank\" rel=\"noopener noreferrer\"><img loading=\"lazy\" decoding=\"async\" src=\"https:\/\/heritageclub.ca\/richelieu\/wp-content\/uploads\/sites\/16\/2019\/05\/2019-04-10-DSCN3648-300x225.jpg\" alt=\"\" width=\"300\" height=\"225\" class=\"alignnone size-medium wp-image-9671\" hspace=\"10\" vspace=\"10\"><\/a><a href=\"https:\/\/heritageclub.ca\/richelieu\/wp-content\/uploads\/sites\/16\/2019\/05\/2019-04-10-DSCN3632.jpg\" target=\"_blank\" rel=\"noopener noreferrer\"><img loading=\"lazy\" decoding=\"async\" src=\"https:\/\/heritageclub.ca\/richelieu\/wp-content\/uploads\/sites\/16\/2019\/05\/2019-04-10-DSCN3632-300x225.jpg\" alt=\"\" width=\"300\" height=\"225\" class=\"alignnone size-medium wp-image-9670\" hspace=\"10\" vspace=\"10\"><\/a><a href=\"https:\/\/heritageclub.ca\/richelieu\/wp-content\/uploads\/sites\/16\/2019\/05\/2019-04-10-DSCN3652.jpg\" target=\"_blank\" rel=\"noopener noreferrer\"><img loading=\"lazy\" decoding=\"async\" src=\"https:\/\/heritageclub.ca\/richelieu\/wp-content\/uploads\/sites\/16\/2019\/05\/2019-04-10-DSCN3652-300x225.jpg\" alt=\"\" width=\"300\" height=\"225\" class=\"alignnone size-medium wp-image-9647\" hspace=\"10\" vspace=\"10\"><\/a><a href=\"https:\/\/heritageclub.ca\/richelieu\/wp-content\/uploads\/sites\/16\/2019\/05\/2019-04-10-DSCN3658.jpg\" target=\"_blank\" rel=\"noopener noreferrer\"><img loading=\"lazy\" decoding=\"async\" src=\"https:\/\/heritageclub.ca\/richelieu\/wp-content\/uploads\/sites\/16\/2019\/05\/2019-04-10-DSCN3658-300x225.jpg\" alt=\"\" width=\"300\" height=\"225\" class=\"alignnone size-medium wp-image-9667\" hspace=\"10\" vspace=\"10\"><\/a><a href=\"https:\/\/heritageclub.ca\/richelieu\/wp-content\/uploads\/sites\/16\/2019\/05\/2019-04-10-DSCN3662.jpg\" target=\"_blank\" rel=\"noopener noreferrer\"><img loading=\"lazy\" decoding=\"async\" src=\"https:\/\/heritageclub.ca\/richelieu\/wp-content\/uploads\/sites\/16\/2019\/05\/2019-04-10-DSCN3662-300x225.jpg\" alt=\"\" width=\"300\" height=\"225\" class=\"alignnone size-medium wp-image-9685\" hspace=\"10\" vspace=\"10\"><\/a><a href=\"https:\/\/heritageclub.ca\/richelieu\/wp-content\/uploads\/sites\/16\/2019\/05\/2019-04-10-DSCN3664.jpg\" target=\"_blank\" rel=\"noopener noreferrer\"><img loading=\"lazy\" decoding=\"async\" src=\"https:\/\/heritageclub.ca\/richelieu\/wp-content\/uploads\/sites\/16\/2019\/05\/2019-04-10-DSCN3664-300x225.jpg\" alt=\"\" width=\"300\" height=\"225\" class=\"alignnone size-medium wp-image-9650\" hspace=\"10\" vspace=\"10\"><\/a><a href=\"https:\/\/heritageclub.ca\/richelieu\/wp-content\/uploads\/sites\/16\/2019\/05\/2019-04-10-DSCN3688.jpg\" target=\"_blank\" rel=\"noopener noreferrer\"><img loading=\"lazy\" decoding=\"async\" src=\"https:\/\/heritageclub.ca\/richelieu\/wp-content\/uploads\/sites\/16\/2019\/05\/2019-04-10-DSCN3688-300x225.jpg\" alt=\"\" width=\"300\" height=\"225\" class=\"alignnone size-medium wp-image-9687\" hspace=\"10\" vspace=\"10\"><\/a><a href=\"https:\/\/heritageclub.ca\/richelieu\/wp-content\/uploads\/sites\/16\/2019\/05\/2019-04-10-DSCN3670.jpg\" target=\"_blank\" rel=\"noopener noreferrer\"><img loading=\"lazy\" decoding=\"async\" src=\"https:\/\/heritageclub.ca\/richelieu\/wp-content\/uploads\/sites\/16\/2019\/05\/2019-04-10-DSCN3670-300x225.jpg\" alt=\"\" width=\"300\" height=\"225\" class=\"alignnone size-medium wp-image-9652\" hspace=\"10\" vspace=\"10\"><\/a><a href=\"https:\/\/heritageclub.ca\/richelieu\/wp-content\/uploads\/sites\/16\/2019\/05\/2019-04-10-DSCN3672.jpg\" target=\"_blank\" rel=\"noopener noreferrer\"><img loading=\"lazy\" decoding=\"async\" src=\"https:\/\/heritageclub.ca\/richelieu\/wp-content\/uploads\/sites\/16\/2019\/05\/2019-04-10-DSCN3672-300x225.jpg\" alt=\"\" width=\"300\" height=\"225\" class=\"alignnone size-medium wp-image-9653\" hspace=\"10\" vspace=\"10\"><\/a><a href=\"https:\/\/heritageclub.ca\/richelieu\/wp-content\/uploads\/sites\/16\/2019\/05\/2019-04-10-DSCN3676.jpg\" target=\"_blank\" rel=\"noopener noreferrer\"><img loading=\"lazy\" decoding=\"async\" src=\"https:\/\/heritageclub.ca\/richelieu\/wp-content\/uploads\/sites\/16\/2019\/05\/2019-04-10-DSCN3676-300x225.jpg\" alt=\"\" width=\"300\" height=\"225\" class=\"alignnone size-medium wp-image-9654\" hspace=\"10\" vspace=\"10\"><\/a><a href=\"https:\/\/heritageclub.ca\/richelieu\/wp-content\/uploads\/sites\/16\/2019\/05\/2019-04-10-DSCN3680.jpg\" target=\"_blank\" rel=\"noopener noreferrer\"><img loading=\"lazy\" decoding=\"async\" src=\"https:\/\/heritageclub.ca\/richelieu\/wp-content\/uploads\/sites\/16\/2019\/05\/2019-04-10-DSCN3680-300x225.jpg\" alt=\"\" width=\"300\" height=\"225\" class=\"alignnone size-medium wp-image-9655\" hspace=\"10\" vspace=\"10\"><\/a><a href=\"https:\/\/heritageclub.ca\/richelieu\/wp-content\/uploads\/sites\/16\/2019\/05\/2019-04-10-DSCN3682.jpg\" target=\"_blank\" rel=\"noopener noreferrer\"><img loading=\"lazy\" decoding=\"async\" src=\"https:\/\/heritageclub.ca\/richelieu\/wp-content\/uploads\/sites\/16\/2019\/05\/2019-04-10-DSCN3682-300x225.jpg\" alt=\"\" width=\"300\" height=\"225\" class=\"alignnone size-medium wp-image-9656\" hspace=\"10\" vspace=\"10\"><\/a><a href=\"https:\/\/heritageclub.ca\/richelieu\/wp-content\/uploads\/sites\/16\/2019\/05\/2019-04-10-DSCN3684.jpg\" target=\"_blank\" rel=\"noopener noreferrer\"><img loading=\"lazy\" decoding=\"async\" src=\"https:\/\/heritageclub.ca\/richelieu\/wp-content\/uploads\/sites\/16\/2019\/05\/2019-04-10-DSCN3684-300x225.jpg\" alt=\"\" width=\"300\" height=\"225\" class=\"alignnone size-medium wp-image-9657\" hspace=\"10\" vspace=\"10\"><\/a><a href=\"https:\/\/heritageclub.ca\/richelieu\/wp-content\/uploads\/sites\/16\/2019\/05\/2019-04-10-DSCN3694.jpg\" target=\"_blank\" rel=\"noopener noreferrer\"><img loading=\"lazy\" decoding=\"async\" src=\"https:\/\/heritageclub.ca\/richelieu\/wp-content\/uploads\/sites\/16\/2019\/05\/2019-04-10-DSCN3694-300x225.jpg\" alt=\"\" width=\"300\" height=\"225\" class=\"alignnone size-medium wp-image-9659\" hspace=\"10\" vspace=\"10\"><\/a><a href=\"https:\/\/heritageclub.ca\/richelieu\/wp-content\/uploads\/sites\/16\/2019\/05\/2019-04-10-DSCN3698.jpg\" target=\"_blank\" rel=\"noopener noreferrer\"><img loading=\"lazy\" decoding=\"async\" src=\"https:\/\/heritageclub.ca\/richelieu\/wp-content\/uploads\/sites\/16\/2019\/05\/2019-04-10-DSCN3698-300x225.jpg\" alt=\"\" width=\"300\" height=\"225\" class=\"alignnone size-medium wp-image-9660\" hspace=\"10\" vspace=\"10\"><\/a><a href=\"https:\/\/heritageclub.ca\/richelieu\/wp-content\/uploads\/sites\/16\/2019\/05\/2019-04-10-DSCN3700.jpg\" target=\"_blank\" rel=\"noopener noreferrer\"><img loading=\"lazy\" decoding=\"async\" src=\"https:\/\/heritageclub.ca\/richelieu\/wp-content\/uploads\/sites\/16\/2019\/05\/2019-04-10-DSCN3700-300x225.jpg\" alt=\"\" width=\"300\" height=\"225\" class=\"alignnone size-medium wp-image-9672\" hspace=\"10\" vspace=\"10\"><\/a><br \/>\n<img decoding=\"async\" src=\"https:\/\/heritageclub.ca\/richelieu\/wp-content\/uploads\/sites\/16\/2018\/10\/trans.gif\" width=\"100%\" height=\"10\"><\/p>\n<hr>\n<p><a href=\"https:\/\/heritageclub.ca\/richelieu\/wp-content\/uploads\/sites\/16\/2019\/06\/Bulletin_Info-Richelieu_vol-209_Juillet-Aout_2019.pdf\" rel=\"noopener noreferrer\" target=\"_blank\"><span style=\"color: #999999\"><em>R\u00e9f\u00e9rence du d\u00eener du mois \u00e0 l&rsquo;\u00e9rabli\u00e8re au Sous-Bois en Avril 2019<br \/>\ndans le Bulletin Info-Richelieu \u2014 Juillet\/Ao\u00fbt 2019 (en format PDF)<\/em><\/span><\/a><\/p>\n<hr>\n<h3><a href=\"https:\/\/heritageclub.ca\/richelieu\/fr\/contactez-nous\/\">Pour toute information ou commentaire, contactez-nous<\/a><\/h3>\n<\/td>\n<\/tr>\n<\/tbody>\n<\/table>\n","protected":false},"excerpt":{"rendered":"<p>D\u00eener \u00e0 l&rsquo;\u00c9rabli\u00e8re au Sous-Bois 150, Chemin du Sous-Bois, Mont Saint-Gr\u00e9goire, QC. J5R 5H7 Par une belle journ\u00e9e du printemps, soit le 10 avril c\u2019\u00e9tait un retour \u00e0 la Cabane \u00e0 sucre l\u2019\u00c9rabli\u00e8re au Sous-Bois, que ce sont r\u00e9unis 39 membres du Chapitre Richelieu. Il y a eu diff\u00e9rents prix de pr\u00e9sences, dont 2 assortiments&#8230;  <a class=\"excerpt-read-more\" href=\"https:\/\/heritageclub.ca\/richelieu\/avril-2019-erabliere-sous-bois\/\" title=\"Read Avril 2019 \u2014 \u00c9rabli\u00e8re au Sous-Bois\">Lire la suite &raquo;<\/a><\/p>\n","protected":false},"author":12,"featured_media":0,"parent":0,"menu_order":0,"comment_status":"closed","ping_status":"closed","template":"page-fullwidth.php","meta":{"_acf_changed":false,"ngg_post_thumbnail":0,"footnotes":""},"class_list":["post-9677","page","type-page","status-publish","hentry"],"acf":[],"_links":{"self":[{"href":"https:\/\/heritageclub.ca\/richelieu\/wp-json\/wp\/v2\/pages\/9677","targetHints":{"allow":["GET"]}}],"collection":[{"href":"https:\/\/heritageclub.ca\/richelieu\/wp-json\/wp\/v2\/pages"}],"about":[{"href":"https:\/\/heritageclub.ca\/richelieu\/wp-json\/wp\/v2\/types\/page"}],"author":[{"embeddable":true,"href":"https:\/\/heritageclub.ca\/richelieu\/wp-json\/wp\/v2\/users\/12"}],"replies":[{"embeddable":true,"href":"https:\/\/heritageclub.ca\/richelieu\/wp-json\/wp\/v2\/comments?post=9677"}],"version-history":[{"count":38,"href":"https:\/\/heritageclub.ca\/richelieu\/wp-json\/wp\/v2\/pages\/9677\/revisions"}],"predecessor-version":[{"id":15823,"href":"https:\/\/heritageclub.ca\/richelieu\/wp-json\/wp\/v2\/pages\/9677\/revisions\/15823"}],"wp:attachment":[{"href":"https:\/\/heritageclub.ca\/richelieu\/wp-json\/wp\/v2\/media?parent=9677"}],"curies":[{"name":"wp","href":"https:\/\/api.w.org\/{rel}","templated":true}]}}