{"id":9444,"date":"2019-03-26T13:20:58","date_gmt":"2019-03-26T17:20:58","guid":{"rendered":"http:\/\/heritageclub.ca\/richelieu\/?page_id=9444"},"modified":"2020-08-29T10:10:59","modified_gmt":"2020-08-29T14:10:59","slug":"quilles-o-thon-2019","status":"publish","type":"page","link":"https:\/\/heritageclub.ca\/richelieu\/quilles-o-thon-2019\/","title":{"rendered":""},"content":{"rendered":"<table width=\"100%\" align=\"center\">\n<tbody>\n<tr>\n<td align=\"center\"><img decoding=\"async\" src=\"https:\/\/heritageclub.ca\/richelieu\/wp-content\/uploads\/sites\/16\/2018\/11\/clipart_bowling.png\" alt=\"clipart_bowling\" vspace=\"10\"><\/p>\n<h1><span style=\"color: #0000ff\">Quilles-O-Thon 2019<\/span><\/h1>\n<p><a href=\"https:\/\/heritageclub.ca\/richelieu\/wp-content\/uploads\/sites\/16\/2019\/03\/2019_03_23-DSCN3607-1.jpg\" target=\"_blank\" rel=\"noopener noreferrer\"><img decoding=\"async\" class=\"alignnone size-full wp-image-9512\" src=\"https:\/\/heritageclub.ca\/richelieu\/wp-content\/uploads\/sites\/16\/2019\/03\/2019_03_23-DSCN3607-1.jpg\" alt=\"2019_03_23-DSCN3607-1\" width=\"75%\" vspace=\"20\"><\/a><br \/>\n<a href=\"https:\/\/heritageclub.ca\/richelieu\/wp-content\/uploads\/sites\/16\/2019\/03\/Relais-pour-la-vie-Les-Guidounes.jpg\" target=\"_blank\" rel=\"noopener noreferrer\"><img decoding=\"async\" class=\"alignnone size-full wp-image-9547\" src=\"https:\/\/heritageclub.ca\/richelieu\/wp-content\/uploads\/sites\/16\/2019\/03\/Relais-pour-la-vie-Les-Guidounes.jpg\" alt=\"Relais-pour-la-vie-Les-Guidounes\" width=\"45%\" vspace=\"20\"><\/a><br \/>\n<big><span style=\"color: #800000\">Un ch\u00e8que de <strong>500$<\/strong> a \u00e9t\u00e9 remis par le chapitre Richelieu.<\/span><\/big><\/p>\n<p>C\u2019est pour une 3<sup>e<\/sup> ann\u00e9e cons\u00e9cutive que les <strong><em>membres du Chapitre&nbsp;Richelieu<\/em><\/strong> se sont joint \u00e0 l\u2019organisation de la 5<sup>e<\/sup> \u00e9dition de l\u2019\u00e9quipe <span style=\"color: #ff00ff\"><strong><em>Les Guidounes<\/em><\/strong><\/span>, dans le cadre de leur Quilles-O-Thon annuel de financement.<br \/>\nEn effet, <strong><em>M\u00e9lissa Blais<\/em><\/strong>, la fille de l\u2019un de nos membres, s\u2019implique dans la grande campagne de financement <strong><span style=\"color: #ffcc00\">RELAIS<\/span>&nbsp;<span style=\"color: #3366ff\">POUR&nbsp;LA&nbsp;VIE<\/span><\/strong>. Lors de cette soir\u00e9e, <span style=\"color: #ff00ff\"><strong><em>Les Guidounes<\/em><\/strong><\/span> ont obtenu la contribution de 88 commanditaires pour 180&nbsp;prix \u00e0 partager avec 150&nbsp;participants.<br \/>\nAu total, elles ont accumul\u00e9 la somme de <span style=\"color: #000000\"><strong>4,624.10$<\/strong><\/span>, pour cette journ\u00e9e seulement.<\/p>\n<p><img decoding=\"async\" src=\"https:\/\/heritageclub.ca\/richelieu\/wp-content\/uploads\/sites\/16\/2019\/11\/line-divider-estrellas.png\" alt=\"line-divider-estrellas\" width=\"80%\"><\/p>\n<h2><strong><em>Les photos<\/em><\/strong><\/h2>\n<p><img decoding=\"async\" class=\"\" src=\"https:\/\/heritageclub.ca\/richelieu\/wp-content\/uploads\/sites\/16\/2018\/10\/trans.gif\" alt=\"trans\" width=\"80%\" height=\"24\"><\/p>\n<p style=\"text-align: center\"><strong>(Cliquez sur l&rsquo;image pour l&rsquo;agrandir dans une autre fen\u00eatre)<\/strong><\/p>\n<p><a href=\"https:\/\/heritageclub.ca\/richelieu\/wp-content\/uploads\/sites\/16\/2019\/03\/2019_03_23-DSCN3526.jpg\" target=\"_blank\" rel=\"noopener noreferrer\"><img loading=\"lazy\" decoding=\"async\" class=\"alignnone size-medium wp-image-9483\" src=\"https:\/\/heritageclub.ca\/richelieu\/wp-content\/uploads\/sites\/16\/2019\/03\/2019_03_23-DSCN3526-300x225.jpg\" alt=\"2019_03_23-DSCN3526\" width=\"300\" height=\"225\" hspace=\"10\" vspace=\"10\"><\/a><a href=\"https:\/\/heritageclub.ca\/richelieu\/wp-content\/uploads\/sites\/16\/2019\/03\/2019_03_23-DSCN3520.jpg\" target=\"_blank\" rel=\"noopener noreferrer\"><img loading=\"lazy\" decoding=\"async\" class=\"alignnone size-medium wp-image-9450\" src=\"https:\/\/heritageclub.ca\/richelieu\/wp-content\/uploads\/sites\/16\/2019\/03\/2019_03_23-DSCN3520-300x225.jpg\" alt=\"2019_03_23-DSCN3520\" width=\"300\" height=\"225\" hspace=\"10\" vspace=\"10\"><\/a><a href=\"https:\/\/heritageclub.ca\/richelieu\/wp-content\/uploads\/sites\/16\/2019\/03\/2019_03_23-DSCN3550.jpg\" target=\"_blank\" rel=\"noopener noreferrer\"><img loading=\"lazy\" decoding=\"async\" class=\"alignnone size-medium wp-image-9457\" src=\"https:\/\/heritageclub.ca\/richelieu\/wp-content\/uploads\/sites\/16\/2019\/03\/2019_03_23-DSCN3550-300x225.jpg\" alt=\"2019_03_23-DSCN3550\" width=\"300\" height=\"225\" hspace=\"10\" vspace=\"10\"><\/a><a href=\"https:\/\/heritageclub.ca\/richelieu\/wp-content\/uploads\/sites\/16\/2019\/03\/2019_03_23-DSCN3552.jpg\" target=\"_blank\" rel=\"noopener noreferrer\"><img loading=\"lazy\" decoding=\"async\" class=\"alignnone size-medium wp-image-9494\" src=\"https:\/\/heritageclub.ca\/richelieu\/wp-content\/uploads\/sites\/16\/2019\/03\/2019_03_23-DSCN3552-300x225.jpg\" alt=\"2019_03_23-DSCN3552\" width=\"300\" height=\"225\" hspace=\"10\" vspace=\"10\"><\/a><a href=\"https:\/\/heritageclub.ca\/richelieu\/wp-content\/uploads\/sites\/16\/2019\/03\/2019_03_23-DSCN3554.jpg\" target=\"_blank\" rel=\"noopener noreferrer\"><img loading=\"lazy\" decoding=\"async\" class=\"alignnone size-medium wp-image-9459\" src=\"https:\/\/heritageclub.ca\/richelieu\/wp-content\/uploads\/sites\/16\/2019\/03\/2019_03_23-DSCN3554-300x225.jpg\" alt=\"2019_03_23-DSCN3554\" width=\"300\" height=\"225\" hspace=\"10\" vspace=\"10\"><\/a><a href=\"https:\/\/heritageclub.ca\/richelieu\/wp-content\/uploads\/sites\/16\/2019\/03\/2019_03_23-DSCN3528.jpg\" target=\"_blank\" rel=\"noopener noreferrer\"><img loading=\"lazy\" decoding=\"async\" class=\"alignnone size-medium wp-image-9452\" src=\"https:\/\/heritageclub.ca\/richelieu\/wp-content\/uploads\/sites\/16\/2019\/03\/2019_03_23-DSCN3528-300x225.jpg\" alt=\"2019_03_23-DSCN3528\" width=\"300\" height=\"225\" hspace=\"10\" vspace=\"10\"><\/a><a href=\"https:\/\/heritageclub.ca\/richelieu\/wp-content\/uploads\/sites\/16\/2019\/03\/2019_03_23-DSCN3530.jpg\" target=\"_blank\" rel=\"noopener noreferrer\"><img loading=\"lazy\" decoding=\"async\" class=\"alignnone size-medium wp-image-9453\" src=\"https:\/\/heritageclub.ca\/richelieu\/wp-content\/uploads\/sites\/16\/2019\/03\/2019_03_23-DSCN3530-300x225.jpg\" alt=\"2019_03_23-DSCN3530\" width=\"300\" height=\"225\" hspace=\"10\" vspace=\"10\"><\/a><a href=\"https:\/\/heritageclub.ca\/richelieu\/wp-content\/uploads\/sites\/16\/2019\/03\/2019_03_23-DSCN3536.jpg\" target=\"_blank\" rel=\"noopener noreferrer\"><img loading=\"lazy\" decoding=\"async\" class=\"alignnone size-medium wp-image-9454\" src=\"https:\/\/heritageclub.ca\/richelieu\/wp-content\/uploads\/sites\/16\/2019\/03\/2019_03_23-DSCN3536-300x225.jpg\" alt=\"2019_03_23-DSCN3536\" width=\"300\" height=\"225\" hspace=\"10\" vspace=\"10\"><\/a><a href=\"https:\/\/heritageclub.ca\/richelieu\/wp-content\/uploads\/sites\/16\/2019\/03\/2019_03_23-DSCN3540.jpg\" target=\"_blank\" rel=\"noopener noreferrer\"><img loading=\"lazy\" decoding=\"async\" class=\"alignnone size-medium wp-image-9485\" src=\"https:\/\/heritageclub.ca\/richelieu\/wp-content\/uploads\/sites\/16\/2019\/03\/2019_03_23-DSCN3540-300x225.jpg\" alt=\"2019_03_23-DSCN3540\" width=\"300\" height=\"225\" hspace=\"10\" vspace=\"10\"><\/a><a href=\"https:\/\/heritageclub.ca\/richelieu\/wp-content\/uploads\/sites\/16\/2019\/03\/2019_03_23-DSCN3542.jpg\" target=\"_blank\" rel=\"noopener noreferrer\"><img loading=\"lazy\" decoding=\"async\" class=\"alignnone size-medium wp-image-9486\" src=\"https:\/\/heritageclub.ca\/richelieu\/wp-content\/uploads\/sites\/16\/2019\/03\/2019_03_23-DSCN3542-300x225.jpg\" alt=\"2019_03_23-DSCN3542\" width=\"300\" height=\"225\" hspace=\"10\" vspace=\"10\"><\/a><a href=\"https:\/\/heritageclub.ca\/richelieu\/wp-content\/uploads\/sites\/16\/2019\/03\/2019_03_23-DSCN3560.jpg\" target=\"_blank\" rel=\"noopener noreferrer\"><img loading=\"lazy\" decoding=\"async\" class=\"alignnone size-medium wp-image-9460\" src=\"https:\/\/heritageclub.ca\/richelieu\/wp-content\/uploads\/sites\/16\/2019\/03\/2019_03_23-DSCN3560-300x225.jpg\" alt=\"2019_03_23-DSCN3560\" width=\"300\" height=\"225\" hspace=\"10\" vspace=\"10\"><\/a><a href=\"https:\/\/heritageclub.ca\/richelieu\/wp-content\/uploads\/sites\/16\/2019\/03\/2019_03_23-DSCN3564.jpg\" target=\"_blank\" rel=\"noopener noreferrer\"><img loading=\"lazy\" decoding=\"async\" class=\"alignnone size-medium wp-image-9461\" src=\"https:\/\/heritageclub.ca\/richelieu\/wp-content\/uploads\/sites\/16\/2019\/03\/2019_03_23-DSCN3564-300x225.jpg\" alt=\"2019_03_23-DSCN3564\" width=\"300\" height=\"225\" hspace=\"10\" vspace=\"10\"><\/a><a href=\"https:\/\/heritageclub.ca\/richelieu\/wp-content\/uploads\/sites\/16\/2019\/03\/2019_03_23-DSCN3569.jpg\" target=\"_blank\" rel=\"noopener noreferrer\"><img loading=\"lazy\" decoding=\"async\" class=\"alignnone size-medium wp-image-9462\" src=\"https:\/\/heritageclub.ca\/richelieu\/wp-content\/uploads\/sites\/16\/2019\/03\/2019_03_23-DSCN3569-300x225.jpg\" alt=\"2019_03_23-DSCN3569\" width=\"300\" height=\"225\" hspace=\"10\" vspace=\"10\"><\/a><a href=\"https:\/\/heritageclub.ca\/richelieu\/wp-content\/uploads\/sites\/16\/2019\/03\/2019_03_23-DSCN3573.jpg\" target=\"_blank\" rel=\"noopener noreferrer\"><img loading=\"lazy\" decoding=\"async\" class=\"alignnone size-medium wp-image-9463\" src=\"https:\/\/heritageclub.ca\/richelieu\/wp-content\/uploads\/sites\/16\/2019\/03\/2019_03_23-DSCN3573-300x225.jpg\" alt=\"2019_03_23-DSCN3573\" width=\"300\" height=\"225\" hspace=\"10\" vspace=\"10\"><\/a><a href=\"https:\/\/heritageclub.ca\/richelieu\/wp-content\/uploads\/sites\/16\/2019\/03\/2019_03_23-DSCN3581.jpg\" target=\"_blank\" rel=\"noopener noreferrer\"><img loading=\"lazy\" decoding=\"async\" class=\"alignnone size-medium wp-image-9492\" src=\"https:\/\/heritageclub.ca\/richelieu\/wp-content\/uploads\/sites\/16\/2019\/03\/2019_03_23-DSCN3581-300x225.jpg\" alt=\"2019_03_23-DSCN3581\" width=\"300\" height=\"225\" hspace=\"10\" vspace=\"10\"><\/a><a href=\"https:\/\/heritageclub.ca\/richelieu\/wp-content\/uploads\/sites\/16\/2019\/03\/2019_03_23-DSCN3582.jpg\" target=\"_blank\" rel=\"noopener noreferrer\"><img loading=\"lazy\" decoding=\"async\" class=\"alignnone size-medium wp-image-9495\" src=\"https:\/\/heritageclub.ca\/richelieu\/wp-content\/uploads\/sites\/16\/2019\/03\/2019_03_23-DSCN3582-300x225.jpg\" alt=\"2019_03_23-DSCN3582\" width=\"300\" height=\"225\" hspace=\"10\" vspace=\"10\"><\/a><a href=\"https:\/\/heritageclub.ca\/richelieu\/wp-content\/uploads\/sites\/16\/2019\/03\/2019_03_23-DSCN3583.jpg\" target=\"_blank\" rel=\"noopener noreferrer\"><img loading=\"lazy\" decoding=\"async\" class=\"alignnone size-medium wp-image-9498\" src=\"https:\/\/heritageclub.ca\/richelieu\/wp-content\/uploads\/sites\/16\/2019\/03\/2019_03_23-DSCN3583-300x225.jpg\" alt=\"2019_03_23-DSCN3583\" width=\"300\" height=\"225\" hspace=\"10\" vspace=\"10\"><\/a><a href=\"https:\/\/heritageclub.ca\/richelieu\/wp-content\/uploads\/sites\/16\/2019\/03\/2019_03_23-DSCN3586.jpg\" target=\"_blank\" rel=\"noopener noreferrer\"><img loading=\"lazy\" decoding=\"async\" class=\"alignnone size-medium wp-image-9507\" src=\"https:\/\/heritageclub.ca\/richelieu\/wp-content\/uploads\/sites\/16\/2019\/03\/2019_03_23-DSCN3586-300x225.jpg\" alt=\"2019_03_23-DSCN3586\" width=\"300\" height=\"225\" hspace=\"10\" vspace=\"10\"><\/a><a href=\"https:\/\/heritageclub.ca\/richelieu\/wp-content\/uploads\/sites\/16\/2019\/03\/2019_03_23-DSCN3592.jpg\" target=\"_blank\" rel=\"noopener noreferrer\"><img loading=\"lazy\" decoding=\"async\" class=\"alignnone size-medium wp-image-9510\" src=\"https:\/\/heritageclub.ca\/richelieu\/wp-content\/uploads\/sites\/16\/2019\/03\/2019_03_23-DSCN3592-300x225.jpg\" alt=\"2019_03_23-DSCN3592\" width=\"300\" height=\"225\" hspace=\"10\" vspace=\"10\"><\/a><a href=\"https:\/\/heritageclub.ca\/richelieu\/wp-content\/uploads\/sites\/16\/2019\/03\/2019_03_23-DSCN3593.jpg\" target=\"_blank\" rel=\"noopener noreferrer\"><img loading=\"lazy\" decoding=\"async\" class=\"alignnone size-medium wp-image-9469\" src=\"https:\/\/heritageclub.ca\/richelieu\/wp-content\/uploads\/sites\/16\/2019\/03\/2019_03_23-DSCN3593-300x225.jpg\" alt=\"2019_03_23-DSCN3593\" width=\"300\" height=\"225\" hspace=\"10\" vspace=\"10\"><\/a><a href=\"https:\/\/heritageclub.ca\/richelieu\/wp-content\/uploads\/sites\/16\/2019\/03\/2019_03_23-DSCN3594.jpg\" target=\"_blank\" rel=\"noopener noreferrer\"><img loading=\"lazy\" decoding=\"async\" class=\"alignnone size-medium wp-image-9503\" src=\"https:\/\/heritageclub.ca\/richelieu\/wp-content\/uploads\/sites\/16\/2019\/03\/2019_03_23-DSCN3594-300x225.jpg\" alt=\"2019_03_23-DSCN3594\" width=\"300\" height=\"225\" hspace=\"10\" vspace=\"10\"><\/a><a href=\"https:\/\/heritageclub.ca\/richelieu\/wp-content\/uploads\/sites\/16\/2019\/03\/2019_03_23-DSCN3595.jpg\" target=\"_blank\" rel=\"noopener noreferrer\"><img loading=\"lazy\" decoding=\"async\" class=\"alignnone size-medium wp-image-9471\" src=\"https:\/\/heritageclub.ca\/richelieu\/wp-content\/uploads\/sites\/16\/2019\/03\/2019_03_23-DSCN3595-300x225.jpg\" alt=\"2019_03_23-DSCN3595\" width=\"300\" height=\"225\" hspace=\"10\" vspace=\"10\"><\/a><a href=\"https:\/\/heritageclub.ca\/richelieu\/wp-content\/uploads\/sites\/16\/2019\/03\/2019_03_23-DSCN3597.jpg\" target=\"_blank\" rel=\"noopener noreferrer\"><img loading=\"lazy\" decoding=\"async\" class=\"alignnone size-medium wp-image-9472\" src=\"https:\/\/heritageclub.ca\/richelieu\/wp-content\/uploads\/sites\/16\/2019\/03\/2019_03_23-DSCN3597-300x225.jpg\" alt=\"2019_03_23-DSCN3597\" width=\"300\" height=\"225\" hspace=\"10\" vspace=\"10\"><\/a><a href=\"https:\/\/heritageclub.ca\/richelieu\/wp-content\/uploads\/sites\/16\/2019\/03\/2019_03_23-IMG_20190323_162756.jpg\" target=\"_blank\" rel=\"noopener noreferrer\"><img loading=\"lazy\" decoding=\"async\" class=\"alignnone size-medium wp-image-9480\" src=\"https:\/\/heritageclub.ca\/richelieu\/wp-content\/uploads\/sites\/16\/2019\/03\/2019_03_23-IMG_20190323_162756-300x214.jpg\" alt=\"2019_03_23-IMG_20190323_162756\" width=\"300\" height=\"225\" hspace=\"10\" vspace=\"10\"><\/a><a href=\"https:\/\/heritageclub.ca\/richelieu\/wp-content\/uploads\/sites\/16\/2019\/03\/2019_03_23-DSCN3598.jpg\" target=\"_blank\" rel=\"noopener noreferrer\"><img loading=\"lazy\" decoding=\"async\" class=\"alignnone size-medium wp-image-9473\" src=\"https:\/\/heritageclub.ca\/richelieu\/wp-content\/uploads\/sites\/16\/2019\/03\/2019_03_23-DSCN3598-300x225.jpg\" alt=\"2019_03_23-DSCN3598\" width=\"300\" height=\"225\" hspace=\"10\" vspace=\"10\"><\/a><a href=\"https:\/\/heritageclub.ca\/richelieu\/wp-content\/uploads\/sites\/16\/2019\/03\/2019_03_23-DSCN3599.jpg\" target=\"_blank\" rel=\"noopener noreferrer\"><img loading=\"lazy\" decoding=\"async\" class=\"alignnone size-medium wp-image-9504\" src=\"https:\/\/heritageclub.ca\/richelieu\/wp-content\/uploads\/sites\/16\/2019\/03\/2019_03_23-DSCN3599-300x225.jpg\" alt=\"2019_03_23-DSCN3599\" width=\"300\" height=\"225\" hspace=\"10\" vspace=\"10\"><\/a><a href=\"https:\/\/heritageclub.ca\/richelieu\/wp-content\/uploads\/sites\/16\/2019\/03\/2019_03_23-DSCN3600.jpg\" target=\"_blank\" rel=\"noopener noreferrer\"><img loading=\"lazy\" decoding=\"async\" class=\"alignnone size-medium wp-image-9475\" src=\"https:\/\/heritageclub.ca\/richelieu\/wp-content\/uploads\/sites\/16\/2019\/03\/2019_03_23-DSCN3600-300x225.jpg\" alt=\"2019_03_23-DSCN3600\" width=\"300\" height=\"225\" hspace=\"10\" vspace=\"10\"><\/a><a href=\"https:\/\/heritageclub.ca\/richelieu\/wp-content\/uploads\/sites\/16\/2019\/03\/2019_03_23-DSCN3602.jpg\" target=\"_blank\" rel=\"noopener noreferrer\"><img loading=\"lazy\" decoding=\"async\" class=\"alignnone size-medium wp-image-9505\" src=\"https:\/\/heritageclub.ca\/richelieu\/wp-content\/uploads\/sites\/16\/2019\/03\/2019_03_23-DSCN3602-300x225.jpg\" alt=\"2019_03_23-DSCN3602\" width=\"300\" height=\"225\" hspace=\"10\" vspace=\"10\"><\/a><a href=\"https:\/\/heritageclub.ca\/richelieu\/wp-content\/uploads\/sites\/16\/2019\/03\/2019_03_23-DSCN3604.jpg\" target=\"_blank\" rel=\"noopener noreferrer\"><img loading=\"lazy\" decoding=\"async\" class=\"alignnone size-medium wp-image-9477\" src=\"https:\/\/heritageclub.ca\/richelieu\/wp-content\/uploads\/sites\/16\/2019\/03\/2019_03_23-DSCN3604-300x225.jpg\" alt=\"2019_03_23-DSCN3604\" width=\"300\" height=\"225\" hspace=\"10\" vspace=\"10\"><\/a><br \/>\n<img decoding=\"async\" class=\"alignnone size-full wp-image-9555\" src=\"https:\/\/heritageclub.ca\/richelieu\/wp-content\/uploads\/sites\/16\/2019\/03\/Ligne_quilles.jpg\" alt=\"Ligne_quilles\" width=\"80%\" vspace=\"20\"><br \/>\n<big><span style=\"color: #cc6600\">Notre champion de la journ\u00e9e<br \/>\n<em><strong>Guy Bourguignon<\/strong><\/em><br \/>\navec un pointage <strong>242<\/strong><\/span><\/big><br \/>\n<img decoding=\"async\" class=\"alignnone size-full wp-image-9559\" src=\"https:\/\/heritageclub.ca\/richelieu\/wp-content\/uploads\/sites\/16\/2019\/03\/Champion-des-Quilles.jpg\" alt=\"Champion-des-Quilles\" width=\"20%\"><br \/>\n<a href=\"https:\/\/heritageclub.ca\/richelieu\/wp-content\/uploads\/sites\/16\/2019\/03\/2019_03_23-IMG_20190323_184652.jpg\" target=\"_blank\" rel=\"noopener noreferrer\"><img loading=\"lazy\" decoding=\"async\" class=\"alignnone size-medium wp-image-9482\" src=\"https:\/\/heritageclub.ca\/richelieu\/wp-content\/uploads\/sites\/16\/2019\/03\/2019_03_23-IMG_20190323_184652-300x225.jpg\" alt=\"2019_03_23-IMG_20190323_184652\" width=\"300\" height=\"225\" hspace=\"10\" vspace=\"10\"><\/a><a href=\"https:\/\/heritageclub.ca\/richelieu\/wp-content\/uploads\/sites\/16\/2019\/03\/2019_03_23-IMG_20190323_182912.jpg\" target=\"_blank\" rel=\"noopener noreferrer\"><img loading=\"lazy\" decoding=\"async\" class=\"alignnone size-medium wp-image-9522\" src=\"https:\/\/heritageclub.ca\/richelieu\/wp-content\/uploads\/sites\/16\/2019\/03\/2019_03_23-IMG_20190323_182912-300x255.jpg\" alt=\"2019_03_23-IMG_20190323_182912\" width=\"300\" height=\"225\" hspace=\"10\" vspace=\"10\"><\/a><br \/>\n<img decoding=\"async\" class=\"alignnone size-full wp-image-9555\" src=\"https:\/\/heritageclub.ca\/richelieu\/wp-content\/uploads\/sites\/16\/2019\/03\/Ligne_quilles.jpg\" alt=\"Ligne_quilles\" width=\"80%\" vspace=\"20\"><br \/>\n<img decoding=\"async\" src=\"https:\/\/heritageclub.ca\/richelieu\/wp-content\/uploads\/sites\/16\/2018\/10\/trans.gif\" width=\"100%\" height=\"10\"><\/p>\n<hr>\n<p><a href=\"https:\/\/heritageclub.ca\/richelieu\/wp-content\/uploads\/sites\/16\/2019\/04\/Bulletin_Info-Richelieu_vol-208_Mai-Juin_2019.pdf\" rel=\"noopener noreferrer\" target=\"_blank\"><span style=\"color: #999999\"><em>R\u00e9f\u00e9rence du Quilles-O-Thon 2019<br \/>\ndans le Bulletin Info-Richelieu \u2014 Mai\/Juin 2019 (en format PDF)<\/em><\/span><\/a><\/p>\n<hr>\n<h3><a href=\"https:\/\/heritageclub.ca\/richelieu\/fr\/contactez-nous\/\">Pour toute information ou commentaire, contactez-nous<\/a><\/h3>\n<\/td>\n<\/tr>\n<\/tbody>\n<\/table>\n","protected":false},"excerpt":{"rendered":"<p>Quilles-O-Thon 2019 Un ch\u00e8que de 500$ a \u00e9t\u00e9 remis par le chapitre Richelieu. C\u2019est pour une 3e ann\u00e9e cons\u00e9cutive que les membres du Chapitre&nbsp;Richelieu se sont joint \u00e0 l\u2019organisation de la 5e \u00e9dition de l\u2019\u00e9quipe Les Guidounes, dans le cadre de leur Quilles-O-Thon annuel de financement. En effet, M\u00e9lissa Blais, la fille de l\u2019un de&#8230;  <a class=\"excerpt-read-more\" href=\"https:\/\/heritageclub.ca\/richelieu\/quilles-o-thon-2019\/\" title=\"Read \">Lire la suite &raquo;<\/a><\/p>\n","protected":false},"author":12,"featured_media":0,"parent":0,"menu_order":0,"comment_status":"closed","ping_status":"closed","template":"page-fullwidth.php","meta":{"_acf_changed":false,"ngg_post_thumbnail":0,"footnotes":""},"class_list":["post-9444","page","type-page","status-publish","hentry"],"acf":[],"_links":{"self":[{"href":"https:\/\/heritageclub.ca\/richelieu\/wp-json\/wp\/v2\/pages\/9444","targetHints":{"allow":["GET"]}}],"collection":[{"href":"https:\/\/heritageclub.ca\/richelieu\/wp-json\/wp\/v2\/pages"}],"about":[{"href":"https:\/\/heritageclub.ca\/richelieu\/wp-json\/wp\/v2\/types\/page"}],"author":[{"embeddable":true,"href":"https:\/\/heritageclub.ca\/richelieu\/wp-json\/wp\/v2\/users\/12"}],"replies":[{"embeddable":true,"href":"https:\/\/heritageclub.ca\/richelieu\/wp-json\/wp\/v2\/comments?post=9444"}],"version-history":[{"count":51,"href":"https:\/\/heritageclub.ca\/richelieu\/wp-json\/wp\/v2\/pages\/9444\/revisions"}],"predecessor-version":[{"id":13708,"href":"https:\/\/heritageclub.ca\/richelieu\/wp-json\/wp\/v2\/pages\/9444\/revisions\/13708"}],"wp:attachment":[{"href":"https:\/\/heritageclub.ca\/richelieu\/wp-json\/wp\/v2\/media?parent=9444"}],"curies":[{"name":"wp","href":"https:\/\/api.w.org\/{rel}","templated":true}]}}