{"id":9073,"date":"2019-02-26T12:34:04","date_gmt":"2019-02-26T17:34:04","guid":{"rendered":"http:\/\/heritageclub.ca\/richelieu\/?page_id=9073"},"modified":"2021-03-09T13:28:44","modified_gmt":"2021-03-09T18:28:44","slug":"fevrier-2019-buffet-fu-lam","status":"publish","type":"page","link":"https:\/\/heritageclub.ca\/richelieu\/fevrier-2019-buffet-fu-lam\/","title":{"rendered":"F\u00e9vrier 2019 \u2014 Buffet Fu Lam"},"content":{"rendered":"<table width=\"100%\" align=\"center\">\n<tbody>\n<tr>\n<td align=\"center\"><img loading=\"lazy\" decoding=\"async\" class=\"alignnone size-full wp-image-7590\" src=\"https:\/\/heritageclub.ca\/richelieu\/wp-content\/uploads\/sites\/16\/2018\/11\/St-Valentin-200x200.png\" alt=\"St-Valentin-200x200\" width=\"200\" height=\"200\"><\/td>\n<\/tr>\n<tr>\n<td align=\"center\"><img decoding=\"async\" class=\"alignnone size-full wp-image-15800\" src=\"https:\/\/heritageclub.ca\/richelieu\/wp-content\/uploads\/sites\/16\/2021\/03\/Buffet-Fu-Lam.jpg\" alt=\"Buffet-Fu-Lam\" width=\"75%\"><\/p>\n<p><a href=\"https:\/\/heritageclub.ca\/richelieu\/fr\/lieu\/restaurant-fu-lam\/\" target=\"_blank\" rel=\"noopener noreferrer\"><big>D\u00eener de la St-Valentin au buffet Fu-Lam<\/big><br \/>\n1200, place Nobel, Boucherville, QC. J4B 5L2<\/a><\/p>\n<p>Nous \u00e9tions 43 personnes pr\u00e9sentes.<br \/>\nLes membres ont \u00e9t\u00e9 g\u00e2t\u00e9s pour cette St-Valentin.<br \/>\nPlusieurs cadeaux furent donn\u00e9s lors de ce d\u00eener pour la St-Valentin :<br \/>\n4 bo\u00eetes de chocolats, 2 bouteilles de vin et 2 certificats cadeau d\u2019une valeur de 38$.<\/p>\n<p><img decoding=\"async\" src=\"https:\/\/heritageclub.ca\/richelieu\/wp-content\/uploads\/sites\/16\/2019\/02\/Joyeux_Anniversaire_Fevrier_2019.jpg\" alt=\"Joyeux_Anniversaire_Fevrier_2019\" width=\"75%\" vspace=\"20\"><\/p>\n<p><span style=\"font-family: Monotype Corsiva, Comic Sans MS;font-size: xx-large;color: #0000ff\">En F\u00e9vrier<\/span><br \/>\n<span style=\"font-family: Monotype Corsiva, Comic Sans MS;font-size: xx-large;color: #ff0080\">Les anniversaires<\/span><br \/>\n<span style=\"font-family: Monotype Corsiva, Comic Sans MS;font-size: x-large;color: #8000ff\">De Mme<\/span>&nbsp;<span style=\"font-family: Monotype Corsiva, Comic Sans MS;font-size: x-large;color: #009b27\">Gis\u00e8le&nbsp;Bissonnette<\/span>, <span style=\"font-family: Monotype Corsiva, Comic Sans MS;font-size: x-large;color: #8000ff\">de Mme<\/span>&nbsp;<span style=\"font-family: Monotype Corsiva, Comic Sans MS;font-size: x-large;color: #009b27\">Sylvie&nbsp;Mass\u00e9<\/span>,<br \/>\n<span style=\"font-family: Monotype Corsiva, Comic Sans MS;font-size: x-large;color: #8000ff\">de M.<\/span>&nbsp;<span style=\"font-family: Monotype Corsiva, Comic Sans MS;font-size: x-large;color: #009b27\">Louis&nbsp;Deshautel<\/span> <span style=\"font-family: Monotype Corsiva, Comic Sans MS;font-size: x-large;color: #8000ff\">et de M.<\/span>&nbsp;<span style=\"font-family: Monotype Corsiva, Comic Sans MS;font-size: x-large;color: #009b27\">Ren\u00e9&nbsp;Lareau<\/span><\/p>\n<p><img decoding=\"async\" class=\"alignnone size-full wp-image-8070\" src=\"https:\/\/heritageclub.ca\/richelieu\/wp-content\/uploads\/sites\/16\/2018\/11\/Divider_St-Valentin.gif\" alt=\"Divider_St-Valentin\" width=\"80%\"><\/p>\n<p style=\"text-align: center\"><strong>(Cliquez sur l&rsquo;image pour l&rsquo;agrandir dans une autre fen\u00eatre)<\/strong><\/p>\n<p><a href=\"https:\/\/heritageclub.ca\/richelieu\/wp-content\/uploads\/sites\/16\/2019\/02\/2019_02_24-DSCN3474.jpg\" target=\"_blank\" rel=\"noopener noreferrer\"><img loading=\"lazy\" decoding=\"async\" class=\"alignnone size-medium wp-image-9071\" src=\"https:\/\/heritageclub.ca\/richelieu\/wp-content\/uploads\/sites\/16\/2019\/02\/2019_02_24-DSCN3474-300x238.jpg\" alt=\"\" width=\"300\" height=\"225\" hspace=\"10\" vspace=\"10\"><\/a><a href=\"https:\/\/heritageclub.ca\/richelieu\/wp-content\/uploads\/sites\/16\/2019\/02\/2019_02_24-DSCN3432.jpg\" target=\"_blank\" rel=\"noopener noreferrer\"><img loading=\"lazy\" decoding=\"async\" class=\"alignnone size-medium wp-image-9057\" src=\"https:\/\/heritageclub.ca\/richelieu\/wp-content\/uploads\/sites\/16\/2019\/02\/2019_02_24-DSCN3432-300x207.jpg\" alt=\"\" width=\"300\" height=\"225\" hspace=\"10\" vspace=\"10\"><\/a><a href=\"https:\/\/heritageclub.ca\/richelieu\/wp-content\/uploads\/sites\/16\/2019\/02\/2019_02_24-DSCN3429.jpg\" target=\"_blank\" rel=\"noopener noreferrer\"><img loading=\"lazy\" decoding=\"async\" class=\"alignnone size-medium wp-image-9056\" src=\"https:\/\/heritageclub.ca\/richelieu\/wp-content\/uploads\/sites\/16\/2019\/02\/2019_02_24-DSCN3429-300x218.jpg\" alt=\"\" width=\"300\" height=\"225\" hspace=\"10\" vspace=\"10\"><\/a><a href=\"https:\/\/heritageclub.ca\/richelieu\/wp-content\/uploads\/sites\/16\/2019\/02\/2019_02_24-DSCN3427.jpg\" target=\"_blank\" rel=\"noopener noreferrer\"><img loading=\"lazy\" decoding=\"async\" class=\"alignnone size-medium wp-image-9055\" src=\"https:\/\/heritageclub.ca\/richelieu\/wp-content\/uploads\/sites\/16\/2019\/02\/2019_02_24-DSCN3427-300x209.jpg\" alt=\"\" width=\"300\" height=\"225\" hspace=\"10\" vspace=\"10\"><\/a><a href=\"https:\/\/heritageclub.ca\/richelieu\/wp-content\/uploads\/sites\/16\/2019\/02\/2019_02_24-DSCN3438.jpg\" target=\"_blank\" rel=\"noopener noreferrer\"><img loading=\"lazy\" decoding=\"async\" class=\"alignnone size-medium wp-image-9058\" src=\"https:\/\/heritageclub.ca\/richelieu\/wp-content\/uploads\/sites\/16\/2019\/02\/2019_02_24-DSCN3438-300x193.jpg\" alt=\"\" width=\"300\" height=\"225\" hspace=\"10\" vspace=\"10\"><\/a><a href=\"https:\/\/heritageclub.ca\/richelieu\/wp-content\/uploads\/sites\/16\/2019\/02\/2019_02_24-DSCN3440.jpg\" target=\"_blank\" rel=\"noopener noreferrer\"><img loading=\"lazy\" decoding=\"async\" class=\"alignnone size-medium wp-image-9059\" src=\"https:\/\/heritageclub.ca\/richelieu\/wp-content\/uploads\/sites\/16\/2019\/02\/2019_02_24-DSCN3440-300x222.jpg\" alt=\"\" width=\"300\" height=\"225\" hspace=\"10\" vspace=\"10\"><\/a><a href=\"https:\/\/heritageclub.ca\/richelieu\/wp-content\/uploads\/sites\/16\/2019\/02\/2019_02_24-DSCN3442.jpg\" target=\"_blank\" rel=\"noopener noreferrer\"><img loading=\"lazy\" decoding=\"async\" class=\"alignnone size-medium wp-image-9072\" src=\"https:\/\/heritageclub.ca\/richelieu\/wp-content\/uploads\/sites\/16\/2019\/02\/2019_02_24-DSCN3442-300x225.jpg\" alt=\"\" width=\"300\" height=\"225\" hspace=\"10\" vspace=\"10\"><\/a><a href=\"https:\/\/heritageclub.ca\/richelieu\/wp-content\/uploads\/sites\/16\/2019\/02\/2019_02_24-DSCN3444.jpg\" target=\"_blank\" rel=\"noopener noreferrer\"><img loading=\"lazy\" decoding=\"async\" class=\"alignnone size-medium wp-image-9061\" src=\"https:\/\/heritageclub.ca\/richelieu\/wp-content\/uploads\/sites\/16\/2019\/02\/2019_02_24-DSCN3444-300x208.jpg\" alt=\"\" width=\"300\" height=\"225\" hspace=\"10\" vspace=\"10\"><\/a><a href=\"https:\/\/heritageclub.ca\/richelieu\/wp-content\/uploads\/sites\/16\/2019\/02\/2019_02_24-DSCN3446.jpg\" target=\"_blank\" rel=\"noopener noreferrer\"><img loading=\"lazy\" decoding=\"async\" class=\"alignnone size-medium wp-image-9062\" src=\"https:\/\/heritageclub.ca\/richelieu\/wp-content\/uploads\/sites\/16\/2019\/02\/2019_02_24-DSCN3446-300x208.jpg\" alt=\"\" width=\"300\" height=\"225\" hspace=\"10\" vspace=\"10\"><\/a><a href=\"https:\/\/heritageclub.ca\/richelieu\/wp-content\/uploads\/sites\/16\/2019\/02\/2019_02_24-DSCN3448.jpg\" target=\"_blank\" rel=\"noopener noreferrer\"><img loading=\"lazy\" decoding=\"async\" class=\"alignnone size-medium wp-image-9063\" src=\"https:\/\/heritageclub.ca\/richelieu\/wp-content\/uploads\/sites\/16\/2019\/02\/2019_02_24-DSCN3448-300x217.jpg\" alt=\"\" width=\"300\" height=\"225\" hspace=\"10\" vspace=\"10\"><\/a><a href=\"https:\/\/heritageclub.ca\/richelieu\/wp-content\/uploads\/sites\/16\/2019\/02\/2019_02_24-DSCN3450.jpg\" target=\"_blank\" rel=\"noopener noreferrer\"><img loading=\"lazy\" decoding=\"async\" class=\"alignnone size-medium wp-image-9064\" src=\"https:\/\/heritageclub.ca\/richelieu\/wp-content\/uploads\/sites\/16\/2019\/02\/2019_02_24-DSCN3450-300x217.jpg\" alt=\"\" width=\"300\" height=\"225\" hspace=\"10\" vspace=\"10\"><\/a><a href=\"https:\/\/heritageclub.ca\/richelieu\/wp-content\/uploads\/sites\/16\/2019\/02\/2019_02_24-DSCN3452.jpg\" target=\"_blank\" rel=\"noopener noreferrer\"><img loading=\"lazy\" decoding=\"async\" class=\"alignnone size-medium wp-image-9065\" src=\"https:\/\/heritageclub.ca\/richelieu\/wp-content\/uploads\/sites\/16\/2019\/02\/2019_02_24-DSCN3452-300x202.jpg\" alt=\"\" width=\"300\" height=\"225\" hspace=\"10\" vspace=\"10\"><\/a><a href=\"https:\/\/heritageclub.ca\/richelieu\/wp-content\/uploads\/sites\/16\/2019\/02\/2019_02_24-DSCN3454.jpg\" target=\"_blank\" rel=\"noopener noreferrer\"><img loading=\"lazy\" decoding=\"async\" class=\"alignnone size-medium wp-image-9066\" src=\"https:\/\/heritageclub.ca\/richelieu\/wp-content\/uploads\/sites\/16\/2019\/02\/2019_02_24-DSCN3454-300x217.jpg\" alt=\"\" width=\"300\" height=\"225\" hspace=\"10\" vspace=\"10\"><\/a><a href=\"https:\/\/heritageclub.ca\/richelieu\/wp-content\/uploads\/sites\/16\/2019\/02\/2019_02_24-DSCN3456.jpg\" target=\"_blank\" rel=\"noopener noreferrer\"><img loading=\"lazy\" decoding=\"async\" class=\"alignnone size-medium wp-image-9067\" src=\"https:\/\/heritageclub.ca\/richelieu\/wp-content\/uploads\/sites\/16\/2019\/02\/2019_02_24-DSCN3456-300x225.jpg\" alt=\"\" width=\"300\" height=\"225\" hspace=\"10\" vspace=\"10\"><\/a><a href=\"https:\/\/heritageclub.ca\/richelieu\/wp-content\/uploads\/sites\/16\/2019\/02\/2019_02_24-DSCN3462.jpg\" target=\"_blank\" rel=\"noopener noreferrer\"><img loading=\"lazy\" decoding=\"async\" class=\"alignnone size-medium wp-image-9068\" src=\"https:\/\/heritageclub.ca\/richelieu\/wp-content\/uploads\/sites\/16\/2019\/02\/2019_02_24-DSCN3462-300x214.jpg\" alt=\"\" width=\"300\" height=\"225\" hspace=\"10\" vspace=\"10\"><\/a><a href=\"https:\/\/heritageclub.ca\/richelieu\/wp-content\/uploads\/sites\/16\/2019\/02\/2019_02_24-DSCN3470.jpg\" target=\"_blank\" rel=\"noopener noreferrer\"><img loading=\"lazy\" decoding=\"async\" class=\"alignnone size-medium wp-image-9069\" src=\"https:\/\/heritageclub.ca\/richelieu\/wp-content\/uploads\/sites\/16\/2019\/02\/2019_02_24-DSCN3470-300x218.jpg\" alt=\"\" width=\"300\" height=\"225\" hspace=\"10\" vspace=\"10\"><\/a><br \/>\n<img decoding=\"async\" class=\"alignnone size-full wp-image-8070\" src=\"https:\/\/heritageclub.ca\/richelieu\/wp-content\/uploads\/sites\/16\/2018\/11\/Divider_St-Valentin.gif\" alt=\"Divider_St-Valentin\" width=\"80%\"><br \/>\n<a href=\"https:\/\/heritageclub.ca\/richelieu\/wp-content\/uploads\/sites\/16\/2019\/04\/Bulletin_Info-Richelieu_vol-208_Mai-Juin_2019.pdf\" rel=\"noopener noreferrer\" target=\"_blank\"><span style=\"color: #999999\"><em>R\u00e9f\u00e9rence du d\u00eener du mois au Buffet Fu Lam en F\u00e9vrier 2019<br \/>\ndans le Bulletin Info-Richelieu \u2014 Mai\/Juin 2019 (en format PDF)<\/em><\/span><\/a><\/p>\n<hr>\n<h3><a href=\"https:\/\/heritageclub.ca\/richelieu\/fr\/contactez-nous\/\">Pour toute information ou commentaire, contactez-nous<\/a><\/h3>\n<\/td>\n<\/tr>\n<\/tbody>\n<\/table>\n","protected":false},"excerpt":{"rendered":"<p>D\u00eener de la St-Valentin au buffet Fu-Lam 1200, place Nobel, Boucherville, QC. J4B 5L2 Nous \u00e9tions 43 personnes pr\u00e9sentes. Les membres ont \u00e9t\u00e9 g\u00e2t\u00e9s pour cette St-Valentin. Plusieurs cadeaux furent donn\u00e9s lors de ce d\u00eener pour la St-Valentin : 4 bo\u00eetes de chocolats, 2 bouteilles de vin et 2 certificats cadeau d\u2019une valeur de 38$&#8230;.  <a class=\"excerpt-read-more\" href=\"https:\/\/heritageclub.ca\/richelieu\/fevrier-2019-buffet-fu-lam\/\" title=\"Read F\u00e9vrier 2019 \u2014 Buffet Fu Lam\">Lire la suite &raquo;<\/a><\/p>\n","protected":false},"author":12,"featured_media":0,"parent":0,"menu_order":0,"comment_status":"closed","ping_status":"closed","template":"page-fullwidth.php","meta":{"_acf_changed":false,"ngg_post_thumbnail":0,"footnotes":""},"class_list":["post-9073","page","type-page","status-publish","hentry"],"acf":[],"_links":{"self":[{"href":"https:\/\/heritageclub.ca\/richelieu\/wp-json\/wp\/v2\/pages\/9073","targetHints":{"allow":["GET"]}}],"collection":[{"href":"https:\/\/heritageclub.ca\/richelieu\/wp-json\/wp\/v2\/pages"}],"about":[{"href":"https:\/\/heritageclub.ca\/richelieu\/wp-json\/wp\/v2\/types\/page"}],"author":[{"embeddable":true,"href":"https:\/\/heritageclub.ca\/richelieu\/wp-json\/wp\/v2\/users\/12"}],"replies":[{"embeddable":true,"href":"https:\/\/heritageclub.ca\/richelieu\/wp-json\/wp\/v2\/comments?post=9073"}],"version-history":[{"count":37,"href":"https:\/\/heritageclub.ca\/richelieu\/wp-json\/wp\/v2\/pages\/9073\/revisions"}],"predecessor-version":[{"id":15829,"href":"https:\/\/heritageclub.ca\/richelieu\/wp-json\/wp\/v2\/pages\/9073\/revisions\/15829"}],"wp:attachment":[{"href":"https:\/\/heritageclub.ca\/richelieu\/wp-json\/wp\/v2\/media?parent=9073"}],"curies":[{"name":"wp","href":"https:\/\/api.w.org\/{rel}","templated":true}]}}