{"id":8549,"date":"2019-01-13T08:42:27","date_gmt":"2019-01-13T13:42:27","guid":{"rendered":"http:\/\/heritageclub.ca\/richelieu\/?page_id=8549"},"modified":"2021-03-09T13:34:09","modified_gmt":"2021-03-09T18:34:09","slug":"janvier-2019-restaurant-ambrosia-election-du-ce","status":"publish","type":"page","link":"https:\/\/heritageclub.ca\/richelieu\/janvier-2019-restaurant-ambrosia-election-du-ce\/","title":{"rendered":"Janvier 2019 \u2014 Restaurant Ambrosia"},"content":{"rendered":"<table width=\"100%\" align=\"center\">\n<tbody>\n<tr>\n<td align=\"center\"><img decoding=\"async\" class=\"size-full wp-image-15809 aligncenter\" src=\"https:\/\/heritageclub.ca\/richelieu\/wp-content\/uploads\/sites\/16\/2021\/03\/Ambrosia.png\" alt=\"Restaurant Ambrosia\" width=\"75%\"><br \/>\n<a href=\"https:\/\/heritageclub.ca\/richelieu\/fr\/lieu\/restaurant-ambrosia\/\" target=\"_blank\" rel=\"noopener noreferrer\"><big>Restaurant Ambrosia<\/big><br \/>\n5910, Chemin de Chambly, St-Hubert, QC, J3Y 3R4<\/a><\/p>\n<p>Nous \u00e9tions 42 personnes pr\u00e9sentes.<br \/>\nPar la m\u00eame occasion <em>Pierre Aubin<\/em>, notre nouveau Webmestre,<br \/>\nen a profit\u00e9 pour nous pr\u00e9senter, avec entrain, le site Web du Chapitre Richelieu.<\/p>\n<p><img loading=\"lazy\" decoding=\"async\" class=\"alignnone size-full wp-image-15831\" src=\"https:\/\/heritageclub.ca\/richelieu\/wp-content\/uploads\/sites\/16\/2021\/03\/Vote-Richelieu-2019-200x78-1.jpg\" alt=\"Vote-Richelieu-2019-200x78\" width=\"200\" height=\"78\" vspace=\"10\"><br \/>\n<span style=\"color: #800000\"><strong>La r\u00e9union annuelle des \u00e9lections du Comit\u00e9 Ex\u00e9cutif<\/strong><\/span><br \/>\n<em><span style=\"color: #000000\">Pierre Aubin<\/span><\/em> <small><span style=\"color: #808080\">a \u00e9t\u00e9 \u00e9lu 1<sup>e<\/sup> Vice-Pr\u00e9sident<\/span><\/small><br \/>\n<em><span style=\"color: #000000\">Normand Hurtubise<\/span><\/em> <small><span style=\"color: #808080\">a \u00e9t\u00e9 r\u00e9\u00e9lu Tr\u00e9sorier<\/span><\/small><br \/>\n<em><span style=\"color: #000000\">Ginette Chartrand<\/span><\/em> <small><span style=\"color: #808080\">a \u00e9t\u00e9 \u00e9lue Secr\u00e9taire<\/span><\/small><br \/>\npour des mandats de 2 ans.<\/p>\n<p><img decoding=\"async\" src=\"https:\/\/heritageclub.ca\/richelieu\/wp-content\/uploads\/sites\/16\/2018\/10\/trans.gif\" width=\"100%\" height=\"10\"><\/p>\n<table class=\" aligncenter\" width=\"100%\">\n<tbody>\n<tr>\n<td width=\"24%\"><img decoding=\"async\" src=\"https:\/\/heritageclub.ca\/richelieu\/wp-content\/uploads\/sites\/16\/2018\/10\/trans.gif\" width=\"100%\"><\/td>\n<td style=\"text-align: right\" width=\"8%\"><img decoding=\"async\" class=\"alignnone size-full wp-image-8082\" src=\"https:\/\/heritageclub.ca\/richelieu\/wp-content\/uploads\/sites\/16\/2018\/11\/Ballons_anniversaire.gif\" width=\"100%\"><\/td>\n<td style=\"text-align: center\" align=\"center\" width=\"36%\"><img decoding=\"async\" class=\"alignnone size-full wp-image-8083\" src=\"https:\/\/heritageclub.ca\/richelieu\/wp-content\/uploads\/sites\/16\/2019\/02\/Bonne_Fete_ballon.jpg\" width=\"80%\"><br \/>\n<img decoding=\"async\" src=\"https:\/\/heritageclub.ca\/richelieu\/wp-content\/uploads\/sites\/16\/2019\/02\/Yves_Gauthier.jpg\" alt=\"Yves_Gauthier\" width=\"60%\" class=\"alignnone size-medium wp-image-8651\"><\/td>\n<td style=\"text-align: left\" width=\"8%\"><img decoding=\"async\" class=\"alignnone size-full wp-image-8082\" src=\"https:\/\/heritageclub.ca\/richelieu\/wp-content\/uploads\/sites\/16\/2018\/11\/Ballons_anniversaire.gif\" width=\"100%\"><\/td>\n<td width=\"24%\"><img decoding=\"async\" src=\"https:\/\/heritageclub.ca\/richelieu\/wp-content\/uploads\/sites\/16\/2018\/10\/trans.gif\" width=\"100%\"><\/td>\n<\/tr>\n<tr>\n<td colspan=\"5\" align=\"center\"><span style=\"color: #8000ff\"><em>En Janvier<\/em><\/span><br \/>\n<span style=\"color: #0000ff\"><em>C&rsquo;\u00e9tait<\/em><\/span> <span style=\"color: #ff0080\"><em>l&rsquo;anniversaire<\/em><\/span> <span style=\"color: #8000ff\"><em>de M.<\/em><\/span>&nbsp;<span style=\"color: #009b27\"><em>Yves&nbsp;Gauthier<\/em><\/span><br \/>\n<span style=\"color: #0000ff\"><em>73 ans<\/em><\/span><\/td>\n<\/tr>\n<\/tbody>\n<\/table>\n<p><img decoding=\"async\" src=\"https:\/\/heritageclub.ca\/richelieu\/wp-content\/uploads\/sites\/16\/2019\/11\/line-divider-estrellas.png\" alt=\"line-divider-estrellas\" width=\"80%\"><\/p>\n<h2><strong><em>Les photos<\/em><\/strong><\/h2>\n<p><img decoding=\"async\" class=\"\" src=\"https:\/\/heritageclub.ca\/richelieu\/wp-content\/uploads\/sites\/16\/2018\/10\/trans.gif\" alt=\"trans\" width=\"80%\" height=\"24\"><\/p>\n<p style=\"text-align: center\"><strong>(Cliquez sur l&rsquo;image pour l&rsquo;agrandir dans une autre fen\u00eatre)<\/strong><\/p>\n<p><a href=\"https:\/\/heritageclub.ca\/richelieu\/wp-content\/uploads\/sites\/16\/2019\/01\/2019_01_13-DSCN3351.jpg\" target=\"_blank\" rel=\"noopener noreferrer\"><img loading=\"lazy\" decoding=\"async\" class=\"alignnone size-medium wp-image-8561\" src=\"https:\/\/heritageclub.ca\/richelieu\/wp-content\/uploads\/sites\/16\/2019\/01\/2019_01_13-DSCN3351-300x225.jpg\" alt=\"2019_01_13-DSCN3351\" width=\"300\" height=\"225\" hspace=\"10\" vspace=\"10\"><\/a><a href=\"https:\/\/heritageclub.ca\/richelieu\/wp-content\/uploads\/sites\/16\/2019\/01\/2019_01_13-DSCN3347.jpg\" target=\"_blank\" rel=\"noopener noreferrer\"><img loading=\"lazy\" decoding=\"async\" class=\"alignnone size-medium wp-image-8559\" src=\"https:\/\/heritageclub.ca\/richelieu\/wp-content\/uploads\/sites\/16\/2019\/01\/2019_01_13-DSCN3347-300x225.jpg\" alt=\"2019_01_13-DSCN3347\" width=\"300\" height=\"225\" hspace=\"10\" vspace=\"10\"><\/a><a href=\"https:\/\/heritageclub.ca\/richelieu\/wp-content\/uploads\/sites\/16\/2019\/01\/2019_01_13-DSCN3349.jpg\" target=\"_blank\" rel=\"noopener noreferrer\"><img loading=\"lazy\" decoding=\"async\" class=\"alignnone size-medium wp-image-8585\" src=\"https:\/\/heritageclub.ca\/richelieu\/wp-content\/uploads\/sites\/16\/2019\/01\/2019_01_13-DSCN3349-300x225.jpg\" alt=\"2019_01_13-DSCN3349\" width=\"300\" height=\"225\" hspace=\"10\" vspace=\"10\"><\/a><a href=\"https:\/\/heritageclub.ca\/richelieu\/wp-content\/uploads\/sites\/16\/2019\/01\/2019_01_13-DSCN3343.jpg\" target=\"_blank\" rel=\"noopener noreferrer\"><img loading=\"lazy\" decoding=\"async\" class=\"alignnone size-medium wp-image-8584\" src=\"https:\/\/heritageclub.ca\/richelieu\/wp-content\/uploads\/sites\/16\/2019\/01\/2019_01_13-DSCN3343-300x225.jpg\" alt=\"2019_01_13-DSCN3343\" width=\"300\" height=\"225\" hspace=\"10\" vspace=\"10\"><\/a><a href=\"https:\/\/heritageclub.ca\/richelieu\/wp-content\/uploads\/sites\/16\/2019\/01\/2019_01_13-DSCN3339.jpg\" target=\"_blank\" rel=\"noopener noreferrer\"><img loading=\"lazy\" decoding=\"async\" class=\"alignnone size-medium wp-image-8556\" src=\"https:\/\/heritageclub.ca\/richelieu\/wp-content\/uploads\/sites\/16\/2019\/01\/2019_01_13-DSCN3339-300x225.jpg\" alt=\"2019_01_13-DSCN3339\" width=\"300\" height=\"225\" hspace=\"10\" vspace=\"10\"><\/a><a href=\"https:\/\/heritageclub.ca\/richelieu\/wp-content\/uploads\/sites\/16\/2019\/01\/2019_01_13-DSCN3342.jpg\" target=\"_blank\" rel=\"noopener noreferrer\"><img loading=\"lazy\" decoding=\"async\" class=\"alignnone size-medium wp-image-8557\" src=\"https:\/\/heritageclub.ca\/richelieu\/wp-content\/uploads\/sites\/16\/2019\/01\/2019_01_13-DSCN3342-300x225.jpg\" alt=\"2019_01_13-DSCN3342\" width=\"300\" height=\"225\" hspace=\"10\" vspace=\"10\"><\/a><a href=\"https:\/\/heritageclub.ca\/richelieu\/wp-content\/uploads\/sites\/16\/2019\/01\/2019_01_13-DSCN3328.jpg\" target=\"_blank\" rel=\"noopener noreferrer\"><img loading=\"lazy\" decoding=\"async\" class=\"alignnone size-medium wp-image-8554\" src=\"https:\/\/heritageclub.ca\/richelieu\/wp-content\/uploads\/sites\/16\/2019\/01\/2019_01_13-DSCN3328-300x225.jpg\" alt=\"2019_01_13-DSCN3328\" width=\"300\" height=\"225\" hspace=\"10\" vspace=\"10\"><\/a><a href=\"https:\/\/heritageclub.ca\/richelieu\/wp-content\/uploads\/sites\/16\/2019\/01\/2019_01_13-DSCN3393.jpg\" target=\"_blank\" rel=\"noopener noreferrer\"><img loading=\"lazy\" decoding=\"async\" class=\"alignnone size-medium wp-image-8573\" src=\"https:\/\/heritageclub.ca\/richelieu\/wp-content\/uploads\/sites\/16\/2019\/01\/2019_01_13-DSCN3393-300x225.jpg\" alt=\"2019_01_13-DSCN3393\" width=\"300\" height=\"225\" hspace=\"10\" vspace=\"10\"><\/a><a href=\"https:\/\/heritageclub.ca\/richelieu\/wp-content\/uploads\/sites\/16\/2019\/01\/2019_01_13-DSCN3405.jpg\" target=\"_blank\" rel=\"noopener noreferrer\"><img loading=\"lazy\" decoding=\"async\" class=\"alignnone size-medium wp-image-8575\" src=\"https:\/\/heritageclub.ca\/richelieu\/wp-content\/uploads\/sites\/16\/2019\/01\/2019_01_13-DSCN3405-300x225.jpg\" alt=\"2019_01_13-DSCN3405\" width=\"300\" height=\"225\" hspace=\"10\" vspace=\"10\"><\/a><a href=\"https:\/\/heritageclub.ca\/richelieu\/wp-content\/uploads\/sites\/16\/2019\/01\/2019_01_13-DSCN3395.jpg\" target=\"_blank\" rel=\"noopener noreferrer\"><img loading=\"lazy\" decoding=\"async\" class=\"alignnone size-medium wp-image-8574\" src=\"https:\/\/heritageclub.ca\/richelieu\/wp-content\/uploads\/sites\/16\/2019\/01\/2019_01_13-DSCN3395-300x225.jpg\" alt=\"2019_01_13-DSCN3395\" width=\"300\" height=\"225\" hspace=\"10\" vspace=\"10\"><\/a><a href=\"https:\/\/heritageclub.ca\/richelieu\/wp-content\/uploads\/sites\/16\/2019\/01\/2019_01_13-DSCN3411.jpg\" target=\"_blank\" rel=\"noopener noreferrer\"><img loading=\"lazy\" decoding=\"async\" class=\"alignnone size-medium wp-image-8578\" src=\"https:\/\/heritageclub.ca\/richelieu\/wp-content\/uploads\/sites\/16\/2019\/01\/2019_01_13-DSCN3411-300x225.jpg\" alt=\"2019_01_13-DSCN3411\" width=\"300\" height=\"225\" hspace=\"10\" vspace=\"10\"><\/a><a href=\"https:\/\/heritageclub.ca\/richelieu\/wp-content\/uploads\/sites\/16\/2019\/01\/2019_01_13-DSCN3409.jpg\" target=\"_blank\" rel=\"noopener noreferrer\"><img loading=\"lazy\" decoding=\"async\" class=\"alignnone size-medium wp-image-8593\" src=\"https:\/\/heritageclub.ca\/richelieu\/wp-content\/uploads\/sites\/16\/2019\/01\/2019_01_13-DSCN3409-300x225.jpg\" alt=\"2019_01_13-DSCN3409\" width=\"300\" height=\"225\" hspace=\"10\" vspace=\"10\"><\/a><a href=\"https:\/\/heritageclub.ca\/richelieu\/wp-content\/uploads\/sites\/16\/2019\/01\/2019_01_13-DSCN3356.jpg\" target=\"_blank\" rel=\"noopener noreferrer\"><img loading=\"lazy\" decoding=\"async\" class=\"alignnone size-medium wp-image-8562\" src=\"https:\/\/heritageclub.ca\/richelieu\/wp-content\/uploads\/sites\/16\/2019\/01\/2019_01_13-DSCN3356-300x225.jpg\" alt=\"2019_01_13-DSCN3356\" width=\"300\" height=\"225\" hspace=\"10\" vspace=\"10\"><\/a><a href=\"https:\/\/heritageclub.ca\/richelieu\/wp-content\/uploads\/sites\/16\/2019\/01\/2019_01_13-DSCN3377.jpg\" target=\"_blank\" rel=\"noopener noreferrer\"><img loading=\"lazy\" decoding=\"async\" class=\"alignnone size-medium wp-image-8588\" src=\"https:\/\/heritageclub.ca\/richelieu\/wp-content\/uploads\/sites\/16\/2019\/01\/2019_01_13-DSCN3377-300x225.jpg\" alt=\"2019_01_13-DSCN3377\" width=\"300\" height=\"225\" hspace=\"10\" vspace=\"10\"><\/a><a href=\"https:\/\/heritageclub.ca\/richelieu\/wp-content\/uploads\/sites\/16\/2019\/01\/2019_01_13-DSCN3326.jpg\" target=\"_blank\" rel=\"noopener noreferrer\"><img loading=\"lazy\" decoding=\"async\" class=\"alignnone size-medium wp-image-8580\" src=\"https:\/\/heritageclub.ca\/richelieu\/wp-content\/uploads\/sites\/16\/2019\/01\/2019_01_13-DSCN3326-300x225.jpg\" alt=\"2019_01_13-DSCN3326\" width=\"300\" height=\"225\" hspace=\"10\" vspace=\"10\"><\/a><a href=\"https:\/\/heritageclub.ca\/richelieu\/wp-content\/uploads\/sites\/16\/2019\/01\/2019_01_13-DSCN3375.jpg\" target=\"_blank\" rel=\"noopener noreferrer\"><img loading=\"lazy\" decoding=\"async\" class=\"alignnone size-medium wp-image-8568\" src=\"https:\/\/heritageclub.ca\/richelieu\/wp-content\/uploads\/sites\/16\/2019\/01\/2019_01_13-DSCN3375-300x225.jpg\" alt=\"2019_01_13-DSCN3375\" width=\"300\" height=\"225\" hspace=\"10\" vspace=\"10\"><\/a><a href=\"https:\/\/heritageclub.ca\/richelieu\/wp-content\/uploads\/sites\/16\/2019\/01\/2019_01_13-DSCN3372.jpg\" target=\"_blank\" rel=\"noopener noreferrer\"><img loading=\"lazy\" decoding=\"async\" class=\"alignnone size-medium wp-image-8567\" src=\"https:\/\/heritageclub.ca\/richelieu\/wp-content\/uploads\/sites\/16\/2019\/01\/2019_01_13-DSCN3372-300x225.jpg\" alt=\"2019_01_13-DSCN3372\" width=\"300\" height=\"225\" hspace=\"10\" vspace=\"10\"><\/a><a href=\"https:\/\/heritageclub.ca\/richelieu\/wp-content\/uploads\/sites\/16\/2019\/01\/2019_01_13-DSCN3368.jpg\" target=\"_blank\" rel=\"noopener noreferrer\"><img loading=\"lazy\" decoding=\"async\" class=\"alignnone size-medium wp-image-8566\" src=\"https:\/\/heritageclub.ca\/richelieu\/wp-content\/uploads\/sites\/16\/2019\/01\/2019_01_13-DSCN3368-300x225.jpg\" alt=\"2019_01_13-DSCN3368\" width=\"300\" height=\"225\" hspace=\"10\" vspace=\"10\"><\/a><a href=\"https:\/\/heritageclub.ca\/richelieu\/wp-content\/uploads\/sites\/16\/2019\/01\/2019_01_13-DSCN3365.jpg\" target=\"_blank\" rel=\"noopener noreferrer\"><img loading=\"lazy\" decoding=\"async\" class=\"alignnone size-medium wp-image-8565\" src=\"https:\/\/heritageclub.ca\/richelieu\/wp-content\/uploads\/sites\/16\/2019\/01\/2019_01_13-DSCN3365-300x225.jpg\" alt=\"2019_01_13-DSCN3365\" width=\"300\" height=\"225\" hspace=\"10\" vspace=\"10\"><\/a><a href=\"https:\/\/heritageclub.ca\/richelieu\/wp-content\/uploads\/sites\/16\/2019\/01\/2019_01_13-DSCN3361.jpg\" target=\"_blank\" rel=\"noopener noreferrer\"><img loading=\"lazy\" decoding=\"async\" class=\"alignnone size-medium wp-image-8564\" src=\"https:\/\/heritageclub.ca\/richelieu\/wp-content\/uploads\/sites\/16\/2019\/01\/2019_01_13-DSCN3361-300x225.jpg\" alt=\"2019_01_13-DSCN3361\" width=\"300\" height=\"225\" hspace=\"10\" vspace=\"10\"><\/a><a href=\"https:\/\/heritageclub.ca\/richelieu\/wp-content\/uploads\/sites\/16\/2019\/01\/2019_01_13-DSCN3359.jpg\" target=\"_blank\" rel=\"noopener noreferrer\"><img loading=\"lazy\" decoding=\"async\" class=\"alignnone size-medium wp-image-8563\" src=\"https:\/\/heritageclub.ca\/richelieu\/wp-content\/uploads\/sites\/16\/2019\/01\/2019_01_13-DSCN3359-300x225.jpg\" alt=\"2019_01_13-DSCN3359\" width=\"300\" height=\"225\" hspace=\"10\" vspace=\"10\"><\/a><a href=\"https:\/\/heritageclub.ca\/richelieu\/wp-content\/uploads\/sites\/16\/2019\/01\/2019_01_13-DSCN3336.jpg\" target=\"_blank\" rel=\"noopener noreferrer\"><img loading=\"lazy\" decoding=\"async\" class=\"alignnone size-medium wp-image-8555\" src=\"https:\/\/heritageclub.ca\/richelieu\/wp-content\/uploads\/sites\/16\/2019\/01\/2019_01_13-DSCN3336-300x225.jpg\" alt=\"2019_01_13-DSCN3336\" width=\"300\" height=\"225\" hspace=\"10\" vspace=\"10\"><\/a><a href=\"https:\/\/heritageclub.ca\/richelieu\/wp-content\/uploads\/sites\/16\/2019\/01\/2019_01_13-DSCN3319.jpg\" target=\"_blank\" rel=\"noopener noreferrer\"><img loading=\"lazy\" decoding=\"async\" class=\"alignnone size-medium wp-image-8552\" src=\"https:\/\/heritageclub.ca\/richelieu\/wp-content\/uploads\/sites\/16\/2019\/01\/2019_01_13-DSCN3319-300x225.jpg\" alt=\"2019_01_13-DSCN3319\" width=\"300\" height=\"225\" hspace=\"10\" vspace=\"10\"><\/a><a href=\"https:\/\/heritageclub.ca\/richelieu\/wp-content\/uploads\/sites\/16\/2019\/01\/2019_01_13-DSCN3389.jpg\" target=\"_blank\" rel=\"noopener noreferrer\"><img loading=\"lazy\" decoding=\"async\" class=\"alignnone size-medium wp-image-8591\" src=\"https:\/\/heritageclub.ca\/richelieu\/wp-content\/uploads\/sites\/16\/2019\/01\/2019_01_13-DSCN3389-300x225.jpg\" alt=\"2019_01_13-DSCN3389\" width=\"300\" height=\"225\" hspace=\"10\" vspace=\"10\"><\/a><a href=\"https:\/\/heritageclub.ca\/richelieu\/wp-content\/uploads\/sites\/16\/2019\/01\/2019_01_13-DSCN3391.jpg\" target=\"_blank\" rel=\"noopener noreferrer\"><img loading=\"lazy\" decoding=\"async\" class=\"alignnone size-medium wp-image-8572\" src=\"https:\/\/heritageclub.ca\/richelieu\/wp-content\/uploads\/sites\/16\/2019\/01\/2019_01_13-DSCN3391-300x225.jpg\" alt=\"2019_01_13-DSCN3391\" width=\"300\" height=\"225\" hspace=\"10\" vspace=\"10\"><\/a><a href=\"https:\/\/heritageclub.ca\/richelieu\/wp-content\/uploads\/sites\/16\/2019\/01\/2019_01_13-DSCN3387.jpg\" target=\"_blank\" rel=\"noopener noreferrer\"><img loading=\"lazy\" decoding=\"async\" class=\"alignnone size-medium wp-image-8570\" src=\"https:\/\/heritageclub.ca\/richelieu\/wp-content\/uploads\/sites\/16\/2019\/01\/2019_01_13-DSCN3387-300x225.jpg\" alt=\"2019_01_13-DSCN3387\" width=\"300\" height=\"225\" hspace=\"10\" vspace=\"10\"><\/a><br \/>\n<img decoding=\"async\" src=\"https:\/\/heritageclub.ca\/richelieu\/wp-content\/uploads\/sites\/16\/2018\/10\/trans.gif\" width=\"100%\" height=\"10\"><\/p>\n<hr>\n<p><a href=\"https:\/\/heritageclub.ca\/richelieu\/wp-content\/uploads\/sites\/16\/2020\/01\/Bulletin_Info-Richelieu_vol-207_Mars-Avril_2019.pdf\" rel=\"noopener noreferrer\" target=\"_blank\"><span style=\"color: #999999\"><em>R\u00e9f\u00e9rence du d\u00eener du mois au restaurant Ambrosia en Janvier 2019<br \/>\ndans le Bulletin Info-Richelieu \u2014 Mars\/Avril 2019 (en format PDF)<\/em><\/span><\/a><\/p>\n<hr>\n<h3><a href=\"https:\/\/heritageclub.ca\/richelieu\/fr\/contactez-nous\/\">Pour toute information ou commentaire, contactez-nous<\/a><\/h3>\n<\/td>\n<\/tr>\n<\/tbody>\n<\/table>\n","protected":false},"excerpt":{"rendered":"<p>Restaurant Ambrosia 5910, Chemin de Chambly, St-Hubert, QC, J3Y 3R4 Nous \u00e9tions 42 personnes pr\u00e9sentes. Par la m\u00eame occasion Pierre Aubin, notre nouveau Webmestre, en a profit\u00e9 pour nous pr\u00e9senter, avec entrain, le site Web du Chapitre Richelieu. La r\u00e9union annuelle des \u00e9lections du Comit\u00e9 Ex\u00e9cutif Pierre Aubin a \u00e9t\u00e9 \u00e9lu 1e Vice-Pr\u00e9sident Normand Hurtubise&#8230;  <a class=\"excerpt-read-more\" href=\"https:\/\/heritageclub.ca\/richelieu\/janvier-2019-restaurant-ambrosia-election-du-ce\/\" title=\"Read Janvier 2019 \u2014 Restaurant Ambrosia\">Lire la suite &raquo;<\/a><\/p>\n","protected":false},"author":12,"featured_media":0,"parent":0,"menu_order":0,"comment_status":"closed","ping_status":"closed","template":"page-fullwidth.php","meta":{"_acf_changed":false,"ngg_post_thumbnail":0,"footnotes":""},"class_list":["post-8549","page","type-page","status-publish","hentry"],"acf":[],"_links":{"self":[{"href":"https:\/\/heritageclub.ca\/richelieu\/wp-json\/wp\/v2\/pages\/8549","targetHints":{"allow":["GET"]}}],"collection":[{"href":"https:\/\/heritageclub.ca\/richelieu\/wp-json\/wp\/v2\/pages"}],"about":[{"href":"https:\/\/heritageclub.ca\/richelieu\/wp-json\/wp\/v2\/types\/page"}],"author":[{"embeddable":true,"href":"https:\/\/heritageclub.ca\/richelieu\/wp-json\/wp\/v2\/users\/12"}],"replies":[{"embeddable":true,"href":"https:\/\/heritageclub.ca\/richelieu\/wp-json\/wp\/v2\/comments?post=8549"}],"version-history":[{"count":66,"href":"https:\/\/heritageclub.ca\/richelieu\/wp-json\/wp\/v2\/pages\/8549\/revisions"}],"predecessor-version":[{"id":15832,"href":"https:\/\/heritageclub.ca\/richelieu\/wp-json\/wp\/v2\/pages\/8549\/revisions\/15832"}],"wp:attachment":[{"href":"https:\/\/heritageclub.ca\/richelieu\/wp-json\/wp\/v2\/media?parent=8549"}],"curies":[{"name":"wp","href":"https:\/\/api.w.org\/{rel}","templated":true}]}}