{"id":7848,"date":"2018-11-12T11:40:39","date_gmt":"2018-11-12T16:40:39","guid":{"rendered":"http:\/\/heritageclub.ca\/richelieu\/?page_id=7848"},"modified":"2021-02-10T18:59:33","modified_gmt":"2021-02-10T23:59:33","slug":"membres-elus","status":"publish","type":"page","link":"https:\/\/heritageclub.ca\/richelieu\/membres-elus\/","title":{"rendered":"Comit\u00e9 Ex\u00e9cutif"},"content":{"rendered":"<p><title>Document sans nom<\/title><\/p>\n<table border=\"0\" width=\"100%\" cellspacing=\"0\" cellpadding=\"0\">\n<tbody>\n<tr>\n<td width=\"100%\">\n<table border=\"0\" width=\"100%\" cellspacing=\"0\" cellpadding=\"0\">\n<tbody>\n<tr>\n<td style=\"border-top-style: ridge;border-bottom-style: ridge\" align=\"center\" bgcolor=\"#ececec\"><span style=\"font-family: Monotype Corsiva, Comic Sans MS;font-size: xx-large\">Ren\u00e9 Lareau<\/span> \u2014 <span style=\"font-family: Monotype Corsiva, Comic Sans MS;font-size: large\">Pr\u00e9sident<\/span><\/td>\n<\/tr>\n<\/tbody>\n<\/table>\n<\/td>\n<\/tr>\n<tr>\n<td width=\"100%\" height=\"4\"><img decoding=\"async\" src=\"https:\/\/heritageclub.ca\/richelieu\/wp-content\/uploads\/sites\/16\/2018\/10\/trans.gif\"><\/td>\n<\/tr>\n<tr>\n<td align=\"center\" width=\"100%\">\n<table border=\"0\" width=\"100%\" cellspacing=\"0\" cellpadding=\"0\">\n<tbody>\n<tr>\n<td title=\"Ren\u00e9 Lareau\" align=\"center\" valign=\"middle\" width=\"34%\"><img decoding=\"async\" src=\"https:\/\/heritageclub.ca\/richelieu\/wp-content\/uploads\/sites\/16\/2018\/10\/1-Ren\u00e9-Lareau-pr\u00e9sident.jpg\" alt=\"Ren\u00e9 Lareau\" width=\"72%\" border=\"0\"><\/td>\n<td valign=\"middle\" width=\"66%\">\n<ul type=\"disc\">\n<li><img loading=\"lazy\" decoding=\"async\" src=\"https:\/\/heritageclub.ca\/richelieu\/wp-content\/uploads\/sites\/16\/2018\/10\/Email.png\" width=\"20\" height=\"20\" border=\"0\"> <a href=\"https:\/\/heritageclub.ca\/richelieu\/fr\/contactez-nous\/\">Contactez-moi<\/a><\/li>\n<li><img loading=\"lazy\" decoding=\"async\" src=\"https:\/\/heritageclub.ca\/richelieu\/wp-content\/uploads\/sites\/16\/2018\/10\/Telephone.png\" width=\"20\" height=\"20\" border=\"0\">&nbsp;(514) 917-9384<\/li>\n<li>Voir \u00e0 appliquer les politiques du National.<\/li>\n<li>S&rsquo;assurer de la bonne marche du chapitre \u00e0 tous les niveaux.<\/li>\n<\/ul>\n<\/td>\n<\/tr>\n<\/tbody>\n<\/table>\n<\/td>\n<\/tr>\n<tr>\n<td width=\"100%\" height=\"40\"><img decoding=\"async\" src=\"https:\/\/heritageclub.ca\/richelieu\/wp-content\/uploads\/sites\/16\/2018\/10\/trans.gif\"><\/td>\n<\/tr>\n<tr>\n<td width=\"100%\">\n<table border=\"0\" width=\"100%\" cellspacing=\"0\" cellpadding=\"0\">\n<tbody>\n<tr>\n<td style=\"border-top-style: ridge;border-bottom-style: ridge\" align=\"center\" bgcolor=\"#ececec\"><span style=\"font-family: Monotype Corsiva, Comic Sans MS;font-size: xx-large\">Pierre Aubin<\/span> \u2014 <span style=\"font-family: Monotype Corsiva, Comic Sans MS;font-size: large\">1<sup>er<\/sup> Vice-Pr\u00e9sident<\/span><\/td>\n<\/tr>\n<\/tbody>\n<\/table>\n<\/td>\n<\/tr>\n<tr>\n<td width=\"100%\" height=\"4\"><img decoding=\"async\" src=\"https:\/\/heritageclub.ca\/richelieu\/wp-content\/uploads\/sites\/16\/2018\/10\/trans.gif\"><\/td>\n<\/tr>\n<tr>\n<td align=\"center\" width=\"100%\">\n<table border=\"0\" width=\"100%\" cellspacing=\"0\" cellpadding=\"0\">\n<tbody>\n<tr>\n<td title=\"Pierre Aubin\" align=\"center\" valign=\"middle\" width=\"34%\"><img decoding=\"async\" src=\"https:\/\/heritageclub.ca\/richelieu\/wp-content\/uploads\/sites\/16\/2019\/01\/Pierre-Aubin-1er-vice-pr\u00e9sident-et-webmestre.jpg\" alt=\"Pierre Aubin\" width=\"72%\" border=\"0\"><\/td>\n<td valign=\"middle\" width=\"66%\">\n<ul type=\"disc\">\n<li><img loading=\"lazy\" decoding=\"async\" src=\"https:\/\/heritageclub.ca\/richelieu\/wp-content\/uploads\/sites\/16\/2018\/10\/Email.png\" width=\"20\" height=\"20\" border=\"0\"> <a href=\"https:\/\/heritageclub.ca\/richelieu\/fr\/contactez-nous\/\">Contactez-moi<\/a><\/li>\n<li>Photographe du chapitre.<\/li>\n<li>Webmestre du site Web.<\/li>\n<li>Concepteur de site Web en plusieurs langages HTML avec les CSS, le JavaScript et aussi je suis familier avec des plateformes de WordPress, un Syst\u00e8me de Gestion de Contenu (CMS) et de Joomla (\u00e9crit en PHP, utilise SQL).<\/li>\n<\/ul>\n<\/td>\n<\/tr>\n<\/tbody>\n<\/table>\n<\/td>\n<\/tr>\n<tr>\n<td width=\"100%\" height=\"40\"><img decoding=\"async\" src=\"https:\/\/heritageclub.ca\/richelieu\/wp-content\/uploads\/sites\/16\/2018\/10\/trans.gif\"><\/td>\n<\/tr>\n<tr>\n<td width=\"100%\">\n<table border=\"0\" width=\"100%\" cellspacing=\"0\" cellpadding=\"0\">\n<tbody>\n<tr>\n<td style=\"border-top-style: ridge;border-bottom-style: ridge\" align=\"center\" bgcolor=\"#ececec\"><span style=\"font-family: Monotype Corsiva, Comic Sans MS;font-size: xx-large\">Marcel Nobert<\/span> \u2014 <span style=\"font-family: Monotype Corsiva, Comic Sans MS;font-size: large\">2<sup>i\u00e8me<\/sup> Vice-Pr\u00e9sident<\/span><\/td>\n<\/tr>\n<\/tbody>\n<\/table>\n<\/td>\n<\/tr>\n<tr>\n<td width=\"100%\" height=\"4\"><img decoding=\"async\" src=\"https:\/\/heritageclub.ca\/richelieu\/wp-content\/uploads\/sites\/16\/2018\/10\/trans.gif\"><\/td>\n<\/tr>\n<tr>\n<td align=\"center\" width=\"100%\">\n<table border=\"0\" width=\"100%\" cellspacing=\"0\" cellpadding=\"0\">\n<tbody>\n<tr>\n<td title=\"Marcel Nobert\" align=\"center\" valign=\"middle\" width=\"34%\"><img decoding=\"async\" src=\"https:\/\/heritageclub.ca\/richelieu\/wp-content\/uploads\/sites\/16\/2018\/10\/3-Marcel-Nobert-2i\u00e8me-vice-pr\u00e9sident.jpg\" alt=\"Marcel Nobert\" width=\"72%\" border=\"0\"><\/td>\n<td valign=\"middle\" width=\"66%\">\n<ul type=\"disc\">\n<li><img loading=\"lazy\" decoding=\"async\" src=\"https:\/\/heritageclub.ca\/richelieu\/wp-content\/uploads\/sites\/16\/2018\/10\/Email.png\" width=\"20\" height=\"20\" border=\"0\"> <a href=\"https:\/\/heritageclub.ca\/richelieu\/fr\/contactez-nous\/\">Contactez-moi<\/a><\/li>\n<li><img loading=\"lazy\" decoding=\"async\" src=\"https:\/\/heritageclub.ca\/richelieu\/wp-content\/uploads\/sites\/16\/2018\/10\/Telephone.png\" width=\"20\" height=\"20\" border=\"0\"> (450) 926-1463<\/li>\n<li>Organisateur des voyages et le souper-th\u00e9\u00e2tre.<\/li>\n<li>Organisateur des d\u00eeners du mois.<\/li>\n<\/ul>\n<\/td>\n<\/tr>\n<\/tbody>\n<\/table>\n<\/td>\n<\/tr>\n<tr>\n<td width=\"100%\" height=\"40\"><img decoding=\"async\" src=\"https:\/\/heritageclub.ca\/richelieu\/wp-content\/uploads\/sites\/16\/2018\/10\/trans.gif\"><\/td>\n<\/tr>\n<tr>\n<td width=\"100%\">\n<table border=\"0\" width=\"100%\" cellspacing=\"0\" cellpadding=\"0\">\n<tbody>\n<tr>\n<td style=\"border-top-style: ridge;border-bottom-style: ridge\" align=\"center\" bgcolor=\"#ececec\"><span style=\"font-family: Monotype Corsiva, Comic Sans MS;font-size: xx-large\">Francine Laporte<\/span> \u2014 <span style=\"font-family: Monotype Corsiva, Comic Sans MS;font-size: large\">Tr\u00e9sori\u00e8re<\/span><\/td>\n<\/tr>\n<\/tbody>\n<\/table>\n<\/td>\n<\/tr>\n<tr>\n<td width=\"100%\" height=\"4\"><img decoding=\"async\" src=\"https:\/\/heritageclub.ca\/richelieu\/wp-content\/uploads\/sites\/16\/2018\/10\/trans.gif\"><\/td>\n<\/tr>\n<tr>\n<td align=\"center\" width=\"100%\">\n<table border=\"0\" width=\"100%\" cellspacing=\"0\" cellpadding=\"0\">\n<tbody>\n<tr>\n<td title=\"Francine Laporte\" align=\"center\" valign=\"middle\" width=\"34%\"><img decoding=\"async\" src=\"https:\/\/heritageclub.ca\/richelieu\/wp-content\/uploads\/sites\/16\/2020\/01\/Francine-Laporte-Directrice.jpg\" alt=\"Francine Laporte\" width=\"72%\" border=\"0\"><\/td>\n<td valign=\"middle\" width=\"66%\">\n<ul type=\"disc\">\n<li><img loading=\"lazy\" decoding=\"async\" src=\"https:\/\/heritageclub.ca\/richelieu\/wp-content\/uploads\/sites\/16\/2018\/10\/Email.png\" width=\"20\" height=\"20\" border=\"0\"> <a href=\"https:\/\/heritageclub.ca\/richelieu\/fr\/contactez-nous\/\">Contactez-moi<\/a><\/li>\n<li>Maintien \u00e0 jour le budget mensuel.<\/li>\n<li>Pr\u00e9sente un budget financier annuel.<\/li>\n<\/ul>\n<\/td>\n<\/tr>\n<\/tbody>\n<\/table>\n<\/td>\n<\/tr>\n<tr>\n<td width=\"100%\" height=\"40\"><img decoding=\"async\" src=\"https:\/\/heritageclub.ca\/richelieu\/wp-content\/uploads\/sites\/16\/2018\/10\/trans.gif\"><\/td>\n<\/tr>\n<tr>\n<td width=\"100%\">\n<table border=\"0\" width=\"100%\" cellspacing=\"0\" cellpadding=\"0\">\n<tbody>\n<tr>\n<td style=\"border-top-style: ridge;border-bottom-style: ridge\" align=\"center\" bgcolor=\"#ececec\"><span style=\"font-family: Monotype Corsiva, Comic Sans MS;font-size: xx-large\">Yvon Desrochers<\/span> \u2014 <span style=\"font-family: Monotype Corsiva, Comic Sans MS;font-size: large\">Secr\u00e9taire int\u00e9rimaire<br \/>\net r\u00e9dacteur du bulletin Info-Richelieu<\/span><\/td>\n<\/tr>\n<\/tbody>\n<\/table>\n<\/td>\n<\/tr>\n<tr>\n<td width=\"100%\" height=\"4\"><img decoding=\"async\" src=\"https:\/\/heritageclub.ca\/richelieu\/wp-content\/uploads\/sites\/16\/2018\/10\/trans.gif\"><\/td>\n<\/tr>\n<tr>\n<td align=\"center\" width=\"100%\">\n<table border=\"0\" width=\"100%\" cellspacing=\"0\" cellpadding=\"0\">\n<tbody>\n<tr>\n<td title=\"Yvon Desrochers\" align=\"center\" valign=\"middle\" width=\"34%\"><img decoding=\"async\" src=\"https:\/\/heritageclub.ca\/richelieu\/wp-content\/uploads\/sites\/16\/2018\/10\/2-Yvon-Desrochers-1er-vice-pr\u00e9sident.jpg\" alt=\"Yvon Desrochers\" width=\"72%\" border=\"0\"><\/td>\n<td valign=\"middle\" width=\"66%\">\n<ul type=\"disc\">\n<li><img loading=\"lazy\" decoding=\"async\" src=\"https:\/\/heritageclub.ca\/richelieu\/wp-content\/uploads\/sites\/16\/2018\/10\/Email.png\" width=\"20\" height=\"20\" border=\"0\"> <a href=\"https:\/\/heritageclub.ca\/richelieu\/fr\/contactez-nous\/\">Contactez-moi<\/a><\/li>\n<li>Responsable du compte-rendu des r\u00e9unions du Comit\u00e9.<\/li>\n<li>R\u00e9dacteur du Bulletin Info-Richelieu.<\/li>\n<\/ul>\n<\/td>\n<\/tr>\n<\/tbody>\n<\/table>\n<\/td>\n<\/tr>\n<tr>\n<td width=\"100%\" height=\"40\"><img decoding=\"async\" src=\"https:\/\/heritageclub.ca\/richelieu\/wp-content\/uploads\/sites\/16\/2018\/10\/trans.gif\"><\/td>\n<\/tr>\n<tr>\n<td width=\"100%\">\n<table border=\"0\" width=\"100%\" cellspacing=\"0\" cellpadding=\"0\">\n<tbody>\n<tr>\n<td style=\"border-top-style: ridge;border-bottom-style: ridge\" align=\"center\" bgcolor=\"#ececec\"><span style=\"font-family: Monotype Corsiva, Comic Sans MS;font-size: xx-large\">Sylvie Mass\u00e9<\/span> \u2014 <span style=\"font-family: Monotype Corsiva, Comic Sans MS;font-size: large\">Directrice des communications<br \/>\net des adh\u00e9sions<\/span><\/td>\n<\/tr>\n<\/tbody>\n<\/table>\n<\/td>\n<\/tr>\n<tr>\n<td width=\"100%\" height=\"4\"><img decoding=\"async\" src=\"https:\/\/heritageclub.ca\/richelieu\/wp-content\/uploads\/sites\/16\/2018\/10\/trans.gif\"><\/td>\n<\/tr>\n<tr>\n<td align=\"center\" width=\"100%\">\n<table border=\"0\" width=\"100%\" cellspacing=\"0\" cellpadding=\"0\">\n<tbody>\n<tr>\n<td title=\"Sylvie Mass\u00e9\" align=\"center\" valign=\"middle\" width=\"34%\"><img decoding=\"async\" src=\"https:\/\/heritageclub.ca\/richelieu\/wp-content\/uploads\/sites\/16\/2021\/01\/Sylvie_Masse.jpg\" alt=\"Sylvie Mass\u00e9\" width=\"72%\" border=\"0\"><\/td>\n<td valign=\"middle\" width=\"66%\">\n<ul type=\"disc\">\n<li><img loading=\"lazy\" decoding=\"async\" src=\"https:\/\/heritageclub.ca\/richelieu\/wp-content\/uploads\/sites\/16\/2018\/10\/Email.png\" width=\"20\" height=\"20\" border=\"0\"> <a href=\"https:\/\/heritageclub.ca\/richelieu\/fr\/contactez-nous\/\">Contactez-moi<\/a><\/li>\n<li><img loading=\"lazy\" decoding=\"async\" src=\"https:\/\/heritageclub.ca\/richelieu\/wp-content\/uploads\/sites\/16\/2018\/10\/Telephone.png\" width=\"20\" height=\"20\" border=\"0\"> (450) 619-7658<\/li>\n<li>Organisatrice des adh\u00e9sions des membres.<\/li>\n<li>Organisatrice des envois du courrier.<\/li>\n<li>Organisatrice de la liste des membres.<\/li>\n<li>Organisatrice des lutins de No\u00ebl.<\/li>\n<\/ul>\n<\/td>\n<\/tr>\n<\/tbody>\n<\/table>\n<\/td>\n<\/tr>\n<tr>\n<td width=\"100%\" height=\"40\"><img decoding=\"async\" src=\"https:\/\/heritageclub.ca\/richelieu\/wp-content\/uploads\/sites\/16\/2018\/10\/trans.gif\"><\/td>\n<\/tr>\n<\/tbody>\n<\/table>\n","protected":false},"excerpt":{"rendered":"<p>Document sans nom Ren\u00e9 Lareau \u2014 Pr\u00e9sident Contactez-moi &nbsp;(514) 917-9384 Voir \u00e0 appliquer les politiques du National. S&rsquo;assurer de la bonne marche du chapitre \u00e0 tous les niveaux. Pierre Aubin \u2014 1er Vice-Pr\u00e9sident Contactez-moi Photographe du chapitre. Webmestre du site Web. Concepteur de site Web en plusieurs langages HTML avec les CSS, le JavaScript et&#8230;  <a class=\"excerpt-read-more\" href=\"https:\/\/heritageclub.ca\/richelieu\/membres-elus\/\" title=\"Read Comit\u00e9 Ex\u00e9cutif\">Lire la suite &raquo;<\/a><\/p>\n","protected":false},"author":12,"featured_media":0,"parent":0,"menu_order":0,"comment_status":"closed","ping_status":"closed","template":"","meta":{"_acf_changed":false,"ngg_post_thumbnail":0,"footnotes":""},"class_list":["post-7848","page","type-page","status-publish","hentry"],"acf":[],"_links":{"self":[{"href":"https:\/\/heritageclub.ca\/richelieu\/wp-json\/wp\/v2\/pages\/7848","targetHints":{"allow":["GET"]}}],"collection":[{"href":"https:\/\/heritageclub.ca\/richelieu\/wp-json\/wp\/v2\/pages"}],"about":[{"href":"https:\/\/heritageclub.ca\/richelieu\/wp-json\/wp\/v2\/types\/page"}],"author":[{"embeddable":true,"href":"https:\/\/heritageclub.ca\/richelieu\/wp-json\/wp\/v2\/users\/12"}],"replies":[{"embeddable":true,"href":"https:\/\/heritageclub.ca\/richelieu\/wp-json\/wp\/v2\/comments?post=7848"}],"version-history":[{"count":54,"href":"https:\/\/heritageclub.ca\/richelieu\/wp-json\/wp\/v2\/pages\/7848\/revisions"}],"predecessor-version":[{"id":15635,"href":"https:\/\/heritageclub.ca\/richelieu\/wp-json\/wp\/v2\/pages\/7848\/revisions\/15635"}],"wp:attachment":[{"href":"https:\/\/heritageclub.ca\/richelieu\/wp-json\/wp\/v2\/media?parent=7848"}],"curies":[{"name":"wp","href":"https:\/\/api.w.org\/{rel}","templated":true}]}}