{"id":7840,"date":"2018-11-12T11:19:18","date_gmt":"2018-11-12T16:19:18","guid":{"rendered":"http:\/\/heritageclub.ca\/richelieu\/?page_id=7840"},"modified":"2021-03-03T09:58:34","modified_gmt":"2021-03-03T14:58:34","slug":"albums-photos","status":"publish","type":"page","link":"https:\/\/heritageclub.ca\/richelieu\/albums-photos\/","title":{"rendered":"Albums photos"},"content":{"rendered":"<hr>\n<h3><a href=\"https:\/\/heritageclub.ca\/richelieu\/fr\/assemblee-generale-annuelle-national\/\">\u2192 Assembl\u00e9e G\u00e9n\u00e9rale Annuelle (National)<\/a><\/h3>\n<hr>\n<h3><a href=\"https:\/\/heritageclub.ca\/richelieu\/fr\/photos\/\">\u2192 \u00c9v\u00e9nements sp\u00e9ciaux<\/a><\/h3>\n<hr>\n<h3><a href=\"https:\/\/heritageclub.ca\/richelieu\/fr\/nos-diners-du-mois-2021\/\">\u2192 Nos D\u00eeners du Mois 2021<\/a><\/h3>\n<hr>\n<h3><a href=\"https:\/\/heritageclub.ca\/richelieu\/fr\/nos-diners-du-mois-2020\/\">\u2192 Nos D\u00eeners du Mois 2020<\/a><\/h3>\n<hr>\n<h3><a href=\"https:\/\/heritageclub.ca\/richelieu\/fr\/nos-diners-du-mois-2019\/\">\u2192 Nos D\u00eeners du Mois 2019<\/a><\/h3>\n<hr>\n<h3><a href=\"https:\/\/heritageclub.ca\/richelieu\/fr\/nos-sorties-et-voyages\/\">\u2192 Nos Sorties et Voyages<\/a><\/h3>\n<hr>\n","protected":false},"excerpt":{"rendered":"<p>\u2192 Assembl\u00e9e G\u00e9n\u00e9rale Annuelle (National) \u2192 \u00c9v\u00e9nements sp\u00e9ciaux \u2192 Nos D\u00eeners du Mois 2021 \u2192 Nos D\u00eeners du Mois 2020 \u2192 Nos D\u00eeners du Mois 2019 \u2192 Nos Sorties et Voyages<\/p>\n","protected":false},"author":12,"featured_media":0,"parent":0,"menu_order":0,"comment_status":"closed","ping_status":"closed","template":"page-fullwidth.php","meta":{"_acf_changed":false,"ngg_post_thumbnail":0,"footnotes":""},"class_list":["post-7840","page","type-page","status-publish","hentry"],"acf":[],"_links":{"self":[{"href":"https:\/\/heritageclub.ca\/richelieu\/wp-json\/wp\/v2\/pages\/7840","targetHints":{"allow":["GET"]}}],"collection":[{"href":"https:\/\/heritageclub.ca\/richelieu\/wp-json\/wp\/v2\/pages"}],"about":[{"href":"https:\/\/heritageclub.ca\/richelieu\/wp-json\/wp\/v2\/types\/page"}],"author":[{"embeddable":true,"href":"https:\/\/heritageclub.ca\/richelieu\/wp-json\/wp\/v2\/users\/12"}],"replies":[{"embeddable":true,"href":"https:\/\/heritageclub.ca\/richelieu\/wp-json\/wp\/v2\/comments?post=7840"}],"version-history":[{"count":13,"href":"https:\/\/heritageclub.ca\/richelieu\/wp-json\/wp\/v2\/pages\/7840\/revisions"}],"predecessor-version":[{"id":15677,"href":"https:\/\/heritageclub.ca\/richelieu\/wp-json\/wp\/v2\/pages\/7840\/revisions\/15677"}],"wp:attachment":[{"href":"https:\/\/heritageclub.ca\/richelieu\/wp-json\/wp\/v2\/media?parent=7840"}],"curies":[{"name":"wp","href":"https:\/\/api.w.org\/{rel}","templated":true}]}}