{"id":771,"date":"2015-02-12T00:43:26","date_gmt":"2015-02-12T00:43:26","guid":{"rendered":"http:\/\/heritageclub.ca\/richelieu\/?page_id=771"},"modified":"2021-03-03T14:24:24","modified_gmt":"2021-03-03T19:24:24","slug":"photos","status":"publish","type":"page","link":"https:\/\/heritageclub.ca\/richelieu\/photos\/","title":{"rendered":"\u00c9v\u00e9nements sp\u00e9ciaux"},"content":{"rendered":"<hr>\n<h3><a href=\"https:\/\/heritageclub.ca\/richelieu\/fr\/albums-photos\/\">\u2190 Revenir en arri\u00e8re<\/a><\/h3>\n<hr>\n<h3><a href=\"https:\/\/heritageclub.ca\/richelieu\/fr\/golf-villegia-2019\/\">\u2192 Golf Villegia 2019<\/a><\/h3>\n<hr>\n<h3><a href=\"https:\/\/heritageclub.ca\/richelieu\/fr\/diner-de-lamitie-2019\/\">\u2192 D\u00eener de l&rsquo;Amiti\u00e9 2019<\/a><\/h3>\n<hr>\n<h3><a href=\"https:\/\/heritageclub.ca\/richelieu\/fr\/quilles-o-thon-2019\/\">\u2192 Quilles-O-Thon 2019<\/a><\/h3>\n<hr>\n","protected":false},"excerpt":{"rendered":"<p>\u2190 Revenir en arri\u00e8re \u2192 Golf Villegia 2019 \u2192 D\u00eener de l&rsquo;Amiti\u00e9 2019 \u2192 Quilles-O-Thon 2019<\/p>\n","protected":false},"author":12,"featured_media":0,"parent":0,"menu_order":0,"comment_status":"closed","ping_status":"closed","template":"page-fullwidth.php","meta":{"_acf_changed":false,"ngg_post_thumbnail":0,"footnotes":""},"class_list":["post-771","page","type-page","status-publish","hentry"],"acf":[],"_links":{"self":[{"href":"https:\/\/heritageclub.ca\/richelieu\/wp-json\/wp\/v2\/pages\/771","targetHints":{"allow":["GET"]}}],"collection":[{"href":"https:\/\/heritageclub.ca\/richelieu\/wp-json\/wp\/v2\/pages"}],"about":[{"href":"https:\/\/heritageclub.ca\/richelieu\/wp-json\/wp\/v2\/types\/page"}],"author":[{"embeddable":true,"href":"https:\/\/heritageclub.ca\/richelieu\/wp-json\/wp\/v2\/users\/12"}],"replies":[{"embeddable":true,"href":"https:\/\/heritageclub.ca\/richelieu\/wp-json\/wp\/v2\/comments?post=771"}],"version-history":[{"count":38,"href":"https:\/\/heritageclub.ca\/richelieu\/wp-json\/wp\/v2\/pages\/771\/revisions"}],"predecessor-version":[{"id":15690,"href":"https:\/\/heritageclub.ca\/richelieu\/wp-json\/wp\/v2\/pages\/771\/revisions\/15690"}],"wp:attachment":[{"href":"https:\/\/heritageclub.ca\/richelieu\/wp-json\/wp\/v2\/media?parent=771"}],"curies":[{"name":"wp","href":"https:\/\/api.w.org\/{rel}","templated":true}]}}