{"id":7380,"date":"2018-11-02T17:06:46","date_gmt":"2018-11-02T21:06:46","guid":{"rendered":"http:\/\/heritageclub.ca\/richelieu\/?page_id=7380"},"modified":"2021-04-29T12:22:53","modified_gmt":"2021-04-29T16:22:53","slug":"mot-du-president","status":"publish","type":"page","link":"https:\/\/heritageclub.ca\/richelieu\/mot-du-president\/","title":{"rendered":"Mot du Pr\u00e9sident"},"content":{"rendered":"<table border=\"0\" width=\"100%\" cellspacing=\"0\" cellpadding=\"0\">\n<tbody>\n<tr>\n<td width=\"100%\">\n<table border=\"0\" width=\"100%\" cellspacing=\"0\" cellpadding=\"0\">\n<tbody>\n<tr>\n<td style=\"border-top-style: ridge;border-bottom-style: ridge\" align=\"center\" bgcolor=\"#ececec\"><span style=\"font-family: Monotype Corsiva, Comic Sans MS;font-size: xx-large\">Ren\u00e9 Lareau<\/span> \u2014 <span style=\"font-family: Monotype Corsiva, Comic Sans MS;font-size: large\">Pr\u00e9sident<\/span><\/td>\n<\/tr>\n<\/tbody>\n<\/table>\n<\/td>\n<\/tr>\n<tr>\n<td width=\"100%\" height=\"4\"><img decoding=\"async\" src=\"https:\/\/heritageclub.ca\/richelieu\/wp-content\/uploads\/sites\/16\/2018\/10\/trans.gif\"><\/td>\n<\/tr>\n<tr>\n<td align=\"center\" width=\"100%\">\n<table border=\"0\" width=\"100%\" cellspacing=\"0\" cellpadding=\"0\">\n<tbody>\n<tr>\n<td title=\"Ren\u00e9 Lareau\" align=\"center\" valign=\"middle\" width=\"34%\"><img decoding=\"async\" src=\"https:\/\/heritageclub.ca\/richelieu\/wp-content\/uploads\/sites\/16\/2018\/10\/1-Ren\u00e9-Lareau-pr\u00e9sident.jpg\" alt=\"Ren\u00e9 Lareau\" width=\"72%\" border=\"0\"><\/td>\n<td valign=\"middle\" width=\"66%\">\n<ul type=\"disc\">\n<li><img loading=\"lazy\" decoding=\"async\" src=\"https:\/\/heritageclub.ca\/richelieu\/wp-content\/uploads\/sites\/16\/2018\/10\/Email.png\" width=\"20\" height=\"20\" border=\"0\"> <a href=\"https:\/\/heritageclub.ca\/richelieu\/fr\/contactez-nous\/\">Contactez-moi<\/a><\/li>\n<li><img loading=\"lazy\" decoding=\"async\" src=\"https:\/\/heritageclub.ca\/richelieu\/wp-content\/uploads\/sites\/16\/2018\/10\/Telephone.png\" width=\"20\" height=\"20\" border=\"0\">&nbsp;(514) 917-9384<\/li>\n<li><strong>Voir \u00e0 appliquer les politiques du National.<\/strong><\/li>\n<li><strong>S&rsquo;assurer de la bonne marche du chapitre \u00e0 tous les niveaux.<\/strong><\/li>\n<\/ul>\n<\/td>\n<\/tr>\n<\/tbody>\n<\/table>\n<\/td>\n<\/tr>\n<\/tbody>\n<\/table>\n<hr>\n<h3><strong>Mai \u2014 Juin 2021<\/strong><\/h3>\n<blockquote><p><strong>Bonjour \u00e0 toutes et \u00e0 tous,<\/strong><br \/>\n<!-- Commencement du discourt --><br \/>\nJ\u2019esp\u00e8re que vous allez bien et que plusieurs d\u2019entre vous ont pu \u00eatre vaccin\u00e9s, ce qui nous permettra peut-\u00eatre d\u2019organiser un ou des pique-niques en mai, juin ou juillet. De notre c\u00f4t\u00e9, nous suivons la situation de pr\u00e8s.<\/p>\n<p>J\u2019aimerais aussi vous remercier et vous f\u00e9liciter pour votre fid\u00e9lit\u00e9 et votre rapidit\u00e9 \u00e0 renouveler vos adh\u00e9sions \u00e0 notre chapitre. Gr\u00e2ce \u00e0 vous, nous atteignons notre objectif encore cette ann\u00e9e.<\/p>\n<p>Les sujets d\u2019actualit\u00e9s sont nombreux depuis un an. Il y a, entre autres, la COVID-19 dont on parle quotidiennement. Toutefois, il y a un autre sujet dont on parle depuis le mois de janvier et qui nous tient \u00e0 c\u0153ur, c\u2019est celui des f\u00e9minicides. La violence faite aux femmes est tr\u00e8s pr\u00e9occupante. Votre comit\u00e9 est tr\u00e8s sensible face \u00e0 cette situation. On a donc d\u00e9cid\u00e9 d\u2019effectuer un don de $1000, \u00e0 une maison d\u2019h\u00e9bergement pour femmes victimes de violence, le Pavillon Marguerite&nbsp;de&nbsp;Champlain. Malheureusement, cette somme n\u2019est qu\u2019une tr\u00e8s infime petite partie des besoins n\u00e9cessaires pour accueillir les femmes dans ces maisons.<\/p>\n<p>La saison printani\u00e8re rime chez nous avec la fin de l\u2019hiver, la fonte de la neige et assur\u00e9ment avec l\u2019arriv\u00e9e de la coul\u00e9e des \u00e9rables. Dans nos traditions, cela rime aussi avec les repas de la Cabane \u00e0 sucre. Vous en avez peut-\u00eatre entendu parler, mais cette ann\u00e9e les \u00e9rabli\u00e8res se sont organis\u00e9es pour vous faire parvenir des repas complet chez vous. Ainsi, vous pouvez commander des bo\u00eetes de repas et aller les chercher directement, ou bien faire livrer votre bo\u00eete chez une \u00e9picerie M\u00e9tro de votre quartier.<br \/>\nPour obtenir toutes les informations, visitez le site:<br \/>\n<a href=\"https:\/\/www.macabanealamaison.com\/\" target=\"_blank\" rel=\"noopener noreferrer\">www.macabanealamaison.com<\/a><\/p>\n<p><strong>Le Golf :<\/strong> Encore une fois cette ann\u00e9e, j\u2019ai contact\u00e9 certains centres de golf afin d\u2019obtenir des rabais pour les membres du chapitre. Malheureusement, le club de golf St-C\u00e9saire, victime de sa popularit\u00e9, ne pouvait pas renouveler notre entente cette ann\u00e9e. Par contre l\u2019entente pourrait \u00eatre revue l\u2019an prochain. Avec la pand\u00e9mie, les golfeur(e)s se sont pr\u00e9cipit\u00e9s sur les terrains de golf l\u2019an dernier. Pour les autres centres, <strong><em><u>Verch\u00e8res<\/u><\/em><\/strong>, <strong><em><u>Golf Rive-Sud<\/u><\/em><\/strong>, et <strong><em><u>Mont&nbsp;St-Gr\u00e9goire<\/u><\/em><\/strong> <strong>renouvellent notre entente<\/strong>. D\u2019autre part, j\u2019ai r\u00e9ussi \u00e0 conclure des nouvelles ententes avec deux autres clubs, soient les <strong><em><u>Club de Golf de Farhnam<\/u><\/em><\/strong> et <strong><em><u>Club de Golf Rougemont<\/u><\/em><\/strong>.<br \/>\n<!-- Fin du discourt --><\/p>\n<p style=\"text-align: right\"><span style=\"font-size: small\">Amicalement, <\/span><strong><em>Ren\u00e9&nbsp;Lareau<\/em><\/strong> <span style=\"font-size: small\">Pr\u00e9sident<\/span><\/p>\n<\/blockquote>\n","protected":false},"excerpt":{"rendered":"<p>Ren\u00e9 Lareau \u2014 Pr\u00e9sident Contactez-moi &nbsp;(514) 917-9384 Voir \u00e0 appliquer les politiques du National. S&rsquo;assurer de la bonne marche du chapitre \u00e0 tous les niveaux. Mai \u2014 Juin 2021 Bonjour \u00e0 toutes et \u00e0 tous, J\u2019esp\u00e8re que vous allez bien et que plusieurs d\u2019entre vous ont pu \u00eatre vaccin\u00e9s, ce qui nous permettra peut-\u00eatre d\u2019organiser&#8230;  <a class=\"excerpt-read-more\" href=\"https:\/\/heritageclub.ca\/richelieu\/mot-du-president\/\" title=\"Read Mot du Pr\u00e9sident\">Lire la suite &raquo;<\/a><\/p>\n","protected":false},"author":12,"featured_media":0,"parent":0,"menu_order":0,"comment_status":"closed","ping_status":"closed","template":"","meta":{"_acf_changed":false,"ngg_post_thumbnail":0,"footnotes":""},"class_list":["post-7380","page","type-page","status-publish","hentry"],"acf":[],"_links":{"self":[{"href":"https:\/\/heritageclub.ca\/richelieu\/wp-json\/wp\/v2\/pages\/7380","targetHints":{"allow":["GET"]}}],"collection":[{"href":"https:\/\/heritageclub.ca\/richelieu\/wp-json\/wp\/v2\/pages"}],"about":[{"href":"https:\/\/heritageclub.ca\/richelieu\/wp-json\/wp\/v2\/types\/page"}],"author":[{"embeddable":true,"href":"https:\/\/heritageclub.ca\/richelieu\/wp-json\/wp\/v2\/users\/12"}],"replies":[{"embeddable":true,"href":"https:\/\/heritageclub.ca\/richelieu\/wp-json\/wp\/v2\/comments?post=7380"}],"version-history":[{"count":253,"href":"https:\/\/heritageclub.ca\/richelieu\/wp-json\/wp\/v2\/pages\/7380\/revisions"}],"predecessor-version":[{"id":15919,"href":"https:\/\/heritageclub.ca\/richelieu\/wp-json\/wp\/v2\/pages\/7380\/revisions\/15919"}],"wp:attachment":[{"href":"https:\/\/heritageclub.ca\/richelieu\/wp-json\/wp\/v2\/media?parent=7380"}],"curies":[{"name":"wp","href":"https:\/\/api.w.org\/{rel}","templated":true}]}}