{"id":6971,"date":"2018-10-24T22:04:02","date_gmt":"2018-10-25T02:04:02","guid":{"rendered":"http:\/\/heritageclub.ca\/richelieu\/?page_id=6971"},"modified":"2020-06-29T19:30:32","modified_gmt":"2020-06-29T23:30:32","slug":"sorties-et-voyages","status":"publish","type":"page","link":"https:\/\/heritageclub.ca\/richelieu\/sorties-et-voyages\/","title":{"rendered":"Sorties et Voyages"},"content":{"rendered":"<table border=\"0\" width=\"100%\" cellspacing=\"0\" cellpadding=\"0\">\n<tbody>\n<tr>\n<td width=\"100%\">\n<table border=\"0\" width=\"100%\" cellspacing=\"0\" cellpadding=\"0\">\n<tbody>\n<tr>\n<td style=\"border-top-style: ridge;border-bottom-style: ridge\" align=\"center\" bgcolor=\"#ECECEC\"><span style=\"font-family: Monotype Corsiva, Comic Sans MS;font-size: xx-large\">Marcel Nobert<\/span> \u2014 <span style=\"font-family: Monotype Corsiva, Comic Sans MS;font-size: large\">2<sup>i\u00e8me<\/sup> Vice-Pr\u00e9sident<\/span><\/td>\n<\/tr>\n<\/tbody>\n<\/table>\n<\/td>\n<\/tr>\n<tr>\n<td width=\"100%\" height=\"4\"><img decoding=\"async\" src=\"https:\/\/heritageclub.ca\/richelieu\/wp-content\/uploads\/sites\/16\/2018\/10\/trans.gif\"><\/td>\n<\/tr>\n<tr>\n<td align=\"center\" width=\"100%\">\n<table border=\"0\" width=\"100%\" cellspacing=\"0\" cellpadding=\"0\">\n<tbody>\n<tr>\n<td title=\"Marcel Nobert\" align=\"center\" valign=\"middle\" width=\"34%\"><img decoding=\"async\" src=\"https:\/\/heritageclub.ca\/richelieu\/wp-content\/uploads\/sites\/16\/2018\/10\/3-Marcel-Nobert-2i\u00e8me-vice-pr\u00e9sident.jpg\" alt=\"Marcel Nobert\" width=\"72%\" border=\"0\"><\/td>\n<td valign=\"middle\" width=\"66%\">\n<ul type=\"disc\">\n<li><img loading=\"lazy\" decoding=\"async\" src=\"https:\/\/heritageclub.ca\/richelieu\/wp-content\/uploads\/sites\/16\/2018\/10\/Email.png\" width=\"20\" height=\"20\" border=\"0\"> <a href=\"https:\/\/heritageclub.ca\/richelieu\/fr\/contactez-nous\/\">Contactez-moi<\/a><\/li>\n<li><img loading=\"lazy\" decoding=\"async\" src=\"https:\/\/heritageclub.ca\/richelieu\/wp-content\/uploads\/sites\/16\/2018\/10\/Telephone.png\" width=\"20\" height=\"20\" border=\"0\"> (450) 926-1463<\/li>\n<li><strong>Organisateur du souper-th\u00e9\u00e2tre.<\/strong><\/li>\n<li><strong>Organisateur des sorties et voyages.<\/strong><\/li>\n<\/ul>\n<\/td>\n<\/tr>\n<\/tbody>\n<\/table>\n<\/td>\n<\/tr>\n<\/tbody>\n<\/table>\n<hr>\n<h3><strong>\u2192 Souper-Th\u00e9\u00e2tre<\/strong><\/h3>\n<blockquote>\n<ul>\n<li><span style=\"color: #a9a9a9\">\u00c0 SAVOIR :<\/span> <span style=\"background-color: #ffff00;color: #ff0000\">Toutes nos activit\u00e9s sont annul\u00e9es \u00e0 cause du COVID-19 (Coronavirus)<\/span><\/li>\n<\/ul>\n<\/blockquote>\n<hr>\n<h3><strong>\u2192 Sorties et Voyages<\/strong><\/h3>\n<blockquote>\n<ul>\n<li><span style=\"color: #a9a9a9\">\u00c0 SAVOIR :<\/span> <span style=\"background-color: #ffff00;color: #ff0000\">Tous nos sorties et voyages sont annul\u00e9s \u00e0 cause du COVID-19 (Coronavirus)<\/span><\/li>\n<\/ul>\n<\/blockquote>\n<hr width=\"80%\">\n","protected":false},"excerpt":{"rendered":"<p>Marcel Nobert \u2014 2i\u00e8me Vice-Pr\u00e9sident Contactez-moi (450) 926-1463 Organisateur du souper-th\u00e9\u00e2tre. Organisateur des sorties et voyages. \u2192 Souper-Th\u00e9\u00e2tre \u00c0 SAVOIR : Toutes nos activit\u00e9s sont annul\u00e9es \u00e0 cause du COVID-19 (Coronavirus) \u2192 Sorties et Voyages \u00c0 SAVOIR : Tous nos sorties et voyages sont annul\u00e9s \u00e0 cause du COVID-19 (Coronavirus)<\/p>\n","protected":false},"author":12,"featured_media":0,"parent":0,"menu_order":0,"comment_status":"closed","ping_status":"closed","template":"","meta":{"_acf_changed":false,"ngg_post_thumbnail":0,"footnotes":""},"class_list":["post-6971","page","type-page","status-publish","hentry"],"acf":[],"_links":{"self":[{"href":"https:\/\/heritageclub.ca\/richelieu\/wp-json\/wp\/v2\/pages\/6971","targetHints":{"allow":["GET"]}}],"collection":[{"href":"https:\/\/heritageclub.ca\/richelieu\/wp-json\/wp\/v2\/pages"}],"about":[{"href":"https:\/\/heritageclub.ca\/richelieu\/wp-json\/wp\/v2\/types\/page"}],"author":[{"embeddable":true,"href":"https:\/\/heritageclub.ca\/richelieu\/wp-json\/wp\/v2\/users\/12"}],"replies":[{"embeddable":true,"href":"https:\/\/heritageclub.ca\/richelieu\/wp-json\/wp\/v2\/comments?post=6971"}],"version-history":[{"count":211,"href":"https:\/\/heritageclub.ca\/richelieu\/wp-json\/wp\/v2\/pages\/6971\/revisions"}],"predecessor-version":[{"id":13785,"href":"https:\/\/heritageclub.ca\/richelieu\/wp-json\/wp\/v2\/pages\/6971\/revisions\/13785"}],"wp:attachment":[{"href":"https:\/\/heritageclub.ca\/richelieu\/wp-json\/wp\/v2\/media?parent=6971"}],"curies":[{"name":"wp","href":"https:\/\/api.w.org\/{rel}","templated":true}]}}