{"id":6820,"date":"2018-10-22T09:21:13","date_gmt":"2018-10-22T13:21:13","guid":{"rendered":"http:\/\/heritageclub.ca\/richelieu\/?page_id=6820"},"modified":"2021-03-10T09:46:56","modified_gmt":"2021-03-10T14:46:56","slug":"contactez-nous","status":"publish","type":"page","link":"https:\/\/heritageclub.ca\/richelieu\/contactez-nous\/","title":{"rendered":"Contactez-nous"},"content":{"rendered":"<h3><strong>Contactez-nous par courriel :<\/strong><\/h3>\n<ul>\n<li>Pour le pr\u00e9sident : <a href=\"mailto:heritage.richelieu@gmail.com\"><em>Ren\u00e9 Lareau<\/em><\/a><\/li>\n<li>Pour la directrice des communications et des adh\u00e9sions : <a href=\"mailto:sylmas@videotron.ca\"><em>Sylvie Mass\u00e9<\/em><\/a><\/li>\n<li>Pour le r\u00e9dacteur du bulletin Info-Richelieu : <a href=\"mailto:jryvondesrochers@gmail.com\"><em>Yvon Desrochers<\/em><\/a><\/li>\n<li>Pour les Sorties et Voyages : <a href=\"mailto:maxnob@videotron.ca\"><em>Marcel Nobert<\/em><\/a><\/li>\n<li>Pour la tr\u00e9sori\u00e8re : <a href=\"mailto:francine.laporte56@gmail.com\"><em>Francine Laporte<\/em><\/a><\/li>\n<li>Pour le webmestre du site web : <a href=\"mailto:pierre_aubin@videotron.ca\"><em>Pierre Aubin<\/em><\/a><\/li>\n<\/ul>\n<h3><strong>Les formulaires<\/strong><\/h3>\n<ul>\n<li><a href=\"https:\/\/forms.office.com\/Pages\/ResponsePage.aspx?id=DQSIkWdsW0yxEjajBLZtrQAAAAAAAAAAAAMAALxFkUVUNEdXQ1Q0TDJYOFRIODJFTEUyOTgwSUdRUC4u\" target=\"_blank\" rel=\"noopener\">Formulaire de changement d&rsquo;adresse en ligne<\/a><\/li>\n<li><a href=\"https:\/\/forms.office.com\/Pages\/ResponsePage.aspx?id=DQSIkWdsW0yxEjajBLZtrQAAAAAAAAAAAAMAALxFkUVUMlMxVUtTWjZMR1JFQU04TEJPWVlIMDVCNC4u\" target=\"_blank\" rel=\"noopener\">Formulaire pour tout autre changement personnel en ligne<\/a><br \/>\n<small><em>(Soit votre nouvelle adresse de courriel, votre nouveau num\u00e9ro de t\u00e9l\u00e9phone ou de cellulaire.)<\/em><\/small><\/li>\n<\/ul>\n","protected":false},"excerpt":{"rendered":"<p>Contactez-nous par courriel : Pour le pr\u00e9sident : Ren\u00e9 Lareau Pour la directrice des communications et des adh\u00e9sions : Sylvie Mass\u00e9 Pour le r\u00e9dacteur du bulletin Info-Richelieu : Yvon Desrochers Pour les Sorties et Voyages : Marcel Nobert Pour la tr\u00e9sori\u00e8re : Francine Laporte Pour le webmestre du site web : Pierre Aubin Les formulaires&#8230;  <a class=\"excerpt-read-more\" href=\"https:\/\/heritageclub.ca\/richelieu\/contactez-nous\/\" title=\"Read Contactez-nous\">Lire la suite &raquo;<\/a><\/p>\n","protected":false},"author":12,"featured_media":0,"parent":0,"menu_order":0,"comment_status":"closed","ping_status":"closed","template":"","meta":{"_acf_changed":false,"ngg_post_thumbnail":0,"footnotes":""},"class_list":["post-6820","page","type-page","status-publish","hentry"],"acf":[],"_links":{"self":[{"href":"https:\/\/heritageclub.ca\/richelieu\/wp-json\/wp\/v2\/pages\/6820","targetHints":{"allow":["GET"]}}],"collection":[{"href":"https:\/\/heritageclub.ca\/richelieu\/wp-json\/wp\/v2\/pages"}],"about":[{"href":"https:\/\/heritageclub.ca\/richelieu\/wp-json\/wp\/v2\/types\/page"}],"author":[{"embeddable":true,"href":"https:\/\/heritageclub.ca\/richelieu\/wp-json\/wp\/v2\/users\/12"}],"replies":[{"embeddable":true,"href":"https:\/\/heritageclub.ca\/richelieu\/wp-json\/wp\/v2\/comments?post=6820"}],"version-history":[{"count":47,"href":"https:\/\/heritageclub.ca\/richelieu\/wp-json\/wp\/v2\/pages\/6820\/revisions"}],"predecessor-version":[{"id":15841,"href":"https:\/\/heritageclub.ca\/richelieu\/wp-json\/wp\/v2\/pages\/6820\/revisions\/15841"}],"wp:attachment":[{"href":"https:\/\/heritageclub.ca\/richelieu\/wp-json\/wp\/v2\/media?parent=6820"}],"curies":[{"name":"wp","href":"https:\/\/api.w.org\/{rel}","templated":true}]}}