{"id":2387,"date":"2016-01-18T17:51:11","date_gmt":"2016-01-18T22:51:11","guid":{"rendered":"http:\/\/heritageclub.ca\/richelieu\/?page_id=2387"},"modified":"2021-01-12T19:43:23","modified_gmt":"2021-01-13T00:43:23","slug":"partenaires-du-chapitre-richelieu","status":"publish","type":"page","link":"https:\/\/heritageclub.ca\/richelieu\/partenaires-du-chapitre-richelieu\/","title":{"rendered":"Nos Annonceurs"},"content":{"rendered":"<table width=\"100%\" cellspacing=\"20\">\n<tbody>\n<tr bgcolor=\"#F0F0F0\">\n<td align=\"center\" valign=\"middle\" width=\"80%\"><a title=\"Voyages Gendron pour un s\u00e9jour de r\u00eave de golf\" href=\"https:\/\/www.voyagesgendron.com\/golf\/\" target=\"_blank\" rel=\"noopener noreferrer\"><img loading=\"lazy\" decoding=\"async\" src=\"https:\/\/heritageclub.ca\/richelieu\/wp-content\/uploads\/sites\/16\/2018\/10\/gendron-golf-voyager.png\" alt=\"Voyages Gendron\" width=\"250\" height=\"47\"><br \/>\nTrouvez votre s\u00e9jour de r\u00eave au golf<\/a><\/td>\n<\/tr>\n<tr>\n<td align=\"center\" valign=\"middle\" width=\"80%\"><a title=\"Imprimerie Daniel\" href=\"http:\/\/www.circulaire-en-ligne.ca\/lien-externe\/index.php?url=http\/www.imprimeriedaniel.com\/accueil\" target=\"_blank\" rel=\"noopener noreferrer\"><img loading=\"lazy\" decoding=\"async\" src=\"https:\/\/heritageclub.ca\/richelieu\/wp-content\/uploads\/sites\/16\/2018\/10\/logo-imprimerie_Daniel.png\" alt=\"Imprimerie Daniel\" width=\"220\" height=\"58\"><br \/>\nExp\u00e9rience &#8211; Expertise &#8211; Professionalisme<\/a><\/td>\n<\/tr>\n<tr bgcolor=\"#F0F0F0\">\n<td align=\"center\" valign=\"middle\" width=\"80%\"><a title=\"Pourvoirie Cabonga\" href=\"http:\/\/www.pavcabonga.qc.ca\/\" target=\"_blank\" rel=\"noopener noreferrer\"><img loading=\"lazy\" decoding=\"async\" src=\"https:\/\/heritageclub.ca\/richelieu\/wp-content\/uploads\/sites\/16\/2018\/10\/Pourvoirie-Cabonga.png\" alt=\"Pourvoirie Cabonga\" width=\"100\" height=\"100\"><br \/>\nLe R\u00e9servoir Cabonga,<br \/>\nsitu\u00e9 dans un d\u00e9cor f\u00e9\u00e9rique au sein<br \/>\nde la R\u00e9serve Faunique de La V\u00e9rendrye<\/a><\/td>\n<\/tr>\n<\/tbody>\n<\/table>\n","protected":false},"excerpt":{"rendered":"<p>Trouvez votre s\u00e9jour de r\u00eave au golf Exp\u00e9rience &#8211; Expertise &#8211; Professionalisme Le R\u00e9servoir Cabonga, situ\u00e9 dans un d\u00e9cor f\u00e9\u00e9rique au sein de la R\u00e9serve Faunique de La V\u00e9rendrye<\/p>\n","protected":false},"author":12,"featured_media":0,"parent":0,"menu_order":0,"comment_status":"closed","ping_status":"closed","template":"","meta":{"_acf_changed":false,"ngg_post_thumbnail":0,"footnotes":""},"class_list":["post-2387","page","type-page","status-publish","hentry"],"acf":[],"_links":{"self":[{"href":"https:\/\/heritageclub.ca\/richelieu\/wp-json\/wp\/v2\/pages\/2387","targetHints":{"allow":["GET"]}}],"collection":[{"href":"https:\/\/heritageclub.ca\/richelieu\/wp-json\/wp\/v2\/pages"}],"about":[{"href":"https:\/\/heritageclub.ca\/richelieu\/wp-json\/wp\/v2\/types\/page"}],"author":[{"embeddable":true,"href":"https:\/\/heritageclub.ca\/richelieu\/wp-json\/wp\/v2\/users\/12"}],"replies":[{"embeddable":true,"href":"https:\/\/heritageclub.ca\/richelieu\/wp-json\/wp\/v2\/comments?post=2387"}],"version-history":[{"count":119,"href":"https:\/\/heritageclub.ca\/richelieu\/wp-json\/wp\/v2\/pages\/2387\/revisions"}],"predecessor-version":[{"id":15540,"href":"https:\/\/heritageclub.ca\/richelieu\/wp-json\/wp\/v2\/pages\/2387\/revisions\/15540"}],"wp:attachment":[{"href":"https:\/\/heritageclub.ca\/richelieu\/wp-json\/wp\/v2\/media?parent=2387"}],"curies":[{"name":"wp","href":"https:\/\/api.w.org\/{rel}","templated":true}]}}