{"id":15679,"date":"2021-03-03T10:25:38","date_gmt":"2021-03-03T15:25:38","guid":{"rendered":"http:\/\/heritageclub.ca\/richelieu\/?page_id=15679"},"modified":"2021-03-03T10:35:04","modified_gmt":"2021-03-03T15:35:04","slug":"annulation-des-activites-covid-19","status":"publish","type":"page","link":"https:\/\/heritageclub.ca\/richelieu\/annulation-des-activites-covid-19\/","title":{"rendered":"Annulation des activit\u00e9s"},"content":{"rendered":"<div class=\"wp-block-image\">\n<figure class=\"aligncenter size-large\"><img decoding=\"async\" class=\"wp-image-14473\" src=\"https:\/\/heritageclub.ca\/richelieu\/wp-content\/uploads\/sites\/16\/2020\/08\/Coronavirus_1300x322-1024x254.jpg\" alt=\"\"><\/figure>\n<\/div>\n<h2 style=\"text-align: center\">\u00c0 cause de la <strong>pand\u00e9mie du COVID-19 (coronavirus)<\/strong>, les mesures de confinement et de la distanciation sociale oblig\u00e9es par le gouvernement du Qu\u00e9bec, <span style=\"color: #ff00ff\">toutes nos activit\u00e9s sont annul\u00e9es<\/span>.<\/h2>\n","protected":false},"excerpt":{"rendered":"<p>\u00c0 cause de la pand\u00e9mie du COVID-19 (coronavirus), les mesures de confinement et de la distanciation sociale oblig\u00e9es par le gouvernement du Qu\u00e9bec, toutes nos activit\u00e9s sont annul\u00e9es.<\/p>\n","protected":false},"author":12,"featured_media":0,"parent":0,"menu_order":0,"comment_status":"closed","ping_status":"closed","template":"page-fullwidth.php","meta":{"_acf_changed":false,"ngg_post_thumbnail":0,"footnotes":""},"class_list":["post-15679","page","type-page","status-publish","hentry"],"acf":[],"_links":{"self":[{"href":"https:\/\/heritageclub.ca\/richelieu\/wp-json\/wp\/v2\/pages\/15679","targetHints":{"allow":["GET"]}}],"collection":[{"href":"https:\/\/heritageclub.ca\/richelieu\/wp-json\/wp\/v2\/pages"}],"about":[{"href":"https:\/\/heritageclub.ca\/richelieu\/wp-json\/wp\/v2\/types\/page"}],"author":[{"embeddable":true,"href":"https:\/\/heritageclub.ca\/richelieu\/wp-json\/wp\/v2\/users\/12"}],"replies":[{"embeddable":true,"href":"https:\/\/heritageclub.ca\/richelieu\/wp-json\/wp\/v2\/comments?post=15679"}],"version-history":[{"count":2,"href":"https:\/\/heritageclub.ca\/richelieu\/wp-json\/wp\/v2\/pages\/15679\/revisions"}],"predecessor-version":[{"id":15685,"href":"https:\/\/heritageclub.ca\/richelieu\/wp-json\/wp\/v2\/pages\/15679\/revisions\/15685"}],"wp:attachment":[{"href":"https:\/\/heritageclub.ca\/richelieu\/wp-json\/wp\/v2\/media?parent=15679"}],"curies":[{"name":"wp","href":"https:\/\/api.w.org\/{rel}","templated":true}]}}