{"id":14941,"date":"2020-09-16T18:48:09","date_gmt":"2020-09-16T22:48:09","guid":{"rendered":"http:\/\/heritageclub.ca\/richelieu\/?page_id=14941"},"modified":"2020-10-02T10:03:36","modified_gmt":"2020-10-02T14:03:36","slug":"septembre-2020-pique-nique-au-fort-chambly","status":"publish","type":"page","link":"https:\/\/heritageclub.ca\/richelieu\/septembre-2020-pique-nique-au-fort-chambly\/","title":{"rendered":""},"content":{"rendered":"<table width=\"100%\" align=\"center\">\n<tbody>\n<tr>\n<td align=\"center\"><img decoding=\"async\" class=\"size-full wp-image-13982 aligncenter\" src=\"https:\/\/heritageclub.ca\/richelieu\/wp-content\/uploads\/sites\/16\/2020\/07\/Fort-Chambly_600x200.jpg\" alt=\"Fort-Chambly_600x200\" width=\"70%\"><br \/>\n<img decoding=\"async\" class=\"size-full wp-image-14963 aligncenter\" src=\"https:\/\/heritageclub.ca\/richelieu\/wp-content\/uploads\/sites\/16\/2020\/09\/Pique-Nique_Chapitre_Richelieu_Septembre-2020600x393-1.jpg\" alt=\"Pique-Nique_Chapitre_Richelieu_Septembre-2020600x393-1\" width=\"70%\"><\/p>\n<p><big><strong>Le 16 septembre 2020<\/strong><\/big><\/p>\n<p>Une trentaine de membres \u00e9taient pr\u00e9sents pour un pique-nique pr\u00e8s du Fort-Chambly, tout ceci en respectant la distanciation.<br \/>\nNous \u00e9tions 3 groupes form\u00e9s de 8 \u00e0 11 personnes.<br \/>\nCe f\u00fbt une belle journ\u00e9e et surtout merci \u00e0 notre nouveau commanditaire <em><strong>Seray Hyundai<\/strong><\/em> de Chambly qui nous a remis plusieurs articles promotionnels de Hyundai pour nos tirages, soit 2 petits haut-parleurs Wi-Fi, un sac \u00e0 dos, une glaci\u00e8re, un beau parapluie et une grosse lampe d&rsquo;\u00e9clairage style camping.<br \/>\nIl y a eut 6 tirages, soit 2 tirages par groupe.<\/td>\n<\/tr>\n<tr>\n<td align=\"center\"><img decoding=\"async\" src=\"https:\/\/heritageclub.ca\/richelieu\/wp-content\/uploads\/sites\/16\/2019\/11\/line-divider-estrellas.png\" alt=\"line-divider-estrellas\" width=\"80%\"><\/p>\n<h2><strong><em>Les photos<\/em><\/strong><\/h2>\n<p><img decoding=\"async\" class=\"\" src=\"https:\/\/heritageclub.ca\/richelieu\/wp-content\/uploads\/sites\/16\/2018\/10\/trans.gif\" alt=\"trans\" width=\"80%\" height=\"24\"><\/td>\n<\/tr>\n<\/tbody>\n<\/table>\n<p style=\"text-align: center\"><strong>(Cliquez sur l&rsquo;image pour l&rsquo;agrandir dans une autre fen\u00eatre)<\/strong><\/p>\n<figure class=\"wp-block-gallery columns-3 is-cropped\">\n<ul class=\"blocks-gallery-grid\">\n<li class=\"blocks-gallery-item\">\n<figure><a href=\"https:\/\/heritageclub.ca\/richelieu\/wp-content\/uploads\/sites\/16\/2020\/09\/2020-09-16-NK7_6415.jpg\" target=\"_blank\" rel=\"noopener noreferrer\"><img decoding=\"async\" class=\"wp-image-14923\" src=\"https:\/\/heritageclub.ca\/richelieu\/wp-content\/uploads\/sites\/16\/2020\/09\/2020-09-16-NK7_6415-300x185.jpg\" alt=\"2020-09-16-NK7_6415-1024x632\" data-id=\"14923\" data-full-url=\"https:\/\/heritageclub.ca\/richelieu\/wp-content\/uploads\/sites\/16\/2020\/09\/2020-09-16-NK7_6415.jpg\" data-link=\"https:\/\/heritageclub.ca\/richelieu\/fr\/2020-09-16-nk7_6415\/\"><\/a><\/figure>\n<\/li>\n<li class=\"blocks-gallery-item\">\n<figure><a href=\"https:\/\/heritageclub.ca\/richelieu\/wp-content\/uploads\/sites\/16\/2020\/09\/2020-09-16-NK7_6420.jpg\" target=\"_blank\" rel=\"noopener noreferrer\"><img decoding=\"async\" class=\"wp-image-14928\" src=\"https:\/\/heritageclub.ca\/richelieu\/wp-content\/uploads\/sites\/16\/2020\/09\/2020-09-16-NK7_6420-300x183.jpg\" alt=\"2020-09-16-NK7_6420-1024x625\" data-id=\"14928\" data-full-url=\"https:\/\/heritageclub.ca\/richelieu\/wp-content\/uploads\/sites\/16\/2020\/09\/2020-09-16-NK7_6420.jpg\" data-link=\"https:\/\/heritageclub.ca\/richelieu\/fr\/2020-09-16-nk7_6420\/\"><\/a><\/figure>\n<\/li>\n<li class=\"blocks-gallery-item\">\n<figure><a href=\"https:\/\/heritageclub.ca\/richelieu\/wp-content\/uploads\/sites\/16\/2020\/09\/2020-09-16-NK7_6417.jpg\" target=\"_blank\" rel=\"noopener noreferrer\"><img decoding=\"async\" class=\"wp-image-14925\" src=\"https:\/\/heritageclub.ca\/richelieu\/wp-content\/uploads\/sites\/16\/2020\/09\/2020-09-16-NK7_6417-300x172.jpg\" alt=\"2020-09-16-NK7_6417-1024x586\" data-id=\"14925\" data-full-url=\"https:\/\/heritageclub.ca\/richelieu\/wp-content\/uploads\/sites\/16\/2020\/09\/2020-09-16-NK7_6417.jpg\" data-link=\"https:\/\/heritageclub.ca\/richelieu\/fr\/2020-09-16-nk7_6417\/\"><\/a><\/figure>\n<\/li>\n<li class=\"blocks-gallery-item\">\n<figure><a href=\"https:\/\/heritageclub.ca\/richelieu\/wp-content\/uploads\/sites\/16\/2020\/09\/2020-09-16-NK7_6409.jpg\" target=\"_blank\" rel=\"noopener noreferrer\"><img decoding=\"async\" class=\"wp-image-14917\" src=\"https:\/\/heritageclub.ca\/richelieu\/wp-content\/uploads\/sites\/16\/2020\/09\/2020-09-16-NK7_6409-300x195.jpg\" alt=\"2020-09-16-NK7_6409-1024x664\" data-id=\"14917\" data-full-url=\"https:\/\/heritageclub.ca\/richelieu\/wp-content\/uploads\/sites\/16\/2020\/09\/2020-09-16-NK7_6409.jpg\" data-link=\"https:\/\/heritageclub.ca\/richelieu\/fr\/2020-09-16-nk7_6409\/\"><\/a><\/figure>\n<\/li>\n<li class=\"blocks-gallery-item\">\n<figure><a href=\"https:\/\/heritageclub.ca\/richelieu\/wp-content\/uploads\/sites\/16\/2020\/09\/2020-09-16-NK7_6410.jpg\" target=\"_blank\" rel=\"noopener noreferrer\"><img decoding=\"async\" class=\"wp-image-14918\" src=\"https:\/\/heritageclub.ca\/richelieu\/wp-content\/uploads\/sites\/16\/2020\/09\/2020-09-16-NK7_6410-300x199.jpg\" alt=\"2020-09-16-NK7_6410-1024x681\" data-id=\"14918\" data-full-url=\"https:\/\/heritageclub.ca\/richelieu\/wp-content\/uploads\/sites\/16\/2020\/09\/2020-09-16-NK7_6410.jpg\" data-link=\"https:\/\/heritageclub.ca\/richelieu\/fr\/2020-09-16-nk7_6410\/\"><\/a><\/figure>\n<\/li>\n<li class=\"blocks-gallery-item\">\n<figure><a href=\"https:\/\/heritageclub.ca\/richelieu\/wp-content\/uploads\/sites\/16\/2020\/09\/2020-09-16-NK7_6411.jpg\" target=\"_blank\" rel=\"noopener noreferrer\"><img decoding=\"async\" class=\"wp-image-14919\" src=\"https:\/\/heritageclub.ca\/richelieu\/wp-content\/uploads\/sites\/16\/2020\/09\/2020-09-16-NK7_6411-300x182.jpg\" alt=\"2020-09-16-NK7_6411-1024x622\" data-id=\"14919\" data-full-url=\"https:\/\/heritageclub.ca\/richelieu\/wp-content\/uploads\/sites\/16\/2020\/09\/2020-09-16-NK7_6411.jpg\" data-link=\"https:\/\/heritageclub.ca\/richelieu\/fr\/2020-09-16-nk7_6411\/\"><\/a><\/figure>\n<\/li>\n<li class=\"blocks-gallery-item\">\n<figure><a href=\"https:\/\/heritageclub.ca\/richelieu\/wp-content\/uploads\/sites\/16\/2020\/09\/2020-09-16-NK7_6412.jpg\" target=\"_blank\" rel=\"noopener noreferrer\"><img decoding=\"async\" class=\"wp-image-14920\" src=\"https:\/\/heritageclub.ca\/richelieu\/wp-content\/uploads\/sites\/16\/2020\/09\/2020-09-16-NK7_6412-300x200.jpg\" alt=\"2020-09-16-NK7_6412-1024x683\" data-id=\"14920\" data-full-url=\"https:\/\/heritageclub.ca\/richelieu\/wp-content\/uploads\/sites\/16\/2020\/09\/2020-09-16-NK7_6412.jpg\" data-link=\"https:\/\/heritageclub.ca\/richelieu\/fr\/2020-09-16-nk7_6412\/\"><\/a><\/figure>\n<\/li>\n<li class=\"blocks-gallery-item\">\n<figure><a href=\"https:\/\/heritageclub.ca\/richelieu\/wp-content\/uploads\/sites\/16\/2020\/09\/2020-09-16-NK7_6413.jpg\" target=\"_blank\" rel=\"noopener noreferrer\"><img decoding=\"async\" class=\"wp-image-14921\" src=\"https:\/\/heritageclub.ca\/richelieu\/wp-content\/uploads\/sites\/16\/2020\/09\/2020-09-16-NK7_6413-300x204.jpg\" alt=\"2020-09-16-NK7_6413-1024x695\" data-id=\"14921\" data-full-url=\"https:\/\/heritageclub.ca\/richelieu\/wp-content\/uploads\/sites\/16\/2020\/09\/2020-09-16-NK7_6413.jpg\" data-link=\"https:\/\/heritageclub.ca\/richelieu\/fr\/2020-09-16-nk7_6413\/\"><\/a><\/figure>\n<\/li>\n<li class=\"blocks-gallery-item\">\n<figure><a href=\"https:\/\/heritageclub.ca\/richelieu\/wp-content\/uploads\/sites\/16\/2020\/09\/2020-09-16-NK7_6414.jpg\" target=\"_blank\" rel=\"noopener noreferrer\"><img decoding=\"async\" class=\"wp-image-14922\" src=\"https:\/\/heritageclub.ca\/richelieu\/wp-content\/uploads\/sites\/16\/2020\/09\/2020-09-16-NK7_6414-300x193.jpg\" alt=\"2020-09-16-NK7_6414-1024x658\" data-id=\"14922\" data-full-url=\"https:\/\/heritageclub.ca\/richelieu\/wp-content\/uploads\/sites\/16\/2020\/09\/2020-09-16-NK7_6414.jpg\" data-link=\"https:\/\/heritageclub.ca\/richelieu\/fr\/2020-09-16-nk7_6414\/\"><\/a><\/figure>\n<\/li>\n<li class=\"blocks-gallery-item\">\n<figure><a href=\"https:\/\/heritageclub.ca\/richelieu\/wp-content\/uploads\/sites\/16\/2020\/09\/2020-09-16-NK7_6416.jpg\" target=\"_blank\" rel=\"noopener noreferrer\"><img decoding=\"async\" class=\"wp-image-14924\" src=\"https:\/\/heritageclub.ca\/richelieu\/wp-content\/uploads\/sites\/16\/2020\/09\/2020-09-16-NK7_6416-300x184.jpg\" alt=\"2020-09-16-NK7_6416-1024x628\" data-id=\"14924\" data-full-url=\"https:\/\/heritageclub.ca\/richelieu\/wp-content\/uploads\/sites\/16\/2020\/09\/2020-09-16-NK7_6416.jpg\" data-link=\"https:\/\/heritageclub.ca\/richelieu\/fr\/2020-09-16-nk7_6416\/\"><\/a><\/figure>\n<\/li>\n<li class=\"blocks-gallery-item\">\n<figure><a href=\"https:\/\/heritageclub.ca\/richelieu\/wp-content\/uploads\/sites\/16\/2020\/09\/2020-09-16-NK7_6419.jpg\" target=\"_blank\" rel=\"noopener noreferrer\"><img decoding=\"async\" class=\"wp-image-14927\" src=\"https:\/\/heritageclub.ca\/richelieu\/wp-content\/uploads\/sites\/16\/2020\/09\/2020-09-16-NK7_6419-300x200.jpg\" alt=\"2020-09-16-NK7_6419-1024x683\" data-id=\"14927\" data-full-url=\"https:\/\/heritageclub.ca\/richelieu\/wp-content\/uploads\/sites\/16\/2020\/09\/2020-09-16-NK7_6419.jpg\" data-link=\"https:\/\/heritageclub.ca\/richelieu\/fr\/2020-09-16-nk7_6419\/\"><\/a><\/figure>\n<\/li>\n<li class=\"blocks-gallery-item\">\n<figure><a href=\"https:\/\/heritageclub.ca\/richelieu\/wp-content\/uploads\/sites\/16\/2020\/09\/2020-09-16-NK7_6422.jpg\" target=\"_blank\" rel=\"noopener noreferrer\"><img decoding=\"async\" class=\"wp-image-14930\" src=\"https:\/\/heritageclub.ca\/richelieu\/wp-content\/uploads\/sites\/16\/2020\/09\/2020-09-16-NK7_6422-300x231.jpg\" alt=\"2020-09-16-NK7_6422-1024x789\" data-id=\"14930\" data-full-url=\"https:\/\/heritageclub.ca\/richelieu\/wp-content\/uploads\/sites\/16\/2020\/09\/2020-09-16-NK7_6422.jpg\" data-link=\"https:\/\/heritageclub.ca\/richelieu\/fr\/2020-09-16-nk7_6422\/\"><\/a><\/figure>\n<\/li>\n<li class=\"blocks-gallery-item\">\n<figure><a href=\"https:\/\/heritageclub.ca\/richelieu\/wp-content\/uploads\/sites\/16\/2020\/09\/2020-09-16-NK7_6423.jpg\" target=\"_blank\" rel=\"noopener noreferrer\"><img decoding=\"async\" class=\"wp-image-14931\" src=\"https:\/\/heritageclub.ca\/richelieu\/wp-content\/uploads\/sites\/16\/2020\/09\/2020-09-16-NK7_6423-300x207.jpg\" alt=\"2020-09-16-NK7_6423-1024x707\" data-id=\"14931\" data-full-url=\"https:\/\/heritageclub.ca\/richelieu\/wp-content\/uploads\/sites\/16\/2020\/09\/2020-09-16-NK7_6423.jpg\" data-link=\"https:\/\/heritageclub.ca\/richelieu\/fr\/2020-09-16-nk7_6423\/\"><\/a><figcaption class=\"blocks-gallery-item__caption\">Gagnant d&rsquo;un petit haut parleur Wi-Fi<\/figcaption><\/figure>\n<\/li>\n<li class=\"blocks-gallery-item\">\n<figure><a href=\"https:\/\/heritageclub.ca\/richelieu\/wp-content\/uploads\/sites\/16\/2020\/09\/2020-09-16-NK7_6424.jpg\" target=\"_blank\" rel=\"noopener noreferrer\"><img decoding=\"async\" class=\"wp-image-14932\" src=\"https:\/\/heritageclub.ca\/richelieu\/wp-content\/uploads\/sites\/16\/2020\/09\/2020-09-16-NK7_6424-300x191.jpg\" alt=\"2020-09-16-NK7_6424-1024x652\" data-id=\"14932\" data-full-url=\"https:\/\/heritageclub.ca\/richelieu\/wp-content\/uploads\/sites\/16\/2020\/09\/2020-09-16-NK7_6424.jpg\" data-link=\"https:\/\/heritageclub.ca\/richelieu\/fr\/2020-09-16-nk7_6424\/\"><\/a><figcaption class=\"blocks-gallery-item__caption\">Gagnante d&rsquo;un sac \u00e0 dos&nbsp;<\/figcaption><\/figure>\n<\/li>\n<li class=\"blocks-gallery-item\">\n<figure><a href=\"https:\/\/heritageclub.ca\/richelieu\/wp-content\/uploads\/sites\/16\/2020\/09\/2020-09-16-NK7_6425.jpg\" target=\"_blank\" rel=\"noopener noreferrer\"><img decoding=\"async\" class=\"wp-image-14933\" src=\"https:\/\/heritageclub.ca\/richelieu\/wp-content\/uploads\/sites\/16\/2020\/09\/2020-09-16-NK7_6425-300x194.jpg\" alt=\"2020-09-16-NK7_6425-1024x662\" data-id=\"14933\" data-full-url=\"https:\/\/heritageclub.ca\/richelieu\/wp-content\/uploads\/sites\/16\/2020\/09\/2020-09-16-NK7_6425.jpg\" data-link=\"https:\/\/heritageclub.ca\/richelieu\/fr\/2020-09-16-nk7_6425\/\"><\/a><\/figure>\n<\/li>\n<li class=\"blocks-gallery-item\">\n<figure><a href=\"https:\/\/heritageclub.ca\/richelieu\/wp-content\/uploads\/sites\/16\/2020\/09\/2020-09-16-NK7_6426.jpg\" target=\"_blank\" rel=\"noopener noreferrer\"><img decoding=\"async\" class=\"wp-image-14934\" src=\"https:\/\/heritageclub.ca\/richelieu\/wp-content\/uploads\/sites\/16\/2020\/09\/2020-09-16-NK7_6426-300x208.jpg\" alt=\"2020-09-16-NK7_6426-1024x710\" data-id=\"14934\" data-full-url=\"https:\/\/heritageclub.ca\/richelieu\/wp-content\/uploads\/sites\/16\/2020\/09\/2020-09-16-NK7_6426.jpg\" data-link=\"https:\/\/heritageclub.ca\/richelieu\/fr\/2020-09-16-nk7_6426\/\"><\/a><figcaption class=\"blocks-gallery-item__caption\">Gagnante d&rsquo;un beau parapluie<\/figcaption><\/figure>\n<\/li>\n<li class=\"blocks-gallery-item\">\n<figure><a href=\"https:\/\/heritageclub.ca\/richelieu\/wp-content\/uploads\/sites\/16\/2020\/09\/2020-09-16-NK7_6427.jpg\" target=\"_blank\" rel=\"noopener noreferrer\"><img decoding=\"async\" class=\"wp-image-14935\" src=\"https:\/\/heritageclub.ca\/richelieu\/wp-content\/uploads\/sites\/16\/2020\/09\/2020-09-16-NK7_6427-300x196.jpg\" alt=\"2020-09-16-NK7_6427-1024x669\" data-id=\"14935\" data-full-url=\"https:\/\/heritageclub.ca\/richelieu\/wp-content\/uploads\/sites\/16\/2020\/09\/2020-09-16-NK7_6427.jpg\" data-link=\"https:\/\/heritageclub.ca\/richelieu\/fr\/2020-09-16-nk7_6427\/\"><\/a><figcaption class=\"blocks-gallery-item__caption\">Gagnant d&rsquo;un petit haut parleur Wi-Fi<\/figcaption><\/figure>\n<\/li>\n<li class=\"blocks-gallery-item\">\n<figure><a href=\"https:\/\/heritageclub.ca\/richelieu\/wp-content\/uploads\/sites\/16\/2020\/09\/2020-09-16-NK7_6428.jpg\" target=\"_blank\" rel=\"noopener noreferrer\"><img decoding=\"async\" class=\"wp-image-14936\" src=\"https:\/\/heritageclub.ca\/richelieu\/wp-content\/uploads\/sites\/16\/2020\/09\/2020-09-16-NK7_6428-300x189.jpg\" alt=\"2020-09-16-NK7_6428-1024x646\" data-id=\"14936\" data-full-url=\"https:\/\/heritageclub.ca\/richelieu\/wp-content\/uploads\/sites\/16\/2020\/09\/2020-09-16-NK7_6428.jpg\" data-link=\"https:\/\/heritageclub.ca\/richelieu\/fr\/2020-09-16-nk7_6428\/\"><\/a><figcaption class=\"blocks-gallery-item__caption\">Voici le petit haut parleur Wi-Fi<\/figcaption><\/figure>\n<\/li>\n<li class=\"blocks-gallery-item\">\n<figure><a href=\"https:\/\/heritageclub.ca\/richelieu\/wp-content\/uploads\/sites\/16\/2020\/09\/2020-09-16-NK7_6429.jpg\" target=\"_blank\" rel=\"noopener noreferrer\"><img decoding=\"async\" class=\"wp-image-14937\" src=\"https:\/\/heritageclub.ca\/richelieu\/wp-content\/uploads\/sites\/16\/2020\/09\/2020-09-16-NK7_6429-300x198.jpg\" alt=\"2020-09-16-NK7_6429-1024x675\" data-id=\"14937\" data-full-url=\"https:\/\/heritageclub.ca\/richelieu\/wp-content\/uploads\/sites\/16\/2020\/09\/2020-09-16-NK7_6429.jpg\" data-link=\"https:\/\/heritageclub.ca\/richelieu\/fr\/2020-09-16-nk7_6429\/\"><\/a><figcaption class=\"blocks-gallery-item__caption\">Gagnant d&rsquo;une grosse lampe d&rsquo;\u00e9clairage style camping<\/figcaption><\/figure>\n<\/li>\n<li class=\"blocks-gallery-item\">\n<figure><a href=\"https:\/\/heritageclub.ca\/richelieu\/wp-content\/uploads\/sites\/16\/2020\/09\/2020-09-16-NK7_6430.jpg\" target=\"_blank\" rel=\"noopener noreferrer\"><img decoding=\"async\" class=\"wp-image-14938\" src=\"https:\/\/heritageclub.ca\/richelieu\/wp-content\/uploads\/sites\/16\/2020\/09\/2020-09-16-NK7_6430-300x193.jpg\" alt=\"2020-09-16-NK7_6430-1024x658\" data-id=\"14938\" data-full-url=\"https:\/\/heritageclub.ca\/richelieu\/wp-content\/uploads\/sites\/16\/2020\/09\/2020-09-16-NK7_6430.jpg\" data-link=\"https:\/\/heritageclub.ca\/richelieu\/fr\/2020-09-16-nk7_6430\/\"><\/a><figcaption class=\"blocks-gallery-item__caption\">Gagnant d&rsquo;une glaci\u00e8re<\/figcaption><\/figure>\n<\/li>\n<li class=\"blocks-gallery-item\">\n<figure><a href=\"https:\/\/heritageclub.ca\/richelieu\/wp-content\/uploads\/sites\/16\/2020\/09\/2020-09-16-NK7_6432.jpg\" target=\"_blank\" rel=\"noopener noreferrer\"><img decoding=\"async\" class=\"wp-image-14940\" src=\"https:\/\/heritageclub.ca\/richelieu\/wp-content\/uploads\/sites\/16\/2020\/09\/2020-09-16-NK7_6432-300x205.jpg\" alt=\"2020-09-16-NK7_6432-1024x701\" data-id=\"14940\" data-full-url=\"https:\/\/heritageclub.ca\/richelieu\/wp-content\/uploads\/sites\/16\/2020\/09\/2020-09-16-NK7_6432.jpg\" data-link=\"https:\/\/heritageclub.ca\/richelieu\/fr\/2020-09-16-nk7_6432\/\"><\/a><figcaption class=\"blocks-gallery-item__caption\">Voici la glaci\u00e8re ouverte<\/figcaption><\/figure>\n<\/li>\n<\/ul>\n<\/figure>\n<table width=\"100%\" align=\"center\">\n<tbody>\n<tr>\n<td align=\"center\">\n<hr>\n<p><span style=\"color: #808080\">R\u00e9f\u00e9rence du Bulletin Info-Richelieu \u00e0 venir<\/span><\/p>\n<hr>\n<h3><a href=\"https:\/\/heritageclub.ca\/richelieu\/fr\/contactez-nous\/\">Pour toute information ou commentaire, contactez-nous<\/a><\/h3>\n<\/td>\n<\/tr>\n<\/tbody>\n<\/table>\n","protected":false},"excerpt":{"rendered":"<p>Le 16 septembre 2020 Une trentaine de membres \u00e9taient pr\u00e9sents pour un pique-nique pr\u00e8s du Fort-Chambly, tout ceci en respectant la distanciation. Nous \u00e9tions 3 groupes form\u00e9s de 8 \u00e0 11 personnes. Ce f\u00fbt une belle journ\u00e9e et surtout merci \u00e0 notre nouveau commanditaire Seray Hyundai de Chambly qui nous a remis plusieurs articles promotionnels&#8230;  <a class=\"excerpt-read-more\" href=\"https:\/\/heritageclub.ca\/richelieu\/septembre-2020-pique-nique-au-fort-chambly\/\" title=\"Read \">Lire la suite &raquo;<\/a><\/p>\n","protected":false},"author":12,"featured_media":0,"parent":0,"menu_order":0,"comment_status":"closed","ping_status":"closed","template":"page-fullwidth.php","meta":{"_acf_changed":false,"ngg_post_thumbnail":0,"footnotes":""},"class_list":["post-14941","page","type-page","status-publish","hentry"],"acf":[],"_links":{"self":[{"href":"https:\/\/heritageclub.ca\/richelieu\/wp-json\/wp\/v2\/pages\/14941","targetHints":{"allow":["GET"]}}],"collection":[{"href":"https:\/\/heritageclub.ca\/richelieu\/wp-json\/wp\/v2\/pages"}],"about":[{"href":"https:\/\/heritageclub.ca\/richelieu\/wp-json\/wp\/v2\/types\/page"}],"author":[{"embeddable":true,"href":"https:\/\/heritageclub.ca\/richelieu\/wp-json\/wp\/v2\/users\/12"}],"replies":[{"embeddable":true,"href":"https:\/\/heritageclub.ca\/richelieu\/wp-json\/wp\/v2\/comments?post=14941"}],"version-history":[{"count":32,"href":"https:\/\/heritageclub.ca\/richelieu\/wp-json\/wp\/v2\/pages\/14941\/revisions"}],"predecessor-version":[{"id":15064,"href":"https:\/\/heritageclub.ca\/richelieu\/wp-json\/wp\/v2\/pages\/14941\/revisions\/15064"}],"wp:attachment":[{"href":"https:\/\/heritageclub.ca\/richelieu\/wp-json\/wp\/v2\/media?parent=14941"}],"curies":[{"name":"wp","href":"https:\/\/api.w.org\/{rel}","templated":true}]}}