{"id":14364,"date":"2020-08-19T18:14:41","date_gmt":"2020-08-19T22:14:41","guid":{"rendered":"http:\/\/heritageclub.ca\/richelieu\/?page_id=14364"},"modified":"2021-03-03T13:17:29","modified_gmt":"2021-03-03T18:17:29","slug":"pique-nique-au-fort-de-chambly-aout-2020","status":"publish","type":"page","link":"https:\/\/heritageclub.ca\/richelieu\/pique-nique-au-fort-de-chambly-aout-2020\/","title":{"rendered":""},"content":{"rendered":"<table width=\"100%\" align=\"center\">\n<tbody>\n<tr>\n<td align=\"center\"><img decoding=\"async\" class=\"size-full wp-image-13982 aligncenter\" src=\"https:\/\/heritageclub.ca\/richelieu\/wp-content\/uploads\/sites\/16\/2020\/07\/Fort-Chambly_600x200.jpg\" alt=\"Fort-Chambly_600x200\" width=\"70%\"><br \/>\n<img decoding=\"async\" class=\"size-full wp-image-14385 aligncenter\" src=\"https:\/\/heritageclub.ca\/richelieu\/wp-content\/uploads\/sites\/16\/2020\/08\/Pique-Nique_Chapitre_Richelieu_19-aout-2020_600x393.jpg\" alt=\"Pique-Nique_Chapitre_Richelieu_19-aout-2020_600x393\" width=\"70%\"><\/p>\n<p><big><strong>Le 19 ao\u00fbt 2020<\/strong><\/big><\/p>\n<p>Un groupe de 39 membres \u00e9taient pr\u00e9sentes pour un pique-nique pr\u00e8s du Fort-Chambly, tout ceci en respectant la distanciation.<br \/>\nLa journ\u00e9e f\u00fbt tr\u00e8s appr\u00e9ci\u00e9e par les participants(es).<br \/>\nSuperbe journ\u00e9e, tr\u00e8s bel endroit, quelques retrouvailles, \u00e7a fait plaisir de se revoir.<br \/>\nIl y eu 4 tirages soit un tirage par groupe.<br \/>\nLes groupes \u00e9taient form\u00e9s de 8 \u00e0 11 personnes.<br \/>\nCette exp\u00e9rience sera r\u00e9p\u00e9t\u00e9e en Septembre.<\/td>\n<\/tr>\n<tr>\n<td align=\"center\"><img decoding=\"async\" src=\"https:\/\/heritageclub.ca\/richelieu\/wp-content\/uploads\/sites\/16\/2019\/11\/line-divider-estrellas.png\" alt=\"line-divider-estrellas\" width=\"80%\"><\/p>\n<h2><strong><em>Les photos<\/em><\/strong><\/h2>\n<p><img decoding=\"async\" class=\"\" src=\"https:\/\/heritageclub.ca\/richelieu\/wp-content\/uploads\/sites\/16\/2018\/10\/trans.gif\" alt=\"trans\" width=\"80%\" height=\"24\"><\/td>\n<\/tr>\n<\/tbody>\n<\/table>\n<p style=\"text-align: center\"><strong>(Cliquez sur l&rsquo;image pour l&rsquo;agrandir dans une autre fen\u00eatre)<\/strong><\/p>\n<figure class=\"wp-block-gallery columns-3 is-cropped\">\n<ul class=\"blocks-gallery-grid\">\n<li class=\"blocks-gallery-item\">\n<figure><a href=\"https:\/\/heritageclub.ca\/richelieu\/wp-content\/uploads\/sites\/16\/2020\/08\/2020-08-19-NK7_6377.jpg\" target=\"_blank\" rel=\"noopener noreferrer\"><img decoding=\"async\" src=\"https:\/\/heritageclub.ca\/richelieu\/wp-content\/uploads\/sites\/16\/2020\/08\/2020-08-19-NK7_6377-300x182.jpg\" alt=\"2020-08-19-NK7_6377-300x182\" data-id=\"14341\" data-full-url=\"https:\/\/heritageclub.ca\/richelieu\/wp-content\/uploads\/sites\/16\/2020\/08\/2020-08-19-NK7_6377.jpg\" data-link=\"https:\/\/heritageclub.ca\/richelieu\/fr\/2020-08-19-nk7_6377\/\" class=\"wp-image-14341\"><\/a><\/figure>\n<\/li>\n<li class=\"blocks-gallery-item\">\n<figure><a href=\"https:\/\/heritageclub.ca\/richelieu\/wp-content\/uploads\/sites\/16\/2020\/08\/2020-08-19-NK7_6376.jpg\" target=\"_blank\" rel=\"noopener noreferrer\"><img decoding=\"async\" src=\"https:\/\/heritageclub.ca\/richelieu\/wp-content\/uploads\/sites\/16\/2020\/08\/2020-08-19-NK7_6376-300x184.jpg\" alt=\"2020-08-19-NK7_6376-300x184\" data-id=\"14340\" data-full-url=\"https:\/\/heritageclub.ca\/richelieu\/wp-content\/uploads\/sites\/16\/2020\/08\/2020-08-19-NK7_6376.jpg\" data-link=\"https:\/\/heritageclub.ca\/richelieu\/fr\/2020-08-19-nk7_6376\/\" class=\"wp-image-14340\"><\/a><\/figure>\n<\/li>\n<li class=\"blocks-gallery-item\">\n<figure><a href=\"https:\/\/heritageclub.ca\/richelieu\/wp-content\/uploads\/sites\/16\/2020\/08\/2020-08-19-NK7_6375.jpg\" target=\"_blank\" rel=\"noopener noreferrer\"><img decoding=\"async\" src=\"https:\/\/heritageclub.ca\/richelieu\/wp-content\/uploads\/sites\/16\/2020\/08\/2020-08-19-NK7_6375-300x192.jpg\" alt=\"2020-08-19-NK7_6375-300x192\" data-id=\"14339\" data-full-url=\"https:\/\/heritageclub.ca\/richelieu\/wp-content\/uploads\/sites\/16\/2020\/08\/2020-08-19-NK7_6375.jpg\" data-link=\"https:\/\/heritageclub.ca\/richelieu\/fr\/2020-08-19-nk7_6375\/\" class=\"wp-image-14339\"><\/a><\/figure>\n<\/li>\n<li class=\"blocks-gallery-item\">\n<figure><a href=\"https:\/\/heritageclub.ca\/richelieu\/wp-content\/uploads\/sites\/16\/2020\/08\/2020-08-19-NK7_6364.jpg\" target=\"_blank\" rel=\"noopener noreferrer\"><img decoding=\"async\" src=\"https:\/\/heritageclub.ca\/richelieu\/wp-content\/uploads\/sites\/16\/2020\/08\/2020-08-19-NK7_6364-300x188.jpg\" alt=\"2020-08-19-NK7_6364-300x188\" data-id=\"14334\" data-full-url=\"https:\/\/heritageclub.ca\/richelieu\/wp-content\/uploads\/sites\/16\/2020\/08\/2020-08-19-NK7_6364.jpg\" data-link=\"https:\/\/heritageclub.ca\/richelieu\/fr\/2020-08-19-nk7_6364\/\" class=\"wp-image-14334\"><\/a><\/figure>\n<\/li>\n<li class=\"blocks-gallery-item\">\n<figure><a href=\"https:\/\/heritageclub.ca\/richelieu\/wp-content\/uploads\/sites\/16\/2020\/08\/2020-08-19-NK7_6401.jpg\" target=\"_blank\" rel=\"noopener noreferrer\"><img decoding=\"async\" src=\"https:\/\/heritageclub.ca\/richelieu\/wp-content\/uploads\/sites\/16\/2020\/08\/2020-08-19-NK7_6401-300x186.jpg\" alt=\"2020-08-19-NK7_6401-300x186\" data-id=\"14362\" data-full-url=\"https:\/\/heritageclub.ca\/richelieu\/wp-content\/uploads\/sites\/16\/2020\/08\/2020-08-19-NK7_6401.jpg\" data-link=\"https:\/\/heritageclub.ca\/richelieu\/fr\/2020-08-19-nk7_6401\/\" class=\"wp-image-14362\"><\/a><\/figure>\n<\/li>\n<li class=\"blocks-gallery-item\">\n<figure><a href=\"https:\/\/heritageclub.ca\/richelieu\/wp-content\/uploads\/sites\/16\/2020\/08\/2020-08-19-NK7_6365.jpg\" target=\"_blank\" rel=\"noopener noreferrer\"><img decoding=\"async\" src=\"https:\/\/heritageclub.ca\/richelieu\/wp-content\/uploads\/sites\/16\/2020\/08\/2020-08-19-NK7_6365-300x188.jpg\" alt=\"2020-08-19-NK7_6365-300x188\" data-id=\"14335\" data-full-url=\"https:\/\/heritageclub.ca\/richelieu\/wp-content\/uploads\/sites\/16\/2020\/08\/2020-08-19-NK7_6365.jpg\" data-link=\"https:\/\/heritageclub.ca\/richelieu\/fr\/2020-08-19-nk7_6365\/\" class=\"wp-image-14335\"><\/a><\/figure>\n<\/li>\n<li class=\"blocks-gallery-item\">\n<figure><a href=\"https:\/\/heritageclub.ca\/richelieu\/wp-content\/uploads\/sites\/16\/2020\/08\/2020-08-19-NK7_6366.jpg\" target=\"_blank\" rel=\"noopener noreferrer\"><img decoding=\"async\" src=\"https:\/\/heritageclub.ca\/richelieu\/wp-content\/uploads\/sites\/16\/2020\/08\/2020-08-19-NK7_6366-300x186.jpg\" alt=\"2020-08-19-NK7_6366-300x186\" data-id=\"14336\" data-full-url=\"https:\/\/heritageclub.ca\/richelieu\/wp-content\/uploads\/sites\/16\/2020\/08\/2020-08-19-NK7_6366.jpg\" data-link=\"https:\/\/heritageclub.ca\/richelieu\/fr\/2020-08-19-nk7_6366\/\" class=\"wp-image-14336\"><\/a><\/figure>\n<\/li>\n<li class=\"blocks-gallery-item\">\n<figure><a href=\"https:\/\/heritageclub.ca\/richelieu\/wp-content\/uploads\/sites\/16\/2020\/08\/2020-08-19-NK7_6379.jpg\" target=\"_blank\" rel=\"noopener noreferrer\"><img decoding=\"async\" src=\"https:\/\/heritageclub.ca\/richelieu\/wp-content\/uploads\/sites\/16\/2020\/08\/2020-08-19-NK7_6379-300x180.jpg\" alt=\"2020-08-19-NK7_6379-300x180\" data-id=\"14342\" data-full-url=\"https:\/\/heritageclub.ca\/richelieu\/wp-content\/uploads\/sites\/16\/2020\/08\/2020-08-19-NK7_6379.jpg\" data-link=\"https:\/\/heritageclub.ca\/richelieu\/fr\/2020-08-19-nk7_6379\/\" class=\"wp-image-14342\"><\/a><\/figure>\n<\/li>\n<li class=\"blocks-gallery-item\">\n<figure><a href=\"https:\/\/heritageclub.ca\/richelieu\/wp-content\/uploads\/sites\/16\/2020\/08\/2020-08-19-NK7_6394.jpg\" target=\"_blank\" rel=\"noopener noreferrer\"><img decoding=\"async\" src=\"https:\/\/heritageclub.ca\/richelieu\/wp-content\/uploads\/sites\/16\/2020\/08\/2020-08-19-NK7_6394-300x204.jpg\" alt=\"2020-08-19-NK7_6394-300x204\" data-id=\"14355\" data-full-url=\"https:\/\/heritageclub.ca\/richelieu\/wp-content\/uploads\/sites\/16\/2020\/08\/2020-08-19-NK7_6394.jpg\" data-link=\"https:\/\/heritageclub.ca\/richelieu\/fr\/2020-08-19-nk7_6394\/\" class=\"wp-image-14355\"><\/a><\/figure>\n<\/li>\n<li class=\"blocks-gallery-item\">\n<figure><a href=\"https:\/\/heritageclub.ca\/richelieu\/wp-content\/uploads\/sites\/16\/2020\/08\/2020-08-19-NK7_6382.jpg\" target=\"_blank\" rel=\"noopener noreferrer\"><img decoding=\"async\" src=\"https:\/\/heritageclub.ca\/richelieu\/wp-content\/uploads\/sites\/16\/2020\/08\/2020-08-19-NK7_6382-300x205.jpg\" alt=\"2020-08-19-NK7_6382-300x205\" data-id=\"14343\" data-full-url=\"https:\/\/heritageclub.ca\/richelieu\/wp-content\/uploads\/sites\/16\/2020\/08\/2020-08-19-NK7_6382.jpg\" data-link=\"https:\/\/heritageclub.ca\/richelieu\/fr\/2020-08-19-nk7_6382\/\" class=\"wp-image-14343\"><\/a><\/figure>\n<\/li>\n<li class=\"blocks-gallery-item\">\n<figure><a href=\"https:\/\/heritageclub.ca\/richelieu\/wp-content\/uploads\/sites\/16\/2020\/08\/2020-08-19-NK7_6395.jpg\" target=\"_blank\" rel=\"noopener noreferrer\"><img decoding=\"async\" src=\"https:\/\/heritageclub.ca\/richelieu\/wp-content\/uploads\/sites\/16\/2020\/08\/2020-08-19-NK7_6395-300x212.jpg\" alt=\"2020-08-19-NK7_6395-300x212\" data-id=\"14356\" data-full-url=\"https:\/\/heritageclub.ca\/richelieu\/wp-content\/uploads\/sites\/16\/2020\/08\/2020-08-19-NK7_6395.jpg\" data-link=\"https:\/\/heritageclub.ca\/richelieu\/fr\/2020-08-19-nk7_6395\/\" class=\"wp-image-14356\"><\/a><\/figure>\n<\/li>\n<li class=\"blocks-gallery-item\">\n<figure><a href=\"https:\/\/heritageclub.ca\/richelieu\/wp-content\/uploads\/sites\/16\/2020\/08\/2020-08-19-NK7_6396.jpg\" target=\"_blank\" rel=\"noopener noreferrer\"><img decoding=\"async\" src=\"https:\/\/heritageclub.ca\/richelieu\/wp-content\/uploads\/sites\/16\/2020\/08\/2020-08-19-NK7_6396-300x207.jpg\" alt=\"2020-08-19-NK7_6396-300x207\" data-id=\"14357\" data-full-url=\"https:\/\/heritageclub.ca\/richelieu\/wp-content\/uploads\/sites\/16\/2020\/08\/2020-08-19-NK7_6396.jpg\" data-link=\"https:\/\/heritageclub.ca\/richelieu\/fr\/2020-08-19-nk7_6396\/\" class=\"wp-image-14357\"><\/a><\/figure>\n<\/li>\n<li class=\"blocks-gallery-item\">\n<figure><a href=\"https:\/\/heritageclub.ca\/richelieu\/wp-content\/uploads\/sites\/16\/2020\/08\/2020-08-19-NK7_6383.jpg\" target=\"_blank\" rel=\"noopener noreferrer\"><img decoding=\"async\" src=\"https:\/\/heritageclub.ca\/richelieu\/wp-content\/uploads\/sites\/16\/2020\/08\/2020-08-19-NK7_6383-300x210.jpg\" alt=\"2020-08-19-NK7_6383-300x210\" data-id=\"14344\" data-full-url=\"https:\/\/heritageclub.ca\/richelieu\/wp-content\/uploads\/sites\/16\/2020\/08\/2020-08-19-NK7_6383.jpg\" data-link=\"https:\/\/heritageclub.ca\/richelieu\/fr\/2020-08-19-nk7_6383\/\" class=\"wp-image-14344\"><\/a><\/figure>\n<\/li>\n<li class=\"blocks-gallery-item\">\n<figure><a href=\"https:\/\/heritageclub.ca\/richelieu\/wp-content\/uploads\/sites\/16\/2020\/08\/2020-08-19-NK7_6384.jpg\" target=\"_blank\" rel=\"noopener noreferrer\"><img decoding=\"async\" src=\"https:\/\/heritageclub.ca\/richelieu\/wp-content\/uploads\/sites\/16\/2020\/08\/2020-08-19-NK7_6384-300x204.jpg\" alt=\"2020-08-19-NK7_6384-300x204\" data-id=\"14345\" data-full-url=\"https:\/\/heritageclub.ca\/richelieu\/wp-content\/uploads\/sites\/16\/2020\/08\/2020-08-19-NK7_6384.jpg\" data-link=\"https:\/\/heritageclub.ca\/richelieu\/fr\/2020-08-19-nk7_6384\/\" class=\"wp-image-14345\"><\/a><\/figure>\n<\/li>\n<li class=\"blocks-gallery-item\">\n<figure><a href=\"https:\/\/heritageclub.ca\/richelieu\/wp-content\/uploads\/sites\/16\/2020\/08\/2020-08-19-NK7_6385.jpg\" target=\"_blank\" rel=\"noopener noreferrer\"><img decoding=\"async\" src=\"https:\/\/heritageclub.ca\/richelieu\/wp-content\/uploads\/sites\/16\/2020\/08\/2020-08-19-NK7_6385-300x189.jpg\" alt=\"2020-08-19-NK7_6385-300x189\" data-id=\"14346\" data-full-url=\"https:\/\/heritageclub.ca\/richelieu\/wp-content\/uploads\/sites\/16\/2020\/08\/2020-08-19-NK7_6385.jpg\" data-link=\"https:\/\/heritageclub.ca\/richelieu\/fr\/2020-08-19-nk7_6385\/\" class=\"wp-image-14346\"><\/a><\/figure>\n<\/li>\n<li class=\"blocks-gallery-item\">\n<figure><a href=\"https:\/\/heritageclub.ca\/richelieu\/wp-content\/uploads\/sites\/16\/2020\/08\/2020-08-19-NK7_6386.jpg\" target=\"_blank\" rel=\"noopener noreferrer\"><img decoding=\"async\" src=\"https:\/\/heritageclub.ca\/richelieu\/wp-content\/uploads\/sites\/16\/2020\/08\/2020-08-19-NK7_6386-300x197.jpg\" alt=\"2020-08-19-NK7_6386-300x197\" data-id=\"14347\" data-full-url=\"https:\/\/heritageclub.ca\/richelieu\/wp-content\/uploads\/sites\/16\/2020\/08\/2020-08-19-NK7_6386.jpg\" data-link=\"https:\/\/heritageclub.ca\/richelieu\/fr\/2020-08-19-nk7_6386\/\" class=\"wp-image-14347\"><\/a><\/figure>\n<\/li>\n<li class=\"blocks-gallery-item\">\n<figure><a href=\"https:\/\/heritageclub.ca\/richelieu\/wp-content\/uploads\/sites\/16\/2020\/08\/2020-08-19-NK7_6387.jpg\" target=\"_blank\" rel=\"noopener noreferrer\"><img decoding=\"async\" src=\"https:\/\/heritageclub.ca\/richelieu\/wp-content\/uploads\/sites\/16\/2020\/08\/2020-08-19-NK7_6387-300x210.jpg\" alt=\"2020-08-19-NK7_6387-300x210\" data-id=\"14348\" data-full-url=\"https:\/\/heritageclub.ca\/richelieu\/wp-content\/uploads\/sites\/16\/2020\/08\/2020-08-19-NK7_6387.jpg\" data-link=\"https:\/\/heritageclub.ca\/richelieu\/fr\/2020-08-19-nk7_6387\/\" class=\"wp-image-14348\"><\/a><\/figure>\n<\/li>\n<li class=\"blocks-gallery-item\">\n<figure><a href=\"https:\/\/heritageclub.ca\/richelieu\/wp-content\/uploads\/sites\/16\/2020\/08\/2020-08-19-NK7_6388.jpg\" target=\"_blank\" rel=\"noopener noreferrer\"><img decoding=\"async\" src=\"https:\/\/heritageclub.ca\/richelieu\/wp-content\/uploads\/sites\/16\/2020\/08\/2020-08-19-NK7_6388-300x238.jpg\" alt=\"2020-08-19-NK7_6388-300x238\" data-id=\"14349\" data-full-url=\"https:\/\/heritageclub.ca\/richelieu\/wp-content\/uploads\/sites\/16\/2020\/08\/2020-08-19-NK7_6388.jpg\" data-link=\"https:\/\/heritageclub.ca\/richelieu\/fr\/2020-08-19-nk7_6388\/\" class=\"wp-image-14349\"><\/a><\/figure>\n<\/li>\n<li class=\"blocks-gallery-item\">\n<figure><a href=\"https:\/\/heritageclub.ca\/richelieu\/wp-content\/uploads\/sites\/16\/2020\/08\/2020-08-19-NK7_6389.jpg\" target=\"_blank\" rel=\"noopener noreferrer\"><img decoding=\"async\" src=\"https:\/\/heritageclub.ca\/richelieu\/wp-content\/uploads\/sites\/16\/2020\/08\/2020-08-19-NK7_6389-300x207.jpg\" alt=\"2020-08-19-NK7_6389-300x207\" data-id=\"14350\" data-full-url=\"https:\/\/heritageclub.ca\/richelieu\/wp-content\/uploads\/sites\/16\/2020\/08\/2020-08-19-NK7_6389.jpg\" data-link=\"https:\/\/heritageclub.ca\/richelieu\/fr\/2020-08-19-nk7_6389\/\" class=\"wp-image-14350\"><\/a><\/figure>\n<\/li>\n<li class=\"blocks-gallery-item\">\n<figure><a href=\"https:\/\/heritageclub.ca\/richelieu\/wp-content\/uploads\/sites\/16\/2020\/08\/2020-08-19-NK7_6393.jpg\" target=\"_blank\" rel=\"noopener noreferrer\"><img decoding=\"async\" src=\"https:\/\/heritageclub.ca\/richelieu\/wp-content\/uploads\/sites\/16\/2020\/08\/2020-08-19-NK7_6393-300x180.jpg\" alt=\"2020-08-19-NK7_6393-300x180\" data-id=\"14354\" data-full-url=\"https:\/\/heritageclub.ca\/richelieu\/wp-content\/uploads\/sites\/16\/2020\/08\/2020-08-19-NK7_6393.jpg\" data-link=\"https:\/\/heritageclub.ca\/richelieu\/fr\/2020-08-19-nk7_6393\/\" class=\"wp-image-14354\"><\/a><\/figure>\n<\/li>\n<li class=\"blocks-gallery-item\">\n<figure><a href=\"https:\/\/heritageclub.ca\/richelieu\/wp-content\/uploads\/sites\/16\/2020\/08\/2020-08-19-NK7_6390.jpg\" target=\"_blank\" rel=\"noopener noreferrer\"><img decoding=\"async\" src=\"https:\/\/heritageclub.ca\/richelieu\/wp-content\/uploads\/sites\/16\/2020\/08\/2020-08-19-NK7_6390-300x199.jpg\" alt=\"2020-08-19-NK7_6390-300x199\" data-id=\"14351\" data-full-url=\"https:\/\/heritageclub.ca\/richelieu\/wp-content\/uploads\/sites\/16\/2020\/08\/2020-08-19-NK7_6390.jpg\" data-link=\"https:\/\/heritageclub.ca\/richelieu\/fr\/2020-08-19-nk7_6390\/\" class=\"wp-image-14351\"><\/a><\/figure>\n<\/li>\n<li class=\"blocks-gallery-item\">\n<figure><a href=\"https:\/\/heritageclub.ca\/richelieu\/wp-content\/uploads\/sites\/16\/2020\/08\/2020-08-19-NK7_6391.jpg\" target=\"_blank\" rel=\"noopener noreferrer\"><img decoding=\"async\" src=\"https:\/\/heritageclub.ca\/richelieu\/wp-content\/uploads\/sites\/16\/2020\/08\/2020-08-19-NK7_6391-300x203.jpg\" alt=\"2020-08-19-NK7_6391-300x203\" data-id=\"14352\" data-full-url=\"https:\/\/heritageclub.ca\/richelieu\/wp-content\/uploads\/sites\/16\/2020\/08\/2020-08-19-NK7_6391.jpg\" data-link=\"https:\/\/heritageclub.ca\/richelieu\/fr\/2020-08-19-nk7_6391\/\" class=\"wp-image-14352\"><\/a><\/figure>\n<\/li>\n<li class=\"blocks-gallery-item\">\n<figure><a href=\"https:\/\/heritageclub.ca\/richelieu\/wp-content\/uploads\/sites\/16\/2020\/08\/2020-08-19-NK7_6392.jpg\" target=\"_blank\" rel=\"noopener noreferrer\"><img decoding=\"async\" src=\"https:\/\/heritageclub.ca\/richelieu\/wp-content\/uploads\/sites\/16\/2020\/08\/2020-08-19-NK7_6392-300x196.jpg\" alt=\"2020-08-19-NK7_6392-300x196\" data-id=\"14353\" data-full-url=\"https:\/\/heritageclub.ca\/richelieu\/wp-content\/uploads\/sites\/16\/2020\/08\/2020-08-19-NK7_6392.jpg\" data-link=\"https:\/\/heritageclub.ca\/richelieu\/fr\/2020-08-19-nk7_6392\/\" class=\"wp-image-14353\"><\/a><\/figure>\n<\/li>\n<li class=\"blocks-gallery-item\">\n<figure><a href=\"https:\/\/heritageclub.ca\/richelieu\/wp-content\/uploads\/sites\/16\/2020\/08\/2020-08-19-NK7_6397.jpg\" target=\"_blank\" rel=\"noopener noreferrer\"><img decoding=\"async\" src=\"https:\/\/heritageclub.ca\/richelieu\/wp-content\/uploads\/sites\/16\/2020\/08\/2020-08-19-NK7_6397-300x200.jpg\" alt=\"2020-08-19-NK7_6397-300x200\" data-id=\"14358\" data-full-url=\"https:\/\/heritageclub.ca\/richelieu\/wp-content\/uploads\/sites\/16\/2020\/08\/2020-08-19-NK7_6397.jpg\" data-link=\"https:\/\/heritageclub.ca\/richelieu\/fr\/2020-08-19-nk7_6397\/\" class=\"wp-image-14358\"><\/a><figcaption class=\"blocks-gallery-item__caption\">Gagnante d&rsquo;un tirage en argent<\/figcaption><\/figure>\n<\/li>\n<li class=\"blocks-gallery-item\">\n<figure><a href=\"https:\/\/heritageclub.ca\/richelieu\/wp-content\/uploads\/sites\/16\/2020\/08\/2020-08-19-NK7_6398.jpg\" target=\"_blank\" rel=\"noopener noreferrer\"><img decoding=\"async\" src=\"https:\/\/heritageclub.ca\/richelieu\/wp-content\/uploads\/sites\/16\/2020\/08\/2020-08-19-NK7_6398-300x201.jpg\" alt=\"2020-08-19-NK7_6398-300x201\" data-id=\"14359\" data-full-url=\"https:\/\/heritageclub.ca\/richelieu\/wp-content\/uploads\/sites\/16\/2020\/08\/2020-08-19-NK7_6398.jpg\" data-link=\"https:\/\/heritageclub.ca\/richelieu\/fr\/2020-08-19-nk7_6398\/\" class=\"wp-image-14359\"><\/a><figcaption class=\"blocks-gallery-item__caption\">Gagnante d&rsquo;un tirage en argent<\/figcaption><\/figure>\n<\/li>\n<li class=\"blocks-gallery-item\">\n<figure><a href=\"https:\/\/heritageclub.ca\/richelieu\/wp-content\/uploads\/sites\/16\/2020\/08\/2020-08-19-NK7_6399.jpg\" target=\"_blank\" rel=\"noopener noreferrer\"><img decoding=\"async\" src=\"https:\/\/heritageclub.ca\/richelieu\/wp-content\/uploads\/sites\/16\/2020\/08\/2020-08-19-NK7_6399-300x196.jpg\" alt=\"2020-08-19-NK7_6399-300x196\" data-id=\"14360\" data-full-url=\"https:\/\/heritageclub.ca\/richelieu\/wp-content\/uploads\/sites\/16\/2020\/08\/2020-08-19-NK7_6399.jpg\" data-link=\"https:\/\/heritageclub.ca\/richelieu\/fr\/2020-08-19-nk7_6399\/\" class=\"wp-image-14360\"><\/a><figcaption class=\"blocks-gallery-item__caption\">Gagnant d&rsquo;un tirage en argent<\/figcaption><\/figure>\n<\/li>\n<li class=\"blocks-gallery-item\">\n<figure><a href=\"https:\/\/heritageclub.ca\/richelieu\/wp-content\/uploads\/sites\/16\/2020\/08\/2020-08-19-NK7_6400.jpg\" target=\"_blank\" rel=\"noopener noreferrer\"><img decoding=\"async\" src=\"https:\/\/heritageclub.ca\/richelieu\/wp-content\/uploads\/sites\/16\/2020\/08\/2020-08-19-NK7_6400-300x203.jpg\" alt=\"2020-08-19-NK7_6400-300x203\" data-id=\"14361\" data-full-url=\"https:\/\/heritageclub.ca\/richelieu\/wp-content\/uploads\/sites\/16\/2020\/08\/2020-08-19-NK7_6400.jpg\" data-link=\"https:\/\/heritageclub.ca\/richelieu\/fr\/2020-08-19-nk7_6400\/\" class=\"wp-image-14361\"><\/a><figcaption class=\"blocks-gallery-item__caption\">Gagnante d&rsquo;un tirage en argent<\/figcaption><\/figure>\n<\/li>\n<\/ul>\n<\/figure>\n<table width=\"100%\" align=\"center\">\n<tbody>\n<tr>\n<td align=\"center\">\n<hr>\n<p><span style=\"color: #808080\">R\u00e9f\u00e9rence du Bulletin Info-Richelieu \u00e0 venir<\/span><\/p>\n<hr>\n<h3><a href=\"https:\/\/heritageclub.ca\/richelieu\/fr\/contactez-nous\/\">Pour toute information ou commentaire, contactez-nous<\/a><\/h3>\n<\/td>\n<\/tr>\n<\/tbody>\n<\/table>\n","protected":false},"excerpt":{"rendered":"<p>Le 19 ao\u00fbt 2020 Un groupe de 39 membres \u00e9taient pr\u00e9sentes pour un pique-nique pr\u00e8s du Fort-Chambly, tout ceci en respectant la distanciation. La journ\u00e9e f\u00fbt tr\u00e8s appr\u00e9ci\u00e9e par les participants(es). Superbe journ\u00e9e, tr\u00e8s bel endroit, quelques retrouvailles, \u00e7a fait plaisir de se revoir. Il y eu 4 tirages soit un tirage par groupe. Les&#8230;  <a class=\"excerpt-read-more\" href=\"https:\/\/heritageclub.ca\/richelieu\/pique-nique-au-fort-de-chambly-aout-2020\/\" title=\"Read \">Lire la suite &raquo;<\/a><\/p>\n","protected":false},"author":12,"featured_media":0,"parent":0,"menu_order":0,"comment_status":"closed","ping_status":"closed","template":"page-fullwidth.php","meta":{"_acf_changed":false,"ngg_post_thumbnail":0,"footnotes":""},"class_list":["post-14364","page","type-page","status-publish","hentry"],"acf":[],"_links":{"self":[{"href":"https:\/\/heritageclub.ca\/richelieu\/wp-json\/wp\/v2\/pages\/14364","targetHints":{"allow":["GET"]}}],"collection":[{"href":"https:\/\/heritageclub.ca\/richelieu\/wp-json\/wp\/v2\/pages"}],"about":[{"href":"https:\/\/heritageclub.ca\/richelieu\/wp-json\/wp\/v2\/types\/page"}],"author":[{"embeddable":true,"href":"https:\/\/heritageclub.ca\/richelieu\/wp-json\/wp\/v2\/users\/12"}],"replies":[{"embeddable":true,"href":"https:\/\/heritageclub.ca\/richelieu\/wp-json\/wp\/v2\/comments?post=14364"}],"version-history":[{"count":20,"href":"https:\/\/heritageclub.ca\/richelieu\/wp-json\/wp\/v2\/pages\/14364\/revisions"}],"predecessor-version":[{"id":14972,"href":"https:\/\/heritageclub.ca\/richelieu\/wp-json\/wp\/v2\/pages\/14364\/revisions\/14972"}],"wp:attachment":[{"href":"https:\/\/heritageclub.ca\/richelieu\/wp-json\/wp\/v2\/media?parent=14364"}],"curies":[{"name":"wp","href":"https:\/\/api.w.org\/{rel}","templated":true}]}}