{"id":13970,"date":"2020-07-08T09:54:58","date_gmt":"2020-07-08T13:54:58","guid":{"rendered":"http:\/\/heritageclub.ca\/richelieu\/?page_id=13970"},"modified":"2021-03-03T13:15:03","modified_gmt":"2021-03-03T18:15:03","slug":"pique-nique-chambly-juillet-2020","status":"publish","type":"page","link":"https:\/\/heritageclub.ca\/richelieu\/pique-nique-chambly-juillet-2020\/","title":{"rendered":""},"content":{"rendered":"<table width=\"100%\" align=\"center\">\n<tbody>\n<tr>\n<td align=\"center\"><img decoding=\"async\" class=\"size-full wp-image-13982 aligncenter\" src=\"https:\/\/heritageclub.ca\/richelieu\/wp-content\/uploads\/sites\/16\/2020\/07\/Fort-Chambly_600x200.jpg\" alt=\"Fort-Chambly_600x200\" width=\"70%\"><br \/>\n<img decoding=\"async\" class=\"size-full wp-image-14384 aligncenter\" src=\"https:\/\/heritageclub.ca\/richelieu\/wp-content\/uploads\/sites\/16\/2020\/08\/Pique-Nique_Chapitre_Richelieu_6-juillet-2020600x393-1.jpg\" alt=\"Pique-Nique_Chapitre_Richelieu_6-juillet-2020600x393-1\" width=\"70%\"><\/p>\n<p><big><strong>Le 6 juillet 2020<\/strong><\/big><br \/>\nUn groupe t\u00e9moin a \u00e9t\u00e9 form\u00e9 pour un pique-nique derri\u00e8re le Fort-Chambly,<br \/>\ntout ceci en respectant la distanciation. La journ\u00e9e f\u00fbt tr\u00e8s appr\u00e9ci\u00e9e par les participants(es).<br \/>\nSuperbe journ\u00e9e, tr\u00e8s bel endroit, quelques retrouvailles, \u00e7a fait plaisir de se revoir.<br \/>\nCette exp\u00e9rience sera r\u00e9p\u00e9t\u00e9e si la situation le permet.<\/td>\n<\/tr>\n<tr>\n<td align=\"center\"><img decoding=\"async\" src=\"https:\/\/heritageclub.ca\/richelieu\/wp-content\/uploads\/sites\/16\/2019\/11\/line-divider-estrellas.png\" alt=\"line-divider-estrellas\" width=\"80%\"><\/p>\n<h2><strong><em>Les photos<\/em><\/strong><\/h2>\n<p><img decoding=\"async\" class=\"\" src=\"https:\/\/heritageclub.ca\/richelieu\/wp-content\/uploads\/sites\/16\/2018\/10\/trans.gif\" alt=\"trans\" width=\"80%\" height=\"24\"><\/td>\n<\/tr>\n<\/tbody>\n<\/table>\n<p style=\"text-align: center\"><strong>(Cliquez sur l&rsquo;image pour l&rsquo;agrandir dans une autre fen\u00eatre)<\/strong><\/p>\n<figure class=\"wp-block-gallery columns-3 is-cropped\">\n<ul class=\"blocks-gallery-grid\">\n<li class=\"blocks-gallery-item\">\n<figure><a href=\"https:\/\/heritageclub.ca\/richelieu\/wp-content\/uploads\/sites\/16\/2020\/07\/2020-07-06-NK7_6234.jpg\" target=\"_blank\" rel=\"noopener noreferrer\"><img decoding=\"async\" src=\"https:\/\/heritageclub.ca\/richelieu\/wp-content\/uploads\/sites\/16\/2020\/07\/2020-07-06-NK7_6234-300x172.jpg\" alt=\"2020-07-06-NK7_6234-300x172\" data-id=\"13922\" data-full-url=\"https:\/\/heritageclub.ca\/richelieu\/wp-content\/uploads\/sites\/16\/2020\/07\/2020-07-06-NK7_6234.jpg\" data-link=\"https:\/\/heritageclub.ca\/richelieu\/fr\/2020-07-06-nk7_6234\/\" class=\"wp-image-13922\"><\/a><\/figure>\n<\/li>\n<li class=\"blocks-gallery-item\">\n<figure><a href=\"https:\/\/heritageclub.ca\/richelieu\/wp-content\/uploads\/sites\/16\/2020\/07\/2020-07-06-NK7_6235.jpg\" target=\"_blank\" rel=\"noopener noreferrer\"><img decoding=\"async\" src=\"https:\/\/heritageclub.ca\/richelieu\/wp-content\/uploads\/sites\/16\/2020\/07\/2020-07-06-NK7_6235-300x183.jpg\" alt=\"2020-07-06-NK7_6235-300x183\" data-id=\"13923\" data-full-url=\"https:\/\/heritageclub.ca\/richelieu\/wp-content\/uploads\/sites\/16\/2020\/07\/2020-07-06-NK7_6235.jpg\" data-link=\"https:\/\/heritageclub.ca\/richelieu\/fr\/2020-07-06-nk7_6235\/\" class=\"wp-image-13923\"><\/a><\/figure>\n<\/li>\n<li class=\"blocks-gallery-item\">\n<figure><a href=\"https:\/\/heritageclub.ca\/richelieu\/wp-content\/uploads\/sites\/16\/2020\/07\/2020-07-06-NK7_6237.jpg\" target=\"_blank\" rel=\"noopener noreferrer\"><img decoding=\"async\" src=\"https:\/\/heritageclub.ca\/richelieu\/wp-content\/uploads\/sites\/16\/2020\/07\/2020-07-06-NK7_6237-300x223.jpg\" alt=\"2020-07-06-NK7_6237-300x223\" data-id=\"13924\" data-full-url=\"https:\/\/heritageclub.ca\/richelieu\/wp-content\/uploads\/sites\/16\/2020\/07\/2020-07-06-NK7_6237.jpg\" data-link=\"https:\/\/heritageclub.ca\/richelieu\/fr\/2020-07-06-nk7_6237\/\" class=\"wp-image-13924\"><\/a><\/figure>\n<\/li>\n<li class=\"blocks-gallery-item\">\n<figure><a href=\"https:\/\/heritageclub.ca\/richelieu\/wp-content\/uploads\/sites\/16\/2020\/07\/2020-07-06-NK7_6239_InPixio.jpg\" target=\"_blank\" rel=\"noopener noreferrer\"><img decoding=\"async\" src=\"https:\/\/heritageclub.ca\/richelieu\/wp-content\/uploads\/sites\/16\/2020\/07\/2020-07-06-NK7_6239_InPixio-300x200.jpg\" alt=\"2020-07-06-NK7_6239_InPixio-300x200\" data-id=\"13925\" data-full-url=\"https:\/\/heritageclub.ca\/richelieu\/wp-content\/uploads\/sites\/16\/2020\/07\/2020-07-06-NK7_6239_InPixio.jpg\" data-link=\"https:\/\/heritageclub.ca\/richelieu\/fr\/2020-07-06-nk7_6239_inpixio\/\" class=\"wp-image-13925\"><\/a><\/figure>\n<\/li>\n<li class=\"blocks-gallery-item\">\n<figure><a href=\"https:\/\/heritageclub.ca\/richelieu\/wp-content\/uploads\/sites\/16\/2020\/07\/2020-07-06-NK7_6243_InPixio.jpg\" target=\"_blank\" rel=\"noopener noreferrer\"><img decoding=\"async\" src=\"https:\/\/heritageclub.ca\/richelieu\/wp-content\/uploads\/sites\/16\/2020\/07\/2020-07-06-NK7_6243_InPixio-300x200.jpg\" alt=\"2020-07-06-NK7_6243_InPixio-300x200\" data-id=\"13928\" data-full-url=\"https:\/\/heritageclub.ca\/richelieu\/wp-content\/uploads\/sites\/16\/2020\/07\/2020-07-06-NK7_6243_InPixio.jpg\" data-link=\"https:\/\/heritageclub.ca\/richelieu\/fr\/2020-07-06-nk7_6243_inpixio\/\" class=\"wp-image-13928\"><\/a><\/figure>\n<\/li>\n<li class=\"blocks-gallery-item\">\n<figure><a href=\"https:\/\/heritageclub.ca\/richelieu\/wp-content\/uploads\/sites\/16\/2020\/07\/2020-07-06-NK7_6244.jpg\" target=\"_blank\" rel=\"noopener noreferrer\"><img decoding=\"async\" src=\"https:\/\/heritageclub.ca\/richelieu\/wp-content\/uploads\/sites\/16\/2020\/07\/2020-07-06-NK7_6244-300x200.jpg\" alt=\"2020-07-06-NK7_6244-300x200\" data-id=\"13929\" data-full-url=\"https:\/\/heritageclub.ca\/richelieu\/wp-content\/uploads\/sites\/16\/2020\/07\/2020-07-06-NK7_6244.jpg\" data-link=\"https:\/\/heritageclub.ca\/richelieu\/fr\/2020-07-06-nk7_6244\/\" class=\"wp-image-13929\"><\/a><\/figure>\n<\/li>\n<li class=\"blocks-gallery-item\">\n<figure><a href=\"https:\/\/heritageclub.ca\/richelieu\/wp-content\/uploads\/sites\/16\/2020\/07\/2020-07-06-NK7_6246.jpg\" target=\"_blank\" rel=\"noopener noreferrer\"><img decoding=\"async\" src=\"https:\/\/heritageclub.ca\/richelieu\/wp-content\/uploads\/sites\/16\/2020\/07\/2020-07-06-NK7_6246-300x184.jpg\" alt=\"2020-07-06-NK7_6246-300x184\" data-id=\"13931\" data-full-url=\"https:\/\/heritageclub.ca\/richelieu\/wp-content\/uploads\/sites\/16\/2020\/07\/2020-07-06-NK7_6246.jpg\" data-link=\"https:\/\/heritageclub.ca\/richelieu\/fr\/2020-07-06-nk7_6246\/\" class=\"wp-image-13931\"><\/a><\/figure>\n<\/li>\n<li class=\"blocks-gallery-item\">\n<figure><a href=\"https:\/\/heritageclub.ca\/richelieu\/wp-content\/uploads\/sites\/16\/2020\/07\/2020-07-06-NK7_6248.jpg\" target=\"_blank\" rel=\"noopener noreferrer\"><img decoding=\"async\" src=\"https:\/\/heritageclub.ca\/richelieu\/wp-content\/uploads\/sites\/16\/2020\/07\/2020-07-06-NK7_6248-300x193.jpg\" alt=\"2020-07-06-NK7_6248-300x193\" data-id=\"13932\" data-full-url=\"https:\/\/heritageclub.ca\/richelieu\/wp-content\/uploads\/sites\/16\/2020\/07\/2020-07-06-NK7_6248.jpg\" data-link=\"https:\/\/heritageclub.ca\/richelieu\/fr\/2020-07-06-nk7_6248\/\" class=\"wp-image-13932\"><\/a><\/figure>\n<\/li>\n<li class=\"blocks-gallery-item\">\n<figure><a href=\"https:\/\/heritageclub.ca\/richelieu\/wp-content\/uploads\/sites\/16\/2020\/07\/2020-07-06-NK7_6249.jpg\" target=\"_blank\" rel=\"noopener noreferrer\"><img decoding=\"async\" src=\"https:\/\/heritageclub.ca\/richelieu\/wp-content\/uploads\/sites\/16\/2020\/07\/2020-07-06-NK7_6249-300x216.jpg\" alt=\"2020-07-06-NK7_6249-300x216\" data-id=\"13933\" data-full-url=\"https:\/\/heritageclub.ca\/richelieu\/wp-content\/uploads\/sites\/16\/2020\/07\/2020-07-06-NK7_6249.jpg\" data-link=\"https:\/\/heritageclub.ca\/richelieu\/fr\/2020-07-06-nk7_6249\/\" class=\"wp-image-13933\"><\/a><\/figure>\n<\/li>\n<li class=\"blocks-gallery-item\">\n<figure><a href=\"https:\/\/heritageclub.ca\/richelieu\/wp-content\/uploads\/sites\/16\/2020\/07\/2020-07-06-NK7_6250.jpg\" target=\"_blank\" rel=\"noopener noreferrer\"><img decoding=\"async\" src=\"https:\/\/heritageclub.ca\/richelieu\/wp-content\/uploads\/sites\/16\/2020\/07\/2020-07-06-NK7_6250-300x210.jpg\" alt=\"2020-07-06-NK7_6250-300x210\" data-id=\"13934\" data-full-url=\"https:\/\/heritageclub.ca\/richelieu\/wp-content\/uploads\/sites\/16\/2020\/07\/2020-07-06-NK7_6250.jpg\" data-link=\"https:\/\/heritageclub.ca\/richelieu\/fr\/2020-07-06-nk7_6250\/\" class=\"wp-image-13934\"><\/a><\/figure>\n<\/li>\n<li class=\"blocks-gallery-item\">\n<figure><a href=\"https:\/\/heritageclub.ca\/richelieu\/wp-content\/uploads\/sites\/16\/2020\/07\/2020-07-06-NK7_6251.jpg\" target=\"_blank\" rel=\"noopener noreferrer\"><img decoding=\"async\" src=\"https:\/\/heritageclub.ca\/richelieu\/wp-content\/uploads\/sites\/16\/2020\/07\/2020-07-06-NK7_6251-300x220.jpg\" alt=\"2020-07-06-NK7_6251-300x220\" data-id=\"13935\" data-full-url=\"https:\/\/heritageclub.ca\/richelieu\/wp-content\/uploads\/sites\/16\/2020\/07\/2020-07-06-NK7_6251.jpg\" data-link=\"https:\/\/heritageclub.ca\/richelieu\/fr\/2020-07-06-nk7_6251\/\" class=\"wp-image-13935\"><\/a><\/figure>\n<\/li>\n<li class=\"blocks-gallery-item\">\n<figure><a href=\"https:\/\/heritageclub.ca\/richelieu\/wp-content\/uploads\/sites\/16\/2020\/07\/2020-07-06-NK7_6252.jpg\" target=\"_blank\" rel=\"noopener noreferrer\"><img decoding=\"async\" src=\"https:\/\/heritageclub.ca\/richelieu\/wp-content\/uploads\/sites\/16\/2020\/07\/2020-07-06-NK7_6252-300x222.jpg\" alt=\"2020-07-06-NK7_6252-300x222\" data-id=\"13936\" data-full-url=\"https:\/\/heritageclub.ca\/richelieu\/wp-content\/uploads\/sites\/16\/2020\/07\/2020-07-06-NK7_6252.jpg\" data-link=\"https:\/\/heritageclub.ca\/richelieu\/fr\/2020-07-06-nk7_6252\/\" class=\"wp-image-13936\"><\/a><\/figure>\n<\/li>\n<li class=\"blocks-gallery-item\">\n<figure><a href=\"https:\/\/heritageclub.ca\/richelieu\/wp-content\/uploads\/sites\/16\/2020\/07\/2020-07-06-NK7_6253.jpg\" target=\"_blank\" rel=\"noopener noreferrer\"><img decoding=\"async\" src=\"https:\/\/heritageclub.ca\/richelieu\/wp-content\/uploads\/sites\/16\/2020\/07\/2020-07-06-NK7_6253-300x208.jpg\" alt=\"2020-07-06-NK7_6253-300x208\" data-id=\"13937\" data-full-url=\"https:\/\/heritageclub.ca\/richelieu\/wp-content\/uploads\/sites\/16\/2020\/07\/2020-07-06-NK7_6253.jpg\" data-link=\"https:\/\/heritageclub.ca\/richelieu\/fr\/2020-07-06-nk7_6253\/\" class=\"wp-image-13937\"><\/a><\/figure>\n<\/li>\n<li class=\"blocks-gallery-item\">\n<figure><a href=\"https:\/\/heritageclub.ca\/richelieu\/wp-content\/uploads\/sites\/16\/2020\/07\/2020-07-06-NK7_6254.jpg\" target=\"_blank\" rel=\"noopener noreferrer\"><img decoding=\"async\" src=\"https:\/\/heritageclub.ca\/richelieu\/wp-content\/uploads\/sites\/16\/2020\/07\/2020-07-06-NK7_6254-300x216.jpg\" alt=\"2020-07-06-NK7_6254-300x216\" data-id=\"13938\" data-full-url=\"https:\/\/heritageclub.ca\/richelieu\/wp-content\/uploads\/sites\/16\/2020\/07\/2020-07-06-NK7_6254.jpg\" data-link=\"https:\/\/heritageclub.ca\/richelieu\/fr\/2020-07-06-nk7_6254\/\" class=\"wp-image-13938\"><\/a><\/figure>\n<\/li>\n<li class=\"blocks-gallery-item\">\n<figure><a href=\"https:\/\/heritageclub.ca\/richelieu\/wp-content\/uploads\/sites\/16\/2020\/07\/2020-07-06-NK7_6255.jpg\" target=\"_blank\" rel=\"noopener noreferrer\"><img decoding=\"async\" src=\"https:\/\/heritageclub.ca\/richelieu\/wp-content\/uploads\/sites\/16\/2020\/07\/2020-07-06-NK7_6255-300x220.jpg\" alt=\"2020-07-06-NK7_6255-300x220\" data-id=\"13939\" data-full-url=\"https:\/\/heritageclub.ca\/richelieu\/wp-content\/uploads\/sites\/16\/2020\/07\/2020-07-06-NK7_6255.jpg\" data-link=\"https:\/\/heritageclub.ca\/richelieu\/fr\/2020-07-06-nk7_6255\/\" class=\"wp-image-13939\"><\/a><\/figure>\n<\/li>\n<li class=\"blocks-gallery-item\">\n<figure><a href=\"https:\/\/heritageclub.ca\/richelieu\/wp-content\/uploads\/sites\/16\/2020\/07\/2020-07-06-NK7_6256.jpg\" target=\"_blank\" rel=\"noopener noreferrer\"><img decoding=\"async\" src=\"https:\/\/heritageclub.ca\/richelieu\/wp-content\/uploads\/sites\/16\/2020\/07\/2020-07-06-NK7_6256-300x197.jpg\" alt=\"2020-07-06-NK7_6256-300x197\" data-id=\"13940\" data-full-url=\"https:\/\/heritageclub.ca\/richelieu\/wp-content\/uploads\/sites\/16\/2020\/07\/2020-07-06-NK7_6256.jpg\" data-link=\"https:\/\/heritageclub.ca\/richelieu\/fr\/2020-07-06-nk7_6256\/\" class=\"wp-image-13940\"><\/a><\/figure>\n<\/li>\n<li class=\"blocks-gallery-item\">\n<figure><a href=\"https:\/\/heritageclub.ca\/richelieu\/wp-content\/uploads\/sites\/16\/2020\/07\/2020-07-06-NK7_6257_InPixio.jpg\" target=\"_blank\" rel=\"noopener noreferrer\"><img decoding=\"async\" src=\"https:\/\/heritageclub.ca\/richelieu\/wp-content\/uploads\/sites\/16\/2020\/07\/2020-07-06-NK7_6257_InPixio-300x211.jpg\" alt=\"2020-07-06-NK7_6257_InPixio-300x211\" data-id=\"13941\" data-full-url=\"https:\/\/heritageclub.ca\/richelieu\/wp-content\/uploads\/sites\/16\/2020\/07\/2020-07-06-NK7_6257_InPixio.jpg\" data-link=\"https:\/\/heritageclub.ca\/richelieu\/fr\/2020-07-06-nk7_6257_inpixio\/\" class=\"wp-image-13941\"><\/a><\/figure>\n<\/li>\n<li class=\"blocks-gallery-item\">\n<figure><a href=\"https:\/\/heritageclub.ca\/richelieu\/wp-content\/uploads\/sites\/16\/2020\/07\/2020-07-06-NK7_6258_InPixio.jpg\" target=\"_blank\" rel=\"noopener noreferrer\"><img decoding=\"async\" src=\"https:\/\/heritageclub.ca\/richelieu\/wp-content\/uploads\/sites\/16\/2020\/07\/2020-07-06-NK7_6258_InPixio-300x209.jpg\" alt=\"2020-07-06-NK7_6258_InPixio-300x209\" data-id=\"13942\" data-full-url=\"https:\/\/heritageclub.ca\/richelieu\/wp-content\/uploads\/sites\/16\/2020\/07\/2020-07-06-NK7_6258_InPixio.jpg\" data-link=\"https:\/\/heritageclub.ca\/richelieu\/fr\/2020-07-06-nk7_6258_inpixio\/\" class=\"wp-image-13942\"><\/a><\/figure>\n<\/li>\n<li class=\"blocks-gallery-item\">\n<figure><a href=\"https:\/\/heritageclub.ca\/richelieu\/wp-content\/uploads\/sites\/16\/2020\/07\/2020-07-06-NK7_6259_InPixio.jpg\" target=\"_blank\" rel=\"noopener noreferrer\"><img decoding=\"async\" src=\"https:\/\/heritageclub.ca\/richelieu\/wp-content\/uploads\/sites\/16\/2020\/07\/2020-07-06-NK7_6259_InPixio-300x205.jpg\" alt=\"2020-07-06-NK7_6259_InPixio-300x205\" data-id=\"13943\" data-full-url=\"https:\/\/heritageclub.ca\/richelieu\/wp-content\/uploads\/sites\/16\/2020\/07\/2020-07-06-NK7_6259_InPixio.jpg\" data-link=\"https:\/\/heritageclub.ca\/richelieu\/fr\/2020-07-06-nk7_6259_inpixio\/\" class=\"wp-image-13943\"><\/a><\/figure>\n<\/li>\n<li class=\"blocks-gallery-item\">\n<figure><a href=\"https:\/\/heritageclub.ca\/richelieu\/wp-content\/uploads\/sites\/16\/2020\/07\/2020-07-06-NK7_6260.jpg\" target=\"_blank\" rel=\"noopener noreferrer\"><img decoding=\"async\" src=\"https:\/\/heritageclub.ca\/richelieu\/wp-content\/uploads\/sites\/16\/2020\/07\/2020-07-06-NK7_6260-300x204.jpg\" alt=\"2020-07-06-NK7_6260-300x204\" data-id=\"13944\" data-full-url=\"https:\/\/heritageclub.ca\/richelieu\/wp-content\/uploads\/sites\/16\/2020\/07\/2020-07-06-NK7_6260.jpg\" data-link=\"https:\/\/heritageclub.ca\/richelieu\/fr\/2020-07-06-nk7_6260\/\" class=\"wp-image-13944\"><\/a><\/figure>\n<\/li>\n<li class=\"blocks-gallery-item\">\n<figure><a href=\"https:\/\/heritageclub.ca\/richelieu\/wp-content\/uploads\/sites\/16\/2020\/07\/2020-07-06-NK7_6261.jpg\" target=\"_blank\" rel=\"noopener noreferrer\"><img decoding=\"async\" src=\"https:\/\/heritageclub.ca\/richelieu\/wp-content\/uploads\/sites\/16\/2020\/07\/2020-07-06-NK7_6261-300x219.jpg\" alt=\"2020-07-06-NK7_6261-300x219\" data-id=\"13945\" data-full-url=\"https:\/\/heritageclub.ca\/richelieu\/wp-content\/uploads\/sites\/16\/2020\/07\/2020-07-06-NK7_6261.jpg\" data-link=\"https:\/\/heritageclub.ca\/richelieu\/fr\/2020-07-06-nk7_6261\/\" class=\"wp-image-13945\"><\/a><\/figure>\n<\/li>\n<li class=\"blocks-gallery-item\">\n<figure><a href=\"https:\/\/heritageclub.ca\/richelieu\/wp-content\/uploads\/sites\/16\/2020\/07\/2020-07-06-NK7_6262.jpg\" target=\"_blank\" rel=\"noopener noreferrer\"><img decoding=\"async\" src=\"https:\/\/heritageclub.ca\/richelieu\/wp-content\/uploads\/sites\/16\/2020\/07\/2020-07-06-NK7_6262-300x202.jpg\" alt=\"2020-07-06-NK7_6262-300x202\" data-id=\"13946\" data-full-url=\"https:\/\/heritageclub.ca\/richelieu\/wp-content\/uploads\/sites\/16\/2020\/07\/2020-07-06-NK7_6262.jpg\" data-link=\"https:\/\/heritageclub.ca\/richelieu\/fr\/2020-07-06-nk7_6262\/\" class=\"wp-image-13946\"><\/a><\/figure>\n<\/li>\n<li class=\"blocks-gallery-item\">\n<figure><a href=\"https:\/\/heritageclub.ca\/richelieu\/wp-content\/uploads\/sites\/16\/2020\/07\/2020-07-06-NK7_6263.jpg\" target=\"_blank\" rel=\"noopener noreferrer\"><img decoding=\"async\" src=\"https:\/\/heritageclub.ca\/richelieu\/wp-content\/uploads\/sites\/16\/2020\/07\/2020-07-06-NK7_6263-300x215.jpg\" alt=\"2020-07-06-NK7_6263-300x215\" data-id=\"13947\" data-full-url=\"https:\/\/heritageclub.ca\/richelieu\/wp-content\/uploads\/sites\/16\/2020\/07\/2020-07-06-NK7_6263.jpg\" data-link=\"https:\/\/heritageclub.ca\/richelieu\/fr\/2020-07-06-nk7_6263\/\" class=\"wp-image-13947\"><\/a><\/figure>\n<\/li>\n<li class=\"blocks-gallery-item\">\n<figure><a href=\"https:\/\/heritageclub.ca\/richelieu\/wp-content\/uploads\/sites\/16\/2020\/07\/2020-07-06-NK7_6264.jpg\" target=\"_blank\" rel=\"noopener noreferrer\"><img decoding=\"async\" src=\"https:\/\/heritageclub.ca\/richelieu\/wp-content\/uploads\/sites\/16\/2020\/07\/2020-07-06-NK7_6264-300x198.jpg\" alt=\"2020-07-06-NK7_6264-300x198\" data-id=\"13948\" data-full-url=\"https:\/\/heritageclub.ca\/richelieu\/wp-content\/uploads\/sites\/16\/2020\/07\/2020-07-06-NK7_6264.jpg\" data-link=\"https:\/\/heritageclub.ca\/richelieu\/fr\/2020-07-06-nk7_6264\/\" class=\"wp-image-13948\"><\/a><\/figure>\n<\/li>\n<li class=\"blocks-gallery-item\">\n<figure><a href=\"https:\/\/heritageclub.ca\/richelieu\/wp-content\/uploads\/sites\/16\/2020\/07\/2020-07-06-NK7_6265.jpg\" target=\"_blank\" rel=\"noopener noreferrer\"><img decoding=\"async\" src=\"https:\/\/heritageclub.ca\/richelieu\/wp-content\/uploads\/sites\/16\/2020\/07\/2020-07-06-NK7_6265-300x220.jpg\" alt=\"2020-07-06-NK7_6265-300x220\" data-id=\"13949\" data-full-url=\"https:\/\/heritageclub.ca\/richelieu\/wp-content\/uploads\/sites\/16\/2020\/07\/2020-07-06-NK7_6265.jpg\" data-link=\"https:\/\/heritageclub.ca\/richelieu\/fr\/2020-07-06-nk7_6265\/\" class=\"wp-image-13949\"><\/a><\/figure>\n<\/li>\n<li class=\"blocks-gallery-item\">\n<figure><a href=\"https:\/\/heritageclub.ca\/richelieu\/wp-content\/uploads\/sites\/16\/2020\/07\/2020-07-06-NK7_6267.jpg\" target=\"_blank\" rel=\"noopener noreferrer\"><img decoding=\"async\" src=\"https:\/\/heritageclub.ca\/richelieu\/wp-content\/uploads\/sites\/16\/2020\/07\/2020-07-06-NK7_6267-300x194.jpg\" alt=\"2020-07-06-NK7_6267-300x194\" data-id=\"13951\" data-full-url=\"https:\/\/heritageclub.ca\/richelieu\/wp-content\/uploads\/sites\/16\/2020\/07\/2020-07-06-NK7_6267.jpg\" data-link=\"https:\/\/heritageclub.ca\/richelieu\/fr\/2020-07-06-nk7_6267\/\" class=\"wp-image-13951\"><\/a><\/figure>\n<\/li>\n<li class=\"blocks-gallery-item\">\n<figure><a href=\"https:\/\/heritageclub.ca\/richelieu\/wp-content\/uploads\/sites\/16\/2020\/07\/2020-07-06-NK7_6268.jpg\" target=\"_blank\" rel=\"noopener noreferrer\"><img decoding=\"async\" src=\"https:\/\/heritageclub.ca\/richelieu\/wp-content\/uploads\/sites\/16\/2020\/07\/2020-07-06-NK7_6268-300x214.jpg\" alt=\"2020-07-06-NK7_6268-300x214\" data-id=\"13952\" data-full-url=\"https:\/\/heritageclub.ca\/richelieu\/wp-content\/uploads\/sites\/16\/2020\/07\/2020-07-06-NK7_6268.jpg\" data-link=\"https:\/\/heritageclub.ca\/richelieu\/fr\/2020-07-06-nk7_6268\/\" class=\"wp-image-13952\"><\/a><\/figure>\n<\/li>\n<li class=\"blocks-gallery-item\">\n<figure><a href=\"https:\/\/heritageclub.ca\/richelieu\/wp-content\/uploads\/sites\/16\/2020\/07\/2020-07-06-NK7_6269.jpg\" target=\"_blank\" rel=\"noopener noreferrer\"><img decoding=\"async\" src=\"https:\/\/heritageclub.ca\/richelieu\/wp-content\/uploads\/sites\/16\/2020\/07\/2020-07-06-NK7_6269-300x211.jpg\" alt=\"2020-07-06-NK7_6269-300x211\" data-id=\"13953\" data-full-url=\"https:\/\/heritageclub.ca\/richelieu\/wp-content\/uploads\/sites\/16\/2020\/07\/2020-07-06-NK7_6269.jpg\" data-link=\"https:\/\/heritageclub.ca\/richelieu\/fr\/2020-07-06-nk7_6269\/\" class=\"wp-image-13953\"><\/a><\/figure>\n<\/li>\n<li class=\"blocks-gallery-item\">\n<figure><a href=\"https:\/\/heritageclub.ca\/richelieu\/wp-content\/uploads\/sites\/16\/2020\/07\/2020-07-06-NK7_6270_InPixio.jpg\" target=\"_blank\" rel=\"noopener noreferrer\"><img decoding=\"async\" src=\"https:\/\/heritageclub.ca\/richelieu\/wp-content\/uploads\/sites\/16\/2020\/07\/2020-07-06-NK7_6270_InPixio-300x211.jpg\" alt=\"2020-07-06-NK7_6270_InPixio-300x211\" data-id=\"13954\" data-full-url=\"https:\/\/heritageclub.ca\/richelieu\/wp-content\/uploads\/sites\/16\/2020\/07\/2020-07-06-NK7_6270_InPixio.jpg\" data-link=\"https:\/\/heritageclub.ca\/richelieu\/fr\/2020-07-06-nk7_6270_inpixio\/\" class=\"wp-image-13954\"><\/a><\/figure>\n<\/li>\n<li class=\"blocks-gallery-item\">\n<figure><a href=\"https:\/\/heritageclub.ca\/richelieu\/wp-content\/uploads\/sites\/16\/2020\/07\/2020-07-06-NK7_6266.jpg\" target=\"_blank\" rel=\"noopener noreferrer\"><img decoding=\"async\" src=\"https:\/\/heritageclub.ca\/richelieu\/wp-content\/uploads\/sites\/16\/2020\/07\/2020-07-06-NK7_6266-300x180.jpg\" alt=\"2020-07-06-NK7_6266-300x180\" data-id=\"13950\" data-full-url=\"https:\/\/heritageclub.ca\/richelieu\/wp-content\/uploads\/sites\/16\/2020\/07\/2020-07-06-NK7_6266.jpg\" data-link=\"https:\/\/heritageclub.ca\/richelieu\/fr\/2020-07-06-nk7_6266\/\" class=\"wp-image-13950\"><\/a><\/figure>\n<\/li>\n<li class=\"blocks-gallery-item\">\n<figure><a href=\"https:\/\/heritageclub.ca\/richelieu\/wp-content\/uploads\/sites\/16\/2020\/07\/2020-07-06-NK7_6271.jpg\" target=\"_blank\" rel=\"noopener noreferrer\"><img decoding=\"async\" src=\"https:\/\/heritageclub.ca\/richelieu\/wp-content\/uploads\/sites\/16\/2020\/07\/2020-07-06-NK7_6271-300x184.jpg\" alt=\"2020-07-06-NK7_6271-300x184\" data-id=\"13955\" data-full-url=\"https:\/\/heritageclub.ca\/richelieu\/wp-content\/uploads\/sites\/16\/2020\/07\/2020-07-06-NK7_6271.jpg\" data-link=\"https:\/\/heritageclub.ca\/richelieu\/fr\/2020-07-06-nk7_6271\/\" class=\"wp-image-13955\"><\/a><\/figure>\n<\/li>\n<li class=\"blocks-gallery-item\">\n<figure><a href=\"https:\/\/heritageclub.ca\/richelieu\/wp-content\/uploads\/sites\/16\/2020\/07\/2020-07-06-NK7_6272.jpg\" target=\"_blank\" rel=\"noopener noreferrer\"><img decoding=\"async\" src=\"https:\/\/heritageclub.ca\/richelieu\/wp-content\/uploads\/sites\/16\/2020\/07\/2020-07-06-NK7_6272-300x167.jpg\" alt=\"2020-07-06-NK7_6272-300x167\" data-id=\"13956\" data-full-url=\"https:\/\/heritageclub.ca\/richelieu\/wp-content\/uploads\/sites\/16\/2020\/07\/2020-07-06-NK7_6272.jpg\" data-link=\"https:\/\/heritageclub.ca\/richelieu\/fr\/2020-07-06-nk7_6272\/\" class=\"wp-image-13956\"><\/a><\/figure>\n<\/li>\n<li class=\"blocks-gallery-item\">\n<figure><a href=\"https:\/\/heritageclub.ca\/richelieu\/wp-content\/uploads\/sites\/16\/2020\/07\/2020-07-06-NK7_6273.jpg\" target=\"_blank\" rel=\"noopener noreferrer\"><img decoding=\"async\" src=\"https:\/\/heritageclub.ca\/richelieu\/wp-content\/uploads\/sites\/16\/2020\/07\/2020-07-06-NK7_6273-300x167.jpg\" alt=\"2020-07-06-NK7_6273-300x167\" data-id=\"13957\" data-full-url=\"https:\/\/heritageclub.ca\/richelieu\/wp-content\/uploads\/sites\/16\/2020\/07\/2020-07-06-NK7_6273.jpg\" data-link=\"https:\/\/heritageclub.ca\/richelieu\/fr\/2020-07-06-nk7_6273\/\" class=\"wp-image-13957\"><\/a><\/figure>\n<\/li>\n<\/ul>\n<\/figure>\n<table width=\"100%\" align=\"center\">\n<tbody>\n<tr>\n<td align=\"center\">\n<hr>\n<p><span style=\"color: #808080\">R\u00e9f\u00e9rence du Bulletin Info-Richelieu \u00e0 venir<\/span><\/p>\n<hr>\n<h3><a href=\"https:\/\/heritageclub.ca\/richelieu\/fr\/contactez-nous\/\">Pour toute information ou commentaire, contactez-nous<\/a><\/h3>\n<\/td>\n<\/tr>\n<\/tbody>\n<\/table>\n","protected":false},"excerpt":{"rendered":"<p>Le 6 juillet 2020 Un groupe t\u00e9moin a \u00e9t\u00e9 form\u00e9 pour un pique-nique derri\u00e8re le Fort-Chambly, tout ceci en respectant la distanciation. La journ\u00e9e f\u00fbt tr\u00e8s appr\u00e9ci\u00e9e par les participants(es). Superbe journ\u00e9e, tr\u00e8s bel endroit, quelques retrouvailles, \u00e7a fait plaisir de se revoir. Cette exp\u00e9rience sera r\u00e9p\u00e9t\u00e9e si la situation le permet. Les photos (Cliquez&#8230;  <a class=\"excerpt-read-more\" href=\"https:\/\/heritageclub.ca\/richelieu\/pique-nique-chambly-juillet-2020\/\" title=\"Read \">Lire la suite &raquo;<\/a><\/p>\n","protected":false},"author":12,"featured_media":0,"parent":0,"menu_order":0,"comment_status":"closed","ping_status":"closed","template":"page-fullwidth.php","meta":{"_acf_changed":false,"ngg_post_thumbnail":0,"footnotes":""},"class_list":["post-13970","page","type-page","status-publish","hentry"],"acf":[],"_links":{"self":[{"href":"https:\/\/heritageclub.ca\/richelieu\/wp-json\/wp\/v2\/pages\/13970","targetHints":{"allow":["GET"]}}],"collection":[{"href":"https:\/\/heritageclub.ca\/richelieu\/wp-json\/wp\/v2\/pages"}],"about":[{"href":"https:\/\/heritageclub.ca\/richelieu\/wp-json\/wp\/v2\/types\/page"}],"author":[{"embeddable":true,"href":"https:\/\/heritageclub.ca\/richelieu\/wp-json\/wp\/v2\/users\/12"}],"replies":[{"embeddable":true,"href":"https:\/\/heritageclub.ca\/richelieu\/wp-json\/wp\/v2\/comments?post=13970"}],"version-history":[{"count":21,"href":"https:\/\/heritageclub.ca\/richelieu\/wp-json\/wp\/v2\/pages\/13970\/revisions"}],"predecessor-version":[{"id":14973,"href":"https:\/\/heritageclub.ca\/richelieu\/wp-json\/wp\/v2\/pages\/13970\/revisions\/14973"}],"wp:attachment":[{"href":"https:\/\/heritageclub.ca\/richelieu\/wp-json\/wp\/v2\/media?parent=13970"}],"curies":[{"name":"wp","href":"https:\/\/api.w.org\/{rel}","templated":true}]}}