{"id":12867,"date":"2020-03-11T18:30:15","date_gmt":"2020-03-11T22:30:15","guid":{"rendered":"http:\/\/heritageclub.ca\/richelieu\/?page_id=12867"},"modified":"2021-03-09T13:07:48","modified_gmt":"2021-03-09T18:07:48","slug":"mars-2020-station-des-sports","status":"publish","type":"page","link":"https:\/\/heritageclub.ca\/richelieu\/mars-2020-station-des-sports\/","title":{"rendered":"Mars 2020 \u2014 Station des Sports"},"content":{"rendered":"<table width=\"100%\" align=\"center\">\n<tbody>\n<tr>\n<td align=\"center\"><img decoding=\"async\" class=\"size-full wp-image-15799 aligncenter\" src=\"https:\/\/heritageclub.ca\/richelieu\/wp-content\/uploads\/sites\/16\/2021\/03\/Station-des-Sports.jpg\" alt=\"Station des Sports de Brossard\" width=\"75%\"><\/p>\n<p><a href=\"https:\/\/heritageclub.ca\/richelieu\/fr\/lieu\/station-des-sports-taschereau\/\" rel=\"noopener noreferrer\" target=\"_blank\"><big>Station des Sports<\/big><br \/>\n5773, boul. Taschereau, Brossard, QC J4Z 1A5<\/a><\/p>\n<p>Nous \u00e9tions 47 personnes.<br \/>\nQuatres tirages, dont 2 prix en argent et 2 bouteilles de vin.<\/td>\n<\/tr>\n<tr>\n<td align=\"center\"><img decoding=\"async\" src=\"https:\/\/heritageclub.ca\/richelieu\/wp-content\/uploads\/sites\/16\/2019\/11\/line-divider-estrellas.png\" alt=\"line-divider-estrellas\" width=\"80%\"><\/p>\n<h2><strong><em>Les photos<\/em><\/strong><\/h2>\n<p><img decoding=\"async\" class=\"\" src=\"https:\/\/heritageclub.ca\/richelieu\/wp-content\/uploads\/sites\/16\/2018\/10\/trans.gif\" alt=\"trans\" width=\"80%\" height=\"24\"><\/td>\n<\/tr>\n<\/tbody>\n<\/table>\n<p style=\"text-align: center\"><strong>(Cliquez sur l&rsquo;image pour l&rsquo;agrandir dans une autre fen\u00eatre)<\/strong><\/p>\n<figure class=\"wp-block-gallery columns-3 is-cropped\">\n<ul class=\"blocks-gallery-grid\">\n<li class=\"blocks-gallery-item\">\n<figure><a href=\"https:\/\/heritageclub.ca\/richelieu\/wp-content\/uploads\/sites\/16\/2020\/03\/2020-03-11-NK7_6184.jpg\" target=\"_blank\" rel=\"noopener noreferrer\"><img decoding=\"async\" src=\"https:\/\/heritageclub.ca\/richelieu\/wp-content\/uploads\/sites\/16\/2020\/03\/2020-03-11-NK7_6184-300x187.jpg\" alt=\"2020-03-11-NK7_6184-300x187\" data-id=\"12849\" data-full-url=\"https:\/\/heritageclub.ca\/richelieu\/wp-content\/uploads\/sites\/16\/2020\/03\/2020-03-11-NK7_6184.jpg\" data-link=\"https:\/\/heritageclub.ca\/richelieu\/fr\/2020-03-11-nk7_6184\/\" class=\"wp-image-12849\"><\/a><figcaption class=\"blocks-gallery-item__caption\">La table d&rsquo;accueil<\/figcaption><\/figure>\n<\/li>\n<li class=\"blocks-gallery-item\">\n<figure><a href=\"https:\/\/heritageclub.ca\/richelieu\/wp-content\/uploads\/sites\/16\/2020\/03\/2020-03-11-NK7_6197.jpg\" target=\"_blank\" rel=\"noopener noreferrer\"><img decoding=\"async\" src=\"https:\/\/heritageclub.ca\/richelieu\/wp-content\/uploads\/sites\/16\/2020\/03\/2020-03-11-NK7_6197-300x185.jpg\" alt=\"2020-03-11-NK7_6197-300x185\" data-id=\"12860\" data-full-url=\"https:\/\/heritageclub.ca\/richelieu\/wp-content\/uploads\/sites\/16\/2020\/03\/2020-03-11-NK7_6197.jpg\" data-link=\"https:\/\/heritageclub.ca\/richelieu\/fr\/2020-03-11-nk7_6197\/\" class=\"wp-image-12860\"><\/a><\/figure>\n<\/li>\n<li class=\"blocks-gallery-item\">\n<figure><a href=\"https:\/\/heritageclub.ca\/richelieu\/wp-content\/uploads\/sites\/16\/2020\/03\/2020-03-11-NK7_6187.jpg\" target=\"_blank\" rel=\"noopener noreferrer\"><img decoding=\"async\" src=\"https:\/\/heritageclub.ca\/richelieu\/wp-content\/uploads\/sites\/16\/2020\/03\/2020-03-11-NK7_6187-300x194.jpg\" alt=\"2020-03-11-NK7_6187-300x194\" data-id=\"12851\" data-full-url=\"https:\/\/heritageclub.ca\/richelieu\/wp-content\/uploads\/sites\/16\/2020\/03\/2020-03-11-NK7_6187.jpg\" data-link=\"https:\/\/heritageclub.ca\/richelieu\/fr\/2020-03-11-nk7_6187\/\" class=\"wp-image-12851\"><\/a><\/figure>\n<\/li>\n<li class=\"blocks-gallery-item\">\n<figure><a href=\"https:\/\/heritageclub.ca\/richelieu\/wp-content\/uploads\/sites\/16\/2020\/03\/2020-03-11-NK7_6188.jpg\" target=\"_blank\" rel=\"noopener noreferrer\"><img decoding=\"async\" src=\"https:\/\/heritageclub.ca\/richelieu\/wp-content\/uploads\/sites\/16\/2020\/03\/2020-03-11-NK7_6188-300x199.jpg\" alt=\"2020-03-11-NK7_6188-300x199\" data-id=\"12852\" data-full-url=\"https:\/\/heritageclub.ca\/richelieu\/wp-content\/uploads\/sites\/16\/2020\/03\/2020-03-11-NK7_6188.jpg\" data-link=\"https:\/\/heritageclub.ca\/richelieu\/fr\/2020-03-11-nk7_6188\/\" class=\"wp-image-12852\"><\/a><\/figure>\n<\/li>\n<li class=\"blocks-gallery-item\">\n<figure><a href=\"https:\/\/heritageclub.ca\/richelieu\/wp-content\/uploads\/sites\/16\/2020\/03\/2020-03-11-NK7_6189.jpg\" target=\"_blank\" rel=\"noopener noreferrer\"><img decoding=\"async\" src=\"https:\/\/heritageclub.ca\/richelieu\/wp-content\/uploads\/sites\/16\/2020\/03\/2020-03-11-NK7_6189-300x190.jpg\" alt=\"2020-03-11-NK7_6189-300x190\" data-id=\"12853\" data-full-url=\"https:\/\/heritageclub.ca\/richelieu\/wp-content\/uploads\/sites\/16\/2020\/03\/2020-03-11-NK7_6189.jpg\" data-link=\"https:\/\/heritageclub.ca\/richelieu\/fr\/2020-03-11-nk7_6189\/\" class=\"wp-image-12853\"><\/a><\/figure>\n<\/li>\n<li class=\"blocks-gallery-item\">\n<figure><a href=\"https:\/\/heritageclub.ca\/richelieu\/wp-content\/uploads\/sites\/16\/2020\/03\/2020-03-11-NK7_6190.jpg\" target=\"_blank\" rel=\"noopener noreferrer\"><img decoding=\"async\" src=\"https:\/\/heritageclub.ca\/richelieu\/wp-content\/uploads\/sites\/16\/2020\/03\/2020-03-11-NK7_6190-300x184.jpg\" alt=\"2020-03-11-NK7_6190-300x184\" data-id=\"12854\" data-full-url=\"https:\/\/heritageclub.ca\/richelieu\/wp-content\/uploads\/sites\/16\/2020\/03\/2020-03-11-NK7_6190.jpg\" data-link=\"https:\/\/heritageclub.ca\/richelieu\/fr\/2020-03-11-nk7_6190\/\" class=\"wp-image-12854\"><\/a><\/figure>\n<\/li>\n<li class=\"blocks-gallery-item\">\n<figure><a href=\"https:\/\/heritageclub.ca\/richelieu\/wp-content\/uploads\/sites\/16\/2020\/03\/2020-03-11-NK7_6192.jpg\" target=\"_blank\" rel=\"noopener noreferrer\"><img decoding=\"async\" src=\"https:\/\/heritageclub.ca\/richelieu\/wp-content\/uploads\/sites\/16\/2020\/03\/2020-03-11-NK7_6192-300x193.jpg\" alt=\"2020-03-11-NK7_6192-300x193\" data-id=\"12855\" data-full-url=\"https:\/\/heritageclub.ca\/richelieu\/wp-content\/uploads\/sites\/16\/2020\/03\/2020-03-11-NK7_6192.jpg\" data-link=\"https:\/\/heritageclub.ca\/richelieu\/fr\/2020-03-11-nk7_6192\/\" class=\"wp-image-12855\"><\/a><\/figure>\n<\/li>\n<li class=\"blocks-gallery-item\">\n<figure><a href=\"https:\/\/heritageclub.ca\/richelieu\/wp-content\/uploads\/sites\/16\/2020\/03\/2020-03-11-NK7_6193.jpg\" target=\"_blank\" rel=\"noopener noreferrer\"><img decoding=\"async\" src=\"https:\/\/heritageclub.ca\/richelieu\/wp-content\/uploads\/sites\/16\/2020\/03\/2020-03-11-NK7_6193-300x188.jpg\" alt=\"2020-03-11-NK7_6193-300x188\" data-id=\"12856\" data-full-url=\"https:\/\/heritageclub.ca\/richelieu\/wp-content\/uploads\/sites\/16\/2020\/03\/2020-03-11-NK7_6193.jpg\" data-link=\"https:\/\/heritageclub.ca\/richelieu\/fr\/2020-03-11-nk7_6193\/\" class=\"wp-image-12856\"><\/a><\/figure>\n<\/li>\n<li class=\"blocks-gallery-item\">\n<figure><a href=\"https:\/\/heritageclub.ca\/richelieu\/wp-content\/uploads\/sites\/16\/2020\/03\/2020-03-11-NK7_6194.jpg\" target=\"_blank\" rel=\"noopener noreferrer\"><img decoding=\"async\" src=\"https:\/\/heritageclub.ca\/richelieu\/wp-content\/uploads\/sites\/16\/2020\/03\/2020-03-11-NK7_6194-300x200.jpg\" alt=\"2020-03-11-NK7_6194-300x200\" data-id=\"12857\" data-full-url=\"https:\/\/heritageclub.ca\/richelieu\/wp-content\/uploads\/sites\/16\/2020\/03\/2020-03-11-NK7_6194.jpg\" data-link=\"https:\/\/heritageclub.ca\/richelieu\/fr\/2020-03-11-nk7_6194\/\" class=\"wp-image-12857\"><\/a><\/figure>\n<\/li>\n<li class=\"blocks-gallery-item\">\n<figure><a href=\"https:\/\/heritageclub.ca\/richelieu\/wp-content\/uploads\/sites\/16\/2020\/03\/2020-03-11-NK7_6186.jpg\" target=\"_blank\" rel=\"noopener noreferrer\"><img decoding=\"async\" src=\"https:\/\/heritageclub.ca\/richelieu\/wp-content\/uploads\/sites\/16\/2020\/03\/2020-03-11-NK7_6186-300x183.jpg\" alt=\"2020-03-11-NK7_6186-300x183\" data-id=\"12850\" data-full-url=\"https:\/\/heritageclub.ca\/richelieu\/wp-content\/uploads\/sites\/16\/2020\/03\/2020-03-11-NK7_6186.jpg\" data-link=\"https:\/\/heritageclub.ca\/richelieu\/fr\/2020-03-11-nk7_6186\/\" class=\"wp-image-12850\"><\/a><\/figure>\n<\/li>\n<li class=\"blocks-gallery-item\">\n<figure><a href=\"https:\/\/heritageclub.ca\/richelieu\/wp-content\/uploads\/sites\/16\/2020\/03\/2020-03-11-NK7_6195.jpg\" target=\"_blank\" rel=\"noopener noreferrer\"><img decoding=\"async\" src=\"https:\/\/heritageclub.ca\/richelieu\/wp-content\/uploads\/sites\/16\/2020\/03\/2020-03-11-NK7_6195-300x188.jpg\" alt=\"2020-03-11-NK7_6195-300x188\" data-id=\"12858\" data-full-url=\"https:\/\/heritageclub.ca\/richelieu\/wp-content\/uploads\/sites\/16\/2020\/03\/2020-03-11-NK7_6195.jpg\" data-link=\"https:\/\/heritageclub.ca\/richelieu\/fr\/2020-03-11-nk7_6195\/\" class=\"wp-image-12858\"><\/a><\/figure>\n<\/li>\n<li class=\"blocks-gallery-item\">\n<figure><a href=\"https:\/\/heritageclub.ca\/richelieu\/wp-content\/uploads\/sites\/16\/2020\/03\/2020-03-11-NK7_6196.jpg\" target=\"_blank\" rel=\"noopener noreferrer\"><img decoding=\"async\" src=\"https:\/\/heritageclub.ca\/richelieu\/wp-content\/uploads\/sites\/16\/2020\/03\/2020-03-11-NK7_6196-300x206.jpg\" alt=\"2020-03-11-NK7_6196-300x206\" data-id=\"12859\" data-full-url=\"https:\/\/heritageclub.ca\/richelieu\/wp-content\/uploads\/sites\/16\/2020\/03\/2020-03-11-NK7_6196.jpg\" data-link=\"https:\/\/heritageclub.ca\/richelieu\/fr\/2020-03-11-nk7_6196\/\" class=\"wp-image-12859\"><\/a><figcaption class=\"blocks-gallery-item__caption\">Le temps du tirage<\/figcaption><\/figure>\n<\/li>\n<li class=\"blocks-gallery-item\">\n<figure><a href=\"https:\/\/heritageclub.ca\/richelieu\/wp-content\/uploads\/sites\/16\/2020\/03\/2020-03-11-NK7_6198.jpg\" target=\"_blank\" rel=\"noopener noreferrer\"><img decoding=\"async\" src=\"https:\/\/heritageclub.ca\/richelieu\/wp-content\/uploads\/sites\/16\/2020\/03\/2020-03-11-NK7_6198-300x201.jpg\" alt=\"2020-03-11-NK7_6198-300x201\" data-id=\"12861\" data-full-url=\"https:\/\/heritageclub.ca\/richelieu\/wp-content\/uploads\/sites\/16\/2020\/03\/2020-03-11-NK7_6198.jpg\" data-link=\"https:\/\/heritageclub.ca\/richelieu\/fr\/2020-03-11-nk7_6198\/\" class=\"wp-image-12861\"><\/a><figcaption class=\"blocks-gallery-item__caption\">Gagnante d&rsquo;un tirage en argent<\/figcaption><\/figure>\n<\/li>\n<li class=\"blocks-gallery-item\">\n<figure><a href=\"https:\/\/heritageclub.ca\/richelieu\/wp-content\/uploads\/sites\/16\/2020\/03\/2020-03-11-NK7_6199.jpg\" target=\"_blank\" rel=\"noopener noreferrer\"><img decoding=\"async\" src=\"https:\/\/heritageclub.ca\/richelieu\/wp-content\/uploads\/sites\/16\/2020\/03\/2020-03-11-NK7_6199-300x194.jpg\" alt=\"2020-03-11-NK7_6199-300x194\" data-id=\"12862\" data-full-url=\"https:\/\/heritageclub.ca\/richelieu\/wp-content\/uploads\/sites\/16\/2020\/03\/2020-03-11-NK7_6199.jpg\" data-link=\"https:\/\/heritageclub.ca\/richelieu\/fr\/2020-03-11-nk7_6199\/\" class=\"wp-image-12862\"><\/a><figcaption class=\"blocks-gallery-item__caption\">Gagnant d&rsquo;un tirage en argent<\/figcaption><\/figure>\n<\/li>\n<li class=\"blocks-gallery-item\">\n<figure><a href=\"https:\/\/heritageclub.ca\/richelieu\/wp-content\/uploads\/sites\/16\/2020\/03\/2020-03-11-NK7_6200.jpg\" target=\"_blank\" rel=\"noopener noreferrer\"><img decoding=\"async\" src=\"https:\/\/heritageclub.ca\/richelieu\/wp-content\/uploads\/sites\/16\/2020\/03\/2020-03-11-NK7_6200-300x192.jpg\" alt=\"2020-03-11-NK7_6200-300x192\" data-id=\"12863\" data-full-url=\"https:\/\/heritageclub.ca\/richelieu\/wp-content\/uploads\/sites\/16\/2020\/03\/2020-03-11-NK7_6200.jpg\" data-link=\"https:\/\/heritageclub.ca\/richelieu\/fr\/2020-03-11-nk7_6200\/\" class=\"wp-image-12863\"><\/a><figcaption class=\"blocks-gallery-item__caption\">Gagnant d&rsquo;une bouteille de vin<\/figcaption><\/figure>\n<\/li>\n<li class=\"blocks-gallery-item\">\n<figure><a href=\"https:\/\/heritageclub.ca\/richelieu\/wp-content\/uploads\/sites\/16\/2020\/03\/2020-03-11-NK7_6201.jpg\" target=\"_blank\" rel=\"noopener noreferrer\"><img decoding=\"async\" src=\"https:\/\/heritageclub.ca\/richelieu\/wp-content\/uploads\/sites\/16\/2020\/03\/2020-03-11-NK7_6201-300x208.jpg\" alt=\"2020-03-11-NK7_6201-300x208\" data-id=\"12864\" data-full-url=\"https:\/\/heritageclub.ca\/richelieu\/wp-content\/uploads\/sites\/16\/2020\/03\/2020-03-11-NK7_6201.jpg\" data-link=\"https:\/\/heritageclub.ca\/richelieu\/fr\/2020-03-11-nk7_6201\/\" class=\"wp-image-12864\"><\/a><figcaption class=\"blocks-gallery-item__caption\">Gagnante d&rsquo;une bouteille de vin<\/figcaption><\/figure>\n<\/li>\n<li class=\"blocks-gallery-item\">\n<figure><a href=\"https:\/\/heritageclub.ca\/richelieu\/wp-content\/uploads\/sites\/16\/2020\/03\/2020-03-11-NK7_6205.jpg\" target=\"_blank\" rel=\"noopener noreferrer\"><img decoding=\"async\" src=\"https:\/\/heritageclub.ca\/richelieu\/wp-content\/uploads\/sites\/16\/2020\/03\/2020-03-11-NK7_6205-300x179.jpg\" alt=\"2020-03-11-NK7_6205-300x179\" data-id=\"12866\" data-full-url=\"https:\/\/heritageclub.ca\/richelieu\/wp-content\/uploads\/sites\/16\/2020\/03\/2020-03-11-NK7_6205.jpg\" data-link=\"https:\/\/heritageclub.ca\/richelieu\/fr\/2020-03-11-nk7_6205\/\" class=\"wp-image-12866\"><\/a><\/figure>\n<\/li>\n<li class=\"blocks-gallery-item\">\n<figure><a href=\"https:\/\/heritageclub.ca\/richelieu\/wp-content\/uploads\/sites\/16\/2020\/03\/2020-03-11-NK7_6202.jpg\" target=\"_blank\" rel=\"noopener noreferrer\"><img decoding=\"async\" src=\"https:\/\/heritageclub.ca\/richelieu\/wp-content\/uploads\/sites\/16\/2020\/03\/2020-03-11-NK7_6202-300x198.jpg\" alt=\"2020-03-11-NK7_6202-300x198\" data-id=\"12865\" data-full-url=\"https:\/\/heritageclub.ca\/richelieu\/wp-content\/uploads\/sites\/16\/2020\/03\/2020-03-11-NK7_6202.jpg\" data-link=\"https:\/\/heritageclub.ca\/richelieu\/fr\/2020-03-11-nk7_6202\/\" class=\"wp-image-12865\"><\/a><\/figure>\n<\/li>\n<\/ul>\n<\/figure>\n<table width=\"100%\" align=\"center\">\n<tbody>\n<tr>\n<td align=\"center\">\n<hr>\n<p><span style=\"color: #808080\">R\u00e9f\u00e9rence du Bulletin Info-Richelieu \u00e0 venir<\/span><\/p>\n<hr>\n<h3><a href=\"https:\/\/heritageclub.ca\/richelieu\/fr\/contactez-nous\/\">Pour toute information ou commentaire, contactez-nous<\/a><\/h3>\n<\/td>\n<\/tr>\n<\/tbody>\n<\/table>\n","protected":false},"excerpt":{"rendered":"<p>Station des Sports 5773, boul. Taschereau, Brossard, QC J4Z 1A5 Nous \u00e9tions 47 personnes. Quatres tirages, dont 2 prix en argent et 2 bouteilles de vin. Les photos (Cliquez sur l&rsquo;image pour l&rsquo;agrandir dans une autre fen\u00eatre) La table d&rsquo;accueil Le temps du tirage Gagnante d&rsquo;un tirage en argent Gagnant d&rsquo;un tirage en argent Gagnant&#8230;  <a class=\"excerpt-read-more\" href=\"https:\/\/heritageclub.ca\/richelieu\/mars-2020-station-des-sports\/\" title=\"Read Mars 2020 \u2014 Station des Sports\">Lire la suite &raquo;<\/a><\/p>\n","protected":false},"author":12,"featured_media":0,"parent":0,"menu_order":0,"comment_status":"closed","ping_status":"closed","template":"page-fullwidth.php","meta":{"_acf_changed":false,"ngg_post_thumbnail":0,"footnotes":""},"class_list":["post-12867","page","type-page","status-publish","hentry"],"acf":[],"_links":{"self":[{"href":"https:\/\/heritageclub.ca\/richelieu\/wp-json\/wp\/v2\/pages\/12867","targetHints":{"allow":["GET"]}}],"collection":[{"href":"https:\/\/heritageclub.ca\/richelieu\/wp-json\/wp\/v2\/pages"}],"about":[{"href":"https:\/\/heritageclub.ca\/richelieu\/wp-json\/wp\/v2\/types\/page"}],"author":[{"embeddable":true,"href":"https:\/\/heritageclub.ca\/richelieu\/wp-json\/wp\/v2\/users\/12"}],"replies":[{"embeddable":true,"href":"https:\/\/heritageclub.ca\/richelieu\/wp-json\/wp\/v2\/comments?post=12867"}],"version-history":[{"count":30,"href":"https:\/\/heritageclub.ca\/richelieu\/wp-json\/wp\/v2\/pages\/12867\/revisions"}],"predecessor-version":[{"id":15803,"href":"https:\/\/heritageclub.ca\/richelieu\/wp-json\/wp\/v2\/pages\/12867\/revisions\/15803"}],"wp:attachment":[{"href":"https:\/\/heritageclub.ca\/richelieu\/wp-json\/wp\/v2\/media?parent=12867"}],"curies":[{"name":"wp","href":"https:\/\/api.w.org\/{rel}","templated":true}]}}