{"id":12335,"date":"2020-01-08T15:17:06","date_gmt":"2020-01-08T20:17:06","guid":{"rendered":"http:\/\/heritageclub.ca\/richelieu\/?page_id=12335"},"modified":"2021-03-09T13:05:12","modified_gmt":"2021-03-09T18:05:12","slug":"janvier-2020-restaurant-paolo-gattuso","status":"publish","type":"page","link":"https:\/\/heritageclub.ca\/richelieu\/janvier-2020-restaurant-paolo-gattuso\/","title":{"rendered":"Janvier 2020 \u2014 Restaurant Paolo Gattuso"},"content":{"rendered":"<table width=\"100%\" align=\"center\">\n<tbody>\n<tr>\n<td align=\"center\"><img decoding=\"async\" class=\"size-full wp-image-15798 aligncenter\" src=\"https:\/\/heritageclub.ca\/richelieu\/wp-content\/uploads\/sites\/16\/2021\/03\/Restaurant-Paolo-Gattuso-600x316-1.jpg\" alt=\"Restaurant Paolo Gattuso\" width=\"75%\"><\/p>\n<p><a href=\"https:\/\/heritageclub.ca\/richelieu\/fr\/lieu\/restaurant-paolo-gattuso-2\/\" target=\"_blank\" rel=\"noopener noreferrer\"><big>Restaurant Paolo Gattuso<\/big><br \/>\n30, boul. Taschereau, La Prairie, QC. J0J 1K0<\/a><\/p>\n<p>Nous \u00e9tions 54 personnes pr\u00e9sentes.<\/p>\n<p><img loading=\"lazy\" decoding=\"async\" src=\"https:\/\/heritageclub.ca\/richelieu\/wp-content\/uploads\/sites\/16\/2019\/09\/Vote-Richelieu-2020-200x78.jpg\" alt=\"Vote-Richelieu-2020-200x78\" width=\"200\" height=\"78\" class=\"alignnone size-full wp-image-11371\" vspace=\"10\"><br \/>\n<span style=\"color: #800000\"><strong>La r\u00e9union annuelle des \u00e9lections du Comit\u00e9 Ex\u00e9cutif<\/strong><\/span><br \/>\n<em><span style=\"color: #000000\">Ren\u00e9 Lareau<\/span><\/em> <small><span style=\"color: #808080\">a \u00e9t\u00e9 r\u00e9\u00e9lu Pr\u00e9sident,<\/span><\/small><br \/>\n<em><span style=\"color: #000000\">Marcel Nobert<\/span><\/em> <small><span style=\"color: #808080\">a \u00e9t\u00e9 r\u00e9\u00e9lu 2<sup>e<\/sup> Vice-Pr\u00e9sident<\/span><\/small><br \/>\ntous les 2 pour un mandat de 2 ans.<\/p>\n<p><img decoding=\"async\" src=\"https:\/\/heritageclub.ca\/richelieu\/wp-content\/uploads\/sites\/16\/2019\/11\/line-divider-estrellas.png\" alt=\"line-divider-estrellas\" width=\"80%\"><\/p>\n<h2><strong><em>Les photos<\/em><\/strong><\/h2>\n<p><img decoding=\"async\" class=\"\" src=\"https:\/\/heritageclub.ca\/richelieu\/wp-content\/uploads\/sites\/16\/2018\/10\/trans.gif\" alt=\"trans\" width=\"80%\" height=\"24\"><\/td>\n<\/tr>\n<\/tbody>\n<\/table>\n<p style=\"text-align: center\"><strong>(Cliquez sur l&rsquo;image pour l&rsquo;agrandir dans une autre fen\u00eatre)<\/strong><\/p>\n<figure class=\"wp-block-gallery columns-3 is-cropped\">\n<ul class=\"blocks-gallery-grid\">\n<li class=\"blocks-gallery-item\">\n<figure><a href=\"https:\/\/heritageclub.ca\/richelieu\/wp-content\/uploads\/sites\/16\/2020\/01\/2020-01-08-NK7_6108.jpg\" target=\"_blank\" rel=\"noopener noreferrer\"><img decoding=\"async\" src=\"https:\/\/heritageclub.ca\/richelieu\/wp-content\/uploads\/sites\/16\/2020\/01\/2020-01-08-NK7_6108-300x175.jpg\" alt=\"2020-01-08-NK7_6108-300x175\" data-id=\"12312\" data-full-url=\"https:\/\/heritageclub.ca\/richelieu\/wp-content\/uploads\/sites\/16\/2020\/01\/2020-01-08-NK7_6108.jpg\" data-link=\"https:\/\/heritageclub.ca\/richelieu\/fr\/2020-01-08-nk7_6108\/\" class=\"wp-image-12312\"><\/a><figcaption class=\"blocks-gallery-item__caption\">La table d&rsquo;accueil<\/figcaption><\/figure>\n<\/li>\n<li class=\"blocks-gallery-item\">\n<figure><a href=\"https:\/\/heritageclub.ca\/richelieu\/wp-content\/uploads\/sites\/16\/2020\/01\/2020-01-08-NK7_6109.jpg\" target=\"_blank\" rel=\"noopener noreferrer\"><img decoding=\"async\" src=\"https:\/\/heritageclub.ca\/richelieu\/wp-content\/uploads\/sites\/16\/2020\/01\/2020-01-08-NK7_6109-300x199.jpg\" alt=\"2020-01-08-NK7_6109-300x199\" data-id=\"12313\" data-full-url=\"https:\/\/heritageclub.ca\/richelieu\/wp-content\/uploads\/sites\/16\/2020\/01\/2020-01-08-NK7_6109.jpg\" data-link=\"https:\/\/heritageclub.ca\/richelieu\/fr\/2020-01-08-nk7_6109\/\" class=\"wp-image-12313\"><\/a><\/figure>\n<\/li>\n<li class=\"blocks-gallery-item\">\n<figure><a href=\"https:\/\/heritageclub.ca\/richelieu\/wp-content\/uploads\/sites\/16\/2020\/01\/2020-01-08-NK7_6110.jpg\" target=\"_blank\" rel=\"noopener noreferrer\"><img decoding=\"async\" src=\"https:\/\/heritageclub.ca\/richelieu\/wp-content\/uploads\/sites\/16\/2020\/01\/2020-01-08-NK7_6110-300x211.jpg\" alt=\"2020-01-08-NK7_6110-300x211\" data-id=\"12314\" data-full-url=\"https:\/\/heritageclub.ca\/richelieu\/wp-content\/uploads\/sites\/16\/2020\/01\/2020-01-08-NK7_6110.jpg\" data-link=\"https:\/\/heritageclub.ca\/richelieu\/fr\/2020-01-08-nk7_6110\/\" class=\"wp-image-12314\"><\/a><\/figure>\n<\/li>\n<li class=\"blocks-gallery-item\">\n<figure><a href=\"https:\/\/heritageclub.ca\/richelieu\/wp-content\/uploads\/sites\/16\/2020\/01\/2020-01-08-NK7_6111.jpg\" target=\"_blank\" rel=\"noopener noreferrer\"><img decoding=\"async\" src=\"https:\/\/heritageclub.ca\/richelieu\/wp-content\/uploads\/sites\/16\/2020\/01\/2020-01-08-NK7_6111-300x200.jpg\" alt=\"2020-01-08-NK7_6111-300x200\" data-id=\"12315\" data-full-url=\"https:\/\/heritageclub.ca\/richelieu\/wp-content\/uploads\/sites\/16\/2020\/01\/2020-01-08-NK7_6111.jpg\" data-link=\"https:\/\/heritageclub.ca\/richelieu\/fr\/2020-01-08-nk7_6111\/\" class=\"wp-image-12315\"><\/a><\/figure>\n<\/li>\n<li class=\"blocks-gallery-item\">\n<figure><a href=\"https:\/\/heritageclub.ca\/richelieu\/wp-content\/uploads\/sites\/16\/2020\/01\/2020-01-08-NK7_6112.jpg\" target=\"_blank\" rel=\"noopener noreferrer\"><img decoding=\"async\" src=\"https:\/\/heritageclub.ca\/richelieu\/wp-content\/uploads\/sites\/16\/2020\/01\/2020-01-08-NK7_6112-300x192.jpg\" alt=\"2020-01-08-NK7_6112-300x192\" data-id=\"12316\" data-full-url=\"https:\/\/heritageclub.ca\/richelieu\/wp-content\/uploads\/sites\/16\/2020\/01\/2020-01-08-NK7_6112.jpg\" data-link=\"https:\/\/heritageclub.ca\/richelieu\/fr\/2020-01-08-nk7_6112\/\" class=\"wp-image-12316\"><\/a><\/figure>\n<\/li>\n<li class=\"blocks-gallery-item\">\n<figure><a href=\"https:\/\/heritageclub.ca\/richelieu\/wp-content\/uploads\/sites\/16\/2020\/01\/2020-01-08-NK7_6113.jpg\" target=\"_blank\" rel=\"noopener noreferrer\"><img decoding=\"async\" src=\"https:\/\/heritageclub.ca\/richelieu\/wp-content\/uploads\/sites\/16\/2020\/01\/2020-01-08-NK7_6113-300x195.jpg\" alt=\"2020-01-08-NK7_6113-300x195\" data-id=\"12317\" data-full-url=\"https:\/\/heritageclub.ca\/richelieu\/wp-content\/uploads\/sites\/16\/2020\/01\/2020-01-08-NK7_6113.jpg\" data-link=\"https:\/\/heritageclub.ca\/richelieu\/fr\/2020-01-08-nk7_6113\/\" class=\"wp-image-12317\"><\/a><\/figure>\n<\/li>\n<li class=\"blocks-gallery-item\">\n<figure><a href=\"https:\/\/heritageclub.ca\/richelieu\/wp-content\/uploads\/sites\/16\/2020\/01\/2020-01-08-NK7_6114.jpg\" target=\"_blank\" rel=\"noopener noreferrer\"><img decoding=\"async\" src=\"https:\/\/heritageclub.ca\/richelieu\/wp-content\/uploads\/sites\/16\/2020\/01\/2020-01-08-NK7_6114-300x198.jpg\" alt=\"2020-01-08-NK7_6114-300x198\" data-id=\"12318\" data-full-url=\"https:\/\/heritageclub.ca\/richelieu\/wp-content\/uploads\/sites\/16\/2020\/01\/2020-01-08-NK7_6114.jpg\" data-link=\"https:\/\/heritageclub.ca\/richelieu\/fr\/2020-01-08-nk7_6114\/\" class=\"wp-image-12318\"><\/a><\/figure>\n<\/li>\n<li class=\"blocks-gallery-item\">\n<figure><a href=\"https:\/\/heritageclub.ca\/richelieu\/wp-content\/uploads\/sites\/16\/2020\/01\/2020-01-08-NK7_6115.jpg\" target=\"_blank\" rel=\"noopener noreferrer\"><img decoding=\"async\" src=\"https:\/\/heritageclub.ca\/richelieu\/wp-content\/uploads\/sites\/16\/2020\/01\/2020-01-08-NK7_6115-300x202.jpg\" alt=\"2020-01-08-NK7_6115-300x202\" data-id=\"12319\" data-full-url=\"https:\/\/heritageclub.ca\/richelieu\/wp-content\/uploads\/sites\/16\/2020\/01\/2020-01-08-NK7_6115.jpg\" data-link=\"https:\/\/heritageclub.ca\/richelieu\/fr\/2020-01-08-nk7_6115\/\" class=\"wp-image-12319\"><\/a><\/figure>\n<\/li>\n<li class=\"blocks-gallery-item\">\n<figure><a href=\"https:\/\/heritageclub.ca\/richelieu\/wp-content\/uploads\/sites\/16\/2020\/01\/2020-01-08-NK7_6117.jpg\" target=\"_blank\" rel=\"noopener noreferrer\"><img decoding=\"async\" src=\"https:\/\/heritageclub.ca\/richelieu\/wp-content\/uploads\/sites\/16\/2020\/01\/2020-01-08-NK7_6117-300x199.jpg\" alt=\"2020-01-08-NK7_6117-300x199\" data-id=\"12320\" data-full-url=\"https:\/\/heritageclub.ca\/richelieu\/wp-content\/uploads\/sites\/16\/2020\/01\/2020-01-08-NK7_6117.jpg\" data-link=\"https:\/\/heritageclub.ca\/richelieu\/fr\/2020-01-08-nk7_6117\/\" class=\"wp-image-12320\"><\/a><figcaption class=\"blocks-gallery-item__caption\">La pr\u00e9sidente des \u00e9lections, Sylvie Mass\u00e9.<\/figcaption><\/figure>\n<\/li>\n<li class=\"blocks-gallery-item\">\n<figure><a href=\"https:\/\/heritageclub.ca\/richelieu\/wp-content\/uploads\/sites\/16\/2020\/01\/2020-01-08-NK7_6121.jpg\" target=\"_blank\" rel=\"noopener noreferrer\"><img decoding=\"async\" src=\"https:\/\/heritageclub.ca\/richelieu\/wp-content\/uploads\/sites\/16\/2020\/01\/2020-01-08-NK7_6121-300x196.jpg\" alt=\"2020-01-08-NK7_6121-300x196\" data-id=\"12321\" data-full-url=\"https:\/\/heritageclub.ca\/richelieu\/wp-content\/uploads\/sites\/16\/2020\/01\/2020-01-08-NK7_6121.jpg\" data-link=\"https:\/\/heritageclub.ca\/richelieu\/fr\/2020-01-08-nk7_6121\/\" class=\"wp-image-12321\"><\/a><figcaption class=\"blocks-gallery-item__caption\">La pr\u00e9sidente des \u00e9lections annonce les 2 nomm\u00e9s. Ren\u00e9 et Marcel acceptent et ils sont r\u00e9\u00e9lus.<\/figcaption><\/figure>\n<\/li>\n<li class=\"blocks-gallery-item\">\n<figure><a href=\"https:\/\/heritageclub.ca\/richelieu\/wp-content\/uploads\/sites\/16\/2020\/01\/2020-01-08-NK7_6122.jpg\" target=\"_blank\" rel=\"noopener noreferrer\"><img decoding=\"async\" src=\"https:\/\/heritageclub.ca\/richelieu\/wp-content\/uploads\/sites\/16\/2020\/01\/2020-01-08-NK7_6122-300x200.jpg\" alt=\"2020-01-08-NK7_6122-300x200\" data-id=\"12322\" data-full-url=\"https:\/\/heritageclub.ca\/richelieu\/wp-content\/uploads\/sites\/16\/2020\/01\/2020-01-08-NK7_6122.jpg\" data-link=\"https:\/\/heritageclub.ca\/richelieu\/fr\/2020-01-08-nk7_6122\/\" class=\"wp-image-12322\"><\/a><\/figure>\n<\/li>\n<li class=\"blocks-gallery-item\">\n<figure><a href=\"https:\/\/heritageclub.ca\/richelieu\/wp-content\/uploads\/sites\/16\/2020\/01\/2020-01-08-NK7_6123.jpg\" target=\"_blank\" rel=\"noopener noreferrer\"><img decoding=\"async\" src=\"https:\/\/heritageclub.ca\/richelieu\/wp-content\/uploads\/sites\/16\/2020\/01\/2020-01-08-NK7_6123-300x200.jpg\" alt=\"2020-01-08-NK7_6123-300x200\" data-id=\"12323\" data-full-url=\"https:\/\/heritageclub.ca\/richelieu\/wp-content\/uploads\/sites\/16\/2020\/01\/2020-01-08-NK7_6123.jpg\" data-link=\"https:\/\/heritageclub.ca\/richelieu\/fr\/2020-01-08-nk7_6123\/\" class=\"wp-image-12323\"><\/a><\/figure>\n<\/li>\n<li class=\"blocks-gallery-item\">\n<figure><a href=\"https:\/\/heritageclub.ca\/richelieu\/wp-content\/uploads\/sites\/16\/2020\/06\/2020-01-08-NK7_6124.jpg\" target=\"_blank\" rel=\"noopener noreferrer\"><img decoding=\"async\" src=\"https:\/\/heritageclub.ca\/richelieu\/wp-content\/uploads\/sites\/16\/2020\/06\/2020-01-08-NK7_6124-300x212.jpg\" alt=\"2020-01-08-NK7_6124-300x212\" data-id=\"13446\" data-full-url=\"https:\/\/heritageclub.ca\/richelieu\/wp-content\/uploads\/sites\/16\/2020\/06\/2020-01-08-NK7_6124.jpg\" data-link=\"https:\/\/heritageclub.ca\/richelieu\/fr\/2020-01-08-nk7_6124\/\" class=\"wp-image-13446\"><\/a><figcaption class=\"blocks-gallery-item__caption\">Nouveau membre dans le Comit\u00e9 Ex\u00e9cutif Francine&nbsp;Laporte<\/figcaption><\/figure>\n<\/li>\n<li class=\"blocks-gallery-item\">\n<figure><a href=\"https:\/\/heritageclub.ca\/richelieu\/wp-content\/uploads\/sites\/16\/2020\/01\/2020-01-08-NK7_6125.jpg\" target=\"_blank\" rel=\"noopener noreferrer\"><img decoding=\"async\" src=\"https:\/\/heritageclub.ca\/richelieu\/wp-content\/uploads\/sites\/16\/2020\/01\/2020-01-08-NK7_6125-300x199.jpg\" alt=\"2020-01-08-NK7_6125-300x199\" data-id=\"12325\" data-full-url=\"https:\/\/heritageclub.ca\/richelieu\/wp-content\/uploads\/sites\/16\/2020\/01\/2020-01-08-NK7_6125.jpg\" data-link=\"https:\/\/heritageclub.ca\/richelieu\/fr\/2020-01-08-nk7_6125\/\" class=\"wp-image-12325\"><\/a><\/figure>\n<\/li>\n<li class=\"blocks-gallery-item\">\n<figure><a href=\"https:\/\/heritageclub.ca\/richelieu\/wp-content\/uploads\/sites\/16\/2020\/01\/2020-01-08-NK7_6126.jpg\" target=\"_blank\" rel=\"noopener noreferrer\"><img decoding=\"async\" src=\"https:\/\/heritageclub.ca\/richelieu\/wp-content\/uploads\/sites\/16\/2020\/01\/2020-01-08-NK7_6126-300x188.jpg\" alt=\"2020-01-08-NK7_6126-300x188\" data-id=\"12326\" data-full-url=\"https:\/\/heritageclub.ca\/richelieu\/wp-content\/uploads\/sites\/16\/2020\/01\/2020-01-08-NK7_6126.jpg\" data-link=\"https:\/\/heritageclub.ca\/richelieu\/fr\/2020-01-08-nk7_6126\/\" class=\"wp-image-12326\"><\/a><\/figure>\n<\/li>\n<li class=\"blocks-gallery-item\">\n<figure><a href=\"https:\/\/heritageclub.ca\/richelieu\/wp-content\/uploads\/sites\/16\/2020\/01\/2020-01-08-NK7_6127.jpg\" target=\"_blank\" rel=\"noopener noreferrer\"><img decoding=\"async\" src=\"https:\/\/heritageclub.ca\/richelieu\/wp-content\/uploads\/sites\/16\/2020\/01\/2020-01-08-NK7_6127-300x188.jpg\" alt=\"2020-01-08-NK7_6127-300x188\" data-id=\"12327\" data-full-url=\"https:\/\/heritageclub.ca\/richelieu\/wp-content\/uploads\/sites\/16\/2020\/01\/2020-01-08-NK7_6127.jpg\" data-link=\"https:\/\/heritageclub.ca\/richelieu\/fr\/2020-01-08-nk7_6127\/\" class=\"wp-image-12327\"><\/a><\/figure>\n<\/li>\n<li class=\"blocks-gallery-item\">\n<figure><a href=\"https:\/\/heritageclub.ca\/richelieu\/wp-content\/uploads\/sites\/16\/2020\/01\/2020-01-08-NK7_6128.jpg\" target=\"_blank\" rel=\"noopener noreferrer\"><img decoding=\"async\" src=\"https:\/\/heritageclub.ca\/richelieu\/wp-content\/uploads\/sites\/16\/2020\/01\/2020-01-08-NK7_6128-300x195.jpg\" alt=\"2020-01-08-NK7_6128-300x195\" data-id=\"12328\" data-full-url=\"https:\/\/heritageclub.ca\/richelieu\/wp-content\/uploads\/sites\/16\/2020\/01\/2020-01-08-NK7_6128.jpg\" data-link=\"https:\/\/heritageclub.ca\/richelieu\/fr\/2020-01-08-nk7_6128\/\" class=\"wp-image-12328\"><\/a><figcaption class=\"blocks-gallery-item__caption\">Le temps du tirage<\/figcaption><\/figure>\n<\/li>\n<li class=\"blocks-gallery-item\">\n<figure><a href=\"https:\/\/heritageclub.ca\/richelieu\/wp-content\/uploads\/sites\/16\/2020\/01\/2020-01-08-NK7_6129.jpg\" target=\"_blank\" rel=\"noopener noreferrer\"><img decoding=\"async\" src=\"https:\/\/heritageclub.ca\/richelieu\/wp-content\/uploads\/sites\/16\/2020\/01\/2020-01-08-NK7_6129-300x201.jpg\" alt=\"2020-01-08-NK7_6129-300x201\" data-id=\"12329\" data-full-url=\"https:\/\/heritageclub.ca\/richelieu\/wp-content\/uploads\/sites\/16\/2020\/01\/2020-01-08-NK7_6129.jpg\" data-link=\"https:\/\/heritageclub.ca\/richelieu\/fr\/2020-01-08-nk7_6129\/\" class=\"wp-image-12329\"><\/a><\/figure>\n<\/li>\n<li class=\"blocks-gallery-item\">\n<figure><a href=\"https:\/\/heritageclub.ca\/richelieu\/wp-content\/uploads\/sites\/16\/2020\/01\/2020-01-08-NK7_6130.jpg\" target=\"_blank\" rel=\"noopener noreferrer\"><img decoding=\"async\" src=\"https:\/\/heritageclub.ca\/richelieu\/wp-content\/uploads\/sites\/16\/2020\/01\/2020-01-08-NK7_6130-300x206.jpg\" alt=\"2020-01-08-NK7_6130-300x206\" data-id=\"12330\" data-full-url=\"https:\/\/heritageclub.ca\/richelieu\/wp-content\/uploads\/sites\/16\/2020\/01\/2020-01-08-NK7_6130.jpg\" data-link=\"https:\/\/heritageclub.ca\/richelieu\/fr\/2020-01-08-nk7_6130\/\" class=\"wp-image-12330\"><\/a><figcaption class=\"blocks-gallery-item__caption\">Gagnant d&rsquo;un tirage en argent<\/figcaption><\/figure>\n<\/li>\n<li class=\"blocks-gallery-item\">\n<figure><a href=\"https:\/\/heritageclub.ca\/richelieu\/wp-content\/uploads\/sites\/16\/2020\/01\/2020-01-08-NK7_6131.jpg\" target=\"_blank\" rel=\"noopener noreferrer\"><img decoding=\"async\" src=\"https:\/\/heritageclub.ca\/richelieu\/wp-content\/uploads\/sites\/16\/2020\/01\/2020-01-08-NK7_6131-300x186.jpg\" alt=\"2020-01-08-NK7_6131-300x186\" data-id=\"12331\" data-full-url=\"https:\/\/heritageclub.ca\/richelieu\/wp-content\/uploads\/sites\/16\/2020\/01\/2020-01-08-NK7_6131.jpg\" data-link=\"https:\/\/heritageclub.ca\/richelieu\/fr\/2020-01-08-nk7_6131\/\" class=\"wp-image-12331\"><\/a><\/figure>\n<\/li>\n<li class=\"blocks-gallery-item\">\n<figure><a href=\"https:\/\/heritageclub.ca\/richelieu\/wp-content\/uploads\/sites\/16\/2020\/01\/2020-01-08-NK7_6132.jpg\" target=\"_blank\" rel=\"noopener noreferrer\"><img decoding=\"async\" src=\"https:\/\/heritageclub.ca\/richelieu\/wp-content\/uploads\/sites\/16\/2020\/01\/2020-01-08-NK7_6132-300x185.jpg\" alt=\"2020-01-08-NK7_6132-300x185\" data-id=\"12332\" data-full-url=\"https:\/\/heritageclub.ca\/richelieu\/wp-content\/uploads\/sites\/16\/2020\/01\/2020-01-08-NK7_6132.jpg\" data-link=\"https:\/\/heritageclub.ca\/richelieu\/fr\/2020-01-08-nk7_6132\/\" class=\"wp-image-12332\"><\/a><figcaption class=\"blocks-gallery-item__caption\">Gagnante d&rsquo;un tirage en argent<\/figcaption><\/figure>\n<\/li>\n<li class=\"blocks-gallery-item\">\n<figure><a href=\"https:\/\/heritageclub.ca\/richelieu\/wp-content\/uploads\/sites\/16\/2020\/01\/2020-01-08-NK7_6133.jpg\" target=\"_blank\" rel=\"noopener noreferrer\"><img decoding=\"async\" src=\"https:\/\/heritageclub.ca\/richelieu\/wp-content\/uploads\/sites\/16\/2020\/01\/2020-01-08-NK7_6133-300x196.jpg\" alt=\"2020-01-08-NK7_6133-300x196\" data-id=\"12333\" data-full-url=\"https:\/\/heritageclub.ca\/richelieu\/wp-content\/uploads\/sites\/16\/2020\/01\/2020-01-08-NK7_6133.jpg\" data-link=\"https:\/\/heritageclub.ca\/richelieu\/fr\/2020-01-08-nk7_6133\/\" class=\"wp-image-12333\"><\/a><figcaption class=\"blocks-gallery-item__caption\">Gagnante d&rsquo;une bouteille de vin<\/figcaption><\/figure>\n<\/li>\n<li class=\"blocks-gallery-item\">\n<figure><a href=\"https:\/\/heritageclub.ca\/richelieu\/wp-content\/uploads\/sites\/16\/2020\/01\/2020-01-08-NK7_6134.jpg\" target=\"_blank\" rel=\"noopener noreferrer\"><img decoding=\"async\" src=\"https:\/\/heritageclub.ca\/richelieu\/wp-content\/uploads\/sites\/16\/2020\/01\/2020-01-08-NK7_6134-300x180.jpg\" alt=\"2020-01-08-NK7_6134-300x180\" data-id=\"12334\" data-full-url=\"https:\/\/heritageclub.ca\/richelieu\/wp-content\/uploads\/sites\/16\/2020\/01\/2020-01-08-NK7_6134.jpg\" data-link=\"https:\/\/heritageclub.ca\/richelieu\/fr\/2020-01-08-nk7_6134\/\" class=\"wp-image-12334\"><\/a><\/figure>\n<\/li>\n<\/ul>\n<\/figure>\n<table width=\"100%\" align=\"center\">\n<tbody>\n<tr>\n<td align=\"center\">\n<hr>\n<p><span style=\"color: #808080\">R\u00e9f\u00e9rence du Bulletin Info-Richelieu \u00e0 venir<\/span><\/p>\n<hr>\n<h3><a href=\"https:\/\/heritageclub.ca\/richelieu\/fr\/contactez-nous\/\">Pour toute information ou commentaire, contactez-nous<\/a><\/h3>\n<\/td>\n<\/tr>\n<\/tbody>\n<\/table>\n","protected":false},"excerpt":{"rendered":"<p>Restaurant Paolo Gattuso 30, boul. Taschereau, La Prairie, QC. J0J 1K0 Nous \u00e9tions 54 personnes pr\u00e9sentes. La r\u00e9union annuelle des \u00e9lections du Comit\u00e9 Ex\u00e9cutif Ren\u00e9 Lareau a \u00e9t\u00e9 r\u00e9\u00e9lu Pr\u00e9sident, Marcel Nobert a \u00e9t\u00e9 r\u00e9\u00e9lu 2e Vice-Pr\u00e9sident tous les 2 pour un mandat de 2 ans. Les photos (Cliquez sur l&rsquo;image pour l&rsquo;agrandir dans une&#8230;  <a class=\"excerpt-read-more\" href=\"https:\/\/heritageclub.ca\/richelieu\/janvier-2020-restaurant-paolo-gattuso\/\" title=\"Read Janvier 2020 \u2014 Restaurant Paolo Gattuso\">Lire la suite &raquo;<\/a><\/p>\n","protected":false},"author":12,"featured_media":0,"parent":0,"menu_order":0,"comment_status":"closed","ping_status":"closed","template":"page-fullwidth.php","meta":{"_acf_changed":false,"ngg_post_thumbnail":0,"footnotes":""},"class_list":["post-12335","page","type-page","status-publish","hentry"],"acf":[],"_links":{"self":[{"href":"https:\/\/heritageclub.ca\/richelieu\/wp-json\/wp\/v2\/pages\/12335","targetHints":{"allow":["GET"]}}],"collection":[{"href":"https:\/\/heritageclub.ca\/richelieu\/wp-json\/wp\/v2\/pages"}],"about":[{"href":"https:\/\/heritageclub.ca\/richelieu\/wp-json\/wp\/v2\/types\/page"}],"author":[{"embeddable":true,"href":"https:\/\/heritageclub.ca\/richelieu\/wp-json\/wp\/v2\/users\/12"}],"replies":[{"embeddable":true,"href":"https:\/\/heritageclub.ca\/richelieu\/wp-json\/wp\/v2\/comments?post=12335"}],"version-history":[{"count":42,"href":"https:\/\/heritageclub.ca\/richelieu\/wp-json\/wp\/v2\/pages\/12335\/revisions"}],"predecessor-version":[{"id":15801,"href":"https:\/\/heritageclub.ca\/richelieu\/wp-json\/wp\/v2\/pages\/12335\/revisions\/15801"}],"wp:attachment":[{"href":"https:\/\/heritageclub.ca\/richelieu\/wp-json\/wp\/v2\/media?parent=12335"}],"curies":[{"name":"wp","href":"https:\/\/api.w.org\/{rel}","templated":true}]}}