{"id":11463,"date":"2019-10-12T09:56:13","date_gmt":"2019-10-12T13:56:13","guid":{"rendered":"http:\/\/heritageclub.ca\/richelieu\/?page_id=11463"},"modified":"2021-03-09T13:13:11","modified_gmt":"2021-03-09T18:13:11","slug":"octobre-2019-restaurant-ambrosia","status":"publish","type":"page","link":"https:\/\/heritageclub.ca\/richelieu\/octobre-2019-restaurant-ambrosia\/","title":{"rendered":"Octobre 2019 \u2014 Restaurant Ambrosia"},"content":{"rendered":"<table width=\"100%\" align=\"center\">\n<tbody>\n<tr>\n<td align=\"center\"><img decoding=\"async\" class=\"size-full wp-image-15809 aligncenter\" src=\"https:\/\/heritageclub.ca\/richelieu\/wp-content\/uploads\/sites\/16\/2021\/03\/Ambrosia.png\" alt=\"Restaurant Ambrosia\" width=\"75%\"><br \/>\n<a href=\"https:\/\/heritageclub.ca\/richelieu\/fr\/lieu\/restaurant-ambrosia\/\" target=\"_blank\" rel=\"noopener noreferrer\"><big>Restaurant Ambrosia<\/big><br \/>\n5910, Chemin de Chambly, St-Hubert, QC, J3Y 3R4<\/a><\/p>\n<p>Nous \u00e9tions 56 personnes pr\u00e9sentes.<br \/>\nComme \u00e0 l\u2019habitude, il y avait des prix de pr\u00e9sence et des sommes d\u2019argent qui ont \u00e9t\u00e9 partag\u00e9s entre les participants.<\/td>\n<\/tr>\n<tr>\n<td align=\"center\"><img decoding=\"async\" src=\"https:\/\/heritageclub.ca\/richelieu\/wp-content\/uploads\/sites\/16\/2019\/11\/line-divider-estrellas.png\" alt=\"line-divider-estrellas\" width=\"80%\"><\/p>\n<h2><strong><em>Les photos<\/em><\/strong><\/h2>\n<p><img decoding=\"async\" class=\"\" src=\"https:\/\/heritageclub.ca\/richelieu\/wp-content\/uploads\/sites\/16\/2018\/10\/trans.gif\" alt=\"trans\" width=\"80%\" height=\"24\"><\/td>\n<\/tr>\n<\/tbody>\n<\/table>\n<p style=\"text-align: center\"><strong>(Cliquez sur l&rsquo;image pour l&rsquo;agrandir dans une autre fen\u00eatre)<\/strong><\/p>\n<ul class=\"wp-block-gallery columns-3 is-cropped\">\n<li class=\"blocks-gallery-item\">\n<figure><a href=\"https:\/\/heritageclub.ca\/richelieu\/wp-content\/uploads\/sites\/16\/2019\/10\/2010-10-9_NK7_4924.jpg\" target=\"_blank\" rel=\"noopener noreferrer\"><img decoding=\"async\" class=\"wp-image-11444\" src=\"https:\/\/heritageclub.ca\/richelieu\/wp-content\/uploads\/sites\/16\/2019\/10\/2010-10-9_NK7_4924-300x200.jpg\" alt=\"2010-10-9_NK7_4924-300x200\" data-id=\"11444\" data-link=\"https:\/\/heritageclub.ca\/richelieu\/fr\/2010-10-9_nk7_4924\/\"><\/a><\/figure>\n<\/li>\n<li class=\"blocks-gallery-item\">\n<figure><a href=\"https:\/\/heritageclub.ca\/richelieu\/wp-content\/uploads\/sites\/16\/2019\/10\/2010-10-9_NK7_4940.jpg\" target=\"_blank\" rel=\"noopener noreferrer\"><img decoding=\"async\" class=\"wp-image-11438\" src=\"https:\/\/heritageclub.ca\/richelieu\/wp-content\/uploads\/sites\/16\/2019\/10\/2010-10-9_NK7_4940-300x192.jpg\" alt=\"2010-10-9_NK7_4940-300x192\" data-id=\"11438\" data-link=\"https:\/\/heritageclub.ca\/richelieu\/fr\/2010-10-9_nk7_4940\/\"><\/a><\/figure>\n<\/li>\n<li class=\"blocks-gallery-item\">\n<figure><a href=\"https:\/\/heritageclub.ca\/richelieu\/wp-content\/uploads\/sites\/16\/2019\/10\/2010-10-9_NK7_4926.jpg\" target=\"_blank\" rel=\"noopener noreferrer\"><img decoding=\"async\" class=\"wp-image-11423\" src=\"https:\/\/heritageclub.ca\/richelieu\/wp-content\/uploads\/sites\/16\/2019\/10\/2010-10-9_NK7_4926-300x190.jpg\" alt=\"2010-10-9_NK7_4926-300x190\" data-id=\"11423\" data-link=\"https:\/\/heritageclub.ca\/richelieu\/fr\/2010-10-9_nk7_4926\/\"><\/a><\/figure>\n<\/li>\n<li class=\"blocks-gallery-item\">\n<figure><a href=\"https:\/\/heritageclub.ca\/richelieu\/wp-content\/uploads\/sites\/16\/2019\/10\/2010-10-9_NK7_4927.jpg\" target=\"_blank\" rel=\"noopener noreferrer\"><img decoding=\"async\" class=\"wp-image-11445\" src=\"https:\/\/heritageclub.ca\/richelieu\/wp-content\/uploads\/sites\/16\/2019\/10\/2010-10-9_NK7_4927-300x200.jpg\" alt=\"2010-10-9_NK7_4927-300x200\" data-id=\"11445\" data-link=\"https:\/\/heritageclub.ca\/richelieu\/fr\/2010-10-9_nk7_4927\/\"><\/a><\/figure>\n<\/li>\n<li class=\"blocks-gallery-item\">\n<figure><a href=\"https:\/\/heritageclub.ca\/richelieu\/wp-content\/uploads\/sites\/16\/2019\/10\/2010-10-9_NK7_4928.jpg\" target=\"_blank\" rel=\"noopener noreferrer\"><img decoding=\"async\" class=\"wp-image-11460\" src=\"https:\/\/heritageclub.ca\/richelieu\/wp-content\/uploads\/sites\/16\/2019\/10\/2010-10-9_NK7_4928-300x200.jpg\" alt=\"2010-10-9_NK7_4928-300x200\" data-id=\"11460\" data-link=\"https:\/\/heritageclub.ca\/richelieu\/fr\/2010-10-9_nk7_4928\/\"><\/a><\/figure>\n<\/li>\n<li class=\"blocks-gallery-item\">\n<figure><a href=\"https:\/\/heritageclub.ca\/richelieu\/wp-content\/uploads\/sites\/16\/2019\/10\/2010-10-9_NK7_4932.jpg\" target=\"_blank\" rel=\"noopener noreferrer\"><img decoding=\"async\" class=\"wp-image-11454\" src=\"https:\/\/heritageclub.ca\/richelieu\/wp-content\/uploads\/sites\/16\/2019\/10\/2010-10-9_NK7_4932-300x195.jpg\" alt=\"2010-10-9_NK7_4932-300x195\" data-id=\"11454\" data-link=\"https:\/\/heritageclub.ca\/richelieu\/fr\/2010-10-9_nk7_4932\/\"><\/a><\/figure>\n<\/li>\n<li class=\"blocks-gallery-item\">\n<figure><a href=\"https:\/\/heritageclub.ca\/richelieu\/wp-content\/uploads\/sites\/16\/2019\/10\/2010-10-9_NK7_4929.jpg\" target=\"_blank\" rel=\"noopener noreferrer\"><img decoding=\"async\" class=\"wp-image-11426\" src=\"https:\/\/heritageclub.ca\/richelieu\/wp-content\/uploads\/sites\/16\/2019\/10\/2010-10-9_NK7_4929-300x200.jpg\" alt=\"2010-10-9_NK7_4929-300x200\" data-id=\"11426\" data-link=\"https:\/\/heritageclub.ca\/richelieu\/fr\/2010-10-9_nk7_4929\/\"><\/a><\/figure>\n<\/li>\n<li class=\"blocks-gallery-item\">\n<figure><a href=\"https:\/\/heritageclub.ca\/richelieu\/wp-content\/uploads\/sites\/16\/2019\/10\/2010-10-9_NK7_4930.jpg\" target=\"_blank\" rel=\"noopener noreferrer\"><img decoding=\"async\" class=\"wp-image-11447\" src=\"https:\/\/heritageclub.ca\/richelieu\/wp-content\/uploads\/sites\/16\/2019\/10\/2010-10-9_NK7_4930-300x192.jpg\" alt=\"2010-10-9_NK7_4930-300x192\" data-id=\"11447\" data-link=\"https:\/\/heritageclub.ca\/richelieu\/fr\/2010-10-9_nk7_4930\/\"><\/a><\/figure>\n<\/li>\n<li class=\"blocks-gallery-item\">\n<figure><a href=\"https:\/\/heritageclub.ca\/richelieu\/wp-content\/uploads\/sites\/16\/2019\/10\/2010-10-9_NK7_4931.jpg\" target=\"_blank\" rel=\"noopener noreferrer\"><img decoding=\"async\" class=\"wp-image-11428\" src=\"https:\/\/heritageclub.ca\/richelieu\/wp-content\/uploads\/sites\/16\/2019\/10\/2010-10-9_NK7_4931-300x198.jpg\" alt=\"2010-10-9_NK7_4931-300x198\" data-id=\"11428\" data-link=\"https:\/\/heritageclub.ca\/richelieu\/fr\/2010-10-9_nk7_4931\/\"><\/a><\/figure>\n<\/li>\n<li class=\"blocks-gallery-item\">\n<figure><a href=\"https:\/\/heritageclub.ca\/richelieu\/wp-content\/uploads\/sites\/16\/2019\/10\/2010-10-9_NK7_4933.jpg\" target=\"_blank\" rel=\"noopener noreferrer\"><img decoding=\"async\" class=\"wp-image-11455\" src=\"https:\/\/heritageclub.ca\/richelieu\/wp-content\/uploads\/sites\/16\/2019\/10\/2010-10-9_NK7_4933-300x200.jpg\" alt=\"2010-10-9_NK7_4933-300x200\" data-id=\"11455\" data-link=\"https:\/\/heritageclub.ca\/richelieu\/fr\/2010-10-9_nk7_4933\/\"><\/a><\/figure>\n<\/li>\n<li class=\"blocks-gallery-item\">\n<figure><a href=\"https:\/\/heritageclub.ca\/richelieu\/wp-content\/uploads\/sites\/16\/2019\/10\/2010-10-9_NK7_4923.jpg\" target=\"_blank\" rel=\"noopener noreferrer\"><img decoding=\"async\" class=\"wp-image-11441\" src=\"https:\/\/heritageclub.ca\/richelieu\/wp-content\/uploads\/sites\/16\/2019\/10\/2010-10-9_NK7_4923-300x200.jpg\" alt=\"2010-10-9_NK7_4923-300x200\" data-id=\"11441\" data-link=\"https:\/\/heritageclub.ca\/richelieu\/fr\/2010-10-9_nk7_4923\/\"><\/a><\/figure>\n<\/li>\n<li class=\"blocks-gallery-item\">\n<figure><a href=\"https:\/\/heritageclub.ca\/richelieu\/wp-content\/uploads\/sites\/16\/2019\/10\/2010-10-9_NK7_4935.jpg\" target=\"_blank\" rel=\"noopener noreferrer\"><img decoding=\"async\" class=\"wp-image-11450\" src=\"https:\/\/heritageclub.ca\/richelieu\/wp-content\/uploads\/sites\/16\/2019\/10\/2010-10-9_NK7_4935-300x209.jpg\" alt=\"2010-10-9_NK7_4935-300x209\" data-id=\"11450\" data-link=\"https:\/\/heritageclub.ca\/richelieu\/fr\/2010-10-9_nk7_4935\/\"><\/a><\/figure>\n<\/li>\n<li class=\"blocks-gallery-item\">\n<figure><a href=\"https:\/\/heritageclub.ca\/richelieu\/wp-content\/uploads\/sites\/16\/2019\/10\/2010-10-9_NK7_4936.jpg\" target=\"_blank\" rel=\"noopener noreferrer\"><img decoding=\"async\" class=\"wp-image-11433\" src=\"https:\/\/heritageclub.ca\/richelieu\/wp-content\/uploads\/sites\/16\/2019\/10\/2010-10-9_NK7_4936-300x206.jpg\" alt=\"2010-10-9_NK7_4936-300x206\" data-id=\"11433\" data-link=\"https:\/\/heritageclub.ca\/richelieu\/fr\/2010-10-9_nk7_4936\/\"><\/a><\/figure>\n<\/li>\n<li class=\"blocks-gallery-item\">\n<figure><a href=\"https:\/\/heritageclub.ca\/richelieu\/wp-content\/uploads\/sites\/16\/2019\/10\/2010-10-9_NK7_4937.jpg\" target=\"_blank\" rel=\"noopener noreferrer\"><img decoding=\"async\" class=\"wp-image-11456\" src=\"https:\/\/heritageclub.ca\/richelieu\/wp-content\/uploads\/sites\/16\/2019\/10\/2010-10-9_NK7_4937-300x197.jpg\" alt=\"2010-10-9_NK7_4937-300x197\" data-id=\"11456\" data-link=\"https:\/\/heritageclub.ca\/richelieu\/fr\/2010-10-9_nk7_4937\/\"><\/a><\/figure>\n<\/li>\n<li class=\"blocks-gallery-item\">\n<figure><a href=\"https:\/\/heritageclub.ca\/richelieu\/wp-content\/uploads\/sites\/16\/2019\/10\/2010-10-9_NK7_4939.jpg\" target=\"_blank\" rel=\"noopener noreferrer\"><img decoding=\"async\" class=\"wp-image-11461\" src=\"https:\/\/heritageclub.ca\/richelieu\/wp-content\/uploads\/sites\/16\/2019\/10\/2010-10-9_NK7_4939-300x200.jpg\" alt=\"2010-10-9_NK7_4939-300x200\" data-id=\"11461\" data-link=\"https:\/\/heritageclub.ca\/richelieu\/fr\/2010-10-9_nk7_4939\/\"><\/a><\/figure>\n<\/li>\n<li class=\"blocks-gallery-item\">\n<figure><a href=\"https:\/\/heritageclub.ca\/richelieu\/wp-content\/uploads\/sites\/16\/2019\/10\/2010-10-9_NK7_4941_PBY.jpg\" target=\"_blank\" rel=\"noopener noreferrer\"><img decoding=\"async\" class=\"wp-image-11440\" src=\"https:\/\/heritageclub.ca\/richelieu\/wp-content\/uploads\/sites\/16\/2019\/10\/2010-10-9_NK7_4941_PBY-300x193.jpg\" alt=\"2010-10-9_NK7_4941_PBY-300x193\" data-id=\"11440\" data-link=\"https:\/\/heritageclub.ca\/richelieu\/fr\/2010-10-9_nk7_4941_pby\/\"><\/a><figcaption>En Octobre \u2192 la f\u00eate \u00e0 Gaston<\/figcaption><\/figure>\n<\/li>\n<li class=\"blocks-gallery-item\">\n<figure><a href=\"https:\/\/heritageclub.ca\/richelieu\/wp-content\/uploads\/sites\/16\/2019\/10\/2010-10-9_NK7_4938_60.jpg\" target=\"_blank\" rel=\"noopener noreferrer\"><img decoding=\"async\" class=\"wp-image-11484\" src=\"https:\/\/heritageclub.ca\/richelieu\/wp-content\/uploads\/sites\/16\/2019\/10\/2010-10-9_NK7_4938_60-300x212.jpg\" alt=\"2010-10-9_NK7_4938_60-300x212\" data-id=\"11484\" data-link=\"https:\/\/heritageclub.ca\/richelieu\/fr\/2010-10-9_NK7_4938_60\/\"><\/a><\/figure>\n<\/li>\n<\/ul>\n<table width=\"100%\" align=\"center\">\n<tbody>\n<tr>\n<td align=\"center\">\n<hr>\n<p><span style=\"color: #808080\">R\u00e9f\u00e9rence du Bulletin Info-Richelieu \u00e0 venir<\/span><\/p>\n<hr>\n<h3><a href=\"https:\/\/heritageclub.ca\/richelieu\/fr\/contactez-nous\/\">Pour toute information ou commentaire, contactez-nous<\/a><\/h3>\n<\/td>\n<\/tr>\n<\/tbody>\n<\/table>\n","protected":false},"excerpt":{"rendered":"<p>Restaurant Ambrosia 5910, Chemin de Chambly, St-Hubert, QC, J3Y 3R4 Nous \u00e9tions 56 personnes pr\u00e9sentes. Comme \u00e0 l\u2019habitude, il y avait des prix de pr\u00e9sence et des sommes d\u2019argent qui ont \u00e9t\u00e9 partag\u00e9s entre les participants. Les photos (Cliquez sur l&rsquo;image pour l&rsquo;agrandir dans une autre fen\u00eatre) En Octobre \u2192 la f\u00eate \u00e0 Gaston R\u00e9f\u00e9rence&#8230;  <a class=\"excerpt-read-more\" href=\"https:\/\/heritageclub.ca\/richelieu\/octobre-2019-restaurant-ambrosia\/\" title=\"Read Octobre 2019 \u2014 Restaurant Ambrosia\">Lire la suite &raquo;<\/a><\/p>\n","protected":false},"author":12,"featured_media":0,"parent":0,"menu_order":0,"comment_status":"closed","ping_status":"closed","template":"page-fullwidth.php","meta":{"_acf_changed":false,"ngg_post_thumbnail":0,"footnotes":""},"class_list":["post-11463","page","type-page","status-publish","hentry"],"acf":[],"_links":{"self":[{"href":"https:\/\/heritageclub.ca\/richelieu\/wp-json\/wp\/v2\/pages\/11463","targetHints":{"allow":["GET"]}}],"collection":[{"href":"https:\/\/heritageclub.ca\/richelieu\/wp-json\/wp\/v2\/pages"}],"about":[{"href":"https:\/\/heritageclub.ca\/richelieu\/wp-json\/wp\/v2\/types\/page"}],"author":[{"embeddable":true,"href":"https:\/\/heritageclub.ca\/richelieu\/wp-json\/wp\/v2\/users\/12"}],"replies":[{"embeddable":true,"href":"https:\/\/heritageclub.ca\/richelieu\/wp-json\/wp\/v2\/comments?post=11463"}],"version-history":[{"count":54,"href":"https:\/\/heritageclub.ca\/richelieu\/wp-json\/wp\/v2\/pages\/11463\/revisions"}],"predecessor-version":[{"id":15810,"href":"https:\/\/heritageclub.ca\/richelieu\/wp-json\/wp\/v2\/pages\/11463\/revisions\/15810"}],"wp:attachment":[{"href":"https:\/\/heritageclub.ca\/richelieu\/wp-json\/wp\/v2\/media?parent=11463"}],"curies":[{"name":"wp","href":"https:\/\/api.w.org\/{rel}","templated":true}]}}