{"id":11202,"date":"2019-09-25T13:22:19","date_gmt":"2019-09-25T17:22:19","guid":{"rendered":"http:\/\/heritageclub.ca\/richelieu\/?page_id=11202"},"modified":"2021-03-09T13:15:33","modified_gmt":"2021-03-09T18:15:33","slug":"septembre-2019-le-vieux-canal","status":"publish","type":"page","link":"https:\/\/heritageclub.ca\/richelieu\/septembre-2019-le-vieux-canal\/","title":{"rendered":"Septembre 2019 \u2014 Le Vieux Canal"},"content":{"rendered":"<table width=\"100%\" align=\"center\">\n<tbody>\n<tr>\n<td align=\"center\"><img decoding=\"async\" class=\"size-full wp-image-15813 aligncenter\" src=\"https:\/\/heritageclub.ca\/richelieu\/wp-content\/uploads\/sites\/16\/2021\/03\/Restaurant-Le-vieux-Canal.jpg\" alt=\"Le Vieux Canal\" width=\"75%\"><\/p>\n<p><a href=\"https:\/\/heritageclub.ca\/richelieu\/fr\/lieu\/restaurant-le-vieux-canal\/\" target=\"_blank\" rel=\"noopener noreferrer\"><big>Restaurant Le Vieux Canal<\/big><br \/>\n4185, boul. Marie-Victorin, Sainte-Catherine, QC J5C 1X9<\/a><\/p>\n<p>C\u2019est dans un tout nouveau restaurant, <em><strong>Le Vieux Canal,<\/strong><\/em> que les membres se sont r\u00e9unis le 11 septembre.<br \/>\nIl y avait 62 personnes pr\u00e9sentes.<br \/>\nLors des \u00e9changes, les gens appr\u00e9cient d\u00e9couvrir les restaurants en r\u00e9gion.<br \/>\nComme \u00e0 l\u2019habitude, il y avait des prix de pr\u00e9sence et des sommes d\u2019argent qui ont \u00e9t\u00e9 partag\u00e9s entre les participants.<br \/>\nTous se souvenaient du 11 sept 2001.<\/td>\n<\/tr>\n<tr>\n<td align=\"center\"><img decoding=\"async\" src=\"https:\/\/heritageclub.ca\/richelieu\/wp-content\/uploads\/sites\/16\/2019\/11\/line-divider-estrellas.png\" alt=\"line-divider-estrellas\" width=\"80%\"><\/p>\n<h2><strong><em>Les photos<\/em><\/strong><\/h2>\n<p><img decoding=\"async\" class=\"\" src=\"https:\/\/heritageclub.ca\/richelieu\/wp-content\/uploads\/sites\/16\/2018\/10\/trans.gif\" alt=\"trans\" width=\"80%\" height=\"24\"><\/td>\n<\/tr>\n<\/tbody>\n<\/table>\n<p style=\"text-align: center\"><strong>(Cliquez sur l&rsquo;image pour l&rsquo;agrandir dans une autre fen\u00eatre)<\/strong><\/p>\n<ul class=\"wp-block-gallery columns-3 is-cropped\">\n<li class=\"blocks-gallery-item\">\n<figure><a href=\"https:\/\/heritageclub.ca\/richelieu\/wp-content\/uploads\/sites\/16\/2019\/09\/2019-09-11-4055.jpg\" target=\"_blank\" rel=\"noopener noreferrer\"><img decoding=\"async\" class=\"wp-image-11178\" src=\"https:\/\/heritageclub.ca\/richelieu\/wp-content\/uploads\/sites\/16\/2019\/09\/2019-09-11-4055-300x225.jpg\" alt=\"2019-09-11-4055-300x225\" data-id=\"11178\" data-link=\"https:\/\/heritageclub.ca\/richelieu\/fr\/2019-09-11-4055\/\"><\/a><\/figure>\n<\/li>\n<li class=\"blocks-gallery-item\">\n<figure><a href=\"https:\/\/heritageclub.ca\/richelieu\/wp-content\/uploads\/sites\/16\/2019\/09\/2019-09-11-4059.jpg\" target=\"_blank\" rel=\"noopener noreferrer\"><img decoding=\"async\" class=\"wp-image-11192\" src=\"https:\/\/heritageclub.ca\/richelieu\/wp-content\/uploads\/sites\/16\/2019\/09\/2019-09-11-4059-300x225.jpg\" alt=\"2019-09-11-4059-300x225\" data-id=\"11192\" data-link=\"https:\/\/heritageclub.ca\/richelieu\/fr\/2019-09-11-4059\/\"><\/a><\/figure>\n<\/li>\n<li class=\"blocks-gallery-item\">\n<figure><a href=\"https:\/\/heritageclub.ca\/richelieu\/wp-content\/uploads\/sites\/16\/2019\/09\/2019-09-11-4061.jpg\" target=\"_blank\" rel=\"noopener noreferrer\"><img decoding=\"async\" class=\"wp-image-11180\" src=\"https:\/\/heritageclub.ca\/richelieu\/wp-content\/uploads\/sites\/16\/2019\/09\/2019-09-11-4061-300x215.jpg\" alt=\"2019-09-11-4061-300x215\" data-id=\"11180\" data-link=\"https:\/\/heritageclub.ca\/richelieu\/fr\/2019-09-11-4061\/\"><\/a><\/figure>\n<\/li>\n<li class=\"blocks-gallery-item\">\n<figure><a href=\"https:\/\/heritageclub.ca\/richelieu\/wp-content\/uploads\/sites\/16\/2019\/09\/2019-09-11-4063.jpg\" target=\"_blank\" rel=\"noopener noreferrer\"><img decoding=\"async\" class=\"wp-image-11193\" src=\"https:\/\/heritageclub.ca\/richelieu\/wp-content\/uploads\/sites\/16\/2019\/09\/2019-09-11-4063-300x217.jpg\" alt=\"2019-09-11-4063-300x217\" data-id=\"11193\" data-link=\"https:\/\/heritageclub.ca\/richelieu\/fr\/2019-09-11-4063\/\"><\/a><\/figure>\n<\/li>\n<li class=\"blocks-gallery-item\">\n<figure><a href=\"https:\/\/heritageclub.ca\/richelieu\/wp-content\/uploads\/sites\/16\/2019\/09\/2019-09-11-4067.jpg\" target=\"_blank\" rel=\"noopener noreferrer\"><img decoding=\"async\" class=\"wp-image-11182\" src=\"https:\/\/heritageclub.ca\/richelieu\/wp-content\/uploads\/sites\/16\/2019\/09\/2019-09-11-4067-300x225.jpg\" alt=\"2019-09-11-4067-300x225\" data-id=\"11182\" data-link=\"https:\/\/heritageclub.ca\/richelieu\/fr\/2019-09-11-4067\/\"><\/a><\/figure>\n<\/li>\n<li class=\"blocks-gallery-item\">\n<figure><a href=\"https:\/\/heritageclub.ca\/richelieu\/wp-content\/uploads\/sites\/16\/2019\/09\/2019-09-11-4071.jpg\" target=\"_blank\" rel=\"noopener noreferrer\"><img decoding=\"async\" class=\"wp-image-11194\" src=\"https:\/\/heritageclub.ca\/richelieu\/wp-content\/uploads\/sites\/16\/2019\/09\/2019-09-11-4071-300x207.jpg\" alt=\"2019-09-11-4071-300x207\" data-id=\"11194\" data-link=\"https:\/\/heritageclub.ca\/richelieu\/fr\/2019-09-11-4071\/\"><\/a><\/figure>\n<\/li>\n<li class=\"blocks-gallery-item\">\n<figure><a href=\"https:\/\/heritageclub.ca\/richelieu\/wp-content\/uploads\/sites\/16\/2019\/09\/2019-09-11-4073.jpg\" target=\"_blank\" rel=\"noopener noreferrer\"><img decoding=\"async\" class=\"wp-image-11195\" src=\"https:\/\/heritageclub.ca\/richelieu\/wp-content\/uploads\/sites\/16\/2019\/09\/2019-09-11-4073-300x225.jpg\" alt=\"2019-09-11-4073-300x225\" data-id=\"11195\" data-link=\"https:\/\/heritageclub.ca\/richelieu\/fr\/2019-09-11-4073\/\"><\/a><\/figure>\n<\/li>\n<li class=\"blocks-gallery-item\">\n<figure><a href=\"https:\/\/heritageclub.ca\/richelieu\/wp-content\/uploads\/sites\/16\/2019\/09\/2019-09-11-4075.jpg\" target=\"_blank\" rel=\"noopener noreferrer\"><img decoding=\"async\" class=\"wp-image-11185\" src=\"https:\/\/heritageclub.ca\/richelieu\/wp-content\/uploads\/sites\/16\/2019\/09\/2019-09-11-4075-300x215.jpg\" alt=\"2019-09-11-4075-300x215\" data-id=\"11185\" data-link=\"https:\/\/heritageclub.ca\/richelieu\/fr\/2019-09-11-4075\/\"><\/a><\/figure>\n<\/li>\n<li class=\"blocks-gallery-item\">\n<figure><a href=\"https:\/\/heritageclub.ca\/richelieu\/wp-content\/uploads\/sites\/16\/2019\/09\/2019-09-11-4077.jpg\" target=\"_blank\" rel=\"noopener noreferrer\"><img decoding=\"async\" class=\"wp-image-11186\" src=\"https:\/\/heritageclub.ca\/richelieu\/wp-content\/uploads\/sites\/16\/2019\/09\/2019-09-11-4077-300x215.jpg\" alt=\"2019-09-11-4077-300x215\" data-id=\"11186\" data-link=\"https:\/\/heritageclub.ca\/richelieu\/fr\/2019-09-11-4077\/\"><\/a><\/figure>\n<\/li>\n<li class=\"blocks-gallery-item\">\n<figure><a href=\"https:\/\/heritageclub.ca\/richelieu\/wp-content\/uploads\/sites\/16\/2019\/09\/2019-09-11-4079.jpg\" target=\"_blank\" rel=\"noopener noreferrer\"><img decoding=\"async\" class=\"wp-image-11187\" src=\"https:\/\/heritageclub.ca\/richelieu\/wp-content\/uploads\/sites\/16\/2019\/09\/2019-09-11-4079-300x222.jpg\" alt=\"2019-09-11-4079-300x222\" data-id=\"11187\" data-link=\"https:\/\/heritageclub.ca\/richelieu\/fr\/2019-09-11-4079\/\"><\/a><\/figure>\n<\/li>\n<li class=\"blocks-gallery-item\">\n<figure><a href=\"https:\/\/heritageclub.ca\/richelieu\/wp-content\/uploads\/sites\/16\/2019\/09\/2019-09-11-4081.jpg\" target=\"_blank\" rel=\"noopener noreferrer\"><img decoding=\"async\" class=\"wp-image-11188\" src=\"https:\/\/heritageclub.ca\/richelieu\/wp-content\/uploads\/sites\/16\/2019\/09\/2019-09-11-4081-300x217.jpg\" alt=\"2019-09-11-4081-300x217\" data-id=\"11188\" data-link=\"https:\/\/heritageclub.ca\/richelieu\/fr\/2019-09-11-4081\/\"><\/a><\/figure>\n<\/li>\n<li class=\"blocks-gallery-item\">\n<figure><a href=\"https:\/\/heritageclub.ca\/richelieu\/wp-content\/uploads\/sites\/16\/2019\/09\/2019-09-11-4083.jpg\" target=\"_blank\" rel=\"noopener noreferrer\"><img decoding=\"async\" class=\"wp-image-11196\" src=\"https:\/\/heritageclub.ca\/richelieu\/wp-content\/uploads\/sites\/16\/2019\/09\/2019-09-11-4083-300x220.jpg\" alt=\"2019-09-11-4083-300x220\" data-id=\"11196\" data-link=\"https:\/\/heritageclub.ca\/richelieu\/fr\/2019-09-11-4083\/\"><\/a><\/figure>\n<\/li>\n<li class=\"blocks-gallery-item\">\n<figure><a href=\"https:\/\/heritageclub.ca\/richelieu\/wp-content\/uploads\/sites\/16\/2019\/09\/2019-09-11-4087.jpg\" target=\"_blank\" rel=\"noopener noreferrer\"><img decoding=\"async\" class=\"wp-image-11200\" src=\"https:\/\/heritageclub.ca\/richelieu\/wp-content\/uploads\/sites\/16\/2019\/09\/2019-09-11-4087-300x215.jpg\" alt=\"2019-09-11-4087-300x215\" data-id=\"11200\" data-link=\"https:\/\/heritageclub.ca\/richelieu\/fr\/2019-09-11-4087\/\"><\/a><\/figure>\n<\/li>\n<li class=\"blocks-gallery-item\">\n<figure><a href=\"https:\/\/heritageclub.ca\/richelieu\/wp-content\/uploads\/sites\/16\/2019\/09\/2019-09-11-4089_PBY.jpg\" target=\"_blank\" rel=\"noopener noreferrer\"><img decoding=\"async\" class=\"wp-image-11201\" src=\"https:\/\/heritageclub.ca\/richelieu\/wp-content\/uploads\/sites\/16\/2019\/09\/2019-09-11-4089_PBY-300x219.jpg\" alt=\"2019-09-11-4089_PBY-300x219\" data-id=\"11201\" data-link=\"https:\/\/heritageclub.ca\/richelieu\/fr\/2019-09-11-4089_pby\/\"><\/a><figcaption><strong><em>En septembre \u2192 la f\u00eate \u00e0 Diane<\/em><\/strong><\/figcaption><\/figure>\n<\/li>\n<\/ul>\n<table width=\"100%\" align=\"center\">\n<tbody>\n<tr>\n<td align=\"center\">\n<hr>\n<p><span style=\"color: #808080\">R\u00e9f\u00e9rence du Bulletin Info-Richelieu \u00e0 venir<\/span><\/p>\n<hr>\n<h3><a href=\"https:\/\/heritageclub.ca\/richelieu\/fr\/contactez-nous\/\">Pour toute information ou commentaire, contactez-nous<\/a><\/h3>\n<\/td>\n<\/tr>\n<\/tbody>\n<\/table>\n","protected":false},"excerpt":{"rendered":"<p>Restaurant Le Vieux Canal 4185, boul. Marie-Victorin, Sainte-Catherine, QC J5C 1X9 C\u2019est dans un tout nouveau restaurant, Le Vieux Canal, que les membres se sont r\u00e9unis le 11 septembre. Il y avait 62 personnes pr\u00e9sentes. Lors des \u00e9changes, les gens appr\u00e9cient d\u00e9couvrir les restaurants en r\u00e9gion. Comme \u00e0 l\u2019habitude, il y avait des prix de&#8230;  <a class=\"excerpt-read-more\" href=\"https:\/\/heritageclub.ca\/richelieu\/septembre-2019-le-vieux-canal\/\" title=\"Read Septembre 2019 \u2014 Le Vieux Canal\">Lire la suite &raquo;<\/a><\/p>\n","protected":false},"author":12,"featured_media":0,"parent":0,"menu_order":0,"comment_status":"closed","ping_status":"closed","template":"page-fullwidth.php","meta":{"_acf_changed":false,"ngg_post_thumbnail":0,"footnotes":""},"class_list":["post-11202","page","type-page","status-publish","hentry"],"acf":[],"_links":{"self":[{"href":"https:\/\/heritageclub.ca\/richelieu\/wp-json\/wp\/v2\/pages\/11202","targetHints":{"allow":["GET"]}}],"collection":[{"href":"https:\/\/heritageclub.ca\/richelieu\/wp-json\/wp\/v2\/pages"}],"about":[{"href":"https:\/\/heritageclub.ca\/richelieu\/wp-json\/wp\/v2\/types\/page"}],"author":[{"embeddable":true,"href":"https:\/\/heritageclub.ca\/richelieu\/wp-json\/wp\/v2\/users\/12"}],"replies":[{"embeddable":true,"href":"https:\/\/heritageclub.ca\/richelieu\/wp-json\/wp\/v2\/comments?post=11202"}],"version-history":[{"count":32,"href":"https:\/\/heritageclub.ca\/richelieu\/wp-json\/wp\/v2\/pages\/11202\/revisions"}],"predecessor-version":[{"id":15815,"href":"https:\/\/heritageclub.ca\/richelieu\/wp-json\/wp\/v2\/pages\/11202\/revisions\/15815"}],"wp:attachment":[{"href":"https:\/\/heritageclub.ca\/richelieu\/wp-json\/wp\/v2\/media?parent=11202"}],"curies":[{"name":"wp","href":"https:\/\/api.w.org\/{rel}","templated":true}]}}