{"id":11000,"date":"2019-08-31T10:08:10","date_gmt":"2019-08-31T14:08:10","guid":{"rendered":"http:\/\/heritageclub.ca\/richelieu\/?page_id=11000"},"modified":"2020-07-08T10:21:54","modified_gmt":"2020-07-08T14:21:54","slug":"golf-villegia-2019","status":"publish","type":"page","link":"https:\/\/heritageclub.ca\/richelieu\/golf-villegia-2019\/","title":{"rendered":"Golf Villegia 2019"},"content":{"rendered":"<table width=\"100%\" align=\"center\">\n<tbody>\n<tr>\n<td align=\"center\"><a href=\"https:\/\/heritageclub.ca\/richelieu\/wp-content\/uploads\/sites\/16\/2019\/08\/Golf-Villegia-Logo.jpg\" target=\"_blank\" rel=\"noopener noreferrer\"><img decoding=\"async\" class=\"size-full wp-image-10952 aligncenter\" src=\"https:\/\/heritageclub.ca\/richelieu\/wp-content\/uploads\/sites\/16\/2019\/08\/Golf-Villegia-Logo.jpg\" alt=\"Golf Villegia 2019\" width=\"75%\"><\/a><\/td>\n<\/tr>\n<tr>\n<td align=\"center\"><a href=\"https:\/\/www.hotelsvillegia.com\/fr\/manoir-des-sables\/\" target=\"_blank\" rel=\"noopener noreferrer\"><big>Le Manoir des Sables \u2014 Golf Villegia<\/big><br \/>\nMAGOG \u2022 ORFORD<\/a><\/p>\n<h3>GOLF DU PR\u00c9SIDENT<\/h3>\n<p>Les 7 et 8 ao\u00fbt 2019, 15&nbsp;couples, fruit du hasard, se sont r\u00e9unis pour deux jours de golf au <em><strong>Manoir des Sables &#8211; Golf&nbsp;Villegia<\/strong><\/em>.<br \/>\nLe  souper 4 services a \u00e9t\u00e9 tr\u00e8s appr\u00e9ci\u00e9 de toutes et tous.<br \/>\nEn soir\u00e9e, Ren\u00e9 a fait tirer deux certificats cadeaux, gracieuset\u00e9 de <em><strong>Voyages&nbsp;Gendron<\/strong><\/em> : S\u00e9jour de 2&nbsp;nuits \/ 3&nbsp;jours sur semaine (du lundi au jeudi) dans une superbe maison \u00e0 Charlevoix (maximum 4&nbsp;personnes).<br \/>\nLes deux couples gagnants sont : <em>Aline<\/em> et <em>Raymond&nbsp;Aubin<\/em>, <em>Marie-Ren\u00e9e&nbsp;Allaire<\/em> et <em>Robert&nbsp;Bellemarre<\/em>.<br \/>\nPlus quatre (4) certificats cadeaux de la <em><strong>SAQ<\/strong><\/em> valeur de 25$ chacun, ainsi qu&rsquo;un magnifique cadre de la <em><strong>Fondation Canadienne de Postes&nbsp;Canada<\/strong><\/em>.<br \/>\nDe fa\u00e7on g\u00e9n\u00e9rale, les membres ont souhait\u00e9 que l&rsquo;on r\u00e9p\u00e8te l&rsquo;\u00e9v\u00e9nement.<\/td>\n<\/tr>\n<tr>\n<td align=\"center\"><img decoding=\"async\" src=\"https:\/\/heritageclub.ca\/richelieu\/wp-content\/uploads\/sites\/16\/2019\/11\/line-divider-estrellas.png\" alt=\"line-divider-estrellas\" width=\"80%\"><\/p>\n<h2><strong><em>Les photos<\/em><\/strong><\/h2>\n<p><img decoding=\"async\" class=\"\" src=\"https:\/\/heritageclub.ca\/richelieu\/wp-content\/uploads\/sites\/16\/2018\/10\/trans.gif\" alt=\"trans\" width=\"80%\" height=\"24\"><\/td>\n<\/tr>\n<\/tbody>\n<\/table>\n<p style=\"text-align: center\"><strong>(Cliquez sur l&rsquo;image pour l&rsquo;agrandir dans une autre fen\u00eatre)<\/strong><\/p>\n<ul class=\"wp-block-gallery columns-3 is-cropped\">\n<li class=\"blocks-gallery-item\">\n<figure><a href=\"https:\/\/heritageclub.ca\/richelieu\/wp-content\/uploads\/sites\/16\/2019\/08\/Golf-Villegia-1030108.jpg\" target=\"_blank\" rel=\"noopener noreferrer\"><img decoding=\"async\" class=\"wp-image-11004\" src=\"https:\/\/heritageclub.ca\/richelieu\/wp-content\/uploads\/sites\/16\/2019\/08\/Golf-Villegia-1030108-300x225.jpg\" alt=\"Golf-Villegia-1030108-300x225\" data-id=\"11004\" data-link=\"https:\/\/heritageclub.ca\/richelieu\/fr\/golf-villegia-1030108\/\"><\/a><\/figure>\n<\/li>\n<li class=\"blocks-gallery-item\">\n<figure><a href=\"https:\/\/heritageclub.ca\/richelieu\/wp-content\/uploads\/sites\/16\/2019\/08\/Golf-Villegia-1030109.jpg\" target=\"_blank\" rel=\"noopener noreferrer\"><img decoding=\"async\" class=\"wp-image-10954\" src=\"https:\/\/heritageclub.ca\/richelieu\/wp-content\/uploads\/sites\/16\/2019\/08\/Golf-Villegia-1030109-300x225.jpg\" alt=\"Golf-Villegia-1030109-300x225\" data-id=\"10954\" data-link=\"https:\/\/heritageclub.ca\/richelieu\/fr\/golf-villegia-1030109\/\"><\/a><\/figure>\n<\/li>\n<li class=\"blocks-gallery-item\">\n<figure><a href=\"https:\/\/heritageclub.ca\/richelieu\/wp-content\/uploads\/sites\/16\/2019\/08\/Golf-Villegia-1030110.jpg\" target=\"_blank\" rel=\"noopener noreferrer\"><img decoding=\"async\" class=\"wp-image-10955\" src=\"https:\/\/heritageclub.ca\/richelieu\/wp-content\/uploads\/sites\/16\/2019\/08\/Golf-Villegia-1030110-300x225.jpg\" alt=\"Golf-Villegia-1030110-300x225\" data-id=\"10955\" data-link=\"https:\/\/heritageclub.ca\/richelieu\/fr\/golf-villegia-1030110\/\"><\/a><\/figure>\n<\/li>\n<li class=\"blocks-gallery-item\">\n<figure><a href=\"https:\/\/heritageclub.ca\/richelieu\/wp-content\/uploads\/sites\/16\/2019\/08\/Golf-Villegia-1030114.jpg\" target=\"_blank\" rel=\"noopener noreferrer\"><img decoding=\"async\" class=\"wp-image-10956\" src=\"https:\/\/heritageclub.ca\/richelieu\/wp-content\/uploads\/sites\/16\/2019\/08\/Golf-Villegia-1030114-300x230.jpg\" alt=\"Golf-Villegia-1030114-300x230\" data-id=\"10956\" data-link=\"https:\/\/heritageclub.ca\/richelieu\/fr\/golf-villegia-1030114\/\"><\/a><\/figure>\n<\/li>\n<li class=\"blocks-gallery-item\">\n<figure><a href=\"https:\/\/heritageclub.ca\/richelieu\/wp-content\/uploads\/sites\/16\/2019\/08\/Golf-Villegia-1030115.jpg\" target=\"_blank\" rel=\"noopener noreferrer\"><img decoding=\"async\" class=\"wp-image-10957\" src=\"https:\/\/heritageclub.ca\/richelieu\/wp-content\/uploads\/sites\/16\/2019\/08\/Golf-Villegia-1030115-300x230.jpg\" alt=\"Golf-Villegia-1030115-300x230\" data-id=\"10957\" data-link=\"https:\/\/heritageclub.ca\/richelieu\/fr\/golf-villegia-1030115\/\"><\/a><\/figure>\n<\/li>\n<li class=\"blocks-gallery-item\">\n<figure><a href=\"https:\/\/heritageclub.ca\/richelieu\/wp-content\/uploads\/sites\/16\/2019\/08\/Golf-Villegia-1030118.jpg\" target=\"_blank\" rel=\"noopener noreferrer\"><img decoding=\"async\" class=\"wp-image-10958\" src=\"https:\/\/heritageclub.ca\/richelieu\/wp-content\/uploads\/sites\/16\/2019\/08\/Golf-Villegia-1030118-300x225.jpg\" alt=\"Golf-Villegia-1030118-300x225\" data-id=\"10958\" data-link=\"https:\/\/heritageclub.ca\/richelieu\/fr\/golf-villegia-1030118\/\"><\/a><\/figure>\n<\/li>\n<li class=\"blocks-gallery-item\">\n<figure><a href=\"https:\/\/heritageclub.ca\/richelieu\/wp-content\/uploads\/sites\/16\/2019\/08\/Golf-Villegia-1030119.jpg\" target=\"_blank\" rel=\"noopener noreferrer\"><img decoding=\"async\" class=\"wp-image-10959\" src=\"https:\/\/heritageclub.ca\/richelieu\/wp-content\/uploads\/sites\/16\/2019\/08\/Golf-Villegia-1030119-300x225.jpg\" alt=\"Golf-Villegia-1030119-300x225\" data-id=\"10959\" data-link=\"https:\/\/heritageclub.ca\/richelieu\/fr\/golf-villegia-1030119\/\"><\/a><\/figure>\n<\/li>\n<li class=\"blocks-gallery-item\">\n<figure><a href=\"https:\/\/heritageclub.ca\/richelieu\/wp-content\/uploads\/sites\/16\/2019\/08\/Golf-Villegia-1030120.jpg\" target=\"_blank\" rel=\"noopener noreferrer\"><img decoding=\"async\" class=\"wp-image-10960\" src=\"https:\/\/heritageclub.ca\/richelieu\/wp-content\/uploads\/sites\/16\/2019\/08\/Golf-Villegia-1030120-300x225.jpg\" alt=\"Golf-Villegia-1030120-300x225\" data-id=\"10960\" data-link=\"https:\/\/heritageclub.ca\/richelieu\/fr\/golf-villegia-1030120\/\"><\/a><\/figure>\n<\/li>\n<li class=\"blocks-gallery-item\">\n<figure><a href=\"https:\/\/heritageclub.ca\/richelieu\/wp-content\/uploads\/sites\/16\/2019\/08\/Golf-Villegia-1030121.jpg\" target=\"_blank\" rel=\"noopener noreferrer\"><img decoding=\"async\" class=\"wp-image-10999\" src=\"https:\/\/heritageclub.ca\/richelieu\/wp-content\/uploads\/sites\/16\/2019\/08\/Golf-Villegia-1030121-300x225.jpg\" alt=\"Golf-Villegia-1030121-300x225\" data-id=\"10999\" data-link=\"https:\/\/heritageclub.ca\/richelieu\/fr\/golf-villegia-1030121\/\"><\/a><\/figure>\n<\/li>\n<li class=\"blocks-gallery-item\">\n<figure><a href=\"https:\/\/heritageclub.ca\/richelieu\/wp-content\/uploads\/sites\/16\/2019\/08\/Golf-Villegia-1030122.jpg\" target=\"_blank\" rel=\"noopener noreferrer\"><img decoding=\"async\" class=\"wp-image-10995\" src=\"https:\/\/heritageclub.ca\/richelieu\/wp-content\/uploads\/sites\/16\/2019\/08\/Golf-Villegia-1030122-300x225.jpg\" alt=\"Golf-Villegia-1030122-300x225\" data-id=\"10995\" data-link=\"https:\/\/heritageclub.ca\/richelieu\/fr\/golf-villegia-1030122\/\"><\/a><\/figure>\n<\/li>\n<li class=\"blocks-gallery-item\">\n<figure><a href=\"https:\/\/heritageclub.ca\/richelieu\/wp-content\/uploads\/sites\/16\/2019\/08\/Golf-Villegia-1030123.jpg\" target=\"_blank\" rel=\"noopener noreferrer\"><img decoding=\"async\" class=\"wp-image-10963\" src=\"https:\/\/heritageclub.ca\/richelieu\/wp-content\/uploads\/sites\/16\/2019\/08\/Golf-Villegia-1030123-300x225.jpg\" alt=\"Golf-Villegia-1030123-300x225\" data-id=\"10963\" data-link=\"https:\/\/heritageclub.ca\/richelieu\/fr\/golf-villegia-1030123\/\"><\/a><\/figure>\n<\/li>\n<li class=\"blocks-gallery-item\">\n<figure><a href=\"https:\/\/heritageclub.ca\/richelieu\/wp-content\/uploads\/sites\/16\/2019\/08\/Golf-Villegia-1030125.jpg\" target=\"_blank\" rel=\"noopener noreferrer\"><img decoding=\"async\" class=\"wp-image-10964\" src=\"https:\/\/heritageclub.ca\/richelieu\/wp-content\/uploads\/sites\/16\/2019\/08\/Golf-Villegia-1030125-300x213.jpg\" alt=\"Golf-Villegia-1030125-300x213\" data-id=\"10964\" data-link=\"https:\/\/heritageclub.ca\/richelieu\/fr\/golf-villegia-1030125\/\"><\/a><\/figure>\n<\/li>\n<li class=\"blocks-gallery-item\">\n<figure><a href=\"https:\/\/heritageclub.ca\/richelieu\/wp-content\/uploads\/sites\/16\/2019\/08\/Golf-Villegia-1030126.jpg\" target=\"_blank\" rel=\"noopener noreferrer\"><img decoding=\"async\" class=\"wp-image-10965\" src=\"https:\/\/heritageclub.ca\/richelieu\/wp-content\/uploads\/sites\/16\/2019\/08\/Golf-Villegia-1030126-300x221.jpg\" alt=\"Golf-Villegia-1030126-300x221\" data-id=\"10965\" data-link=\"https:\/\/heritageclub.ca\/richelieu\/fr\/golf-villegia-1030126\/\"><\/a><\/figure>\n<\/li>\n<li class=\"blocks-gallery-item\">\n<figure><a href=\"https:\/\/heritageclub.ca\/richelieu\/wp-content\/uploads\/sites\/16\/2019\/08\/Golf-Villegia-1030127.jpg\" target=\"_blank\" rel=\"noopener noreferrer\"><img decoding=\"async\" class=\"wp-image-10966\" src=\"https:\/\/heritageclub.ca\/richelieu\/wp-content\/uploads\/sites\/16\/2019\/08\/Golf-Villegia-1030127-300x220.jpg\" alt=\"Golf-Villegia-1030127-300x220\" data-id=\"10966\" data-link=\"https:\/\/heritageclub.ca\/richelieu\/fr\/golf-villegia-1030127\/\"><\/a><\/figure>\n<\/li>\n<li class=\"blocks-gallery-item\">\n<figure><a href=\"https:\/\/heritageclub.ca\/richelieu\/wp-content\/uploads\/sites\/16\/2019\/08\/Golf-Villegia-1030130.jpg\" target=\"_blank\" rel=\"noopener noreferrer\"><img decoding=\"async\" class=\"wp-image-10967\" src=\"https:\/\/heritageclub.ca\/richelieu\/wp-content\/uploads\/sites\/16\/2019\/08\/Golf-Villegia-1030130-300x245.jpg\" alt=\"Golf-Villegia-1030130-300x245\" data-id=\"10967\" data-link=\"https:\/\/heritageclub.ca\/richelieu\/fr\/golf-villegia-1030130\/\"><\/a><\/figure>\n<\/li>\n<li class=\"blocks-gallery-item\">\n<figure><a href=\"https:\/\/heritageclub.ca\/richelieu\/wp-content\/uploads\/sites\/16\/2019\/08\/Golf-Villegia-1030132.jpg\" target=\"_blank\" rel=\"noopener noreferrer\"><img decoding=\"async\" class=\"wp-image-10968\" src=\"https:\/\/heritageclub.ca\/richelieu\/wp-content\/uploads\/sites\/16\/2019\/08\/Golf-Villegia-1030132-300x225.jpg\" alt=\"Golf-Villegia-1030132-300x225\" data-id=\"10968\" data-link=\"https:\/\/heritageclub.ca\/richelieu\/fr\/golf-villegia-1030132\/\"><\/a><\/figure>\n<\/li>\n<li class=\"blocks-gallery-item\">\n<figure><a href=\"https:\/\/heritageclub.ca\/richelieu\/wp-content\/uploads\/sites\/16\/2019\/08\/Golf-Villegia-1030134.jpg\" target=\"_blank\" rel=\"noopener noreferrer\"><img decoding=\"async\" class=\"wp-image-10969\" src=\"https:\/\/heritageclub.ca\/richelieu\/wp-content\/uploads\/sites\/16\/2019\/08\/Golf-Villegia-1030134-300x225.jpg\" alt=\"Golf-Villegia-1030134-300x225\" data-id=\"10969\" data-link=\"https:\/\/heritageclub.ca\/richelieu\/fr\/golf-villegia-1030134\/\"><\/a><\/figure>\n<\/li>\n<li class=\"blocks-gallery-item\">\n<figure><a href=\"https:\/\/heritageclub.ca\/richelieu\/wp-content\/uploads\/sites\/16\/2019\/08\/Golf-Villegia-1030136.jpg\" target=\"_blank\" rel=\"noopener noreferrer\"><img decoding=\"async\" class=\"wp-image-10970\" src=\"https:\/\/heritageclub.ca\/richelieu\/wp-content\/uploads\/sites\/16\/2019\/08\/Golf-Villegia-1030136-300x225.jpg\" alt=\"Golf-Villegia-1030136-300x225\" data-id=\"10970\" data-link=\"https:\/\/heritageclub.ca\/richelieu\/fr\/golf-villegia-1030136\/\"><\/a><\/figure>\n<\/li>\n<li class=\"blocks-gallery-item\">\n<figure><a href=\"https:\/\/heritageclub.ca\/richelieu\/wp-content\/uploads\/sites\/16\/2019\/08\/Golf-Villegia-1030137.jpg\" target=\"_blank\" rel=\"noopener noreferrer\"><img decoding=\"async\" class=\"wp-image-10971\" src=\"https:\/\/heritageclub.ca\/richelieu\/wp-content\/uploads\/sites\/16\/2019\/08\/Golf-Villegia-1030137-300x225.jpg\" alt=\"Golf-Villegia-1030137-300x225\" data-id=\"10971\" data-link=\"https:\/\/heritageclub.ca\/richelieu\/fr\/golf-villegia-1030137\/\"><\/a><\/figure>\n<\/li>\n<li class=\"blocks-gallery-item\">\n<figure><a href=\"https:\/\/heritageclub.ca\/richelieu\/wp-content\/uploads\/sites\/16\/2019\/08\/Golf-Villegia-1030139.jpg\" target=\"_blank\" rel=\"noopener noreferrer\"><img decoding=\"async\" class=\"wp-image-10972\" src=\"https:\/\/heritageclub.ca\/richelieu\/wp-content\/uploads\/sites\/16\/2019\/08\/Golf-Villegia-1030139-300x225.jpg\" alt=\"Golf-Villegia-1030139-300x225\" data-id=\"10972\" data-link=\"https:\/\/heritageclub.ca\/richelieu\/fr\/golf-villegia-1030139\/\"><\/a><\/figure>\n<\/li>\n<li class=\"blocks-gallery-item\">\n<figure><a href=\"https:\/\/heritageclub.ca\/richelieu\/wp-content\/uploads\/sites\/16\/2019\/08\/Golf-Villegia-1030143.jpg\" target=\"_blank\" rel=\"noopener noreferrer\"><img decoding=\"async\" class=\"wp-image-10973\" src=\"https:\/\/heritageclub.ca\/richelieu\/wp-content\/uploads\/sites\/16\/2019\/08\/Golf-Villegia-1030143-300x225.jpg\" alt=\"Golf-Villegia-1030143-300x225\" data-id=\"10973\" data-link=\"https:\/\/heritageclub.ca\/richelieu\/fr\/golf-villegia-1030143\/\"><\/a><\/figure>\n<\/li>\n<li class=\"blocks-gallery-item\">\n<figure><a href=\"https:\/\/heritageclub.ca\/richelieu\/wp-content\/uploads\/sites\/16\/2019\/08\/Golf-Villegia-1030145.jpg\" target=\"_blank\" rel=\"noopener noreferrer\"><img decoding=\"async\" class=\"wp-image-10974\" src=\"https:\/\/heritageclub.ca\/richelieu\/wp-content\/uploads\/sites\/16\/2019\/08\/Golf-Villegia-1030145-300x215.jpg\" alt=\"Golf-Villegia-1030145-300x215\" data-id=\"10974\" data-link=\"https:\/\/heritageclub.ca\/richelieu\/fr\/golf-villegia-1030145\/\"><\/a><\/figure>\n<\/li>\n<li class=\"blocks-gallery-item\">\n<figure><a href=\"https:\/\/heritageclub.ca\/richelieu\/wp-content\/uploads\/sites\/16\/2019\/08\/Golf-Villegia-1030146.jpg\" target=\"_blank\" rel=\"noopener noreferrer\"><img decoding=\"async\" class=\"wp-image-10975\" src=\"https:\/\/heritageclub.ca\/richelieu\/wp-content\/uploads\/sites\/16\/2019\/08\/Golf-Villegia-1030146-300x214.jpg\" alt=\"Golf-Villegia-1030146-300x214\" data-id=\"10975\" data-link=\"https:\/\/heritageclub.ca\/richelieu\/fr\/golf-villegia-1030146\/\"><\/a><\/figure>\n<\/li>\n<li class=\"blocks-gallery-item\">\n<figure><a href=\"https:\/\/heritageclub.ca\/richelieu\/wp-content\/uploads\/sites\/16\/2019\/08\/Golf-Villegia-1030147.jpg\" target=\"_blank\" rel=\"noopener noreferrer\"><img decoding=\"async\" class=\"wp-image-10976\" src=\"https:\/\/heritageclub.ca\/richelieu\/wp-content\/uploads\/sites\/16\/2019\/08\/Golf-Villegia-1030147-300x209.jpg\" alt=\"Golf-Villegia-1030147-300x209\" data-id=\"10976\" data-link=\"https:\/\/heritageclub.ca\/richelieu\/fr\/golf-villegia-1030147\/\"><\/a><\/figure>\n<\/li>\n<li class=\"blocks-gallery-item\">\n<figure><a href=\"https:\/\/heritageclub.ca\/richelieu\/wp-content\/uploads\/sites\/16\/2019\/08\/Golf-Villegia-1030148.jpg\" target=\"_blank\" rel=\"noopener noreferrer\"><img decoding=\"async\" class=\"wp-image-10977\" src=\"https:\/\/heritageclub.ca\/richelieu\/wp-content\/uploads\/sites\/16\/2019\/08\/Golf-Villegia-1030148-300x218.jpg\" alt=\"Golf-Villegia-1030148-300x218\" data-id=\"10977\" data-link=\"https:\/\/heritageclub.ca\/richelieu\/fr\/golf-villegia-1030148\/\"><\/a><\/figure>\n<\/li>\n<li class=\"blocks-gallery-item\">\n<figure><a href=\"https:\/\/heritageclub.ca\/richelieu\/wp-content\/uploads\/sites\/16\/2019\/08\/Golf-Villegia-1030149.jpg\" target=\"_blank\" rel=\"noopener noreferrer\"><img decoding=\"async\" class=\"wp-image-10978\" src=\"https:\/\/heritageclub.ca\/richelieu\/wp-content\/uploads\/sites\/16\/2019\/08\/Golf-Villegia-1030149-300x215.jpg\" alt=\"Golf-Villegia-1030149-300x215\" data-id=\"10978\" data-link=\"https:\/\/heritageclub.ca\/richelieu\/fr\/golf-villegia-1030149\/\"><\/a><\/figure>\n<\/li>\n<li class=\"blocks-gallery-item\">\n<figure><a href=\"https:\/\/heritageclub.ca\/richelieu\/wp-content\/uploads\/sites\/16\/2019\/08\/Golf-Villegia-1030150.jpg\" target=\"_blank\" rel=\"noopener noreferrer\"><img decoding=\"async\" class=\"wp-image-10979\" src=\"https:\/\/heritageclub.ca\/richelieu\/wp-content\/uploads\/sites\/16\/2019\/08\/Golf-Villegia-1030150-300x213.jpg\" alt=\"Golf-Villegia-1030150-300x213\" data-id=\"10979\" data-link=\"https:\/\/heritageclub.ca\/richelieu\/fr\/golf-villegia-1030150\/\"><\/a><\/figure>\n<\/li>\n<li class=\"blocks-gallery-item\">\n<figure><a href=\"https:\/\/heritageclub.ca\/richelieu\/wp-content\/uploads\/sites\/16\/2019\/08\/Golf-Villegia-1030151.jpg\" target=\"_blank\" rel=\"noopener noreferrer\"><img decoding=\"async\" class=\"wp-image-10980\" src=\"https:\/\/heritageclub.ca\/richelieu\/wp-content\/uploads\/sites\/16\/2019\/08\/Golf-Villegia-1030151-300x217.jpg\" alt=\"Golf-Villegia-1030151-300x217\" data-id=\"10980\" data-link=\"https:\/\/heritageclub.ca\/richelieu\/fr\/golf-villegia-1030151\/\"><\/a><\/figure>\n<\/li>\n<li class=\"blocks-gallery-item\">\n<figure><a href=\"https:\/\/heritageclub.ca\/richelieu\/wp-content\/uploads\/sites\/16\/2019\/08\/Golf-Villegia-1030152.jpg\" target=\"_blank\" rel=\"noopener noreferrer\"><img decoding=\"async\" class=\"wp-image-10981\" src=\"https:\/\/heritageclub.ca\/richelieu\/wp-content\/uploads\/sites\/16\/2019\/08\/Golf-Villegia-1030152-300x212.jpg\" alt=\"Golf-Villegia-1030152-300x212\" data-id=\"10981\" data-link=\"https:\/\/heritageclub.ca\/richelieu\/fr\/golf-villegia-1030152\/\"><\/a><\/figure>\n<\/li>\n<li class=\"blocks-gallery-item\">\n<figure><a href=\"https:\/\/heritageclub.ca\/richelieu\/wp-content\/uploads\/sites\/16\/2019\/08\/Golf-Villegia-1030153.jpg\" target=\"_blank\" rel=\"noopener noreferrer\"><img decoding=\"async\" class=\"wp-image-10982\" src=\"https:\/\/heritageclub.ca\/richelieu\/wp-content\/uploads\/sites\/16\/2019\/08\/Golf-Villegia-1030153-300x220.jpg\" alt=\"Golf-Villegia-1030153-300x220\" data-id=\"10982\" data-link=\"https:\/\/heritageclub.ca\/richelieu\/fr\/golf-villegia-1030153\/\"><\/a><\/figure>\n<\/li>\n<li class=\"blocks-gallery-item\">\n<figure><a href=\"https:\/\/heritageclub.ca\/richelieu\/wp-content\/uploads\/sites\/16\/2019\/08\/Golf-Villegia-1030154.jpg\" target=\"_blank\" rel=\"noopener noreferrer\"><img decoding=\"async\" class=\"wp-image-10983\" src=\"https:\/\/heritageclub.ca\/richelieu\/wp-content\/uploads\/sites\/16\/2019\/08\/Golf-Villegia-1030154-300x229.jpg\" alt=\"Golf-Villegia-1030154-300x229\" data-id=\"10983\" data-link=\"https:\/\/heritageclub.ca\/richelieu\/fr\/golf-villegia-1030154\/\"><\/a><\/figure>\n<\/li>\n<li class=\"blocks-gallery-item\">\n<figure><a href=\"https:\/\/heritageclub.ca\/richelieu\/wp-content\/uploads\/sites\/16\/2019\/08\/Golf-Villegia-1030155.jpg\" target=\"_blank\" rel=\"noopener noreferrer\"><img decoding=\"async\" class=\"wp-image-10996\" src=\"https:\/\/heritageclub.ca\/richelieu\/wp-content\/uploads\/sites\/16\/2019\/08\/Golf-Villegia-1030155-300x219.jpg\" alt=\"Golf-Villegia-1030155-300x219\" data-id=\"10996\" data-link=\"https:\/\/heritageclub.ca\/richelieu\/fr\/golf-villegia-1030155\/\"><\/a><\/figure>\n<\/li>\n<li class=\"blocks-gallery-item\">\n<figure><a href=\"https:\/\/heritageclub.ca\/richelieu\/wp-content\/uploads\/sites\/16\/2019\/08\/Golf-Villegia-1030156.jpg\" target=\"_blank\" rel=\"noopener noreferrer\"><img decoding=\"async\" class=\"wp-image-10985\" src=\"https:\/\/heritageclub.ca\/richelieu\/wp-content\/uploads\/sites\/16\/2019\/08\/Golf-Villegia-1030156-300x231.jpg\" alt=\"Golf-Villegia-1030156-300x231\" data-id=\"10985\" data-link=\"https:\/\/heritageclub.ca\/richelieu\/fr\/golf-villegia-1030156\/\"><\/a><\/figure>\n<\/li>\n<li class=\"blocks-gallery-item\">\n<figure><a href=\"https:\/\/heritageclub.ca\/richelieu\/wp-content\/uploads\/sites\/16\/2019\/08\/Golf-Villegia-1030157.jpg\" target=\"_blank\" rel=\"noopener noreferrer\"><img decoding=\"async\" class=\"wp-image-10986\" src=\"https:\/\/heritageclub.ca\/richelieu\/wp-content\/uploads\/sites\/16\/2019\/08\/Golf-Villegia-1030157-300x218.jpg\" alt=\"Golf-Villegia-1030157-300x218\" data-id=\"10986\" data-link=\"https:\/\/heritageclub.ca\/richelieu\/fr\/golf-villegia-1030157\/\"><\/a><\/figure>\n<\/li>\n<li class=\"blocks-gallery-item\">\n<figure><a href=\"https:\/\/heritageclub.ca\/richelieu\/wp-content\/uploads\/sites\/16\/2019\/08\/Golf-Villegia-1030158.jpg\" target=\"_blank\" rel=\"noopener noreferrer\"><img decoding=\"async\" class=\"wp-image-10987\" src=\"https:\/\/heritageclub.ca\/richelieu\/wp-content\/uploads\/sites\/16\/2019\/08\/Golf-Villegia-1030158-300x238.jpg\" alt=\"Golf-Villegia-1030158-300x238\" data-id=\"10987\" data-link=\"https:\/\/heritageclub.ca\/richelieu\/fr\/golf-villegia-1030158\/\"><\/a><\/figure>\n<\/li>\n<li class=\"blocks-gallery-item\">\n<figure><a href=\"https:\/\/heritageclub.ca\/richelieu\/wp-content\/uploads\/sites\/16\/2019\/08\/Golf-Villegia-1030159.jpg\" target=\"_blank\" rel=\"noopener noreferrer\"><img decoding=\"async\" class=\"wp-image-10988\" src=\"https:\/\/heritageclub.ca\/richelieu\/wp-content\/uploads\/sites\/16\/2019\/08\/Golf-Villegia-1030159-300x220.jpg\" alt=\"Golf-Villegia-1030159-300x220\" data-id=\"10988\" data-link=\"https:\/\/heritageclub.ca\/richelieu\/fr\/golf-villegia-1030159\/\"><\/a><\/figure>\n<\/li>\n<li class=\"blocks-gallery-item\">\n<figure><a href=\"https:\/\/heritageclub.ca\/richelieu\/wp-content\/uploads\/sites\/16\/2019\/08\/Golf-Villegia-1030161.jpg\" target=\"_blank\" rel=\"noopener noreferrer\"><img decoding=\"async\" class=\"wp-image-10989\" src=\"https:\/\/heritageclub.ca\/richelieu\/wp-content\/uploads\/sites\/16\/2019\/08\/Golf-Villegia-1030161-300x220.jpg\" alt=\"Golf-Villegia-1030161-300x220\" data-id=\"10989\" data-link=\"https:\/\/heritageclub.ca\/richelieu\/fr\/golf-villegia-1030161\/\"><\/a><\/figure>\n<\/li>\n<li class=\"blocks-gallery-item\">\n<figure><a href=\"https:\/\/heritageclub.ca\/richelieu\/wp-content\/uploads\/sites\/16\/2019\/08\/Golf-Villegia-1030162.jpg\" target=\"_blank\" rel=\"noopener noreferrer\"><img decoding=\"async\" class=\"wp-image-10990\" src=\"https:\/\/heritageclub.ca\/richelieu\/wp-content\/uploads\/sites\/16\/2019\/08\/Golf-Villegia-1030162-300x230.jpg\" alt=\"Golf-Villegia-1030162-300x230\" data-id=\"10990\" data-link=\"https:\/\/heritageclub.ca\/richelieu\/fr\/golf-villegia-1030162\/\"><\/a><\/figure>\n<\/li>\n<li class=\"blocks-gallery-item\">\n<figure><a href=\"https:\/\/heritageclub.ca\/richelieu\/wp-content\/uploads\/sites\/16\/2019\/08\/Golf-Villegia-1030164.jpg\" target=\"_blank\" rel=\"noopener noreferrer\"><img decoding=\"async\" class=\"wp-image-10991\" src=\"https:\/\/heritageclub.ca\/richelieu\/wp-content\/uploads\/sites\/16\/2019\/08\/Golf-Villegia-1030164-300x225.jpg\" alt=\"Golf-Villegia-1030164-300x225\" data-id=\"10991\" data-link=\"https:\/\/heritageclub.ca\/richelieu\/fr\/golf-villegia-1030164\/\"><\/a><\/figure>\n<\/li>\n<\/ul>\n<table width=\"100%\" align=\"center\">\n<tbody>\n<tr>\n<td align=\"center\">\n<hr>\n<h3><a href=\"https:\/\/heritageclub.ca\/richelieu\/fr\/contactez-nous\/\">Pour toute information ou commentaire, contactez-nous<\/a><\/h3>\n<\/td>\n<\/tr>\n<\/tbody>\n<\/table>\n","protected":false},"excerpt":{"rendered":"<p>Le Manoir des Sables \u2014 Golf Villegia MAGOG \u2022 ORFORD GOLF DU PR\u00c9SIDENT Les 7 et 8 ao\u00fbt 2019, 15&nbsp;couples, fruit du hasard, se sont r\u00e9unis pour deux jours de golf au Manoir des Sables &#8211; Golf&nbsp;Villegia. Le souper 4 services a \u00e9t\u00e9 tr\u00e8s appr\u00e9ci\u00e9 de toutes et tous. En soir\u00e9e, Ren\u00e9 a fait tirer&#8230;  <a class=\"excerpt-read-more\" href=\"https:\/\/heritageclub.ca\/richelieu\/golf-villegia-2019\/\" title=\"Read Golf Villegia 2019\">Lire la suite &raquo;<\/a><\/p>\n","protected":false},"author":12,"featured_media":0,"parent":0,"menu_order":0,"comment_status":"closed","ping_status":"closed","template":"page-fullwidth.php","meta":{"_acf_changed":false,"ngg_post_thumbnail":0,"footnotes":""},"class_list":["post-11000","page","type-page","status-publish","hentry"],"acf":[],"_links":{"self":[{"href":"https:\/\/heritageclub.ca\/richelieu\/wp-json\/wp\/v2\/pages\/11000","targetHints":{"allow":["GET"]}}],"collection":[{"href":"https:\/\/heritageclub.ca\/richelieu\/wp-json\/wp\/v2\/pages"}],"about":[{"href":"https:\/\/heritageclub.ca\/richelieu\/wp-json\/wp\/v2\/types\/page"}],"author":[{"embeddable":true,"href":"https:\/\/heritageclub.ca\/richelieu\/wp-json\/wp\/v2\/users\/12"}],"replies":[{"embeddable":true,"href":"https:\/\/heritageclub.ca\/richelieu\/wp-json\/wp\/v2\/comments?post=11000"}],"version-history":[{"count":70,"href":"https:\/\/heritageclub.ca\/richelieu\/wp-json\/wp\/v2\/pages\/11000\/revisions"}],"predecessor-version":[{"id":13866,"href":"https:\/\/heritageclub.ca\/richelieu\/wp-json\/wp\/v2\/pages\/11000\/revisions\/13866"}],"wp:attachment":[{"href":"https:\/\/heritageclub.ca\/richelieu\/wp-json\/wp\/v2\/media?parent=11000"}],"curies":[{"name":"wp","href":"https:\/\/api.w.org\/{rel}","templated":true}]}}