{"id":10778,"date":"2019-08-15T18:17:16","date_gmt":"2019-08-15T22:17:16","guid":{"rendered":"http:\/\/heritageclub.ca\/richelieu\/?page_id=10778"},"modified":"2021-03-09T13:17:08","modified_gmt":"2021-03-09T18:17:08","slug":"aout-2019-station-des-sports","status":"publish","type":"page","link":"https:\/\/heritageclub.ca\/richelieu\/aout-2019-station-des-sports\/","title":{"rendered":"Ao\u00fbt 2019 \u2014 Station des Sports"},"content":{"rendered":"<table width=\"100%\" align=\"center\">\n<tbody>\n<tr>\n<td align=\"center\"><img decoding=\"async\" class=\"size-full wp-image-15799 aligncenter\" src=\"https:\/\/heritageclub.ca\/richelieu\/wp-content\/uploads\/sites\/16\/2021\/03\/Station-des-Sports.jpg\" alt=\"Station des Sports de Brossard\" width=\"75%\"><\/p>\n<p><a href=\"https:\/\/heritageclub.ca\/richelieu\/fr\/lieu\/station-des-sports-taschereau\/\" rel=\"noopener noreferrer\" target=\"_blank\"><big>Station des Sports<\/big><br \/>\n5773, boul. Taschereau, Brossard, QC J4Z 1A5<\/a><\/p>\n<p>Nous \u00e9tions 59 personnes.<br \/>\nLes assiettes \u00e9taient tr\u00e8s g\u00e9n\u00e9reuses. Les gens ont quitt\u00e9s avec un beau sourire.<br \/>\nDeux tirages fut r\u00e9alis\u00e9 ainsi qu&rsquo;un prix de pr\u00e9sence d&rsquo;une valeur de $20.00.<\/td>\n<\/tr>\n<tr>\n<td align=\"center\"><img decoding=\"async\" src=\"https:\/\/heritageclub.ca\/richelieu\/wp-content\/uploads\/sites\/16\/2019\/11\/line-divider-estrellas.png\" alt=\"line-divider-estrellas\" width=\"80%\"><\/p>\n<h2><strong><em>Les photos<\/em><\/strong><\/h2>\n<p><img decoding=\"async\" class=\"\" src=\"https:\/\/heritageclub.ca\/richelieu\/wp-content\/uploads\/sites\/16\/2018\/10\/trans.gif\" alt=\"trans\" width=\"80%\" height=\"24\"><\/td>\n<\/tr>\n<\/tbody>\n<\/table>\n<p style=\"text-align: center\"><strong>(Cliquez sur l&rsquo;image pour l&rsquo;agrandir dans une autre fen\u00eatre)<\/strong><\/p>\n<ul class=\"wp-block-gallery columns-3 is-cropped\">\n<li class=\"blocks-gallery-item\">\n<figure><a href=\"https:\/\/heritageclub.ca\/richelieu\/wp-content\/uploads\/sites\/16\/2019\/08\/2019-08-14-NK7_2984.jpg\" target=\"_blank\" rel=\"noopener noreferrer\"><img decoding=\"async\" src=\"https:\/\/heritageclub.ca\/richelieu\/wp-content\/uploads\/sites\/16\/2019\/08\/2019-08-14-NK7_2984-300x200.jpg\" alt=\"2019-08-14-NK7_2984-300x200\" data-id=\"10742\" data-link=\"https:\/\/heritageclub.ca\/richelieu\/fr\/2019-08-14-nk7_2984\/\" class=\"wp-image-10742\"><\/a><\/figure>\n<\/li>\n<li class=\"blocks-gallery-item\">\n<figure><a href=\"https:\/\/heritageclub.ca\/richelieu\/wp-content\/uploads\/sites\/16\/2019\/08\/2019-08-14-NK7_2985.jpg\" target=\"_blank\" rel=\"noopener noreferrer\"><img decoding=\"async\" src=\"https:\/\/heritageclub.ca\/richelieu\/wp-content\/uploads\/sites\/16\/2019\/08\/2019-08-14-NK7_2985-300x200.jpg\" alt=\"2019-08-14-NK7_2985-300x200\" data-id=\"10777\" data-link=\"https:\/\/heritageclub.ca\/richelieu\/fr\/2019-08-14-nk7_2985\/\" class=\"wp-image-10777\"><\/a><\/figure>\n<\/li>\n<li class=\"blocks-gallery-item\">\n<figure><a href=\"https:\/\/heritageclub.ca\/richelieu\/wp-content\/uploads\/sites\/16\/2019\/08\/2019-08-14-NK7_2986.jpg\" target=\"_blank\" rel=\"noopener noreferrer\"><img decoding=\"async\" src=\"https:\/\/heritageclub.ca\/richelieu\/wp-content\/uploads\/sites\/16\/2019\/08\/2019-08-14-NK7_2986-300x200.jpg\" alt=\"2019-08-14-NK7_2986-300x200\" data-id=\"10767\" data-link=\"https:\/\/heritageclub.ca\/richelieu\/fr\/2019-08-14-nk7_2986\/\" class=\"wp-image-10767\"><\/a><\/figure>\n<\/li>\n<li class=\"blocks-gallery-item\">\n<figure><a href=\"https:\/\/heritageclub.ca\/richelieu\/wp-content\/uploads\/sites\/16\/2019\/08\/2019-08-14-NK7_2996.jpg\" target=\"_blank\" rel=\"noopener noreferrer\"><img decoding=\"async\" src=\"https:\/\/heritageclub.ca\/richelieu\/wp-content\/uploads\/sites\/16\/2019\/08\/2019-08-14-NK7_2996-300x208.jpg\" alt=\"2019-08-14-NK7_2996-300x208\" data-id=\"10768\" data-link=\"https:\/\/heritageclub.ca\/richelieu\/fr\/2019-08-14-nk7_2996\/\" class=\"wp-image-10768\"><\/a><\/figure>\n<\/li>\n<li class=\"blocks-gallery-item\">\n<figure><a href=\"https:\/\/heritageclub.ca\/richelieu\/wp-content\/uploads\/sites\/16\/2019\/08\/2019-08-14-NK7_2995.jpg\" target=\"_blank\" rel=\"noopener noreferrer\"><img decoding=\"async\" src=\"https:\/\/heritageclub.ca\/richelieu\/wp-content\/uploads\/sites\/16\/2019\/08\/2019-08-14-NK7_2995-300x204.jpg\" alt=\"2019-08-14-NK7_2995-300x204\" data-id=\"10751\" data-link=\"https:\/\/heritageclub.ca\/richelieu\/fr\/2019-08-14-nk7_2995\/\" class=\"wp-image-10751\"><\/a><\/figure>\n<\/li>\n<li class=\"blocks-gallery-item\">\n<figure><a href=\"https:\/\/heritageclub.ca\/richelieu\/wp-content\/uploads\/sites\/16\/2019\/08\/2019-08-14-NK7_2994.jpg\" target=\"_blank\" rel=\"noopener noreferrer\"><img decoding=\"async\" src=\"https:\/\/heritageclub.ca\/richelieu\/wp-content\/uploads\/sites\/16\/2019\/08\/2019-08-14-NK7_2994-300x194.jpg\" alt=\"2019-08-14-NK7_2994-300x194\" data-id=\"10750\" data-link=\"https:\/\/heritageclub.ca\/richelieu\/fr\/2019-08-14-nk7_2994\/\" class=\"wp-image-10750\"><\/a><\/figure>\n<\/li>\n<li class=\"blocks-gallery-item\">\n<figure><a href=\"https:\/\/heritageclub.ca\/richelieu\/wp-content\/uploads\/sites\/16\/2019\/08\/2019-08-14-NK7_2993.jpg\" target=\"_blank\" rel=\"noopener noreferrer\"><img decoding=\"async\" src=\"https:\/\/heritageclub.ca\/richelieu\/wp-content\/uploads\/sites\/16\/2019\/08\/2019-08-14-NK7_2993-300x200.jpg\" alt=\"2019-08-14-NK7_2993-300x200\" data-id=\"10749\" data-link=\"https:\/\/heritageclub.ca\/richelieu\/fr\/2019-08-14-nk7_2993\/\" class=\"wp-image-10749\"><\/a><\/figure>\n<\/li>\n<li class=\"blocks-gallery-item\">\n<figure><a href=\"https:\/\/heritageclub.ca\/richelieu\/wp-content\/uploads\/sites\/16\/2019\/08\/2019-08-14-NK7_2992.jpg\" target=\"_blank\" rel=\"noopener noreferrer\"><img decoding=\"async\" src=\"https:\/\/heritageclub.ca\/richelieu\/wp-content\/uploads\/sites\/16\/2019\/08\/2019-08-14-NK7_2992-300x200.jpg\" alt=\"2019-08-14-NK7_2992-300x200\" data-id=\"10748\" data-link=\"https:\/\/heritageclub.ca\/richelieu\/fr\/2019-08-14-nk7_2992\/\" class=\"wp-image-10748\"><\/a><\/figure>\n<\/li>\n<li class=\"blocks-gallery-item\">\n<figure><a href=\"https:\/\/heritageclub.ca\/richelieu\/wp-content\/uploads\/sites\/16\/2019\/08\/2019-08-14-NK7_2990.jpg\" target=\"_blank\" rel=\"noopener noreferrer\"><img decoding=\"async\" src=\"https:\/\/heritageclub.ca\/richelieu\/wp-content\/uploads\/sites\/16\/2019\/08\/2019-08-14-NK7_2990-300x200.jpg\" alt=\"2019-08-14-NK7_2990-300x200\" data-id=\"10747\" data-link=\"https:\/\/heritageclub.ca\/richelieu\/fr\/2019-08-14-nk7_2990\/\" class=\"wp-image-10747\"><\/a><\/figure>\n<\/li>\n<li class=\"blocks-gallery-item\">\n<figure><a href=\"https:\/\/heritageclub.ca\/richelieu\/wp-content\/uploads\/sites\/16\/2019\/08\/2019-08-14-NK7_2989.jpg\" target=\"_blank\" rel=\"noopener noreferrer\"><img decoding=\"async\" src=\"https:\/\/heritageclub.ca\/richelieu\/wp-content\/uploads\/sites\/16\/2019\/08\/2019-08-14-NK7_2989-300x188.jpg\" alt=\"2019-08-14-NK7_2989-300x188\" data-id=\"10746\" data-link=\"https:\/\/heritageclub.ca\/richelieu\/fr\/2019-08-14-nk7_2989\/\" class=\"wp-image-10746\"><\/a><\/figure>\n<\/li>\n<li class=\"blocks-gallery-item\">\n<figure><a href=\"https:\/\/heritageclub.ca\/richelieu\/wp-content\/uploads\/sites\/16\/2019\/08\/2019-08-14-NK7_2988.jpg\" target=\"_blank\" rel=\"noopener noreferrer\"><img decoding=\"async\" src=\"https:\/\/heritageclub.ca\/richelieu\/wp-content\/uploads\/sites\/16\/2019\/08\/2019-08-14-NK7_2988-300x200.jpg\" alt=\"2019-08-14-NK7_2988-300x200\" data-id=\"10745\" data-link=\"https:\/\/heritageclub.ca\/richelieu\/fr\/2019-08-14-nk7_2988\/\" class=\"wp-image-10745\"><\/a><\/figure>\n<\/li>\n<li class=\"blocks-gallery-item\">\n<figure><a href=\"https:\/\/heritageclub.ca\/richelieu\/wp-content\/uploads\/sites\/16\/2019\/08\/2019-08-14-NK7_2999.jpg\" target=\"_blank\" rel=\"noopener noreferrer\"><img decoding=\"async\" src=\"https:\/\/heritageclub.ca\/richelieu\/wp-content\/uploads\/sites\/16\/2019\/08\/2019-08-14-NK7_2999-300x200.jpg\" alt=\"2019-08-14-NK7_2999-300x200\" data-id=\"10756\" data-link=\"https:\/\/heritageclub.ca\/richelieu\/fr\/2019-08-14-nk7_2999\/\" class=\"wp-image-10756\"><\/a><\/figure>\n<\/li>\n<li class=\"blocks-gallery-item\">\n<figure><a href=\"https:\/\/heritageclub.ca\/richelieu\/wp-content\/uploads\/sites\/16\/2019\/08\/2019-08-14-NK7_3000.jpg\" target=\"_blank\" rel=\"noopener noreferrer\"><img decoding=\"async\" src=\"https:\/\/heritageclub.ca\/richelieu\/wp-content\/uploads\/sites\/16\/2019\/08\/2019-08-14-NK7_3000-300x200.jpg\" alt=\"2019-08-14-NK7_3000-300x200\" data-id=\"10757\" data-link=\"https:\/\/heritageclub.ca\/richelieu\/fr\/2019-08-14-nk7_3000\/\" class=\"wp-image-10757\"><\/a><\/figure>\n<\/li>\n<li class=\"blocks-gallery-item\">\n<figure><a href=\"https:\/\/heritageclub.ca\/richelieu\/wp-content\/uploads\/sites\/16\/2019\/08\/2019-08-14-NK7_3001.jpg\" target=\"_blank\" rel=\"noopener noreferrer\"><img decoding=\"async\" src=\"https:\/\/heritageclub.ca\/richelieu\/wp-content\/uploads\/sites\/16\/2019\/08\/2019-08-14-NK7_3001-300x200.jpg\" alt=\"2019-08-14-NK7_3001-300x200\" data-id=\"10769\" data-link=\"https:\/\/heritageclub.ca\/richelieu\/fr\/2019-08-14-nk7_3001\/\" class=\"wp-image-10769\"><\/a><\/figure>\n<\/li>\n<li class=\"blocks-gallery-item\">\n<figure><a href=\"https:\/\/heritageclub.ca\/richelieu\/wp-content\/uploads\/sites\/16\/2019\/08\/2019-08-14-NK7_2997.jpg\" target=\"_blank\" rel=\"noopener noreferrer\"><img decoding=\"async\" src=\"https:\/\/heritageclub.ca\/richelieu\/wp-content\/uploads\/sites\/16\/2019\/08\/2019-08-14-NK7_2997-200x300.jpg\" alt=\"2019-08-14-NK7_2997-200x300\" data-id=\"10753\" data-link=\"https:\/\/heritageclub.ca\/richelieu\/fr\/2019-08-14-nk7_2997\/\" class=\"wp-image-10753\"><\/a><\/figure>\n<\/li>\n<li class=\"blocks-gallery-item\">\n<figure><a href=\"https:\/\/heritageclub.ca\/richelieu\/wp-content\/uploads\/sites\/16\/2019\/08\/2019-08-14-NK7_3003.jpg\" target=\"_blank\" rel=\"noopener noreferrer\"><img decoding=\"async\" src=\"https:\/\/heritageclub.ca\/richelieu\/wp-content\/uploads\/sites\/16\/2019\/08\/2019-08-14-NK7_3003-300x198.jpg\" alt=\"2019-08-14-NK7_3003-300x198\" data-id=\"10760\" data-link=\"https:\/\/heritageclub.ca\/richelieu\/fr\/2019-08-14-nk7_3003\/\" class=\"wp-image-10760\"><\/a><figcaption><strong><em>Gagnant du prix de pr\u00e9sence<\/em><\/strong><\/figcaption><\/figure>\n<\/li>\n<li class=\"blocks-gallery-item\">\n<figure><a href=\"https:\/\/heritageclub.ca\/richelieu\/wp-content\/uploads\/sites\/16\/2019\/08\/2019-08-14-NK7_3004.jpg\" target=\"_blank\" rel=\"noopener noreferrer\"><img decoding=\"async\" src=\"https:\/\/heritageclub.ca\/richelieu\/wp-content\/uploads\/sites\/16\/2019\/08\/2019-08-14-NK7_3004-300x200.jpg\" alt=\"2019-08-14-NK7_3004-300x200\" data-id=\"10761\" data-link=\"https:\/\/heritageclub.ca\/richelieu\/fr\/2019-08-14-nk7_3004\/\" class=\"wp-image-10761\"><\/a><\/figure>\n<\/li>\n<li class=\"blocks-gallery-item\">\n<figure><a href=\"https:\/\/heritageclub.ca\/richelieu\/wp-content\/uploads\/sites\/16\/2019\/08\/2019-08-14-NK7_3005.jpg\" target=\"_blank\" rel=\"noopener noreferrer\"><img decoding=\"async\" src=\"https:\/\/heritageclub.ca\/richelieu\/wp-content\/uploads\/sites\/16\/2019\/08\/2019-08-14-NK7_3005-300x200.jpg\" alt=\"2019-08-14-NK7_3005-300x200\" data-id=\"10762\" data-link=\"https:\/\/heritageclub.ca\/richelieu\/fr\/2019-08-14-nk7_3005\/\" class=\"wp-image-10762\"><\/a><figcaption><strong><em>Gagnante du tirage<\/em><\/strong><\/figcaption><\/figure>\n<\/li>\n<li class=\"blocks-gallery-item\">\n<figure><a href=\"https:\/\/heritageclub.ca\/richelieu\/wp-content\/uploads\/sites\/16\/2019\/08\/2019-08-14-NK7_3006.jpg\" target=\"_blank\" rel=\"noopener noreferrer\"><img decoding=\"async\" src=\"https:\/\/heritageclub.ca\/richelieu\/wp-content\/uploads\/sites\/16\/2019\/08\/2019-08-14-NK7_3006-300x200.jpg\" alt=\"2019-08-14-NK7_3006-300x200\" data-id=\"10763\" data-link=\"https:\/\/heritageclub.ca\/richelieu\/fr\/2019-08-14-nk7_3006\/\" class=\"wp-image-10763\"><\/a><figcaption><strong><em>Gagnante du tirage<\/em><\/strong><\/figcaption><\/figure>\n<\/li>\n<li class=\"blocks-gallery-item\">\n<figure><a href=\"https:\/\/heritageclub.ca\/richelieu\/wp-content\/uploads\/sites\/16\/2019\/08\/2019-08-14-NK7_3007_PBY.jpg\" target=\"_blank\" rel=\"noopener noreferrer\"><img decoding=\"async\" src=\"https:\/\/heritageclub.ca\/richelieu\/wp-content\/uploads\/sites\/16\/2019\/08\/2019-08-14-NK7_3007_PBY-300x194.jpg\" alt=\"2019-08-14-NK7_3007_PBY-300x194\" data-id=\"10774\" data-link=\"https:\/\/heritageclub.ca\/richelieu\/fr\/2019-08-14-nk7_3007_pby\/\" class=\"wp-image-10774\"><\/a><figcaption><strong><em>En ao\u00fbt \u2192 la f\u00eate \u00e0 Pierre<\/em><\/strong><\/figcaption><\/figure>\n<\/li>\n<li class=\"blocks-gallery-item\">\n<figure><a href=\"https:\/\/heritageclub.ca\/richelieu\/wp-content\/uploads\/sites\/16\/2019\/08\/2019-08-14-NK7_2998_PBY.jpg\" target=\"_blank\" rel=\"noopener noreferrer\"><img decoding=\"async\" src=\"https:\/\/heritageclub.ca\/richelieu\/wp-content\/uploads\/sites\/16\/2019\/08\/2019-08-14-NK7_2998_PBY-191x300.jpg\" alt=\"2019-08-14-NK7_2998_PBY-191x300\" data-id=\"10755\" data-link=\"https:\/\/heritageclub.ca\/richelieu\/fr\/2019-08-14-nk7_2998_pby\/\" class=\"wp-image-10755\"><\/a><figcaption><strong><em>En ao\u00fbt \u2192 la f\u00eate \u00e0 Stephen<\/em><\/strong><\/figcaption><\/figure>\n<\/li>\n<\/ul>\n<table width=\"100%\" align=\"center\">\n<tbody>\n<tr>\n<td align=\"center\">\n<hr>\n<p><span style=\"color: #808080\">R\u00e9f\u00e9rence du Bulletin Info-Richelieu \u00e0 venir<\/span><\/p>\n<hr>\n<h3><a href=\"https:\/\/heritageclub.ca\/richelieu\/fr\/contactez-nous\/\">Pour toute information ou commentaire, contactez-nous<\/a><\/h3>\n<\/td>\n<\/tr>\n<\/tbody>\n<\/table>\n","protected":false},"excerpt":{"rendered":"<p>Station des Sports 5773, boul. Taschereau, Brossard, QC J4Z 1A5 Nous \u00e9tions 59 personnes. Les assiettes \u00e9taient tr\u00e8s g\u00e9n\u00e9reuses. Les gens ont quitt\u00e9s avec un beau sourire. Deux tirages fut r\u00e9alis\u00e9 ainsi qu&rsquo;un prix de pr\u00e9sence d&rsquo;une valeur de $20.00. Les photos (Cliquez sur l&rsquo;image pour l&rsquo;agrandir dans une autre fen\u00eatre) Gagnant du prix de&#8230;  <a class=\"excerpt-read-more\" href=\"https:\/\/heritageclub.ca\/richelieu\/aout-2019-station-des-sports\/\" title=\"Read Ao\u00fbt 2019 \u2014 Station des Sports\">Lire la suite &raquo;<\/a><\/p>\n","protected":false},"author":12,"featured_media":0,"parent":0,"menu_order":0,"comment_status":"closed","ping_status":"closed","template":"page-fullwidth.php","meta":{"_acf_changed":false,"ngg_post_thumbnail":0,"footnotes":""},"class_list":["post-10778","page","type-page","status-publish","hentry"],"acf":[],"_links":{"self":[{"href":"https:\/\/heritageclub.ca\/richelieu\/wp-json\/wp\/v2\/pages\/10778","targetHints":{"allow":["GET"]}}],"collection":[{"href":"https:\/\/heritageclub.ca\/richelieu\/wp-json\/wp\/v2\/pages"}],"about":[{"href":"https:\/\/heritageclub.ca\/richelieu\/wp-json\/wp\/v2\/types\/page"}],"author":[{"embeddable":true,"href":"https:\/\/heritageclub.ca\/richelieu\/wp-json\/wp\/v2\/users\/12"}],"replies":[{"embeddable":true,"href":"https:\/\/heritageclub.ca\/richelieu\/wp-json\/wp\/v2\/comments?post=10778"}],"version-history":[{"count":56,"href":"https:\/\/heritageclub.ca\/richelieu\/wp-json\/wp\/v2\/pages\/10778\/revisions"}],"predecessor-version":[{"id":15816,"href":"https:\/\/heritageclub.ca\/richelieu\/wp-json\/wp\/v2\/pages\/10778\/revisions\/15816"}],"wp:attachment":[{"href":"https:\/\/heritageclub.ca\/richelieu\/wp-json\/wp\/v2\/media?parent=10778"}],"curies":[{"name":"wp","href":"https:\/\/api.w.org\/{rel}","templated":true}]}}