{"id":106,"date":"2014-12-22T19:40:50","date_gmt":"2014-12-22T19:40:50","guid":{"rendered":"http:\/\/heritageclub.ca\/richelieu\/?page_id=106"},"modified":"2018-11-12T11:50:57","modified_gmt":"2018-11-12T16:50:57","slug":"coordonnees","status":"publish","type":"page","link":"https:\/\/heritageclub.ca\/richelieu\/coordonnees\/","title":{"rendered":"Nos Coordonn\u00e9es"},"content":{"rendered":"<h4><span style=\"color: #000000\"><strong>Club H\u00e9ritage &#8211; Chapitre Richelieu<\/strong><\/span><\/h4>\n<p><span style=\"color: #000000\"><strong>Bureau postal de Boucherville<\/strong><\/span><br \/>\n<span style=\"color: #808080\">(Nos bureaux sont au 2<sup>i\u00e8me<\/sup> \u00e9tage de la succursale)<\/span><br \/>\n<span style=\"color: #808080\">131, rue Jacques-M\u00e9nard<\/span><br \/>\n<span style=\"color: #808080\">C.P. 426<\/span><br \/>\n<span style=\"color: #808080\">Boucherville, QC<\/span><br \/>\n<span style=\"color: #808080\">J4B 5W2<\/span><br \/>\n<img loading=\"lazy\" decoding=\"async\" src=\"https:\/\/heritageclub.ca\/richelieu\/wp-content\/uploads\/sites\/16\/2018\/10\/Telephone.png\" width=\"20\" height=\"20\" border=\"0\" \/> (514) 917-9384 <span style=\"color: #808080\">(Ren\u00e9 Lareau)<\/span><\/p>\n<p><img loading=\"lazy\" decoding=\"async\" src=\"https:\/\/heritageclub.ca\/richelieu\/wp-content\/uploads\/sites\/16\/2018\/10\/Email.png\" width=\"20\" height=\"20\" border=\"0\" \/> <a href=\"https:\/\/heritageclub.ca\/richelieu\/fr\/contactez-nous\/\">Contactez-nous<\/a><\/p>\n<a title=\"Itin\u00e9raire\" href=\"https:\/\/goo.gl\/maps\/8MVwhdX4JjE2\" target=\"_blank\" rel=\"noopener\"><img loading=\"lazy\" decoding=\"async\" src=\"https:\/\/heritageclub.ca\/richelieu\/wp-content\/uploads\/sites\/16\/2018\/10\/Boussole.gif\" alt=\"Itin\u00e9raire\" width=\"100\" height=\"77\" border=\"0\" \/><\/a>\n","protected":false},"excerpt":{"rendered":"<p>Club H\u00e9ritage &#8211; Chapitre Richelieu Bureau postal de Boucherville (Nos bureaux sont au 2i\u00e8me \u00e9tage de la succursale) 131, rue Jacques-M\u00e9nard C.P. 426 Boucherville, QC J4B 5W2 (514) 917-9384 (Ren\u00e9 Lareau) Contactez-nous<\/p>\n","protected":false},"author":12,"featured_media":0,"parent":0,"menu_order":0,"comment_status":"closed","ping_status":"closed","template":"","meta":{"_acf_changed":false,"ngg_post_thumbnail":0,"footnotes":""},"class_list":["post-106","page","type-page","status-publish","hentry"],"acf":[],"_links":{"self":[{"href":"https:\/\/heritageclub.ca\/richelieu\/wp-json\/wp\/v2\/pages\/106","targetHints":{"allow":["GET"]}}],"collection":[{"href":"https:\/\/heritageclub.ca\/richelieu\/wp-json\/wp\/v2\/pages"}],"about":[{"href":"https:\/\/heritageclub.ca\/richelieu\/wp-json\/wp\/v2\/types\/page"}],"author":[{"embeddable":true,"href":"https:\/\/heritageclub.ca\/richelieu\/wp-json\/wp\/v2\/users\/12"}],"replies":[{"embeddable":true,"href":"https:\/\/heritageclub.ca\/richelieu\/wp-json\/wp\/v2\/comments?post=106"}],"version-history":[{"count":26,"href":"https:\/\/heritageclub.ca\/richelieu\/wp-json\/wp\/v2\/pages\/106\/revisions"}],"predecessor-version":[{"id":7856,"href":"https:\/\/heritageclub.ca\/richelieu\/wp-json\/wp\/v2\/pages\/106\/revisions\/7856"}],"wp:attachment":[{"href":"https:\/\/heritageclub.ca\/richelieu\/wp-json\/wp\/v2\/media?parent=106"}],"curies":[{"name":"wp","href":"https:\/\/api.w.org\/{rel}","templated":true}]}}