{"id":10547,"date":"2019-06-20T12:09:39","date_gmt":"2019-06-20T16:09:39","guid":{"rendered":"http:\/\/heritageclub.ca\/richelieu\/?page_id=10547"},"modified":"2021-03-09T13:20:46","modified_gmt":"2021-03-09T18:20:46","slug":"juin-2019-le-nautique","status":"publish","type":"page","link":"https:\/\/heritageclub.ca\/richelieu\/juin-2019-le-nautique\/","title":{"rendered":"Juin 2019 \u2014 Le Nautique"},"content":{"rendered":"<table width=\"100%\" align=\"center\">\n<tbody>\n<tr>\n<td align=\"center\"><img decoding=\"async\" src=\"https:\/\/heritageclub.ca\/richelieu\/wp-content\/uploads\/sites\/16\/2021\/03\/bleumarin.jpg\" alt=\"bleumarin.\" width=\"75%\" class=\"alignnone size-full wp-image-15819\"><\/p>\n<p><a href=\"https:\/\/heritageclub.ca\/richelieu\/fr\/lieu\/le-nautique\/\" rel=\"noopener noreferrer\" target=\"_blank\"><big>Bleumarin, le restaurant du Nautique<\/big><br \/>\n55, rue Richelieu, Saint-Jean-sur-Richelieu, QC. J3B 6X2<\/a><\/p>\n<p>69 personnes se sont rencontr\u00e9es au Nautique situ\u00e9 sur le bord de l&rsquo;eau,<br \/>\nle repas f\u00fbt tr\u00e8s appr\u00e9ci\u00e9.<\/p>\n<p><img decoding=\"async\" src=\"https:\/\/heritageclub.ca\/richelieu\/wp-content\/uploads\/sites\/16\/2019\/11\/line-divider-estrellas.png\" alt=\"line-divider-estrellas\" width=\"80%\"><\/p>\n<h2><strong><em>Les photos<\/em><\/strong><\/h2>\n<p><img decoding=\"async\" class=\"\" src=\"https:\/\/heritageclub.ca\/richelieu\/wp-content\/uploads\/sites\/16\/2018\/10\/trans.gif\" alt=\"trans\" width=\"80%\" height=\"24\"><\/p>\n<p style=\"text-align: center\"><strong>(Cliquez sur l&rsquo;image pour l&rsquo;agrandir dans une autre fen\u00eatre)<\/strong><\/p>\n<figure class=\"wp-block-gallery columns-3 is-cropped\">\n<ul class=\"blocks-gallery-grid\">\n<li class=\"blocks-gallery-item\">\n<figure><a href=\"https:\/\/heritageclub.ca\/richelieu\/wp-content\/uploads\/sites\/16\/2019\/06\/2019-06-12-DSCN3960.jpg\" target=\"_blank\" rel=\"noopener noreferrer\"><img decoding=\"async\" src=\"https:\/\/heritageclub.ca\/richelieu\/wp-content\/uploads\/sites\/16\/2019\/06\/2019-06-12-DSCN3960-300x225.jpg\" alt=\"2019-06-12-DSCN3960-300x225\" data-id=\"10517\" data-full-url=\"https:\/\/heritageclub.ca\/richelieu\/wp-content\/uploads\/sites\/16\/2019\/06\/2019-06-12-DSCN3960.jpg\" data-link=\"https:\/\/heritageclub.ca\/richelieu\/fr\/juin-2019-le-nautique\/2019-06-12-dscn3960\/\" class=\"wp-image-10517\"><\/a><\/figure>\n<\/li>\n<li class=\"blocks-gallery-item\">\n<figure><a href=\"https:\/\/heritageclub.ca\/richelieu\/wp-content\/uploads\/sites\/16\/2019\/06\/2019-06-12-DSCN3963.jpg\" target=\"_blank\" rel=\"noopener noreferrer\"><img decoding=\"async\" src=\"https:\/\/heritageclub.ca\/richelieu\/wp-content\/uploads\/sites\/16\/2019\/06\/2019-06-12-DSCN3963-300x225.jpg\" alt=\"2019-06-12-DSCN3963-300x225\" data-id=\"10539\" data-full-url=\"https:\/\/heritageclub.ca\/richelieu\/wp-content\/uploads\/sites\/16\/2019\/06\/2019-06-12-DSCN3963.jpg\" data-link=\"https:\/\/heritageclub.ca\/richelieu\/fr\/juin-2019-le-nautique\/2019-06-12-dscn3963\/\" class=\"wp-image-10539\"><\/a><\/figure>\n<\/li>\n<li class=\"blocks-gallery-item\">\n<figure><a href=\"https:\/\/heritageclub.ca\/richelieu\/wp-content\/uploads\/sites\/16\/2019\/06\/2019-06-12-DSCN3966.jpg\" target=\"_blank\" rel=\"noopener noreferrer\"><img decoding=\"async\" src=\"https:\/\/heritageclub.ca\/richelieu\/wp-content\/uploads\/sites\/16\/2019\/06\/2019-06-12-DSCN3966-300x225.jpg\" alt=\"2019-06-12-DSCN3966-300x225\" data-id=\"10544\" data-full-url=\"https:\/\/heritageclub.ca\/richelieu\/wp-content\/uploads\/sites\/16\/2019\/06\/2019-06-12-DSCN3966.jpg\" data-link=\"https:\/\/heritageclub.ca\/richelieu\/fr\/juin-2019-le-nautique\/2019-06-12-dscn3966\/\" class=\"wp-image-10544\"><\/a><\/figure>\n<\/li>\n<li class=\"blocks-gallery-item\">\n<figure><a href=\"https:\/\/heritageclub.ca\/richelieu\/wp-content\/uploads\/sites\/16\/2019\/06\/2019-06-12-DSCN3992.jpg\" target=\"_blank\" rel=\"noopener noreferrer\"><img decoding=\"async\" src=\"https:\/\/heritageclub.ca\/richelieu\/wp-content\/uploads\/sites\/16\/2019\/06\/2019-06-12-DSCN3992-300x225.jpg\" alt=\"2019-06-12-DSCN3992-300x225\" data-id=\"10530\" data-full-url=\"https:\/\/heritageclub.ca\/richelieu\/wp-content\/uploads\/sites\/16\/2019\/06\/2019-06-12-DSCN3992.jpg\" data-link=\"https:\/\/heritageclub.ca\/richelieu\/fr\/juin-2019-le-nautique\/2019-06-12-dscn3992\/\" class=\"wp-image-10530\"><\/a><\/figure>\n<\/li>\n<li class=\"blocks-gallery-item\">\n<figure><a href=\"https:\/\/heritageclub.ca\/richelieu\/wp-content\/uploads\/sites\/16\/2019\/06\/2019-06-12-DSCN3994.jpg\" target=\"_blank\" rel=\"noopener noreferrer\"><img decoding=\"async\" src=\"https:\/\/heritageclub.ca\/richelieu\/wp-content\/uploads\/sites\/16\/2019\/06\/2019-06-12-DSCN3994-300x225.jpg\" alt=\"2019-06-12-DSCN3994-300x225\" data-id=\"10531\" data-full-url=\"https:\/\/heritageclub.ca\/richelieu\/wp-content\/uploads\/sites\/16\/2019\/06\/2019-06-12-DSCN3994.jpg\" data-link=\"https:\/\/heritageclub.ca\/richelieu\/fr\/juin-2019-le-nautique\/2019-06-12-dscn3994\/\" class=\"wp-image-10531\"><\/a><\/figure>\n<\/li>\n<li class=\"blocks-gallery-item\">\n<figure><a href=\"https:\/\/heritageclub.ca\/richelieu\/wp-content\/uploads\/sites\/16\/2019\/06\/2019-06-12-DSCN3997.jpg\" target=\"_blank\" rel=\"noopener noreferrer\"><img decoding=\"async\" src=\"https:\/\/heritageclub.ca\/richelieu\/wp-content\/uploads\/sites\/16\/2019\/06\/2019-06-12-DSCN3997-300x225.jpg\" alt=\"2019-06-12-DSCN3997-300x225\" data-id=\"10533\" data-full-url=\"https:\/\/heritageclub.ca\/richelieu\/wp-content\/uploads\/sites\/16\/2019\/06\/2019-06-12-DSCN3997.jpg\" data-link=\"https:\/\/heritageclub.ca\/richelieu\/fr\/juin-2019-le-nautique\/2019-06-12-dscn3997\/\" class=\"wp-image-10533\"><\/a><\/figure>\n<\/li>\n<li class=\"blocks-gallery-item\">\n<figure><a href=\"https:\/\/heritageclub.ca\/richelieu\/wp-content\/uploads\/sites\/16\/2019\/06\/2019-06-12-DSCN4002.jpg\" target=\"_blank\" rel=\"noopener noreferrer\"><img decoding=\"async\" src=\"https:\/\/heritageclub.ca\/richelieu\/wp-content\/uploads\/sites\/16\/2019\/06\/2019-06-12-DSCN4002-300x225.jpg\" alt=\"2019-06-12-DSCN4002-300x225\" data-id=\"10535\" data-full-url=\"https:\/\/heritageclub.ca\/richelieu\/wp-content\/uploads\/sites\/16\/2019\/06\/2019-06-12-DSCN4002.jpg\" data-link=\"https:\/\/heritageclub.ca\/richelieu\/fr\/juin-2019-le-nautique\/2019-06-12-dscn4002\/\" class=\"wp-image-10535\"><\/a><\/figure>\n<\/li>\n<li class=\"blocks-gallery-item\">\n<figure><a href=\"https:\/\/heritageclub.ca\/richelieu\/wp-content\/uploads\/sites\/16\/2019\/06\/2019-06-12-DSCN4006.jpg\" target=\"_blank\" rel=\"noopener noreferrer\"><img decoding=\"async\" src=\"https:\/\/heritageclub.ca\/richelieu\/wp-content\/uploads\/sites\/16\/2019\/06\/2019-06-12-DSCN4006-300x225.jpg\" alt=\"2019-06-12-DSCN4006-300x225\" data-id=\"10546\" data-full-url=\"https:\/\/heritageclub.ca\/richelieu\/wp-content\/uploads\/sites\/16\/2019\/06\/2019-06-12-DSCN4006.jpg\" data-link=\"https:\/\/heritageclub.ca\/richelieu\/fr\/juin-2019-le-nautique\/2019-06-12-dscn4006\/\" class=\"wp-image-10546\"><\/a><\/figure>\n<\/li>\n<li class=\"blocks-gallery-item\">\n<figure><a href=\"https:\/\/heritageclub.ca\/richelieu\/wp-content\/uploads\/sites\/16\/2019\/06\/2019-06-12-DSCN3988.jpg\" target=\"_blank\" rel=\"noopener noreferrer\"><img decoding=\"async\" src=\"https:\/\/heritageclub.ca\/richelieu\/wp-content\/uploads\/sites\/16\/2019\/06\/2019-06-12-DSCN3988-300x225.jpg\" alt=\"2019-06-12-DSCN3988-300x225\" data-id=\"10528\" data-full-url=\"https:\/\/heritageclub.ca\/richelieu\/wp-content\/uploads\/sites\/16\/2019\/06\/2019-06-12-DSCN3988.jpg\" data-link=\"https:\/\/heritageclub.ca\/richelieu\/fr\/juin-2019-le-nautique\/2019-06-12-dscn3988\/\" class=\"wp-image-10528\"><\/a><\/figure>\n<\/li>\n<li class=\"blocks-gallery-item\">\n<figure><a href=\"https:\/\/heritageclub.ca\/richelieu\/wp-content\/uploads\/sites\/16\/2019\/06\/2019-06-12-DSCN4001.jpg\" target=\"_blank\" rel=\"noopener noreferrer\"><img decoding=\"async\" src=\"https:\/\/heritageclub.ca\/richelieu\/wp-content\/uploads\/sites\/16\/2019\/06\/2019-06-12-DSCN4001-300x225.jpg\" alt=\"2019-06-12-DSCN4001-300x225\" data-id=\"10542\" data-full-url=\"https:\/\/heritageclub.ca\/richelieu\/wp-content\/uploads\/sites\/16\/2019\/06\/2019-06-12-DSCN4001.jpg\" data-link=\"https:\/\/heritageclub.ca\/richelieu\/fr\/juin-2019-le-nautique\/2019-06-12-dscn4001\/\" class=\"wp-image-10542\"><\/a><\/figure>\n<\/li>\n<li class=\"blocks-gallery-item\">\n<figure><a href=\"https:\/\/heritageclub.ca\/richelieu\/wp-content\/uploads\/sites\/16\/2019\/06\/2019-06-12-DSCN3990.jpg\" target=\"_blank\" rel=\"noopener noreferrer\"><img decoding=\"async\" src=\"https:\/\/heritageclub.ca\/richelieu\/wp-content\/uploads\/sites\/16\/2019\/06\/2019-06-12-DSCN3990-300x225.jpg\" alt=\"2019-06-12-DSCN3990-300x225\" data-id=\"10541\" data-full-url=\"https:\/\/heritageclub.ca\/richelieu\/wp-content\/uploads\/sites\/16\/2019\/06\/2019-06-12-DSCN3990.jpg\" data-link=\"https:\/\/heritageclub.ca\/richelieu\/fr\/juin-2019-le-nautique\/2019-06-12-dscn3990\/\" class=\"wp-image-10541\"><\/a><\/figure>\n<\/li>\n<li class=\"blocks-gallery-item\">\n<figure><a href=\"https:\/\/heritageclub.ca\/richelieu\/wp-content\/uploads\/sites\/16\/2019\/06\/2019-06-12-DSCN4012.jpg\" target=\"_blank\" rel=\"noopener noreferrer\"><img decoding=\"async\" src=\"https:\/\/heritageclub.ca\/richelieu\/wp-content\/uploads\/sites\/16\/2019\/06\/2019-06-12-DSCN4012-300x223.jpg\" alt=\"2019-06-12-DSCN4012-300x223\" data-id=\"10538\" data-full-url=\"https:\/\/heritageclub.ca\/richelieu\/wp-content\/uploads\/sites\/16\/2019\/06\/2019-06-12-DSCN4012.jpg\" data-link=\"https:\/\/heritageclub.ca\/richelieu\/fr\/juin-2019-le-nautique\/2019-06-12-dscn4012\/\" class=\"wp-image-10538\"><\/a><\/figure>\n<\/li>\n<li class=\"blocks-gallery-item\">\n<figure><a href=\"https:\/\/heritageclub.ca\/richelieu\/wp-content\/uploads\/sites\/16\/2019\/06\/2019-06-12-DSCN4008.jpg\" target=\"_blank\" rel=\"noopener noreferrer\"><img decoding=\"async\" src=\"https:\/\/heritageclub.ca\/richelieu\/wp-content\/uploads\/sites\/16\/2019\/06\/2019-06-12-DSCN4008-300x225.jpg\" alt=\"2019-06-12-DSCN4008-300x225\" data-id=\"10537\" data-full-url=\"https:\/\/heritageclub.ca\/richelieu\/wp-content\/uploads\/sites\/16\/2019\/06\/2019-06-12-DSCN4008.jpg\" data-link=\"https:\/\/heritageclub.ca\/richelieu\/fr\/juin-2019-le-nautique\/2019-06-12-dscn4008\/\" class=\"wp-image-10537\"><\/a><\/figure>\n<\/li>\n<li class=\"blocks-gallery-item\">\n<figure><a href=\"https:\/\/heritageclub.ca\/richelieu\/wp-content\/uploads\/sites\/16\/2019\/06\/2019-06-12-DSCN3987.jpg\" target=\"_blank\" rel=\"noopener noreferrer\"><img decoding=\"async\" src=\"https:\/\/heritageclub.ca\/richelieu\/wp-content\/uploads\/sites\/16\/2019\/06\/2019-06-12-DSCN3987-300x225.jpg\" alt=\"2019-06-12-DSCN3987-300x225\" data-id=\"10527\" data-full-url=\"https:\/\/heritageclub.ca\/richelieu\/wp-content\/uploads\/sites\/16\/2019\/06\/2019-06-12-DSCN3987.jpg\" data-link=\"https:\/\/heritageclub.ca\/richelieu\/fr\/juin-2019-le-nautique\/2019-06-12-dscn3987\/\" class=\"wp-image-10527\"><\/a><\/figure>\n<\/li>\n<li class=\"blocks-gallery-item\">\n<figure><a href=\"https:\/\/heritageclub.ca\/richelieu\/wp-content\/uploads\/sites\/16\/2019\/06\/2019-06-12-DSCN3983.jpg\" target=\"_blank\" rel=\"noopener noreferrer\"><img decoding=\"async\" src=\"https:\/\/heritageclub.ca\/richelieu\/wp-content\/uploads\/sites\/16\/2019\/06\/2019-06-12-DSCN3983-300x225.jpg\" alt=\"2019-06-12-DSCN3983-300x225\" data-id=\"10526\" data-full-url=\"https:\/\/heritageclub.ca\/richelieu\/wp-content\/uploads\/sites\/16\/2019\/06\/2019-06-12-DSCN3983.jpg\" data-link=\"https:\/\/heritageclub.ca\/richelieu\/fr\/juin-2019-le-nautique\/2019-06-12-dscn3983\/\" class=\"wp-image-10526\"><\/a><\/figure>\n<\/li>\n<li class=\"blocks-gallery-item\">\n<figure><a href=\"https:\/\/heritageclub.ca\/richelieu\/wp-content\/uploads\/sites\/16\/2019\/06\/2019-06-12-DSCN3980.jpg\" target=\"_blank\" rel=\"noopener noreferrer\"><img decoding=\"async\" src=\"https:\/\/heritageclub.ca\/richelieu\/wp-content\/uploads\/sites\/16\/2019\/06\/2019-06-12-DSCN3980-300x225.jpg\" alt=\"2019-06-12-DSCN3980-300x225\" data-id=\"10525\" data-full-url=\"https:\/\/heritageclub.ca\/richelieu\/wp-content\/uploads\/sites\/16\/2019\/06\/2019-06-12-DSCN3980.jpg\" data-link=\"https:\/\/heritageclub.ca\/richelieu\/fr\/juin-2019-le-nautique\/2019-06-12-dscn3980\/\" class=\"wp-image-10525\"><\/a><\/figure>\n<\/li>\n<li class=\"blocks-gallery-item\">\n<figure><a href=\"https:\/\/heritageclub.ca\/richelieu\/wp-content\/uploads\/sites\/16\/2019\/06\/2019-06-12-DSCN3976.jpg\" target=\"_blank\" rel=\"noopener noreferrer\"><img decoding=\"async\" src=\"https:\/\/heritageclub.ca\/richelieu\/wp-content\/uploads\/sites\/16\/2019\/06\/2019-06-12-DSCN3976-300x230.jpg\" alt=\"2019-06-12-DSCN3976-300x230\" data-id=\"10524\" data-full-url=\"https:\/\/heritageclub.ca\/richelieu\/wp-content\/uploads\/sites\/16\/2019\/06\/2019-06-12-DSCN3976.jpg\" data-link=\"https:\/\/heritageclub.ca\/richelieu\/fr\/juin-2019-le-nautique\/2019-06-12-dscn3976\/\" class=\"wp-image-10524\"><\/a><\/figure>\n<\/li>\n<li class=\"blocks-gallery-item\">\n<figure><a href=\"https:\/\/heritageclub.ca\/richelieu\/wp-content\/uploads\/sites\/16\/2019\/06\/2019-06-12-DSCN3974.jpg\" target=\"_blank\" rel=\"noopener noreferrer\"><img decoding=\"async\" src=\"https:\/\/heritageclub.ca\/richelieu\/wp-content\/uploads\/sites\/16\/2019\/06\/2019-06-12-DSCN3974-300x225.jpg\" alt=\"2019-06-12-DSCN3974-300x225\" data-id=\"10523\" data-full-url=\"https:\/\/heritageclub.ca\/richelieu\/wp-content\/uploads\/sites\/16\/2019\/06\/2019-06-12-DSCN3974.jpg\" data-link=\"https:\/\/heritageclub.ca\/richelieu\/fr\/juin-2019-le-nautique\/2019-06-12-dscn3974\/\" class=\"wp-image-10523\"><\/a><\/figure>\n<\/li>\n<li class=\"blocks-gallery-item\">\n<figure><a href=\"https:\/\/heritageclub.ca\/richelieu\/wp-content\/uploads\/sites\/16\/2019\/06\/2019-06-12-DSCN3972.jpg\" target=\"_blank\" rel=\"noopener noreferrer\"><img decoding=\"async\" src=\"https:\/\/heritageclub.ca\/richelieu\/wp-content\/uploads\/sites\/16\/2019\/06\/2019-06-12-DSCN3972-300x225.jpg\" alt=\"2019-06-12-DSCN3972-300x225\" data-id=\"10522\" data-full-url=\"https:\/\/heritageclub.ca\/richelieu\/wp-content\/uploads\/sites\/16\/2019\/06\/2019-06-12-DSCN3972.jpg\" data-link=\"https:\/\/heritageclub.ca\/richelieu\/fr\/juin-2019-le-nautique\/2019-06-12-dscn3972\/\" class=\"wp-image-10522\"><\/a><\/figure>\n<\/li>\n<li class=\"blocks-gallery-item\">\n<figure><a href=\"https:\/\/heritageclub.ca\/richelieu\/wp-content\/uploads\/sites\/16\/2019\/06\/2019-06-12-DSCN3971.jpg\" target=\"_blank\" rel=\"noopener noreferrer\"><img decoding=\"async\" src=\"https:\/\/heritageclub.ca\/richelieu\/wp-content\/uploads\/sites\/16\/2019\/06\/2019-06-12-DSCN3971-300x225.jpg\" alt=\"2019-06-12-DSCN3971-300x225\" data-id=\"10521\" data-full-url=\"https:\/\/heritageclub.ca\/richelieu\/wp-content\/uploads\/sites\/16\/2019\/06\/2019-06-12-DSCN3971.jpg\" data-link=\"https:\/\/heritageclub.ca\/richelieu\/fr\/juin-2019-le-nautique\/2019-06-12-dscn3971\/\" class=\"wp-image-10521\"><\/a><\/figure>\n<\/li>\n<\/ul>\n<\/figure>\n<p><img decoding=\"async\" src=\"https:\/\/heritageclub.ca\/richelieu\/wp-content\/uploads\/sites\/16\/2018\/10\/trans.gif\" width=\"100%\" height=\"10\"><\/p>\n<hr>\n<p><a href=\"https:\/\/heritageclub.ca\/richelieu\/wp-content\/uploads\/sites\/16\/2019\/08\/Bulletin_Info-Richelieu_vol-210_Septembre-Octobre_2019.pdf\" rel=\"noopener noreferrer\" target=\"_blank\"><span style=\"color: #999999\"><em>R\u00e9f\u00e9rence du d\u00eener du mois au Bleumarin, le restaurant du Nautique en Juin 2019<br \/>\ndans le Bulletin Info-Richelieu \u2014 Septembre\/Octobre 2019 (en format PDF)<\/em><\/span><\/a><\/p>\n<hr>\n<h3><a href=\"https:\/\/heritageclub.ca\/richelieu\/fr\/contactez-nous\/\">Pour toute information ou commentaire, contactez-nous<\/a><\/h3>\n<\/td>\n<\/tr>\n<\/tbody>\n<\/table>\n","protected":false},"excerpt":{"rendered":"<p>Bleumarin, le restaurant du Nautique 55, rue Richelieu, Saint-Jean-sur-Richelieu, QC. J3B 6X2 69 personnes se sont rencontr\u00e9es au Nautique situ\u00e9 sur le bord de l&rsquo;eau, le repas f\u00fbt tr\u00e8s appr\u00e9ci\u00e9. Les photos (Cliquez sur l&rsquo;image pour l&rsquo;agrandir dans une autre fen\u00eatre) R\u00e9f\u00e9rence du d\u00eener du mois au Bleumarin, le restaurant du Nautique en Juin 2019&#8230;  <a class=\"excerpt-read-more\" href=\"https:\/\/heritageclub.ca\/richelieu\/juin-2019-le-nautique\/\" title=\"Read Juin 2019 \u2014 Le Nautique\">Lire la suite &raquo;<\/a><\/p>\n","protected":false},"author":12,"featured_media":0,"parent":0,"menu_order":0,"comment_status":"closed","ping_status":"closed","template":"page-fullwidth.php","meta":{"_acf_changed":false,"ngg_post_thumbnail":0,"footnotes":""},"class_list":["post-10547","page","type-page","status-publish","hentry"],"acf":[],"_links":{"self":[{"href":"https:\/\/heritageclub.ca\/richelieu\/wp-json\/wp\/v2\/pages\/10547","targetHints":{"allow":["GET"]}}],"collection":[{"href":"https:\/\/heritageclub.ca\/richelieu\/wp-json\/wp\/v2\/pages"}],"about":[{"href":"https:\/\/heritageclub.ca\/richelieu\/wp-json\/wp\/v2\/types\/page"}],"author":[{"embeddable":true,"href":"https:\/\/heritageclub.ca\/richelieu\/wp-json\/wp\/v2\/users\/12"}],"replies":[{"embeddable":true,"href":"https:\/\/heritageclub.ca\/richelieu\/wp-json\/wp\/v2\/comments?post=10547"}],"version-history":[{"count":31,"href":"https:\/\/heritageclub.ca\/richelieu\/wp-json\/wp\/v2\/pages\/10547\/revisions"}],"predecessor-version":[{"id":15820,"href":"https:\/\/heritageclub.ca\/richelieu\/wp-json\/wp\/v2\/pages\/10547\/revisions\/15820"}],"wp:attachment":[{"href":"https:\/\/heritageclub.ca\/richelieu\/wp-json\/wp\/v2\/media?parent=10547"}],"curies":[{"name":"wp","href":"https:\/\/api.w.org\/{rel}","templated":true}]}}