{"id":10283,"date":"2019-06-16T12:03:31","date_gmt":"2019-06-16T16:03:31","guid":{"rendered":"http:\/\/heritageclub.ca\/richelieu\/?page_id=10283"},"modified":"2020-06-29T12:41:33","modified_gmt":"2020-06-29T16:41:33","slug":"aga-regina-2019","status":"publish","type":"page","link":"https:\/\/heritageclub.ca\/richelieu\/aga-regina-2019\/","title":{"rendered":"AGA R\u00e9gina 2019"},"content":{"rendered":"<table width=\"100%\" align=\"center\">\n<tbody>\n<tr>\n<td align=\"center\"><a href=\"https:\/\/heritageclub.ca\/richelieu\/wp-content\/uploads\/sites\/16\/2019\/06\/2019-06-2-Canon-016.jpg\" target=\"_blank\" rel=\"noopener noreferrer\"><img decoding=\"async\" src=\"https:\/\/heritageclub.ca\/richelieu\/wp-content\/uploads\/sites\/16\/2019\/06\/2019-06-2-Canon-016.jpg\" alt=\"2019-06-2-Canon-016\" width=\"75%\" class=\"alignnone size-medium wp-image-10291\"><\/a><\/p>\n<h3><em>Assembl\u00e9e G\u00e9n\u00e9rale Annuelle du Club H\u00e9ritage 2019<\/em><\/h3>\n<p><big><strong>H\u00f4tel Ramada Plaza<\/strong><\/big><strong><br \/>\n1818, Ave. Victoria, R\u00e9gina, Saskatchewan, S4P 0R1<\/strong><\/p>\n<p><strong><em>Pierre Aubin<\/em><\/strong>, le 1<sup>er<\/sup> Vice-Pr\u00e9sident a repr\u00e9sent\u00e9 le chapitre Richelieu \u00e0 l&rsquo;Assembl\u00e9e G\u00e9n\u00e9rale Annuelle 2019 \u00e0 R\u00e9gina.<\/p>\n<p>Nous avons visit\u00e9 avec tous les autres chapitres en autobus la maison-m\u00e8re des Snowbirds et le mus\u00e9e du d\u00e9veloppement de Saskatchewan \u00e0 Moose Jaw.<\/p>\n<p><img decoding=\"async\" src=\"https:\/\/heritageclub.ca\/richelieu\/wp-content\/uploads\/sites\/16\/2019\/11\/line-divider-estrellas.png\" alt=\"line-divider-estrellas\" width=\"80%\"><\/p>\n<h2><strong><em>Les photos<\/em><\/strong><\/h2>\n<p><img decoding=\"async\" class=\"\" src=\"https:\/\/heritageclub.ca\/richelieu\/wp-content\/uploads\/sites\/16\/2018\/10\/trans.gif\" alt=\"trans\" width=\"80%\" height=\"24\"><\/p>\n<p style=\"text-align: center\"><strong>(Cliquez sur l&rsquo;image pour l&rsquo;agrandir dans une autre fen\u00eatre)<\/strong><\/p>\n<p><a href=\"https:\/\/heritageclub.ca\/richelieu\/wp-content\/uploads\/sites\/16\/2019\/06\/Nikon-0407.jpg\" target=\"_blank\" rel=\"noopener noreferrer\"><img loading=\"lazy\" decoding=\"async\" src=\"https:\/\/heritageclub.ca\/richelieu\/wp-content\/uploads\/sites\/16\/2019\/06\/Nikon-0407-300x200.jpg\" alt=\"\" width=\"300\" height=\"200\" class=\"alignnone size-medium wp-image-10330\" hspace=\"10\" vspace=\"10\"><\/a><a href=\"https:\/\/heritageclub.ca\/richelieu\/wp-content\/uploads\/sites\/16\/2019\/06\/Nikon-0401.jpg\" target=\"_blank\" rel=\"noopener noreferrer\"><img loading=\"lazy\" decoding=\"async\" src=\"https:\/\/heritageclub.ca\/richelieu\/wp-content\/uploads\/sites\/16\/2019\/06\/Nikon-0401-300x174.jpg\" alt=\"\" width=\"300\" height=\"174\" class=\"alignnone size-medium wp-image-10324\" hspace=\"10\" vspace=\"10\"><\/a><a href=\"https:\/\/heritageclub.ca\/richelieu\/wp-content\/uploads\/sites\/16\/2019\/06\/Nikon-0402.jpg\" target=\"_blank\" rel=\"noopener noreferrer\"><img loading=\"lazy\" decoding=\"async\" src=\"https:\/\/heritageclub.ca\/richelieu\/wp-content\/uploads\/sites\/16\/2019\/06\/Nikon-0402-200x300.jpg\" alt=\"\" width=\"200\" height=\"300\" class=\"alignnone size-medium wp-image-10325\" hspace=\"10\" vspace=\"10\"><\/a><a href=\"https:\/\/heritageclub.ca\/richelieu\/wp-content\/uploads\/sites\/16\/2019\/06\/Nikon-0404.jpg\" target=\"_blank\" rel=\"noopener noreferrer\"><img loading=\"lazy\" decoding=\"async\" src=\"https:\/\/heritageclub.ca\/richelieu\/wp-content\/uploads\/sites\/16\/2019\/06\/Nikon-0404-300x205.jpg\" alt=\"\" width=\"300\" height=\"205\" class=\"alignnone size-medium wp-image-10327\" hspace=\"10\" vspace=\"10\"><\/a><a href=\"https:\/\/heritageclub.ca\/richelieu\/wp-content\/uploads\/sites\/16\/2019\/06\/Nikon-0399.jpg\" target=\"_blank\" rel=\"noopener noreferrer\"><img loading=\"lazy\" decoding=\"async\" src=\"https:\/\/heritageclub.ca\/richelieu\/wp-content\/uploads\/sites\/16\/2019\/06\/Nikon-0399-300x200.jpg\" alt=\"\" width=\"300\" height=\"200\" class=\"alignnone size-medium wp-image-10323\" hspace=\"10\" vspace=\"10\"><\/a><a href=\"https:\/\/heritageclub.ca\/richelieu\/wp-content\/uploads\/sites\/16\/2019\/06\/Nikon-0403.jpg\" target=\"_blank\" rel=\"noopener noreferrer\"><img loading=\"lazy\" decoding=\"async\" src=\"https:\/\/heritageclub.ca\/richelieu\/wp-content\/uploads\/sites\/16\/2019\/06\/Nikon-0403-300x200.jpg\" alt=\"\" width=\"300\" height=\"200\" class=\"alignnone size-medium wp-image-10326\" hspace=\"10\" vspace=\"10\"><\/a><a href=\"https:\/\/heritageclub.ca\/richelieu\/wp-content\/uploads\/sites\/16\/2019\/06\/Nikon-0398.jpg\" target=\"_blank\" rel=\"noopener noreferrer\"><img loading=\"lazy\" decoding=\"async\" src=\"https:\/\/heritageclub.ca\/richelieu\/wp-content\/uploads\/sites\/16\/2019\/06\/Nikon-0398-300x200.jpg\" alt=\"\" width=\"300\" height=\"200\" class=\"alignnone size-medium wp-image-10322\" hspace=\"10\" vspace=\"10\"><\/a><a href=\"https:\/\/heritageclub.ca\/richelieu\/wp-content\/uploads\/sites\/16\/2019\/06\/Nikon-0397.jpg\" target=\"_blank\" rel=\"noopener noreferrer\"><img loading=\"lazy\" decoding=\"async\" src=\"https:\/\/heritageclub.ca\/richelieu\/wp-content\/uploads\/sites\/16\/2019\/06\/Nikon-0397-300x200.jpg\" alt=\"\" width=\"300\" height=\"200\" class=\"alignnone size-medium wp-image-10321\" hspace=\"10\" vspace=\"10\"><\/a><a href=\"https:\/\/heritageclub.ca\/richelieu\/wp-content\/uploads\/sites\/16\/2019\/06\/Sony-01694.jpg\" target=\"_blank\" rel=\"noopener noreferrer\"><img loading=\"lazy\" decoding=\"async\" src=\"https:\/\/heritageclub.ca\/richelieu\/wp-content\/uploads\/sites\/16\/2019\/06\/Sony-01694-169x300.jpg\" alt=\"\" width=\"169\" height=\"300\" class=\"alignnone size-medium wp-image-10340\" hspace=\"10\" vspace=\"10\"><\/a><a href=\"https:\/\/heritageclub.ca\/richelieu\/wp-content\/uploads\/sites\/16\/2019\/06\/2019-06-2-NK7_0384-Pierre-Aubin.jpg\" target=\"_blank\" rel=\"noopener noreferrer\"><img loading=\"lazy\" decoding=\"async\" src=\"https:\/\/heritageclub.ca\/richelieu\/wp-content\/uploads\/sites\/16\/2019\/06\/2019-06-2-NK7_0384-Pierre-Aubin-300x205.jpg\" alt=\"\" width=\"300\" height=\"205\" class=\"alignnone size-medium wp-image-10294\" hspace=\"10\" vspace=\"10\"><\/a><a href=\"https:\/\/heritageclub.ca\/richelieu\/wp-content\/uploads\/sites\/16\/2019\/06\/2019-06-2-NK7_0392-Pierre-Aubin.jpg\" target=\"_blank\" rel=\"noopener noreferrer\"><img loading=\"lazy\" decoding=\"async\" src=\"https:\/\/heritageclub.ca\/richelieu\/wp-content\/uploads\/sites\/16\/2019\/06\/2019-06-2-NK7_0392-Pierre-Aubin-300x204.jpg\" alt=\"\" width=\"300\" height=\"204\" class=\"alignnone size-medium wp-image-10297\" hspace=\"10\" vspace=\"10\"><\/a><a href=\"https:\/\/heritageclub.ca\/richelieu\/wp-content\/uploads\/sites\/16\/2019\/06\/2019-06-2-NK7_0390-Pierre-Aubin.jpg\" target=\"_blank\" rel=\"noopener noreferrer\"><img loading=\"lazy\" decoding=\"async\" src=\"https:\/\/heritageclub.ca\/richelieu\/wp-content\/uploads\/sites\/16\/2019\/06\/2019-06-2-NK7_0390-Pierre-Aubin-300x198.jpg\" alt=\"\" width=\"300\" height=\"198\" class=\"alignnone size-medium wp-image-10341\" hspace=\"10\" vspace=\"10\"><\/a><a href=\"https:\/\/heritageclub.ca\/richelieu\/wp-content\/uploads\/sites\/16\/2019\/06\/2019-06-2-NK7_0394-Pierre-Aubin.jpg\" target=\"_blank\" rel=\"noopener noreferrer\"><img loading=\"lazy\" decoding=\"async\" src=\"https:\/\/heritageclub.ca\/richelieu\/wp-content\/uploads\/sites\/16\/2019\/06\/2019-06-2-NK7_0394-Pierre-Aubin-300x173.jpg\" alt=\"\" width=\"300\" height=\"173\" class=\"alignnone size-medium wp-image-10299\" hspace=\"10\" vspace=\"10\"><\/a><a href=\"https:\/\/heritageclub.ca\/richelieu\/wp-content\/uploads\/sites\/16\/2019\/06\/Nikon-0415.jpg\" target=\"_blank\" rel=\"noopener noreferrer\"><img loading=\"lazy\" decoding=\"async\" src=\"https:\/\/heritageclub.ca\/richelieu\/wp-content\/uploads\/sites\/16\/2019\/06\/Nikon-0415-187x300.jpg\" alt=\"\" width=\"187\" height=\"300\" class=\"alignnone size-medium wp-image-10338\" hspace=\"10\" vspace=\"10\"><\/a><a href=\"https:\/\/heritageclub.ca\/richelieu\/wp-content\/uploads\/sites\/16\/2019\/06\/Nikon-0405.jpg\" target=\"_blank\" rel=\"noopener noreferrer\"><img loading=\"lazy\" decoding=\"async\" src=\"https:\/\/heritageclub.ca\/richelieu\/wp-content\/uploads\/sites\/16\/2019\/06\/Nikon-0405-300x188.jpg\" alt=\"\" width=\"300\" height=\"188\" class=\"alignnone size-medium wp-image-10328\" hspace=\"10\" vspace=\"10\"><\/a><a href=\"https:\/\/heritageclub.ca\/richelieu\/wp-content\/uploads\/sites\/16\/2019\/06\/Nikon-0408.jpg\" target=\"_blank\" rel=\"noopener noreferrer\"><img loading=\"lazy\" decoding=\"async\" src=\"https:\/\/heritageclub.ca\/richelieu\/wp-content\/uploads\/sites\/16\/2019\/06\/Nikon-0408-208x300.jpg\" alt=\"\" width=\"208\" height=\"300\" class=\"alignnone size-medium wp-image-10331\" hspace=\"10\" vspace=\"10\"><\/a><a href=\"https:\/\/heritageclub.ca\/richelieu\/wp-content\/uploads\/sites\/16\/2019\/06\/Nikon-0413.jpg\" target=\"_blank\" rel=\"noopener noreferrer\"><img loading=\"lazy\" decoding=\"async\" src=\"https:\/\/heritageclub.ca\/richelieu\/wp-content\/uploads\/sites\/16\/2019\/06\/Nikon-0413-300x187.jpg\" alt=\"\" width=\"300\" height=\"187\" class=\"alignnone size-medium wp-image-10336\" hspace=\"10\" vspace=\"10\"><\/a><a href=\"https:\/\/heritageclub.ca\/richelieu\/wp-content\/uploads\/sites\/16\/2019\/06\/Nikon-0412.jpg\" target=\"_blank\" rel=\"noopener noreferrer\"><img loading=\"lazy\" decoding=\"async\" src=\"https:\/\/heritageclub.ca\/richelieu\/wp-content\/uploads\/sites\/16\/2019\/06\/Nikon-0412-300x200.jpg\" alt=\"\" width=\"300\" height=\"200\" class=\"alignnone size-medium wp-image-10335\" hspace=\"10\" vspace=\"10\"><\/a><a href=\"https:\/\/heritageclub.ca\/richelieu\/wp-content\/uploads\/sites\/16\/2019\/06\/Nikon-0411.jpg\" target=\"_blank\" rel=\"noopener noreferrer\"><img loading=\"lazy\" decoding=\"async\" src=\"https:\/\/heritageclub.ca\/richelieu\/wp-content\/uploads\/sites\/16\/2019\/06\/Nikon-0411-300x200.jpg\" alt=\"\" width=\"300\" height=\"200\" class=\"alignnone size-medium wp-image-10334\" hspace=\"10\" vspace=\"10\"><\/a><a href=\"https:\/\/heritageclub.ca\/richelieu\/wp-content\/uploads\/sites\/16\/2019\/06\/Nikon-0410.jpg\" target=\"_blank\" rel=\"noopener noreferrer\"><img loading=\"lazy\" decoding=\"async\" src=\"https:\/\/heritageclub.ca\/richelieu\/wp-content\/uploads\/sites\/16\/2019\/06\/Nikon-0410-300x180.jpg\" alt=\"\" width=\"300\" height=\"180\" class=\"alignnone size-medium wp-image-10333\"><\/a><a href=\"https:\/\/heritageclub.ca\/richelieu\/wp-content\/uploads\/sites\/16\/2019\/06\/Nikon-0409.jpg\" target=\"_blank\" rel=\"noopener noreferrer\"><img loading=\"lazy\" decoding=\"async\" src=\"https:\/\/heritageclub.ca\/richelieu\/wp-content\/uploads\/sites\/16\/2019\/06\/Nikon-0409-300x200.jpg\" alt=\"\" width=\"300\" height=\"200\" class=\"alignnone size-medium wp-image-10332\" hspace=\"10\" vspace=\"10\"><\/a><a href=\"https:\/\/heritageclub.ca\/richelieu\/wp-content\/uploads\/sites\/16\/2019\/06\/Nikon-0406.jpg\" target=\"_blank\" rel=\"noopener noreferrer\"><img loading=\"lazy\" decoding=\"async\" src=\"https:\/\/heritageclub.ca\/richelieu\/wp-content\/uploads\/sites\/16\/2019\/06\/Nikon-0406-200x300.jpg\" alt=\"\" width=\"200\" height=\"300\" class=\"alignnone size-medium wp-image-10329\" hspace=\"10\" vspace=\"10\"><\/a><a href=\"https:\/\/heritageclub.ca\/richelieu\/wp-content\/uploads\/sites\/16\/2019\/06\/Nikon-0044.jpg\" target=\"_blank\" rel=\"noopener noreferrer\"><img loading=\"lazy\" decoding=\"async\" src=\"https:\/\/heritageclub.ca\/richelieu\/wp-content\/uploads\/sites\/16\/2019\/06\/Nikon-0044-300x187.jpg\" alt=\"\" width=\"300\" height=\"187\" class=\"alignnone size-medium wp-image-10342\" hspace=\"10\" vspace=\"10\"><\/a><a href=\"https:\/\/heritageclub.ca\/richelieu\/wp-content\/uploads\/sites\/16\/2019\/06\/Nikon-0046.jpg\" target=\"_blank\" rel=\"noopener noreferrer\"><img loading=\"lazy\" decoding=\"async\" src=\"https:\/\/heritageclub.ca\/richelieu\/wp-content\/uploads\/sites\/16\/2019\/06\/Nikon-0046-300x200.jpg\" alt=\"\" width=\"300\" height=\"200\" class=\"alignnone size-medium wp-image-10301\" hspace=\"10\" vspace=\"10\"><\/a><a href=\"https:\/\/heritageclub.ca\/richelieu\/wp-content\/uploads\/sites\/16\/2019\/06\/Nikon-0047.jpg\" target=\"_blank\" rel=\"noopener noreferrer\"><img loading=\"lazy\" decoding=\"async\" src=\"https:\/\/heritageclub.ca\/richelieu\/wp-content\/uploads\/sites\/16\/2019\/06\/Nikon-0047-300x196.jpg\" alt=\"\" width=\"300\" height=\"196\" class=\"alignnone size-medium wp-image-10302\" hspace=\"10\" vspace=\"10\"><\/a><a href=\"https:\/\/heritageclub.ca\/richelieu\/wp-content\/uploads\/sites\/16\/2019\/06\/Nikon-0048.jpg\" target=\"_blank\" rel=\"noopener noreferrer\"><img loading=\"lazy\" decoding=\"async\" src=\"https:\/\/heritageclub.ca\/richelieu\/wp-content\/uploads\/sites\/16\/2019\/06\/Nikon-0048-190x300.jpg\" alt=\"\" width=\"190\" height=\"300\" class=\"alignnone size-medium wp-image-10343\" hspace=\"10\" vspace=\"10\"><\/a><a href=\"https:\/\/heritageclub.ca\/richelieu\/wp-content\/uploads\/sites\/16\/2019\/06\/Nikon-0077.jpg\" target=\"_blank\" rel=\"noopener noreferrer\"><img loading=\"lazy\" decoding=\"async\" src=\"https:\/\/heritageclub.ca\/richelieu\/wp-content\/uploads\/sites\/16\/2019\/06\/Nikon-0077-198x300.jpg\" alt=\"\" width=\"198\" height=\"300\" class=\"alignnone size-medium wp-image-10310\" hspace=\"10\" vspace=\"10\"><\/a><a href=\"https:\/\/heritageclub.ca\/richelieu\/wp-content\/uploads\/sites\/16\/2019\/06\/Nikon-0054.jpg\" target=\"_blank\" rel=\"noopener noreferrer\"><img loading=\"lazy\" decoding=\"async\" src=\"https:\/\/heritageclub.ca\/richelieu\/wp-content\/uploads\/sites\/16\/2019\/06\/Nikon-0054-300x181.jpg\" alt=\"\" width=\"300\" height=\"181\" class=\"alignnone size-medium wp-image-10344\" hspace=\"10\" vspace=\"10\"><\/a><a href=\"https:\/\/heritageclub.ca\/richelieu\/wp-content\/uploads\/sites\/16\/2019\/06\/Nikon-0055.jpg\" target=\"_blank\" rel=\"noopener noreferrer\"><img loading=\"lazy\" decoding=\"async\" src=\"https:\/\/heritageclub.ca\/richelieu\/wp-content\/uploads\/sites\/16\/2019\/06\/Nikon-0055-214x300.jpg\" alt=\"\" width=\"214\" height=\"300\" class=\"alignnone size-medium wp-image-10305\" hspace=\"10\" vspace=\"10\"><\/a><a href=\"https:\/\/heritageclub.ca\/richelieu\/wp-content\/uploads\/sites\/16\/2019\/06\/Nikon-0068.jpg\" target=\"_blank\" rel=\"noopener noreferrer\"><img loading=\"lazy\" decoding=\"async\" src=\"https:\/\/heritageclub.ca\/richelieu\/wp-content\/uploads\/sites\/16\/2019\/06\/Nikon-0068-300x174.jpg\" alt=\"\" width=\"300\" height=\"174\" class=\"alignnone size-medium wp-image-10309\" hspace=\"10\" vspace=\"10\"><\/a><a href=\"https:\/\/heritageclub.ca\/richelieu\/wp-content\/uploads\/sites\/16\/2019\/06\/Nikon-0066.jpg\" target=\"_blank\" rel=\"noopener noreferrer\"><img loading=\"lazy\" decoding=\"async\" src=\"https:\/\/heritageclub.ca\/richelieu\/wp-content\/uploads\/sites\/16\/2019\/06\/Nikon-0066-300x200.jpg\" alt=\"\" width=\"300\" height=\"200\" class=\"alignnone size-medium wp-image-10308\" hspace=\"10\" vspace=\"10\"><\/a><a href=\"https:\/\/heritageclub.ca\/richelieu\/wp-content\/uploads\/sites\/16\/2019\/06\/Nikon-0062.jpg\" target=\"_blank\" rel=\"noopener noreferrer\"><img loading=\"lazy\" decoding=\"async\" src=\"https:\/\/heritageclub.ca\/richelieu\/wp-content\/uploads\/sites\/16\/2019\/06\/Nikon-0062-300x200.jpg\" alt=\"\" width=\"300\" height=\"200\" class=\"alignnone size-medium wp-image-10306\" hspace=\"10\" vspace=\"10\"><\/a><a href=\"https:\/\/heritageclub.ca\/richelieu\/wp-content\/uploads\/sites\/16\/2019\/06\/Nikon-0064.jpg\" target=\"_blank\" rel=\"noopener noreferrer\"><img loading=\"lazy\" decoding=\"async\" src=\"https:\/\/heritageclub.ca\/richelieu\/wp-content\/uploads\/sites\/16\/2019\/06\/Nikon-0064-203x300.jpg\" alt=\"\" width=\"203\" height=\"300\" class=\"alignnone size-medium wp-image-10307\" hspace=\"10\" vspace=\"10\"><\/a><a href=\"https:\/\/heritageclub.ca\/richelieu\/wp-content\/uploads\/sites\/16\/2019\/06\/Nikon-0081.jpg\" target=\"_blank\" rel=\"noopener noreferrer\"><img loading=\"lazy\" decoding=\"async\" src=\"https:\/\/heritageclub.ca\/richelieu\/wp-content\/uploads\/sites\/16\/2019\/06\/Nikon-0081-200x300.jpg\" alt=\"\" width=\"200\" height=\"300\" class=\"alignnone size-medium wp-image-10311\" hspace=\"10\" vspace=\"10\"><\/a><a href=\"https:\/\/heritageclub.ca\/richelieu\/wp-content\/uploads\/sites\/16\/2019\/06\/Nikon-0089.jpg\" target=\"_blank\" rel=\"noopener noreferrer\"><img loading=\"lazy\" decoding=\"async\" src=\"https:\/\/heritageclub.ca\/richelieu\/wp-content\/uploads\/sites\/16\/2019\/06\/Nikon-0089-206x300.jpg\" alt=\"\" width=\"206\" height=\"300\" class=\"alignnone size-medium wp-image-10312\" hspace=\"10\" vspace=\"10\"><\/a><a href=\"https:\/\/heritageclub.ca\/richelieu\/wp-content\/uploads\/sites\/16\/2019\/06\/Nikon-0107.jpg\" target=\"_blank\" rel=\"noopener noreferrer\"><img loading=\"lazy\" decoding=\"async\" src=\"https:\/\/heritageclub.ca\/richelieu\/wp-content\/uploads\/sites\/16\/2019\/06\/Nikon-0107-300x219.jpg\" alt=\"\" width=\"300\" height=\"219\" class=\"alignnone size-medium wp-image-10315\" hspace=\"10\" vspace=\"10\"><\/a><a href=\"https:\/\/heritageclub.ca\/richelieu\/wp-content\/uploads\/sites\/16\/2019\/06\/Nikon-0091.jpg\" target=\"_blank\" rel=\"noopener noreferrer\"><img loading=\"lazy\" decoding=\"async\" src=\"https:\/\/heritageclub.ca\/richelieu\/wp-content\/uploads\/sites\/16\/2019\/06\/Nikon-0091-300x206.jpg\" alt=\"\" width=\"300\" height=\"206\" class=\"alignnone size-medium wp-image-10313\" hspace=\"10\" vspace=\"10\"><\/a><a href=\"https:\/\/heritageclub.ca\/richelieu\/wp-content\/uploads\/sites\/16\/2019\/06\/Nikon-0098.jpg\" target=\"_blank\" rel=\"noopener noreferrer\"><img loading=\"lazy\" decoding=\"async\" src=\"https:\/\/heritageclub.ca\/richelieu\/wp-content\/uploads\/sites\/16\/2019\/06\/Nikon-0098-300x211.jpg\" alt=\"\" width=\"300\" height=\"211\" class=\"alignnone size-medium wp-image-10314\" hspace=\"10\" vspace=\"10\"><\/a><a href=\"https:\/\/heritageclub.ca\/richelieu\/wp-content\/uploads\/sites\/16\/2019\/06\/Nikon-0125.jpg\" target=\"_blank\" rel=\"noopener noreferrer\"><img loading=\"lazy\" decoding=\"async\" src=\"https:\/\/heritageclub.ca\/richelieu\/wp-content\/uploads\/sites\/16\/2019\/06\/Nikon-0125-300x208.jpg\" alt=\"\" width=\"300\" height=\"208\" class=\"alignnone size-medium wp-image-10316\" hspace=\"10\" vspace=\"10\"><\/a><a href=\"https:\/\/heritageclub.ca\/richelieu\/wp-content\/uploads\/sites\/16\/2019\/06\/Nikon-0135.jpg\" target=\"_blank\" rel=\"noopener noreferrer\"><img loading=\"lazy\" decoding=\"async\" src=\"https:\/\/heritageclub.ca\/richelieu\/wp-content\/uploads\/sites\/16\/2019\/06\/Nikon-0135-300x200.jpg\" alt=\"\" width=\"300\" height=\"200\" class=\"alignnone size-medium wp-image-10345\" hspace=\"10\" vspace=\"10\"><\/a><a href=\"https:\/\/heritageclub.ca\/richelieu\/wp-content\/uploads\/sites\/16\/2019\/06\/Sony-01638.jpg\" target=\"_blank\" rel=\"noopener noreferrer\"><img loading=\"lazy\" decoding=\"async\" src=\"https:\/\/heritageclub.ca\/richelieu\/wp-content\/uploads\/sites\/16\/2019\/06\/Sony-01638-165x300.jpg\" alt=\"\" width=\"165\" height=\"300\" class=\"alignnone size-medium wp-image-10339\" hspace=\"10\" vspace=\"10\"><\/a><a href=\"https:\/\/heritageclub.ca\/richelieu\/wp-content\/uploads\/sites\/16\/2019\/06\/2019-06-2-NK7_0245-Pierre-Aubin.jpg\" target=\"_blank\" rel=\"noopener noreferrer\"><img loading=\"lazy\" decoding=\"async\" src=\"https:\/\/heritageclub.ca\/richelieu\/wp-content\/uploads\/sites\/16\/2019\/06\/2019-06-2-NK7_0245-Pierre-Aubin-300x215.jpg\" alt=\"\" width=\"300\" height=\"215\" class=\"alignnone size-medium wp-image-10293\" hspace=\"10\" vspace=\"10\"><\/a><a href=\"https:\/\/heritageclub.ca\/richelieu\/wp-content\/uploads\/sites\/16\/2019\/06\/Nikon-0243.jpg\" target=\"_blank\" rel=\"noopener noreferrer\"><img loading=\"lazy\" decoding=\"async\" src=\"https:\/\/heritageclub.ca\/richelieu\/wp-content\/uploads\/sites\/16\/2019\/06\/Nikon-0243-300x209.jpg\" alt=\"\" width=\"300\" height=\"209\" class=\"alignnone size-medium wp-image-10346\" hspace=\"10\" vspace=\"10\"><\/a><a href=\"https:\/\/heritageclub.ca\/richelieu\/wp-content\/uploads\/sites\/16\/2019\/06\/Nikon-0247.jpg\" target=\"_blank\" rel=\"noopener noreferrer\"><img loading=\"lazy\" decoding=\"async\" src=\"https:\/\/heritageclub.ca\/richelieu\/wp-content\/uploads\/sites\/16\/2019\/06\/Nikon-0247-300x181.jpg\" alt=\"\" width=\"300\" height=\"181\" class=\"alignnone size-medium wp-image-10319\" hspace=\"10\" vspace=\"10\"><\/a><br \/>\n<img decoding=\"async\" src=\"https:\/\/heritageclub.ca\/richelieu\/wp-content\/uploads\/sites\/16\/2018\/10\/trans.gif\" width=\"100%\" height=\"10\"><\/p>\n<hr>\n<h3><a href=\"https:\/\/heritageclub.ca\/richelieu\/fr\/contactez-nous\/\">Pour toute information ou commentaire, contactez-nous<\/a><\/h3>\n<\/td>\n<\/tr>\n<\/tbody>\n<\/table>\n","protected":false},"excerpt":{"rendered":"<p>Assembl\u00e9e G\u00e9n\u00e9rale Annuelle du Club H\u00e9ritage 2019 H\u00f4tel Ramada Plaza 1818, Ave. Victoria, R\u00e9gina, Saskatchewan, S4P 0R1 Pierre Aubin, le 1er Vice-Pr\u00e9sident a repr\u00e9sent\u00e9 le chapitre Richelieu \u00e0 l&rsquo;Assembl\u00e9e G\u00e9n\u00e9rale Annuelle 2019 \u00e0 R\u00e9gina. Nous avons visit\u00e9 avec tous les autres chapitres en autobus la maison-m\u00e8re des Snowbirds et le mus\u00e9e du d\u00e9veloppement de Saskatchewan&#8230;  <a class=\"excerpt-read-more\" href=\"https:\/\/heritageclub.ca\/richelieu\/aga-regina-2019\/\" title=\"Read AGA R\u00e9gina 2019\">Lire la suite &raquo;<\/a><\/p>\n","protected":false},"author":12,"featured_media":0,"parent":0,"menu_order":0,"comment_status":"closed","ping_status":"closed","template":"page-fullwidth.php","meta":{"_acf_changed":false,"ngg_post_thumbnail":0,"footnotes":""},"class_list":["post-10283","page","type-page","status-publish","hentry"],"acf":[],"_links":{"self":[{"href":"https:\/\/heritageclub.ca\/richelieu\/wp-json\/wp\/v2\/pages\/10283","targetHints":{"allow":["GET"]}}],"collection":[{"href":"https:\/\/heritageclub.ca\/richelieu\/wp-json\/wp\/v2\/pages"}],"about":[{"href":"https:\/\/heritageclub.ca\/richelieu\/wp-json\/wp\/v2\/types\/page"}],"author":[{"embeddable":true,"href":"https:\/\/heritageclub.ca\/richelieu\/wp-json\/wp\/v2\/users\/12"}],"replies":[{"embeddable":true,"href":"https:\/\/heritageclub.ca\/richelieu\/wp-json\/wp\/v2\/comments?post=10283"}],"version-history":[{"count":41,"href":"https:\/\/heritageclub.ca\/richelieu\/wp-json\/wp\/v2\/pages\/10283\/revisions"}],"predecessor-version":[{"id":13704,"href":"https:\/\/heritageclub.ca\/richelieu\/wp-json\/wp\/v2\/pages\/10283\/revisions\/13704"}],"wp:attachment":[{"href":"https:\/\/heritageclub.ca\/richelieu\/wp-json\/wp\/v2\/media?parent=10283"}],"curies":[{"name":"wp","href":"https:\/\/api.w.org\/{rel}","templated":true}]}}