{"id":10275,"date":"2019-06-16T11:58:08","date_gmt":"2019-06-16T15:58:08","guid":{"rendered":"http:\/\/heritageclub.ca\/richelieu\/?page_id=10275"},"modified":"2019-06-16T12:08:41","modified_gmt":"2019-06-16T16:08:41","slug":"assemblee-generale-annuelle-national","status":"publish","type":"page","link":"https:\/\/heritageclub.ca\/richelieu\/assemblee-generale-annuelle-national\/","title":{"rendered":"Assembl\u00e9e G\u00e9n\u00e9rale Annuelle (National)"},"content":{"rendered":"<hr \/>\n<h3><a href=\"https:\/\/heritageclub.ca\/richelieu\/fr\/albums-photos\/\">\u2190 Revenir en arri\u00e8re<\/a><\/h3>\n<hr \/>\n<h3><a href=\"https:\/\/heritageclub.ca\/richelieu\/fr\/aga-regina-2019\/\">\u2192 AGA R\u00e9gina 2019<\/a><\/h3>\n<hr \/>\n<h3><a href=\"https:\/\/heritageclub.ca\/richelieu\/fr\/aga-toronto-2018\/\">\u2192 AGA Toronto 2018<\/a><\/h3>\n<hr \/>\n","protected":false},"excerpt":{"rendered":"<p>\u2190 Revenir en arri\u00e8re \u2192 AGA R\u00e9gina 2019 \u2192 AGA Toronto 2018<\/p>\n","protected":false},"author":12,"featured_media":0,"parent":0,"menu_order":0,"comment_status":"closed","ping_status":"closed","template":"page-fullwidth.php","meta":{"_acf_changed":false,"ngg_post_thumbnail":0,"footnotes":""},"class_list":["post-10275","page","type-page","status-publish","hentry"],"acf":[],"_links":{"self":[{"href":"https:\/\/heritageclub.ca\/richelieu\/wp-json\/wp\/v2\/pages\/10275","targetHints":{"allow":["GET"]}}],"collection":[{"href":"https:\/\/heritageclub.ca\/richelieu\/wp-json\/wp\/v2\/pages"}],"about":[{"href":"https:\/\/heritageclub.ca\/richelieu\/wp-json\/wp\/v2\/types\/page"}],"author":[{"embeddable":true,"href":"https:\/\/heritageclub.ca\/richelieu\/wp-json\/wp\/v2\/users\/12"}],"replies":[{"embeddable":true,"href":"https:\/\/heritageclub.ca\/richelieu\/wp-json\/wp\/v2\/comments?post=10275"}],"version-history":[{"count":3,"href":"https:\/\/heritageclub.ca\/richelieu\/wp-json\/wp\/v2\/pages\/10275\/revisions"}],"predecessor-version":[{"id":10289,"href":"https:\/\/heritageclub.ca\/richelieu\/wp-json\/wp\/v2\/pages\/10275\/revisions\/10289"}],"wp:attachment":[{"href":"https:\/\/heritageclub.ca\/richelieu\/wp-json\/wp\/v2\/media?parent=10275"}],"curies":[{"name":"wp","href":"https:\/\/api.w.org\/{rel}","templated":true}]}}