{"id":10186,"date":"2019-05-25T11:04:16","date_gmt":"2019-05-25T15:04:16","guid":{"rendered":"http:\/\/heritageclub.ca\/richelieu\/?page_id=10186"},"modified":"2021-03-03T09:28:25","modified_gmt":"2021-03-03T14:28:25","slug":"formulaire-sur-le-vehicule-stationne-pour-une-periode-longue-duree-a-leo-blanchette","status":"publish","type":"page","link":"https:\/\/heritageclub.ca\/richelieu\/formulaire-sur-le-vehicule-stationne-pour-une-periode-longue-duree-a-leo-blanchette\/","title":{"rendered":""},"content":{"rendered":"<div class=\"wp-block-image\">\n<figure class=\"aligncenter\"><img decoding=\"async\" class=\"wp-image-11142 aligncenter\" src=\"https:\/\/heritageclub.ca\/richelieu\/wp-content\/uploads\/sites\/16\/2019\/09\/Stationnement-Leo-Blanchette.jpg\" alt=\"Stationnement-Leo-Blanchette\" width=\"100%\"><\/figure>\n<\/div>\n<h3><strong>Vous partez en voyage pour une p\u00e9riode de longue dur\u00e9e de 7 jours et plus.<\/strong><\/h3>\n<blockquote>\n<p><strong>LISEZ-CECI :<\/strong><br>\nVous pouvez stationner votre auto dans le stationnement de l\u2019<em><strong>\u00c9tablissement Postal L\u00e9o-Blanchette<\/strong><\/em> \u00e0 ville St-Laurent, ensuite, vous prenez un taxi pour l\u2019a\u00e9roport de Montr\u00e9al.<br>\n\u00c7\u00e0 vous revient moins cher.<br>\n<strong><em>Pour les employ\u00e9s et employ\u00e9s retrait\u00e9s de Postes Canada<\/em><\/strong> peuvent laisser leur v\u00e9hicule au stationnement de l\u2019\u00e9tablissement lors d\u2019un voyage, au&nbsp;:<\/p>\n<p style=\"text-align: center\"><strong>\u00c9tablissement Postal L\u00e9o-Blanchette<br>\n555, rue McArthur<br>\nVille Saint-Laurent, QC<br>\nH4T 1A0<\/strong><\/p>\n<p>Il suffit de passer \u00e0 la s\u00e9curit\u00e9 pour remplir un formulaire ou l&rsquo;imprimez directement ci-dessous en format PDF qui n\u00e9cessite les renseignements suivants&nbsp;:<\/p>\n<ul type=\"circle\">\n<li><strong>Nom du propri\u00e9taire<\/strong><\/li>\n<li><strong>Mod\u00e8le de l\u2019auto<\/strong><\/li>\n<li><strong>Couleur et immatriculation du v\u00e9hicule<\/strong><\/li>\n<li><strong>Date de d\u00e9part et date de retour<\/strong><\/li>\n<li><strong>Une personne ressource en cas d\u2019urgence avec num\u00e9ro de t\u00e9l\u00e9phone<\/strong><\/li>\n<li><strong>L&#8217;emplacement du v\u00e9hicule dans le stationnement<\/strong><\/li>\n<\/ul>\n<p>Il est pr\u00e9f\u00e9rable d\u2019utiliser le grand stationnement, dont les lampadaires sont identifi\u00e9s 1 \u00e0 3, \u00e0 gauche de la gu\u00e9rite D. Vous remarquerez qu\u2019il y a un poste de police de la S\u00fbret\u00e9 du Qu\u00e9bec en face, au coin des rues Mc-Arthur et S\u00e9r\u00e9, donc tr\u00e8s s\u00e9curitaire. Avec toutes ces informations, vous pouvez t\u00e9l\u00e9phoner au (514)-345-7000 ou passer remplir le formulaire en personne.<\/p>\n<\/blockquote>\n\n\n<div class=\"wp-block-button aligncenter\"><a class=\"wp-block-button__link\" href=\"https:\/\/heritageclub.ca\/richelieu\/wp-content\/uploads\/sites\/16\/2019\/05\/Informations-sur-le-v\u00e9hicule-stationn\u00e9-\u00e0-L\u00e9o-Blanchette.pdf\">Formulaire \u00e0 remplir pour votre v\u00e9hicule<\/a><\/div>\n","protected":false},"excerpt":{"rendered":"<p>Vous partez en voyage pour une p\u00e9riode de longue dur\u00e9e de 7 jours et plus. LISEZ-CECI : Vous pouvez stationner votre auto dans le stationnement de l\u2019\u00c9tablissement Postal L\u00e9o-Blanchette \u00e0 ville St-Laurent, ensuite, vous prenez un taxi pour l\u2019a\u00e9roport de Montr\u00e9al. \u00c7\u00e0 vous revient moins cher. Pour les employ\u00e9s et employ\u00e9s retrait\u00e9s de Postes Canada&#8230;  <a class=\"excerpt-read-more\" href=\"https:\/\/heritageclub.ca\/richelieu\/formulaire-sur-le-vehicule-stationne-pour-une-periode-longue-duree-a-leo-blanchette\/\" title=\"Read \">Lire la suite &raquo;<\/a><\/p>\n","protected":false},"author":12,"featured_media":0,"parent":0,"menu_order":0,"comment_status":"closed","ping_status":"closed","template":"page-fullwidth.php","meta":{"_acf_changed":false,"ngg_post_thumbnail":0,"footnotes":""},"class_list":["post-10186","page","type-page","status-publish","hentry"],"acf":[],"_links":{"self":[{"href":"https:\/\/heritageclub.ca\/richelieu\/wp-json\/wp\/v2\/pages\/10186","targetHints":{"allow":["GET"]}}],"collection":[{"href":"https:\/\/heritageclub.ca\/richelieu\/wp-json\/wp\/v2\/pages"}],"about":[{"href":"https:\/\/heritageclub.ca\/richelieu\/wp-json\/wp\/v2\/types\/page"}],"author":[{"embeddable":true,"href":"https:\/\/heritageclub.ca\/richelieu\/wp-json\/wp\/v2\/users\/12"}],"replies":[{"embeddable":true,"href":"https:\/\/heritageclub.ca\/richelieu\/wp-json\/wp\/v2\/comments?post=10186"}],"version-history":[{"count":31,"href":"https:\/\/heritageclub.ca\/richelieu\/wp-json\/wp\/v2\/pages\/10186\/revisions"}],"predecessor-version":[{"id":15674,"href":"https:\/\/heritageclub.ca\/richelieu\/wp-json\/wp\/v2\/pages\/10186\/revisions\/15674"}],"wp:attachment":[{"href":"https:\/\/heritageclub.ca\/richelieu\/wp-json\/wp\/v2\/media?parent=10186"}],"curies":[{"name":"wp","href":"https:\/\/api.w.org\/{rel}","templated":true}]}}