{"id":4039,"date":"2017-01-14T10:01:09","date_gmt":"2017-01-14T15:01:09","guid":{"rendered":"http:\/\/heritageclub.ca\/richelieu\/?page_id=4039"},"modified":"2022-02-23T21:13:22","modified_gmt":"2022-02-24T02:13:22","slug":"4039-2","status":"publish","type":"page","link":"https:\/\/heritageclub.ca\/richelieu\/en\/","title":{"rendered":"Home"},"content":{"rendered":"<h2 align=\"center\"><strong><span style=\"color: #000000\">\u00c0 SAVOIR :<\/span><\/strong><br \/>\n<span style=\"color: #808080\">Vous \u00eates dans la page d&#8217;accueil en anglais.<\/span><br \/>\n<span style=\"color: #808080\">Pour la page<\/span> <span style=\"color: #000000\">d&#8217;accueil en fran\u00e7ais<\/span>,<br \/>\n<span style=\"color: #808080\">veuillez cliquer sur le bouton<\/span> <strong><span style=\"color: #ff0000\">FR<\/span><\/strong><br \/>\n<span style=\"color: #808080\">dans le menu ci-haut.<\/span><\/h2>\n","protected":false},"excerpt":{"rendered":"<p>\u00c0 SAVOIR : Vous \u00eates dans la page d&#8217;accueil en anglais. Pour la page d&#8217;accueil en fran\u00e7ais, veuillez cliquer sur le bouton FR dans le menu ci-haut.<\/p>\n","protected":false},"author":12,"featured_media":15872,"parent":0,"menu_order":0,"comment_status":"closed","ping_status":"closed","template":"page-tablayout-fr.php","meta":{"_acf_changed":false,"ngg_post_thumbnail":0,"footnotes":""},"class_list":["post-4039","page","type-page","status-publish","has-post-thumbnail","hentry"],"acf":[],"_links":{"self":[{"href":"https:\/\/heritageclub.ca\/richelieu\/en\/wp-json\/wp\/v2\/pages\/4039","targetHints":{"allow":["GET"]}}],"collection":[{"href":"https:\/\/heritageclub.ca\/richelieu\/en\/wp-json\/wp\/v2\/pages"}],"about":[{"href":"https:\/\/heritageclub.ca\/richelieu\/en\/wp-json\/wp\/v2\/types\/page"}],"author":[{"embeddable":true,"href":"https:\/\/heritageclub.ca\/richelieu\/en\/wp-json\/wp\/v2\/users\/12"}],"replies":[{"embeddable":true,"href":"https:\/\/heritageclub.ca\/richelieu\/en\/wp-json\/wp\/v2\/comments?post=4039"}],"version-history":[{"count":109,"href":"https:\/\/heritageclub.ca\/richelieu\/en\/wp-json\/wp\/v2\/pages\/4039\/revisions"}],"predecessor-version":[{"id":15875,"href":"https:\/\/heritageclub.ca\/richelieu\/en\/wp-json\/wp\/v2\/pages\/4039\/revisions\/15875"}],"wp:featuredmedia":[{"embeddable":true,"href":"https:\/\/heritageclub.ca\/richelieu\/en\/wp-json\/wp\/v2\/media\/15872"}],"wp:attachment":[{"href":"https:\/\/heritageclub.ca\/richelieu\/en\/wp-json\/wp\/v2\/media?parent=4039"}],"curies":[{"name":"wp","href":"https:\/\/api.w.org\/{rel}","templated":true}]}}