{"id":552,"date":"2016-09-27T00:30:08","date_gmt":"2016-09-27T00:30:08","guid":{"rendered":"http:\/\/heritageclub.ca\/maisonneuve\/?page_id=552"},"modified":"2026-03-28T01:06:31","modified_gmt":"2026-03-28T01:06:31","slug":"infomaison","status":"publish","type":"page","link":"https:\/\/heritageclub.ca\/maisonneuve\/infomaison\/","title":{"rendered":"Infomaisons"},"content":{"rendered":"<h2>Dernier infomaison:<\/h2>\n<p><span style=\"color: #0000ff\"><a style=\"color: #0000ff\" href=\"\/\/heritageclub.ca\/maisonneuve\/wp-content\/uploads\/sites\/15\/2026\/03\/Infomaison-Printemp-2026.pdf\">CLUB H\u00c9RITAGE &#8211; INFOMAISON Printemps 2026<\/a><\/span><\/p>\n<p>================================================================<\/p>\n<h2>Les infomaisons pr\u00e9c\u00e9dents:<\/h2>\n<p><span style=\"color: #0000ff\"><a style=\"color: #0000ff\" href=\"\/\/heritageclub.ca\/maisonneuve\/wp-content\/uploads\/sites\/15\/2025\/12\/Infomaison-Noel-2025.pdf\">CLUB H\u00c9RITAGE &#8211; INFOMAISON NO\u00cbL 2025<\/a><\/span><\/p>\n<p><span style=\"color: #0000ff\"><a style=\"color: #0000ff\" href=\"\/\/heritageclub.ca\/maisonneuve\/wp-content\/uploads\/sites\/15\/2025\/10\/Infomaison-Automne-2025.pdf\">CLUB H\u00c9RITAGE &#8211; INFOMAISON AUTOMNE 2025<\/a><\/span><\/p>\n<p><span style=\"color: #0000ff\"><a style=\"color: #0000ff\" href=\"\/\/heritageclub.ca\/maisonneuve\/wp-content\/uploads\/sites\/15\/2025\/06\/Infomaison-Juin-2025.pdf\">CLUB H\u00c9RITAGE &#8211; INFOMAISON JUIN 2025<\/a><\/span><\/p>\n<p><span style=\"color: #0000ff\"><a style=\"color: #0000ff\" href=\"\/\/heritageclub.ca\/maisonneuve\/wp-content\/uploads\/sites\/15\/2025\/05\/Infomaison-Mars-2025-completer-en-noir-et-blanc.pdf\">CLUB H\u00c9RITAGE &#8211; INFOMAISON MARS 2025<\/a><\/span><\/p>\n<p><span style=\"color: #0000ff\"><a style=\"color: #0000ff\" href=\"\/\/heritageclub.ca\/maisonneuve\/wp-content\/uploads\/sites\/15\/2024\/12\/Infomaison-Decembre-2024-2.pdf\">CLUB H\u00c9RITAGE &#8211; INFOMAISON D\u00c9CEMBRE 2024<\/a><\/span><\/p>\n<p><span style=\"color: #0000ff\"><a style=\"color: #0000ff\" href=\"\/\/heritageclub.ca\/maisonneuve\/wp-content\/uploads\/sites\/15\/2024\/10\/Infomaison-Septembre-2024-1.pdf\">CLUB H\u00c9RITAGE &#8211; INFOMAISON SEPTEMBRE 2024<\/a><\/span><\/p>\n<p><span style=\"color: #0000ff\"><a style=\"color: #0000ff\" href=\"\/\/heritageclub.ca\/maisonneuve\/wp-content\/uploads\/sites\/15\/2024\/06\/Club-heritage-Infomaison-Juin-2024-3B.pdf\">CLUB H\u00c9RITAGE &#8211; INFOMAISON JUIN 2024<\/a><\/span><\/p>\n<p><span style=\"color: #0000ff\"><a style=\"color: #0000ff\" href=\"\/\/heritageclub.ca\/maisonneuve\/wp-content\/uploads\/sites\/15\/2024\/03\/Club-heritage-Infomaison-Mars-2024.pdf\">CLUB H\u00c9RITAGE &#8211; INFOMAISON MARS 2024<\/a><\/span><\/p>\n<p><span style=\"color: #0000ff\"><a style=\"color: #0000ff\" href=\"\/\/heritageclub.ca\/maisonneuve\/wp-content\/uploads\/sites\/15\/2023\/12\/Club-heritage-Infomaison-Decembre-2023-revise.pdf\">CLUB H\u00c9RITAGE &#8211; INFOMAISON D\u00c9CEMBRE 2023<\/a><\/span><\/p>\n<p><span style=\"color: #0000ff\"><a style=\"color: #0000ff\" href=\"\/\/heritageclub.ca\/maisonneuve\/wp-content\/uploads\/sites\/15\/2023\/11\/Club-heritage-Infomaison-Septembre-Octobre-2023-Revison-2.pdf\">CLUB H\u00c9RITAGE &#8211; INFOMAISON SEPTEMBRE-OCTOBRE 2023<\/a><\/span><\/p>\n<p><span style=\"color: #0000ff\"><a style=\"color: #0000ff\" href=\"\/\/heritageclub.ca\/maisonneuve\/wp-content\/uploads\/sites\/15\/2023\/07\/Club-heritage-InfomaisonJuin-Juillet-2023-1D.pdf\">CLUB H\u00c9RITAGE &#8211; INFOMAISON JUIN-JUILLET 2023<\/a><\/span><\/p>\n<p><span style=\"color: #0000ff\"><a style=\"color: #0000ff\" href=\"\/\/heritageclub.ca\/maisonneuve\/wp-content\/uploads\/sites\/15\/2023\/03\/Club-heritage-Infomaison-Mars-2023-C.pdf\">CLUB H\u00c9RITAGE &#8211; INFOMAISON MARS 2023<\/a><\/span><\/p>\n<p><span style=\"color: #0000ff\"><a style=\"color: #0000ff\" href=\"\/\/heritageclub.ca\/maisonneuve\/wp-content\/uploads\/sites\/15\/2022\/11\/Club-heritage-Infomaison-Dec.-2022-2-1.pdf\">CLUB H\u00c9RITAGE &#8211; INFOMAISON D\u00c9CEMBRE 2022<\/a><\/span><\/p>\n<p><span style=\"color: #0000ff\"><a style=\"color: #0000ff\" href=\"\/\/heritageclub.ca\/maisonneuve\/wp-content\/uploads\/sites\/15\/2022\/09\/Club-heritage-Infomaison-Septembre-2022.pdf\">CLUB H\u00c9RITAGE &#8211; INFOMAISON SEPTEMBRE 2022<\/a><\/span><\/p>\n<p><span style=\"color: #0000ff\"><a style=\"color: #0000ff\" href=\"\/\/heritageclub.ca\/maisonneuve\/wp-content\/uploads\/sites\/15\/2022\/06\/Club-heritage-Infomaison-juin-2022-Couleur.pdf\">CLUB H\u00c9RITAGE &#8211; INFOMAISON JUIN 2022<\/a><\/span><\/p>\n<p><span style=\"color: #0000ff\"><a style=\"color: #0000ff\" href=\"\/\/heritageclub.ca\/maisonneuve\/wp-content\/uploads\/sites\/15\/2022\/04\/Club-heritage-Infomaison-Mars-2022-Version-3.pdf\">CLUB H\u00c9RITAGE &#8211; INFOMAISON MARS 2022<\/a><\/span><\/p>\n<p><span style=\"color: #0000ff\"><a style=\"color: #0000ff\" href=\"\/\/heritageclub.ca\/maisonneuve\/wp-content\/uploads\/sites\/15\/2022\/01\/Club-heritage-Infomaison-Decembre-2021-b.pdf\">CLUB H\u00c9RITAGE &#8211; INFOMAISON D\u00c9CEMBRE 2021<\/a><\/span><\/p>\n<p><span style=\"color: #0000ff\"><a style=\"color: #0000ff\" href=\"https:\/\/heritageclub.ca\/maisonneuve\/wp-content\/uploads\/sites\/15\/2021\/12\/Club-heritage-Infomaison-Septembre-2021-Version-finale-1.pdf\">CLUB H\u00c9RITAGE &#8211; INFOMAISON SEPTEMBRE 2021<\/a><\/span><\/p>\n<p><span style=\"color: #0000ff\"><a style=\"color: #0000ff\" href=\"https:\/\/heritageclub.ca\/maisonneuve\/wp-content\/uploads\/sites\/15\/2021\/12\/Club-heritage-Infomaison-juin-juillet-2021-Version-finale.pdf\">CLUB H\u00c9RITAGE &#8211; INFOMAISON JUIN-JUILLET 2021<\/a><\/span><\/p>\n<p><span style=\"color: #0000ff\"><a style=\"color: #0000ff\" href=\"https:\/\/heritageclub.ca\/maisonneuve\/wp-content\/uploads\/sites\/15\/2021\/12\/Club-heritage-Infomaison-mars-2021.pdf\">CLUB H\u00c9RITAGE &#8211; INFOMAISON MARS 2021<\/a><\/span><\/p>\n<p><span style=\"color: #0000ff\"><a style=\"color: #0000ff\" href=\"https:\/\/heritageclub.ca\/maisonneuve\/wp-content\/uploads\/sites\/15\/2020\/12\/Club-heritage-Infomaison-Decembre-2020.pdf\">CLUB H\u00c9RITAGE &#8211; INFOMAISON D\u00c9CEMBRE 2020<\/a><\/span><\/p>\n<p><span style=\"color: #0000ff\"><a style=\"color: #0000ff\" href=\"https:\/\/heritageclub.ca\/maisonneuve\/wp-content\/uploads\/sites\/15\/2020\/10\/Club-heritage-Infomaison-septembre-octobre-2020-Version-finale.pdf\">CLUB H\u00c9RITAGE &#8211; INFOMAISON SEPTEMBRE-OCTOBRE 2020<\/a><\/span><\/p>\n<p><span style=\"color: #0000ff\"><a style=\"color: #0000ff\" href=\"https:\/\/heritageclub.ca\/maisonneuve\/wp-content\/uploads\/sites\/15\/2020\/07\/Club-heritage-Infomaison-Juin-2020-Version-finale.pdf\">CLUB H\u00c9RITAGE &#8211; INFOMAISON JUIN 2020<\/a><\/span><\/p>\n<p><span style=\"color: #0000ff\"><a style=\"color: #0000ff\" href=\"https:\/\/heritageclub.ca\/maisonneuve\/wp-content\/uploads\/sites\/15\/2020\/07\/Club-H\u00e9ritage-Infomaison-Mars-2020-Revision-2P.pdf\">CLUB H\u00c9RITAGE &#8211; INFOMAISON MARS 2020<\/a><\/span><\/p>\n<p><span style=\"color: #0000ff\"><a style=\"color: #0000ff\" href=\"https:\/\/heritageclub.ca\/maisonneuve\/wp-content\/uploads\/sites\/15\/2019\/12\/Club-H\u00e9ritage-Infomaison-d\u00e9cembre-2019-1.pdf\">CLUB H\u00c9RITAGE &#8211; INFOMAISON D\u00c9CEMBRE 2019<\/a><\/span><\/p>\n<p><span style=\"color: #0000ff\"><a style=\"color: #0000ff\" href=\"https:\/\/heritageclub.ca\/maisonneuve\/wp-content\/uploads\/sites\/15\/2019\/09\/Club-H\u00e9ritage-Infomaison-septembre-2019.pdf\">CLUB H\u00c9RITAGE &#8211; INFOMAISON SEPTEMBRE 2019<\/a><\/span><\/p>\n<p><span style=\"color: #0000ff\"><a style=\"color: #0000ff\" href=\"https:\/\/heritageclub.ca\/maisonneuve\/wp-content\/uploads\/sites\/15\/2019\/06\/Club-H\u00e9ritage-Infomaison-juin-2019.pdf\">CLUB H\u00c9RITAGE &#8211; INFOMAISON JUIN 2019<\/a><\/span><\/p>\n<p><span style=\"color: #0000ff\"><a style=\"color: #0000ff\" href=\"https:\/\/heritageclub.ca\/maisonneuve\/wp-content\/uploads\/sites\/15\/2019\/03\/Club-H\u00e9ritage-Infomaison-mars-2019-1.pdf\">CLUB H\u00c9RITAGE &#8211; INFOMAISON MARS 2019<\/a><\/span><\/p>\n<p><span style=\"color: #0000ff\"><a style=\"color: #0000ff\" href=\"https:\/\/heritageclub.ca\/maisonneuve\/wp-content\/uploads\/sites\/15\/2018\/12\/Club-H\u00e9ritage-Infomaison-D\u00e9cembre-2018-final.pdf\">CLUB H\u00c9RITAGE &#8211; INFOMAISON D\u00c9CEMBRE 2018<\/a><\/span><\/p>\n<p><span style=\"color: #0000ff\"><a style=\"color: #0000ff\" href=\"https:\/\/heritageclub.ca\/maisonneuve\/wp-content\/uploads\/sites\/15\/2018\/09\/Club-H\u00e9ritage-Infomaison-Septembre-2018-Final.pdf\">CLUB H\u00c9RITAGE &#8211; INFOMAISON SEPTEMBRE 2018<\/a><\/span><\/p>\n<p><span style=\"color: #0000ff\"><a style=\"color: #0000ff\" href=\"https:\/\/heritageclub.ca\/maisonneuve\/wp-content\/uploads\/sites\/15\/2018\/06\/Club-Heritage-Infomaison-Juin-2018-Couleur.pdf\">CLUB H\u00c9RITAGE &#8211; INFOMAISON JUIN 2018<\/a><\/span><\/p>\n<p><span style=\"color: #0000ff\"><a style=\"color: #0000ff\" href=\"https:\/\/heritageclub.ca\/maisonneuve\/wp-content\/uploads\/sites\/15\/2018\/03\/CLUB-H\u00c9RITAGE-INFOMAISON-Mars-2018.pdf\">CLUB H\u00c9RITAGE &#8211; INFOMAISON MARS 2018<\/a><\/span><\/p>\n<p><span style=\"color: #0000ff\"><a style=\"color: #0000ff\" href=\"https:\/\/heritageclub.ca\/maisonneuve\/wp-content\/uploads\/sites\/15\/2017\/12\/Club-Heritage-Infomaison-D\u00e9c.2017.pdf\">CLUB H\u00c9RITAGE &#8211; INFOMAISON D\u00c9CEMBRE 2017<\/a><\/span><\/p>\n<p><span style=\"color: #0000ff\"><a style=\"color: #0000ff\" href=\"https:\/\/heritageclub.ca\/maisonneuve\/wp-content\/uploads\/sites\/15\/2017\/10\/CLUB-H\u00c9RITAGE-INFOMAISON-Octobre-Sept.-2017.pdf\">CLUB H\u00c9RITAGE &#8211;\u00a0INFOMAISON OCTOBRE 2017<\/a><\/span><\/p>\n<p><span style=\"color: #0000ff\"><a style=\"color: #0000ff\" href=\"https:\/\/heritageclub.ca\/maisonneuve\/wp-content\/uploads\/sites\/15\/2017\/06\/CLUB-H\u00c9RITAGE-INFOMAISON-juin-2017.pdf\">CLUB H\u00c9RITAGE &#8211;\u00a0INFOMAISON JUIN 2017<\/a><\/span><\/p>\n<p><span style=\"color: #0000ff\"><a style=\"color: #0000ff\" href=\"https:\/\/heritageclub.ca\/maisonneuve\/wp-content\/uploads\/sites\/15\/2016\/09\/CLUB-H\u00c9RITAGE-INFOMAISON-Mars-2017.pdf\">CLUB H\u00c9RITAGE &#8211; INFOMAISON MARS 2017<\/a><\/span><\/p>\n<p><span style=\"color: #0000ff\"><a style=\"color: #0000ff\" href=\"https:\/\/heritageclub.ca\/maisonneuve\/wp-content\/uploads\/sites\/15\/2016\/12\/CLUB-H\u00c9RITAGE-INFOMAISON-D\u00e9c.-2016-1.pdf\">CLUB H\u00c9RITAGE &#8211; INFOMAISON D\u00c9CEMBRE 2016<\/a><\/span><\/p>\n<p>Au plaisir de vous revoir.<\/p>\n<p><a href=\"https:\/\/heritageclub.ca\/maisonneuve\/wp-content\/uploads\/sites\/15\/2025\/10\/Pierre-Amyot-Photo-scaled.jpg\" rel=\"attachment wp-att-564\"><img loading=\"lazy\" decoding=\"async\" class=\"wp-image-564 alignnone\" src=\"https:\/\/heritageclub.ca\/maisonneuve\/wp-content\/uploads\/sites\/15\/2025\/10\/Pierre-Amyot-Photo-scaled.jpg\" alt=\"\" width=\"336\" height=\"252\" \/><\/a><br \/>\n<span style=\"color: #000000;font-family: 'Brush Script MT';font-size: 34.6667px;margin: 0px\">\u00a0 \u00a0 \u00a0 \u00a0 Pierre Amyot<\/span><\/p>\n","protected":false},"excerpt":{"rendered":"<p>Dernier infomaison: CLUB H\u00c9RITAGE &#8211; INFOMAISON Printemps 2026 ================================================================ Les infomaisons pr\u00e9c\u00e9dents: CLUB H\u00c9RITAGE &#8211; INFOMAISON NO\u00cbL 2025 CLUB H\u00c9RITAGE &#8211; INFOMAISON AUTOMNE 2025 CLUB H\u00c9RITAGE &#8211; INFOMAISON JUIN 2025 CLUB H\u00c9RITAGE &#8211; INFOMAISON MARS 2025 CLUB H\u00c9RITAGE &#8211; INFOMAISON D\u00c9CEMBRE 2024 CLUB H\u00c9RITAGE &#8211; INFOMAISON SEPTEMBRE 2024 CLUB H\u00c9RITAGE &#8211; INFOMAISON JUIN 2024 CLUB&#8230;  <a class=\"excerpt-read-more\" href=\"https:\/\/heritageclub.ca\/maisonneuve\/infomaison\/\" title=\"Read Infomaisons\">Lire la suite &raquo;<\/a><\/p>\n","protected":false},"author":12,"featured_media":0,"parent":0,"menu_order":0,"comment_status":"closed","ping_status":"closed","template":"page-no-siderbar.php","meta":{"_acf_changed":false,"footnotes":""},"class_list":["post-552","page","type-page","status-publish","hentry"],"acf":[],"_links":{"self":[{"href":"https:\/\/heritageclub.ca\/maisonneuve\/wp-json\/wp\/v2\/pages\/552","targetHints":{"allow":["GET"]}}],"collection":[{"href":"https:\/\/heritageclub.ca\/maisonneuve\/wp-json\/wp\/v2\/pages"}],"about":[{"href":"https:\/\/heritageclub.ca\/maisonneuve\/wp-json\/wp\/v2\/types\/page"}],"author":[{"embeddable":true,"href":"https:\/\/heritageclub.ca\/maisonneuve\/wp-json\/wp\/v2\/users\/12"}],"replies":[{"embeddable":true,"href":"https:\/\/heritageclub.ca\/maisonneuve\/wp-json\/wp\/v2\/comments?post=552"}],"version-history":[{"count":52,"href":"https:\/\/heritageclub.ca\/maisonneuve\/wp-json\/wp\/v2\/pages\/552\/revisions"}],"predecessor-version":[{"id":3515,"href":"https:\/\/heritageclub.ca\/maisonneuve\/wp-json\/wp\/v2\/pages\/552\/revisions\/3515"}],"wp:attachment":[{"href":"https:\/\/heritageclub.ca\/maisonneuve\/wp-json\/wp\/v2\/media?parent=552"}],"curies":[{"name":"wp","href":"https:\/\/api.w.org\/{rel}","templated":true}]}}