{"id":107,"date":"2014-12-22T19:33:05","date_gmt":"2014-12-22T19:33:05","guid":{"rendered":"http:\/\/heritageclub.ca\/maisonneuve\/?page_id=107"},"modified":"2026-03-28T01:01:54","modified_gmt":"2026-03-28T01:01:54","slug":"calendrier","status":"publish","type":"page","link":"https:\/\/heritageclub.ca\/maisonneuve\/calendrier\/","title":{"rendered":"Calendrier"},"content":{"rendered":"<p>&nbsp;<\/p>\n<table>\n<tbody>\n<tr>\n<td width=\"240\"><strong>Date<\/strong><\/td>\n<td width=\"244\"><strong>\u00c9v\u00e8nements<\/strong><\/td>\n<td width=\"150\"><strong>Itin\u00e9raire<\/strong><\/td>\n<td width=\"150\"><strong>Site Web<\/strong><\/td>\n<\/tr>\n<tr>\n<td width=\"240\"><strong>Mercredi 27 avril 2026 \u00e0 11h30 <\/strong><\/td>\n<td width=\"244\"><strong>Restaurant Jarry Smoked Meat<\/strong><br \/>\n6549 Jarry Est<br \/>\nSaint-L\u00e9onard, QC<br \/>\nH1P 1W2T\u00e9l. : (514) 322-3220<\/td>\n<td width=\"150\"><a href=\"https:\/\/www.google.ca\/maps\/dir\/Jarry+Smoked+Meat,+6549+Rue+Jarry+E,+Saint-Leonard,+Quebec+H1P+1W2\/@45.595742,-73.583417,17z\/data=!4m16!1m6!3m5!1s0x4cc91e5f9d66c615:0x320f8a805fdecc34!2sJarry+Smoked+Meat!8m2!3d45.5957383!4d-73.5812283!4m8!1m0!1m5!1m1!1s0x4cc91e5f9d66c615:0x320f8a805fdecc34!2m2!1d-73.5812283!2d45.5957383!3e3\">Avec Google<\/a><\/td>\n<td width=\"150\"><a href=\"http:\/\/www.jarrysmokedmeat.com\/\">Jarry Smoked Meat<\/a><\/td>\n<\/tr>\n<tr>\n<td width=\"240\"><strong>Samedi, 23 mai 2026 \u00e0 13h00 \u00e0 1600<\/strong><\/p>\n<p>\u00e0 17h00<\/td>\n<td width=\"244\"><strong>16e Quille-O-Thon<br \/>\n<\/strong>Au salon de quilles Fleury 1763 Fleury<br \/>\nSouper du groupe \u00e0 17h00<br \/>\nCasa Grecque<br \/>\n10651 Pie-IX<br \/>\nMontr\u00e9al-Nord, Qc<\/td>\n<td width=\"150\"><a href=\"https:\/\/www.google.ca\/maps\/place\/10651+Bd+Pie-IX,+Montr%C3%A9al,+QC+H1H+4A3\/@45.5893089,-73.6362153,17z\/data=!4m6!3m5!1s0x4cc91f133e8fcb05:0x65ab2ca61bbc8d39!8m2!3d45.5896092!4d-73.6336833!16s%2Fg%2F11fmq4cq63?entry=ttu&amp;g_ep=EgoyMDI2MDMyNC4wIKXMDSoASAFQAw%3D%3D\">Avec Google<\/a><\/p>\n<p>Avec Google<\/td>\n<td width=\"150\"><a href=\"https:\/\/www.google.com\/maps\/place\/Salle+de+Quilles+Fleury\/@45.5675395,-73.6545703,3a,75y,90t\/data=!3m8!1e2!3m6!1sCIABIhBG02zY-WWTvv6Dzl23peb7!2e10!3e12!6shttps:%2F%2Flh3.googleusercontent.com%2Fgps-cs-s%2FAHVAwepbukmnPUy78FsUWT6MM_FE9OML-5jJ8tjPZv_WP4iRrTbWsj5JySaXHCjyADsjgHa9oOw0yIQRWZIdN36brdUqc-LAZuivb5XNOwkW7kx7cF57J3Iy8tTnh1F1R4G0oYiWgUGr64Kx1c5O%3Dw114-h86-k-no!7i4032!8i3024!4m16!1m8!3m7!1s0x4cc91f4b5afa228f:0x33d752c4e17ff8b1!2sSalle+de+Quilles+Fleury!8m2!3d45.5675192!4d-73.6540559!10e5!16s%2Fg%2F1wrtcgtp!3m6!1s0x4cc91f4b5afa228f:0x33d752c4e17ff8b1!8m2!3d45.5675192!4d-73.6540559!10e5!16s%2Fg%2F1wrtcgtp?entry=ttu&amp;g_ep=EgoyMDI2MDMyNC4wIKXMDSoASAFQAw%3D%3D\">Salle de Quilles Fleury<\/a><\/p>\n<p><a href=\"https:\/\/casagrecque.ca\/menu-salle-a-manger\/\">Casa Grecque<\/a><\/td>\n<\/tr>\n<\/tbody>\n<\/table>\n<p>&nbsp;<\/p>\n","protected":false},"excerpt":{"rendered":"<p>&nbsp; Date \u00c9v\u00e8nements Itin\u00e9raire Site Web Mercredi 27 avril 2026 \u00e0 11h30 Restaurant Jarry Smoked Meat 6549 Jarry Est Saint-L\u00e9onard, QC H1P 1W2T\u00e9l. : (514) 322-3220 Avec Google Jarry Smoked Meat Samedi, 23 mai 2026 \u00e0 13h00 \u00e0 1600 \u00e0 17h00 16e Quille-O-Thon Au salon de quilles Fleury 1763 Fleury Souper du groupe \u00e0 17h00&#8230;  <a class=\"excerpt-read-more\" href=\"https:\/\/heritageclub.ca\/maisonneuve\/calendrier\/\" title=\"Read Calendrier\">Lire la suite &raquo;<\/a><\/p>\n","protected":false},"author":12,"featured_media":0,"parent":0,"menu_order":0,"comment_status":"closed","ping_status":"closed","template":"page-calendar.php","meta":{"_acf_changed":false,"footnotes":""},"class_list":["post-107","page","type-page","status-publish","hentry"],"acf":[],"_links":{"self":[{"href":"https:\/\/heritageclub.ca\/maisonneuve\/wp-json\/wp\/v2\/pages\/107","targetHints":{"allow":["GET"]}}],"collection":[{"href":"https:\/\/heritageclub.ca\/maisonneuve\/wp-json\/wp\/v2\/pages"}],"about":[{"href":"https:\/\/heritageclub.ca\/maisonneuve\/wp-json\/wp\/v2\/types\/page"}],"author":[{"embeddable":true,"href":"https:\/\/heritageclub.ca\/maisonneuve\/wp-json\/wp\/v2\/users\/12"}],"replies":[{"embeddable":true,"href":"https:\/\/heritageclub.ca\/maisonneuve\/wp-json\/wp\/v2\/comments?post=107"}],"version-history":[{"count":4,"href":"https:\/\/heritageclub.ca\/maisonneuve\/wp-json\/wp\/v2\/pages\/107\/revisions"}],"predecessor-version":[{"id":3514,"href":"https:\/\/heritageclub.ca\/maisonneuve\/wp-json\/wp\/v2\/pages\/107\/revisions\/3514"}],"wp:attachment":[{"href":"https:\/\/heritageclub.ca\/maisonneuve\/wp-json\/wp\/v2\/media?parent=107"}],"curies":[{"name":"wp","href":"https:\/\/api.w.org\/{rel}","templated":true}]}}