{"id":964,"date":"2016-09-08T19:14:42","date_gmt":"2016-09-09T00:14:42","guid":{"rendered":"http:\/\/heritageclub.ca\/laurentideslanaudiere\/nos-activites-2\/"},"modified":"2020-01-09T12:44:34","modified_gmt":"2020-01-09T17:44:34","slug":"nos-activites","status":"publish","type":"page","link":"https:\/\/heritageclub.ca\/laurentideslanaudiere\/en\/nos-activites\/","title":{"rendered":"Nos Activit\u00e9s"},"content":{"rendered":"<h4><span style=\"color: #0000ff\">\u00c0 VENIR\u00a0 :<\/span><\/h4>\n<table border=\"0\" width=\"90%\">\n<tbody>\n<tr>\n<td>\n<h1 style=\"text-align: right\"><span style=\"color: #ff0000\">&gt;&gt;&gt;<\/span><\/h1>\n<\/td>\n<td>\u00a0 \u00a0 \u00a0 \u00a0 \u00a0 \u00a0 \u00a0 \u00a0 \u00a0 \u00a0 \u00a0 \u00a0 \u00a0 \u00a0 \u00a0 \u00a0 \u00a0 \u00a0\u00a0 \u00a0 \u00a0 \u00a0 \u00a0\u00a0\u00a0\u00a0\u00a0\u00a0\u00a0\u00a0\u00a0\u00a0\u00a0\u00a0\u00a0\u00a0\u00a0\u00a0\u00a0 <a href=\"https:\/\/heritageclub.ca\/laurentideslanaudiere\/calendar\/\"><img loading=\"lazy\" decoding=\"async\" class=\"alignright\" src=\"https:\/\/heritageclub.ca\/laurentideslanaudiere\/wp-content\/uploads\/sites\/14\/2016\/09\/calendrier-150x150.jpg\" alt=\"Calendrier\" width=\"150\" height=\"150\" \/><\/a><\/td>\n<td>\n<h1 style=\"text-align: left\"><span style=\"color: #ff0000\">&lt;&lt;&lt;<\/span><\/h1>\n<\/td>\n<\/tr>\n<\/tbody>\n<\/table>\n<h4><span style=\"color: #0000ff\">PASS\u00c9ES:<\/span><\/h4>\n<table style=\"height: 100px\" border=\"1\" width=\"800\" align=\"center\">\n<tbody>\n<tr>\n<td style=\"text-align: center\">D\u00ceNER<\/td>\n<td style=\"text-align: center\">GOLF<\/td>\n<td style=\"text-align: center\">M\u00c9CHOUI<\/td>\n<td style=\"text-align: center\">DIVERS<\/td>\n<\/tr>\n<tr>\n<td style=\"text-align: center\"><a href=\"\/laurentideslanaudiere?page_id=4750\">2020<\/a><\/td>\n<td style=\"text-align: center\"><a href=\"\/laurentideslanaudiere?page_id=3877\">2019<\/a><\/td>\n<td style=\"text-align: center\"><a href=\"\/laurentideslanaudiere?page_id=4464\">2019<\/a><\/td>\n<td style=\"text-align: center\"><a href=\"https:\/\/heritageclub.ca\/laurentideslanaudiere\/fr\/activites-diverses\/ #LUTINS2019\">Nos Lutins 2019<\/a><\/td>\n<td style=\"text-align: center\"><\/td>\n<\/tr>\n<tr>\n<td style=\"text-align: center\"><a href=\"\/laurentideslanaudiere?page_id=3271\">2019<\/a><\/td>\n<td style=\"text-align: center\"><a href=\"\/laurentideslanaudiere?page_id=2436\">2018<\/a><\/td>\n<td style=\"text-align: center\"><span style=\"text-align: center\"><a href=\"\/laurentideslanaudiere?page_id=2814\">2018<\/a><\/span><\/td>\n<td style=\"text-align: center\"><a href=\"https:\/\/heritageclub.ca\/laurentideslanaudiere\/fr\/activites-diverses\/ #st2019\">Souper-Th\u00e9\u00e2tre 2019<\/a><\/td>\n<td style=\"text-align: center\"><\/td>\n<\/tr>\n<tr>\n<td style=\"text-align: center\"><a href=\"\/laurentideslanaudiere?page_id=940\">2018<\/a><\/td>\n<td style=\"text-align: center\"><a href=\"\/laurentideslanaudiere?page_id=1759\">2017<\/a><\/td>\n<td style=\"text-align: center\"><a href=\"\/laurentideslanaudiere?page_id=1882\" target=\"_self\" rel=\"noopener noreferrer\">2017<\/a><\/td>\n<td style=\"text-align: center\"><a href=\"https:\/\/heritageclub.ca\/laurentideslanaudiere\/fr\/activites-diverses\/ #LUTINS2018\">Nos Lutins 2018<\/a><\/td>\n<td style=\"text-align: center\"><\/td>\n<\/tr>\n<tr>\n<td style=\"text-align: center\"><a href=\"\/laurentideslanaudiere?page_id=2081\">2017<\/a><\/td>\n<td style=\"text-align: center\"><a href=\"https:\/\/heritageclub.ca\/laurentideslanaudiere\/fr\/activites\/photo-golf-2016\/\" target=\"_self\" rel=\"noopener noreferrer\">2016<\/a><\/td>\n<td style=\"text-align: center\">\u00a0<a href=\"https:\/\/heritageclub.ca\/laurentideslanaudiere\/fr\/activites\/mechoui-2016\/\" target=\"_self\" rel=\"noopener noreferrer\">2016<\/a><\/td>\n<td style=\"text-align: center\"><a href=\"https:\/\/heritageclub.ca\/laurentideslanaudiere\/fr\/activites-diverses\/ #st2018\">Souper-Th\u00e9\u00e2tre 2018<\/a><\/td>\n<td style=\"text-align: center\"><\/td>\n<\/tr>\n<tr>\n<td style=\"text-align: center\"><a href=\"\/laurentideslanaudiere?page_id=2075\">2016<\/a><\/td>\n<td style=\"text-align: center\">\u00a0<a href=\"https:\/\/heritageclub.ca\/laurentideslanaudiere\/fr\/activites\/photo-golf-2015\/\" target=\"_self\" rel=\"noopener noreferrer\">2015<\/a><\/td>\n<td><\/td>\n<td style=\"text-align: center\"><a href=\"https:\/\/heritageclub.ca\/laurentideslanaudiere\/fr\/activites-diverses\/ #LUTINS2017\">Nos Lutins 2017<\/a><\/td>\n<td><\/td>\n<\/tr>\n<tr>\n<td style=\"text-align: center\"><\/td>\n<td style=\"text-align: center\"><\/td>\n<td><\/td>\n<td style=\"text-align: center\"><a href=\"https:\/\/heritageclub.ca\/laurentideslanaudiere\/fr\/activites-diverses\/ #070717\">Souper-Th\u00e9\u00e2tre 2017<\/a><\/td>\n<td><\/td>\n<\/tr>\n<tr>\n<td style=\"text-align: center\"><\/td>\n<td style=\"text-align: center\"><\/td>\n<td><\/td>\n<td style=\"text-align: center\"><a href=\"https:\/\/heritageclub.ca\/laurentideslanaudiere\/fr\/activites-diverses\/ #LUTINS2016\">Nos Lutins 2016<\/a><\/td>\n<td><\/td>\n<\/tr>\n<tr>\n<td style=\"text-align: center\"><\/td>\n<td><\/td>\n<td><\/td>\n<td style=\"text-align: center\"><a href=\"\/laurentideslanaudiere?page_id=1194\">Souper de No\u00ebl 2016<\/a><\/td>\n<td><\/td>\n<\/tr>\n<tr>\n<td style=\"text-align: center\"><\/td>\n<td><\/td>\n<td><\/td>\n<td><\/td>\n<td><\/td>\n<\/tr>\n<tr>\n<td style=\"text-align: center\"><\/td>\n<td><\/td>\n<td><\/td>\n<td><\/td>\n<td><\/td>\n<\/tr>\n<tr>\n<td style=\"text-align: center\"><\/td>\n<td><\/td>\n<td><\/td>\n<td><\/td>\n<td><\/td>\n<\/tr>\n<tr>\n<td style=\"text-align: center\"><\/td>\n<td><\/td>\n<td><\/td>\n<td><\/td>\n<td><\/td>\n<\/tr>\n<tr>\n<td style=\"text-align: center\"><\/td>\n<td><\/td>\n<td><\/td>\n<td><\/td>\n<td><\/td>\n<\/tr>\n<tr>\n<td style=\"text-align: center\"><\/td>\n<td><\/td>\n<td><\/td>\n<td><\/td>\n<td><\/td>\n<\/tr>\n<tr>\n<td style=\"text-align: center\"><\/td>\n<td><\/td>\n<td><\/td>\n<td><\/td>\n<td><\/td>\n<\/tr>\n<tr>\n<td style=\"text-align: center\"><\/td>\n<td><\/td>\n<td><\/td>\n<td><\/td>\n<td><\/td>\n<\/tr>\n<tr>\n<td style=\"text-align: center\"><\/td>\n<td><\/td>\n<td><\/td>\n<td><\/td>\n<td><\/td>\n<\/tr>\n<tr>\n<td style=\"text-align: center\"><\/td>\n<td><\/td>\n<td><\/td>\n<td><\/td>\n<td><\/td>\n<\/tr>\n<tr>\n<td style=\"text-align: center\"><\/td>\n<td><\/td>\n<td><\/td>\n<td><\/td>\n<td><\/td>\n<\/tr>\n<tr>\n<td style=\"text-align: center\"><\/td>\n<td><\/td>\n<td><\/td>\n<td><\/td>\n<td><\/td>\n<\/tr>\n<tr>\n<td style=\"text-align: center\"><\/td>\n<td><\/td>\n<td><\/td>\n<td><\/td>\n<td><\/td>\n<\/tr>\n<tr>\n<td style=\"text-align: center\"><\/td>\n<td><\/td>\n<td><\/td>\n<td><\/td>\n<td><\/td>\n<\/tr>\n<tr>\n<td style=\"text-align: center\"><\/td>\n<td><\/td>\n<td><\/td>\n<td><\/td>\n<td><\/td>\n<\/tr>\n<tr>\n<td style=\"text-align: center\"><\/td>\n<td><\/td>\n<td><\/td>\n<td><\/td>\n<td><\/td>\n<\/tr>\n<tr>\n<td style=\"text-align: center\"><\/td>\n<td><\/td>\n<td><\/td>\n<td><\/td>\n<td><\/td>\n<\/tr>\n<tr>\n<td style=\"text-align: center\"><\/td>\n<td><\/td>\n<td><\/td>\n<td><\/td>\n<td><\/td>\n<\/tr>\n<tr>\n<td style=\"text-align: center\"><\/td>\n<td><\/td>\n<td><\/td>\n<td><\/td>\n<td><\/td>\n<\/tr>\n<tr>\n<td style=\"text-align: center\"><\/td>\n<td><\/td>\n<td><\/td>\n<td><\/td>\n<td><\/td>\n<\/tr>\n<tr>\n<td style=\"text-align: center\"><\/td>\n<td><\/td>\n<td><\/td>\n<td><\/td>\n<td><\/td>\n<\/tr>\n<tr>\n<td style=\"text-align: center\"><\/td>\n<td><\/td>\n<td><\/td>\n<td><\/td>\n<td><\/td>\n<\/tr>\n<tr>\n<td style=\"text-align: center\"><\/td>\n<td><\/td>\n<td><\/td>\n<td><\/td>\n<td><\/td>\n<\/tr>\n<tr>\n<td style=\"text-align: center\"><\/td>\n<td><\/td>\n<td><\/td>\n<td><\/td>\n<td><\/td>\n<\/tr>\n<tr>\n<td style=\"text-align: center\"><\/td>\n<td><\/td>\n<td><\/td>\n<td><\/td>\n<td><\/td>\n<\/tr>\n<tr>\n<td style=\"text-align: center\"><\/td>\n<td><\/td>\n<td><\/td>\n<td><\/td>\n<td><\/td>\n<\/tr>\n<tr>\n<td style=\"text-align: center\"><\/td>\n<td><\/td>\n<td><\/td>\n<td><\/td>\n<td><\/td>\n<\/tr>\n<tr>\n<td style=\"text-align: center\"><\/td>\n<td><\/td>\n<td><\/td>\n<td><\/td>\n<td><\/td>\n<\/tr>\n<tr>\n<td style=\"text-align: center\"><\/td>\n<td><\/td>\n<td><\/td>\n<td><\/td>\n<td><\/td>\n<\/tr>\n<tr>\n<td style=\"text-align: center\"><\/td>\n<td><\/td>\n<td><\/td>\n<td><\/td>\n<td><\/td>\n<\/tr>\n<tr>\n<td style=\"text-align: center\"><\/td>\n<td><\/td>\n<td><\/td>\n<td><\/td>\n<td><\/td>\n<\/tr>\n<tr>\n<td style=\"text-align: center\"><\/td>\n<td><\/td>\n<td><\/td>\n<td><\/td>\n<td><\/td>\n<\/tr>\n<tr>\n<td style=\"text-align: center\"><\/td>\n<td><\/td>\n<td><\/td>\n<td><\/td>\n<td><\/td>\n<\/tr>\n<tr>\n<td style=\"text-align: center\"><\/td>\n<td><\/td>\n<td><\/td>\n<td><\/td>\n<td><\/td>\n<\/tr>\n<tr>\n<td style=\"text-align: center\"><\/td>\n<td><\/td>\n<td><\/td>\n<td><\/td>\n<td><\/td>\n<\/tr>\n<tr>\n<td style=\"text-align: center\"><\/td>\n<td><\/td>\n<td><\/td>\n<td><\/td>\n<td><\/td>\n<\/tr>\n<tr>\n<td style=\"text-align: center\"><\/td>\n<td><\/td>\n<td><\/td>\n<td><\/td>\n<td><\/td>\n<\/tr>\n<tr>\n<td style=\"text-align: center\"><\/td>\n<td><\/td>\n<td><\/td>\n<td><\/td>\n<td><\/td>\n<\/tr>\n<tr>\n<td style=\"text-align: center\"><\/td>\n<td><\/td>\n<td><\/td>\n<td><\/td>\n<td><\/td>\n<\/tr>\n<tr>\n<td style=\"text-align: center\"><\/td>\n<td><\/td>\n<td><\/td>\n<td><\/td>\n<td><\/td>\n<\/tr>\n<tr>\n<td style=\"text-align: center\"><\/td>\n<td><\/td>\n<td><\/td>\n<td><\/td>\n<td><\/td>\n<\/tr>\n<tr>\n<td style=\"text-align: center\"><\/td>\n<td><\/td>\n<td><\/td>\n<td><\/td>\n<td><\/td>\n<\/tr>\n<tr>\n<td style=\"text-align: center\"><\/td>\n<td><\/td>\n<td><\/td>\n<td><\/td>\n<td><\/td>\n<\/tr>\n<tr>\n<td style=\"text-align: center\"><\/td>\n<td><\/td>\n<td><\/td>\n<td><\/td>\n<td><\/td>\n<\/tr>\n<tr>\n<td style=\"text-align: center\"><\/td>\n<td><\/td>\n<td><\/td>\n<td><\/td>\n<td><\/td>\n<\/tr>\n<tr>\n<td style=\"text-align: center\"><\/td>\n<td><\/td>\n<td><\/td>\n<td><\/td>\n<td><\/td>\n<\/tr>\n<tr>\n<td style=\"text-align: center\"><\/td>\n<td><\/td>\n<td><\/td>\n<td><\/td>\n<td><\/td>\n<\/tr>\n<tr>\n<td style=\"text-align: center\"><\/td>\n<td><\/td>\n<td><\/td>\n<td><\/td>\n<td><\/td>\n<\/tr>\n<tr>\n<td style=\"text-align: center\"><\/td>\n<td><\/td>\n<td><\/td>\n<td><\/td>\n<td><\/td>\n<\/tr>\n<tr>\n<td style=\"text-align: center\"><\/td>\n<td><\/td>\n<td><\/td>\n<td><\/td>\n<td><\/td>\n<\/tr>\n<tr>\n<td style=\"text-align: center\"><\/td>\n<td><\/td>\n<td><\/td>\n<td><\/td>\n<td><\/td>\n<\/tr>\n<\/tbody>\n<\/table>\n","protected":false},"excerpt":{"rendered":"<p>\u00c0 VENIR\u00a0 : &gt;&gt;&gt; \u00a0 \u00a0 \u00a0 \u00a0 \u00a0 \u00a0 \u00a0 \u00a0 \u00a0 \u00a0 \u00a0 \u00a0 \u00a0 \u00a0 \u00a0 \u00a0 \u00a0 \u00a0\u00a0 \u00a0 \u00a0 \u00a0 \u00a0\u00a0\u00a0\u00a0\u00a0\u00a0\u00a0\u00a0\u00a0\u00a0\u00a0\u00a0\u00a0\u00a0\u00a0\u00a0\u00a0 &lt;&lt;&lt; PASS\u00c9ES: D\u00ceNER GOLF M\u00c9CHOUI DIVERS 2020 2019 2019 Nos Lutins 2019 2019 2018 2018 Souper-Th\u00e9\u00e2tre 2019 2018 2017 2017 Nos Lutins 2018 2017 2016 \u00a02016 Souper-Th\u00e9\u00e2tre 2018 2016&#8230;  <a class=\"excerpt-read-more\" href=\"https:\/\/heritageclub.ca\/laurentideslanaudiere\/en\/nos-activites\/\" title=\"Read Nos Activit\u00e9s\">Read more &raquo;<\/a><\/p>\n","protected":false},"author":12,"featured_media":0,"parent":0,"menu_order":0,"comment_status":"closed","ping_status":"closed","template":"page-fullwidth.php","meta":{"_acf_changed":false,"footnotes":""},"class_list":["post-964","page","type-page","status-publish","hentry"],"acf":[],"_links":{"self":[{"href":"https:\/\/heritageclub.ca\/laurentideslanaudiere\/en\/wp-json\/wp\/v2\/pages\/964","targetHints":{"allow":["GET"]}}],"collection":[{"href":"https:\/\/heritageclub.ca\/laurentideslanaudiere\/en\/wp-json\/wp\/v2\/pages"}],"about":[{"href":"https:\/\/heritageclub.ca\/laurentideslanaudiere\/en\/wp-json\/wp\/v2\/types\/page"}],"author":[{"embeddable":true,"href":"https:\/\/heritageclub.ca\/laurentideslanaudiere\/en\/wp-json\/wp\/v2\/users\/12"}],"replies":[{"embeddable":true,"href":"https:\/\/heritageclub.ca\/laurentideslanaudiere\/en\/wp-json\/wp\/v2\/comments?post=964"}],"version-history":[{"count":58,"href":"https:\/\/heritageclub.ca\/laurentideslanaudiere\/en\/wp-json\/wp\/v2\/pages\/964\/revisions"}],"predecessor-version":[{"id":4762,"href":"https:\/\/heritageclub.ca\/laurentideslanaudiere\/en\/wp-json\/wp\/v2\/pages\/964\/revisions\/4762"}],"wp:attachment":[{"href":"https:\/\/heritageclub.ca\/laurentideslanaudiere\/en\/wp-json\/wp\/v2\/media?parent=964"}],"curies":[{"name":"wp","href":"https:\/\/api.w.org\/{rel}","templated":true}]}}