{"id":74,"date":"2014-12-04T17:45:56","date_gmt":"2014-12-04T17:45:56","guid":{"rendered":"http:\/\/heritageclub.ca\/laurentideslanaudiere\/?page_id=74"},"modified":"2019-01-16T10:26:04","modified_gmt":"2019-01-16T15:26:04","slug":"executives-contacts","status":"publish","type":"page","link":"https:\/\/heritageclub.ca\/laurentideslanaudiere\/en\/executives-contacts\/","title":{"rendered":"Executives &amp; Contacts"},"content":{"rendered":"<h1 style=\"text-align: center\"><span style=\"color: #ff0000\"> <\/span><\/h1>\n<table style=\"height: 344px\" width=\"797\">\n<tbody>\n<tr><!--LEMAIRE--><\/p>\n<td style=\"text-align: center\" width=\"33%\" height=\"100\">\n<h4> Pr\u00e9sident<\/h4>\n<a href=\"https:\/\/heritageclub.ca\/laurentideslanaudiere\/wp-content\/uploads\/sites\/14\/2016\/10\/Yvon.jpg\" rel=\"attachment wp-att-1032\"><img loading=\"lazy\" decoding=\"async\" class=\"aligncenter wp-image-1032 size-full\" src=\"https:\/\/heritageclub.ca\/laurentideslanaudiere\/wp-content\/uploads\/sites\/14\/2016\/10\/Yvon.jpg\" alt=\"yvon\" width=\"76\" height=\"76\" \/><\/a>\n<p>Yvon Lemaire<br \/>\n<a href=\"mailto:lemairey@videotron.ca\"><strong>lemairey@videotron.ca<\/strong><\/a><br \/>\n514-943-6203<\/td>\n<p><!--LUSSIER--><\/p>\n<td style=\"text-align: center\" width=\"33%\" height=\"100\">\n<h4>Premier vice-pr\u00e9sident<\/h4>\n<p><a href=\"https:\/\/heritageclub.ca\/laurentideslanaudiere\/wp-content\/uploads\/sites\/14\/2016\/10\/Pierre.jpg\" rel=\"attachment wp-att-1030\"><img loading=\"lazy\" decoding=\"async\" class=\"size-full wp-image-1030 aligncenter\" src=\"https:\/\/heritageclub.ca\/laurentideslanaudiere\/wp-content\/uploads\/sites\/14\/2016\/10\/Pierre.jpg\" alt=\"pierre\" width=\"76\" height=\"76\" \/><\/a><br \/>\nPierre Lussier<br \/>\n<a href=\"mailto:pierremlussier@videotron.ca\"><strong>pierremlussier@videotron.ca<\/strong><\/a><br \/>\n514-898-6057<\/td>\n<p><!--PINSONNEAULT...--><\/p>\n<td style=\"text-align: center\" width=\"33%\" height=\"100\">\n<h4> Secr\u00e9taire\/tr\u00e9sorier<\/h4>\n<a href=\"https:\/\/heritageclub.ca\/laurentideslanaudiere\/wp-content\/uploads\/sites\/14\/2018\/09\/Rene01.jpg\" rel=\"attachment wp-att-1031\"><img loading=\"lazy\" decoding=\"async\" class=\"alignnone wp-image-2861 size-full\" src=\"https:\/\/heritageclub.ca\/laurentideslanaudiere\/wp-content\/uploads\/sites\/14\/2018\/09\/Rene01.jpg\" alt=\"\" width=\"63\" height=\"79\" \/><\/a>\n<p>Ren\u00e9 Pinsonneault<br \/>\n<a href=\"mailto:renepinsonneault@videotron.ca\"><strong>renepinsonneault@videotron.ca<\/strong><\/a><br \/>\n514-792-7733<\/td>\n<\/tr>\n<\/tbody>\n<\/table>\n<p style=\"text-align: center\"> Chap\u00eetre Laurentides\/Lanaudi\u00e8re<br \/>\n2090 rue Monterey<br \/>\nLaval, Qc.<br \/>\nH7L 3S0<\/p>\n<p style=\"text-align: center\"><b>Courriel : <a href=\"mailto:clubheritagellle@gmail.com\">clubheritagellle@gmail.com<\/a><\/b><\/p>\n<h6><\/h6>\n<h6><\/h6>\n<h6><\/h6>\n<h6><\/h6>\n<p>&nbsp;<\/p>\n<p>&nbsp;<\/p>\n<p>&nbsp;<\/p>\n<p>&nbsp;<\/p>\n<h6 style=\"text-align: right\">Responsable du site Web  &gt;&gt;&gt;   <a href=\"mailto:mgroleau07@gmail.com\">Michel Groleau<\/a><\/h6>\n","protected":false},"excerpt":{"rendered":"<p>Pr\u00e9sident Yvon Lemaire lemairey@videotron.ca 514-943-6203 Premier vice-pr\u00e9sident Pierre Lussier pierremlussier@videotron.ca 514-898-6057 Secr\u00e9taire\/tr\u00e9sorier Ren\u00e9 Pinsonneault renepinsonneault@videotron.ca 514-792-7733 Chap\u00eetre Laurentides\/Lanaudi\u00e8re 2090 rue Monterey Laval, Qc. H7L 3S0 Courriel : clubheritagellle@gmail.com &nbsp; &nbsp; &nbsp; &nbsp; Responsable du site Web &gt;&gt;&gt; Michel Groleau<\/p>\n","protected":false},"author":12,"featured_media":0,"parent":0,"menu_order":0,"comment_status":"closed","ping_status":"closed","template":"page-no-siderbar.php","meta":{"_acf_changed":false,"footnotes":""},"class_list":["post-74","page","type-page","status-publish","hentry"],"acf":[],"_links":{"self":[{"href":"https:\/\/heritageclub.ca\/laurentideslanaudiere\/en\/wp-json\/wp\/v2\/pages\/74","targetHints":{"allow":["GET"]}}],"collection":[{"href":"https:\/\/heritageclub.ca\/laurentideslanaudiere\/en\/wp-json\/wp\/v2\/pages"}],"about":[{"href":"https:\/\/heritageclub.ca\/laurentideslanaudiere\/en\/wp-json\/wp\/v2\/types\/page"}],"author":[{"embeddable":true,"href":"https:\/\/heritageclub.ca\/laurentideslanaudiere\/en\/wp-json\/wp\/v2\/users\/12"}],"replies":[{"embeddable":true,"href":"https:\/\/heritageclub.ca\/laurentideslanaudiere\/en\/wp-json\/wp\/v2\/comments?post=74"}],"version-history":[{"count":12,"href":"https:\/\/heritageclub.ca\/laurentideslanaudiere\/en\/wp-json\/wp\/v2\/pages\/74\/revisions"}],"predecessor-version":[{"id":3304,"href":"https:\/\/heritageclub.ca\/laurentideslanaudiere\/en\/wp-json\/wp\/v2\/pages\/74\/revisions\/3304"}],"wp:attachment":[{"href":"https:\/\/heritageclub.ca\/laurentideslanaudiere\/en\/wp-json\/wp\/v2\/media?parent=74"}],"curies":[{"name":"wp","href":"https:\/\/api.w.org\/{rel}","templated":true}]}}