{"id":103,"date":"2014-12-22T19:16:09","date_gmt":"2014-12-22T19:16:09","guid":{"rendered":"http:\/\/heritageclub.ca\/kebec-gespeg\/?page_id=103"},"modified":"2023-04-01T19:56:04","modified_gmt":"2023-04-01T19:56:04","slug":"executif-et-contact","status":"publish","type":"page","link":"https:\/\/heritageclub.ca\/kebec\/executif-et-contact\/","title":{"rendered":"Ex\u00e9cutif et contact"},"content":{"rendered":"<table width=\"100%\">\r\n<tbody>\r\n<tr>\r\n<td width=\"250\"><a href=\"mailto:heritage-kebec@oricom.ca\">PR\u00c9SIDENT <\/a><\/td>\r\n<td><a href=\"mailto:heritagekebec@outlook.com\">Marc Jacob<\/a><\/td>\r\n<\/tr>\r\n<tr>\r\n<td>1er VICE-PR\u00c9SIDENT<\/td>\r\n<td>Pierre Dion<\/td>\r\n<\/tr>\r\n<tr>\r\n<td>2e VICE-PR\u00c9SIDENT\r\n<p>DIRECTEUR<\/p>\r\n<\/td>\r\n<td>Jean-Paul Beaulieu\r\n<p>Michel Racine<\/p>\r\n<\/td>\r\n<\/tr>\r\n<tr>\r\n<td><span style=\"float: none; background-color: transparent; color: #5c6b80; cursor: text; font-family: 'Lato','Helvetica Neue',Helvetica,Arial,sans-serif; font-size: 16px; font-style: normal; font-variant: normal; font-weight: 400; letter-spacing: normal; text-align: left; text-decoration: none; text-indent: 0px;\">SECR\u00c9TAIRE<\/span><\/td>\r\n<td><span style=\"float: none; background-color: transparent; color: #5c6b80; cursor: text; font-family: 'Lato','Helvetica Neue',Helvetica,Arial,sans-serif; font-size: 16px; font-style: normal; font-variant: normal; font-weight: 400; letter-spacing: normal; text-align: left; text-decoration: none; text-indent: 0px;\">Denis Dion<\/span><\/td>\r\n<\/tr>\r\n<tr>\r\n<td><span style=\"float: none; background-color: transparent; color: #5c6b80; cursor: text; font-family: 'Lato','Helvetica Neue',Helvetica,Arial,sans-serif; font-size: 16px; font-style: normal; font-variant: normal; font-weight: 400; letter-spacing: normal; text-align: left; text-decoration: none; text-indent: 0px;\">TR\u00c9SORI\u00c8RE<\/span><\/td>\r\n<td><span style=\"float: none; background-color: transparent; color: #5c6b80; cursor: text; font-family: 'Lato','Helvetica Neue',Helvetica,Arial,sans-serif; font-size: 16px; font-style: normal; font-variant: normal; font-weight: 400; letter-spacing: normal; text-align: left; text-decoration: none; text-indent: 0px;\">Sylvie Poulin<\/span><\/td>\r\n<\/tr>\r\n<tr>\r\n<td>\r\n<p>Pr\u00e9sident sortant<\/p>\r\n<\/td>\r\n<td>\r\n<p>Andr\u00e9 Gagnon<\/p>\r\n<\/td>\r\n<\/tr>\r\n<\/tbody>\r\n<\/table>\r\n\r\n<figure class=\"wp-block-image\"><a href=\"https:\/\/heritageclub.ca\/kebec\/wp-content\/uploads\/sites\/13\/2023\/03\/comite-executif-2023-chapite-Kebec.jpg\"><img loading=\"lazy\" decoding=\"async\" class=\"alignnone  wp-image-1001\" src=\"https:\/\/heritageclub.ca\/kebec\/wp-content\/uploads\/sites\/13\/2023\/03\/comite-executif-2023-chapite-Kebec-300x225.jpg\" alt=\"\" width=\"709\" height=\"532\" srcset=\"https:\/\/heritageclub.ca\/kebec\/wp-content\/uploads\/sites\/13\/2023\/03\/comite-executif-2023-chapite-Kebec-300x225.jpg 300w, https:\/\/heritageclub.ca\/kebec\/wp-content\/uploads\/sites\/13\/2023\/03\/comite-executif-2023-chapite-Kebec.jpg 640w\" sizes=\"auto, (max-width: 709px) 100vw, 709px\" \/><\/a><br \/>\r\n<figcaption>De gauche \u00e0 droite: Jean-Paul Beaulieu, Denis Dion, Michel Racine, Sylvie Poulin, Marc Jacob et Pierre Dion.<\/figcaption>\r\n<\/figure>\r\n","protected":false},"excerpt":{"rendered":"<p>PR\u00c9SIDENT Marc Jacob 1er VICE-PR\u00c9SIDENT Pierre Dion 2e VICE-PR\u00c9SIDENT DIRECTEUR Jean-Paul Beaulieu Michel Racine SECR\u00c9TAIRE Denis Dion TR\u00c9SORI\u00c8RE Sylvie Poulin Pr\u00e9sident sortant Andr\u00e9 Gagnon<\/p>\n","protected":false},"author":12,"featured_media":0,"parent":0,"menu_order":0,"comment_status":"closed","ping_status":"closed","template":"","meta":{"_acf_changed":false,"footnotes":""},"class_list":["post-103","page","type-page","status-publish","hentry"],"acf":[],"_links":{"self":[{"href":"https:\/\/heritageclub.ca\/kebec\/wp-json\/wp\/v2\/pages\/103","targetHints":{"allow":["GET"]}}],"collection":[{"href":"https:\/\/heritageclub.ca\/kebec\/wp-json\/wp\/v2\/pages"}],"about":[{"href":"https:\/\/heritageclub.ca\/kebec\/wp-json\/wp\/v2\/types\/page"}],"author":[{"embeddable":true,"href":"https:\/\/heritageclub.ca\/kebec\/wp-json\/wp\/v2\/users\/12"}],"replies":[{"embeddable":true,"href":"https:\/\/heritageclub.ca\/kebec\/wp-json\/wp\/v2\/comments?post=103"}],"version-history":[{"count":15,"href":"https:\/\/heritageclub.ca\/kebec\/wp-json\/wp\/v2\/pages\/103\/revisions"}],"predecessor-version":[{"id":1036,"href":"https:\/\/heritageclub.ca\/kebec\/wp-json\/wp\/v2\/pages\/103\/revisions\/1036"}],"wp:attachment":[{"href":"https:\/\/heritageclub.ca\/kebec\/wp-json\/wp\/v2\/media?parent=103"}],"curies":[{"name":"wp","href":"https:\/\/api.w.org\/{rel}","templated":true}]}}