{"id":82,"date":"2014-12-04T17:41:54","date_gmt":"2014-12-04T17:41:54","guid":{"rendered":"http:\/\/heritageclub.ca\/kebec-gespeg\/?page_id=82"},"modified":"2014-12-04T17:41:54","modified_gmt":"2014-12-04T17:41:54","slug":"founding-members","status":"publish","type":"page","link":"https:\/\/heritageclub.ca\/kebec\/en\/founding-members\/","title":{"rendered":"Founding Members"},"content":{"rendered":"<p><a href=\"http:\/\/www.lamoureux.zapto.org\/club\/M-F%20KEBEC.htm\">CHAPITRE KEBEC<\/a><\/p>\n<table width=\"100%\">\n<tbody>\n<tr>\n<td width=\"33%\"><strong>Guy Allard<\/strong><\/td>\n<td width=\"33%\"><strong>Raymond Beaupre<\/strong><\/td>\n<td width=\"34%\"><strong>Georges Bonneau<\/strong><\/td>\n<\/tr>\n<tr>\n<td width=\"33%\"><strong>Joseph Deschesnes<\/strong><\/td>\n<td width=\"33%\"><strong>Edouard Dussault<\/strong><\/td>\n<td width=\"34%\"><strong>Bertrand Gagne<\/strong><\/td>\n<\/tr>\n<tr>\n<td width=\"33%\"><strong>Pauline Gauvin<\/strong><\/td>\n<td width=\"33%\"><strong>Lucien Girard<\/strong><\/td>\n<td width=\"34%\"><strong>Rachel Gobeil<\/strong><\/td>\n<\/tr>\n<tr>\n<td width=\"33%\"><strong>Gustave Goulet<\/strong><\/td>\n<td width=\"33%\"><strong>Roger Langlais<\/strong><\/td>\n<td width=\"34%\"><strong>Camille Laperriere<\/strong><\/td>\n<\/tr>\n<tr>\n<td width=\"33%\"><strong>Bernard Larochelle<\/strong><\/td>\n<td width=\"33%\"><strong>Maurice Legare<\/strong><\/td>\n<td width=\"34%\"><strong>Germaine Levesque<\/strong><\/td>\n<\/tr>\n<tr>\n<td width=\"33%\"><strong>Napoleon Paquin<\/strong><\/td>\n<td width=\"33%\"><strong>Jean-Marie Poirier<\/strong><\/td>\n<td width=\"34%\"><strong>Roland Robitaille<\/strong><\/td>\n<\/tr>\n<tr>\n<td width=\"33%\"><strong>Armand Simard<\/strong><\/td>\n<td width=\"33%\"><strong>Rita Touchette<\/strong><\/td>\n<td width=\"34%\"><strong>Paul Villeneuve<\/strong><\/td>\n<\/tr>\n<\/tbody>\n<\/table>\n<p><a href=\"http:\/\/www.lamoureux.zapto.org\/club\/M-F%20GESPEG.htm\">CHAPITRE GESPEG<\/a><\/p>\n<table width=\"102%\">\n<tbody>\n<tr>\n<td width=\"33%\"><strong>Germain Beaulieu<\/strong><\/td>\n<td width=\"33%\"><strong>Maurice Bosse<\/strong><\/td>\n<td width=\"34%\"><strong>Eddy Charest<\/strong><\/td>\n<\/tr>\n<tr>\n<td width=\"33%\"><strong><a href=\"http:\/\/www.lamoureux.zapto.org\/club\/BIOGRAPHIE\/L%20JACQUES%20COTE.htm\">L. Jacques Cote\u00a0\u00a0\u00a0\u00a0 ( D )<\/a><\/strong><\/td>\n<td width=\"33%\"><strong>Lydia Desjardins<\/strong><\/td>\n<td width=\"34%\"><strong>Adrienne Gagnon<\/strong><\/td>\n<\/tr>\n<tr>\n<td width=\"33%\"><strong>Jacqueline Gosselin<\/strong><\/td>\n<td width=\"33%\"><strong>Celine Labrie<\/strong><\/td>\n<td width=\"34%\"><strong>Marie-Luce Lepage<\/strong><\/td>\n<\/tr>\n<tr>\n<td width=\"33%\"><strong>Paul H. Levasseur<\/strong><\/td>\n<td width=\"33%\"><strong>J. Gilbert Levesque<\/strong><\/td>\n<td width=\"34%\"><strong>Jean-Marc Marmen<\/strong><\/td>\n<\/tr>\n<tr>\n<td width=\"33%\"><strong>Gerard Marois<\/strong><\/td>\n<td width=\"33%\"><strong>Yvon Rousseau<\/strong><\/td>\n<td width=\"34%\"><strong>Gilberte Roy<\/strong><\/td>\n<\/tr>\n<tr>\n<td width=\"33%\"><strong>Henri Roy<\/strong><\/td>\n<td width=\"33%\"><strong>Raymond Roy<\/strong><\/td>\n<td width=\"34%\"><strong>Cecile Sylvain<\/strong><\/td>\n<\/tr>\n<tr>\n<td width=\"33%\"><strong>Leo-Claude Thoral<\/strong><\/td>\n<td width=\"33%\"><strong>Jean-Marc Tremblay<\/strong><\/td>\n<td width=\"34%\"><\/td>\n<\/tr>\n<\/tbody>\n<\/table>\n<p>( D )\u00a0\u00a0 D\u00e9c\u00e9d\u00e9(e)\u00a0\u00a0 (cliquez sur le nom pour une courte biographie<\/p>\n","protected":false},"excerpt":{"rendered":"<p>CHAPITRE KEBEC Guy Allard Raymond Beaupre Georges Bonneau Joseph Deschesnes Edouard Dussault Bertrand Gagne Pauline Gauvin Lucien Girard Rachel Gobeil Gustave Goulet Roger Langlais Camille Laperriere Bernard Larochelle Maurice Legare Germaine Levesque Napoleon Paquin Jean-Marie Poirier Roland Robitaille Armand Simard Rita Touchette Paul Villeneuve CHAPITRE GESPEG Germain Beaulieu Maurice Bosse Eddy Charest L. Jacques Cote\u00a0\u00a0\u00a0\u00a0&#8230;  <a class=\"excerpt-read-more\" href=\"https:\/\/heritageclub.ca\/kebec\/en\/founding-members\/\" title=\"Read Founding Members\">Read more &raquo;<\/a><\/p>\n","protected":false},"author":12,"featured_media":0,"parent":0,"menu_order":0,"comment_status":"closed","ping_status":"closed","template":"","meta":{"_acf_changed":false,"footnotes":""},"class_list":["post-82","page","type-page","status-publish","hentry"],"acf":[],"_links":{"self":[{"href":"https:\/\/heritageclub.ca\/kebec\/en\/wp-json\/wp\/v2\/pages\/82","targetHints":{"allow":["GET"]}}],"collection":[{"href":"https:\/\/heritageclub.ca\/kebec\/en\/wp-json\/wp\/v2\/pages"}],"about":[{"href":"https:\/\/heritageclub.ca\/kebec\/en\/wp-json\/wp\/v2\/types\/page"}],"author":[{"embeddable":true,"href":"https:\/\/heritageclub.ca\/kebec\/en\/wp-json\/wp\/v2\/users\/12"}],"replies":[{"embeddable":true,"href":"https:\/\/heritageclub.ca\/kebec\/en\/wp-json\/wp\/v2\/comments?post=82"}],"version-history":[{"count":1,"href":"https:\/\/heritageclub.ca\/kebec\/en\/wp-json\/wp\/v2\/pages\/82\/revisions"}],"predecessor-version":[{"id":83,"href":"https:\/\/heritageclub.ca\/kebec\/en\/wp-json\/wp\/v2\/pages\/82\/revisions\/83"}],"wp:attachment":[{"href":"https:\/\/heritageclub.ca\/kebec\/en\/wp-json\/wp\/v2\/media?parent=82"}],"curies":[{"name":"wp","href":"https:\/\/api.w.org\/{rel}","templated":true}]}}