{"id":4379,"date":"2021-11-08T23:04:17","date_gmt":"2021-11-08T23:04:17","guid":{"rendered":"https:\/\/heritageclub.ca\/scholarship-program\/"},"modified":"2026-03-27T21:41:47","modified_gmt":"2026-03-27T21:41:47","slug":"programme-de-broures-detude-page","status":"publish","type":"page","link":"https:\/\/heritageclub.ca\/fr\/programme-de-broures-detude-page\/","title":{"rendered":"Programme de Bourses d\u2019\u00e9tudes"},"content":{"rendered":"<h3>BOURSE D\u2019\u00c9TUDES 2026<\/h3>\n<ul>\n<li><a href=\"https:\/\/heritageclub.ca\/wp-content\/uploads\/2026\/03\/Bourses-du-club-Heritage-2026-criteres-francais.pdf\">Bourses du club H\u00e9ritage 2026 &#8211; crit\u00e8res<\/a><\/li>\n<li><a href=\"https:\/\/heritageclub.ca\/wp-content\/uploads\/2026\/03\/Bourses-du-club-Heritage-2026-directives-francais.pdf\">Bourses du club H\u00e9ritage 2026 &#8211; directives <\/a><\/li>\n<li><a href=\"https:\/\/heritageclub.ca\/wp-content\/uploads\/2026\/03\/Bourses-du-club-Heritage-2026-formulaire-de-demande-francais.pdf\">Bourses du club H\u00e9ritage 2026 &#8211; formulaire de demande<\/a><\/li>\n<li><a style=\"background-color: #ffffff;\" href=\"https:\/\/heritageclub.ca\/wp-content\/uploads\/2025\/09\/Boursiers-du-Club-Heritage-pour-2025.pdf\">Boursiers du Club H\u00e9ritage pour 2025<\/a><\/li>\n<li><a href=\"https:\/\/heritageclub.ca\/wp-content\/uploads\/2026\/03\/BEL-2026-scholarship-8.5x11-fr.pdf\">&nbsp;Programme de bourse d&rsquo;\u00e9tudes belairdirect<\/a> <span style=\"color: #ff00ff;\">2026<\/span><\/li>\n<\/ul>\n","protected":false},"excerpt":{"rendered":"<p>BOURSE D\u2019\u00c9TUDES 2026 Bourses du club H\u00e9ritage 2026 &#8211; crit\u00e8res Bourses du club H\u00e9ritage 2026 &#8211; directives Bourses du club H\u00e9ritage 2026 &#8211; formulaire de demande Boursiers du Club H\u00e9ritage pour 2025 &nbsp;Programme de bourse d&rsquo;\u00e9tudes belairdirect 2026<\/p>\n","protected":false},"author":12,"featured_media":4388,"parent":0,"menu_order":0,"comment_status":"closed","ping_status":"closed","template":"","meta":{"_acf_changed":false,"ngg_post_thumbnail":0,"footnotes":""},"class_list":["post-4379","page","type-page","status-publish","has-post-thumbnail","hentry"],"acf":[],"_links":{"self":[{"href":"https:\/\/heritageclub.ca\/fr\/wp-json\/wp\/v2\/pages\/4379","targetHints":{"allow":["GET"]}}],"collection":[{"href":"https:\/\/heritageclub.ca\/fr\/wp-json\/wp\/v2\/pages"}],"about":[{"href":"https:\/\/heritageclub.ca\/fr\/wp-json\/wp\/v2\/types\/page"}],"author":[{"embeddable":true,"href":"https:\/\/heritageclub.ca\/fr\/wp-json\/wp\/v2\/users\/12"}],"replies":[{"embeddable":true,"href":"https:\/\/heritageclub.ca\/fr\/wp-json\/wp\/v2\/comments?post=4379"}],"version-history":[{"count":30,"href":"https:\/\/heritageclub.ca\/fr\/wp-json\/wp\/v2\/pages\/4379\/revisions"}],"predecessor-version":[{"id":5331,"href":"https:\/\/heritageclub.ca\/fr\/wp-json\/wp\/v2\/pages\/4379\/revisions\/5331"}],"wp:featuredmedia":[{"embeddable":true,"href":"https:\/\/heritageclub.ca\/fr\/wp-json\/wp\/v2\/media\/4388"}],"wp:attachment":[{"href":"https:\/\/heritageclub.ca\/fr\/wp-json\/wp\/v2\/media?parent=4379"}],"curies":[{"name":"wp","href":"https:\/\/api.w.org\/{rel}","templated":true}]}}