{"id":3996,"date":"2018-09-30T13:04:09","date_gmt":"2018-09-30T13:04:09","guid":{"rendered":"https:\/\/heritageclub.ca\/the-national-executive\/"},"modified":"2025-07-03T15:53:02","modified_gmt":"2025-07-03T15:53:02","slug":"rencontrer-lexecutif-national-2","status":"publish","type":"page","link":"https:\/\/heritageclub.ca\/fr\/rencontrer-lexecutif-national-2\/","title":{"rendered":"Rencontrer l\u2019ex\u00e9cutif National"},"content":{"rendered":"<p>Le Club H\u00e9ritage est administr\u00e9 par un pr\u00e9sident, un premier vice-pr\u00e9sident, un deuxi\u00e8me vice-pr\u00e9sident, un troisi\u00e8me vice-pr\u00e9sident et un secr\u00e9taire-tr\u00e9sorier. Ils sont \u00e9lus \u00e0 titre d\u2019administrateurs par les d\u00e9l\u00e9gu\u00e9s pr\u00e9sents \u00e0 l\u2019assembl\u00e9e annuelle, pour un mandat de deux ans. Les administrateurs du Club constituent le Comit\u00e9 ex\u00e9cutif qui en est l\u2019organe directeur.<\/p>\n<hr>\n<h3>Membres du comit\u00e9 ex\u00e9cutif national<\/h3>\n<table>\n<tbody>\n<tr>\n<td width=\"200\">Pr\u00e9sident<\/td>\n<td>J.P. Leguerrier<\/td>\n<\/tr>\n<tr>\n<td>Premier vice-pr\u00e9sident<\/td>\n<td>Anna Hang<\/td>\n<\/tr>\n<tr>\n<td>Deuxi\u00e8me vice-pr\u00e9sident<\/td>\n<td>Lloyd Rogowski<\/td>\n<\/tr>\n<tr>\n<td>Troisi\u00e8me vice-pr\u00e9sident<\/td>\n<td>Marc Jacob<\/td>\n<\/tr>\n<tr>\n<td>Secr\u00e9taire-tr\u00e9sorier<\/td>\n<td>Bob Broomhall<\/td>\n<\/tr>\n<tr>\n<td>Pr\u00e9sident sortant<\/td>\n<td>Bob Emmons<\/td>\n<\/tr>\n<\/tbody>\n<\/table>\n<div id=\"attachment_5117\" style=\"width: 1239px\" class=\"wp-caption alignnone\"><img loading=\"lazy\" decoding=\"async\" aria-describedby=\"caption-attachment-5117\" class=\"size-full wp-image-5117\" src=\"https:\/\/heritageclub.ca\/wp-content\/uploads\/2025\/05\/Executive-May-2025-picture-Calgary-1.png\" alt=\"De gauche \u00e0 droite: Marc Jacob, Bob Broomhall, Lloyd Rogowsky, Jean-Pierre Leguerrier &amp; Anna Huang.\" width=\"1229\" height=\"748\" srcset=\"https:\/\/heritageclub.ca\/wp-content\/uploads\/2025\/05\/Executive-May-2025-picture-Calgary-1.png 1229w, https:\/\/heritageclub.ca\/wp-content\/uploads\/2025\/05\/Executive-May-2025-picture-Calgary-1-300x183.png 300w, https:\/\/heritageclub.ca\/wp-content\/uploads\/2025\/05\/Executive-May-2025-picture-Calgary-1-1024x623.png 1024w, https:\/\/heritageclub.ca\/wp-content\/uploads\/2025\/05\/Executive-May-2025-picture-Calgary-1-768x467.png 768w\" sizes=\"auto, (max-width: 1229px) 100vw, 1229px\" \/><p id=\"caption-attachment-5117\" class=\"wp-caption-text\">De gauche \u00e0 droite: Marc Jacob, Bob Broomhall, Lloyd Rogowski, Jean-Pierre Leguerrier &amp; Anna Huang.<\/p><\/div>\n<hr>\n<div id=\"attachment_5151\" style=\"width: 1420px\" class=\"wp-caption alignnone\"><img loading=\"lazy\" decoding=\"async\" aria-describedby=\"caption-attachment-5151\" class=\"size-full wp-image-5151\" src=\"https:\/\/heritageclub.ca\/wp-content\/uploads\/2025\/07\/Presidents-in-Calgary-May-2025.jpg\" alt=\"R\u00e9union des pr\u00e9sidents de chapitres - Calgary mai 2025\" width=\"1410\" height=\"932\" srcset=\"https:\/\/heritageclub.ca\/wp-content\/uploads\/2025\/07\/Presidents-in-Calgary-May-2025.jpg 1410w, https:\/\/heritageclub.ca\/wp-content\/uploads\/2025\/07\/Presidents-in-Calgary-May-2025-300x198.jpg 300w, https:\/\/heritageclub.ca\/wp-content\/uploads\/2025\/07\/Presidents-in-Calgary-May-2025-1024x677.jpg 1024w, https:\/\/heritageclub.ca\/wp-content\/uploads\/2025\/07\/Presidents-in-Calgary-May-2025-768x508.jpg 768w\" sizes=\"auto, (max-width: 1410px) 100vw, 1410px\" \/><p id=\"caption-attachment-5151\" class=\"wp-caption-text\">R\u00e9union des pr\u00e9sidents de chapitres &#8211; Calgary mai 2025<\/p><\/div>\n<h3>Pr\u00e9sidents de Chapitres<\/h3>\n<table>\n<tbody>\n<tr>\n<td width=\"200\">Terra Nova<\/td>\n<td>Eldred Holmes<\/td>\n<\/tr>\n<tr>\n<td>Abegweit<\/td>\n<td>Eldred Holmes<\/td>\n<\/tr>\n<tr>\n<td>Bluenose<\/td>\n<td>Louella AuCoin<\/td>\n<\/tr>\n<tr>\n<td>Brunswick<\/td>\n<td>Eldred Holmes<\/td>\n<\/tr>\n<tr>\n<td>Kebec<\/td>\n<td>Marc Jacob<\/td>\n<\/tr>\n<tr>\n<td>Ville Marie<\/td>\n<td>Gilles Labine<\/td>\n<\/tr>\n<tr>\n<td>Maisonneuve<\/td>\n<td>Pierre Amyot<\/td>\n<\/tr>\n<tr>\n<td>Laurentides\/Lan.<\/td>\n<td>Michel Racine<\/td>\n<\/tr>\n<tr>\n<td>Richelieu<\/td>\n<td>Ren\u00e9 Lareau<\/td>\n<\/tr>\n<tr>\n<td>Simcoe<\/td>\n<td>Anna Huang<\/td>\n<\/tr>\n<tr>\n<td>Pineridge<\/td>\n<td>J.P. Leguerrier<\/td>\n<\/tr>\n<tr>\n<td>Humber<\/td>\n<td>Diane Biggs<\/td>\n<\/tr>\n<tr>\n<td>Bluewater<\/td>\n<td>Bob Emmons<\/td>\n<\/tr>\n<tr>\n<td>Thames<\/td>\n<td>Sherry Hexter (Int\u00e9rimaire)<\/td>\n<\/tr>\n<tr>\n<td>Grand Saugeen<\/td>\n<td>Gail Bourhill<\/td>\n<\/tr>\n<tr>\n<td>Golden Horseshoe<\/td>\n<td>Gloria Mac Donald<\/td>\n<\/tr>\n<tr>\n<td>By-Town<\/td>\n<td>Cindy Daoust<\/td>\n<\/tr>\n<tr>\n<td>Trent Severn<\/td>\n<td>Robin O&rsquo;Donohue<\/td>\n<\/tr>\n<tr>\n<td>Heartland\/Cambrian<\/td>\n<td>Eileen Hay<\/td>\n<\/tr>\n<tr>\n<td>Yellowhead<\/td>\n<td>Heather Spence<\/td>\n<\/tr>\n<tr>\n<td>Golden Sheaf<\/td>\n<td>Gordon Ell<\/td>\n<\/tr>\n<tr>\n<td>Chinook<\/td>\n<td>Kathryn Cunningham<\/td>\n<\/tr>\n<tr>\n<td>Parkland<\/td>\n<td>Bob Broomhall<\/td>\n<\/tr>\n<tr>\n<td>Central Yukootok<\/td>\n<td>John Barrowclough<\/td>\n<\/tr>\n<tr>\n<td>Van-Fraser<\/td>\n<td>Fred Danells<\/td>\n<\/tr>\n<tr>\n<td>Van Isle<\/td>\n<td>Jim Sharpe<\/td>\n<\/tr>\n<tr>\n<td>&nbsp;<\/td>\n<td>&nbsp;<\/td>\n<\/tr>\n<tr>\n<td>&nbsp;<\/td>\n<td>&nbsp;<\/td>\n<\/tr>\n<\/tbody>\n<\/table>\n<p><strong>Pour plus d\u2019information, contactez&nbsp;<a href=\"mailto:heritageclubmembership@gmail.com\">Holly Perreault<\/a> ou par t\u00e9l\u00e9phone au 226-526-8666<\/strong><\/p>\n<hr>\n<h3>Le r\u00f4le de l\u2019Ex\u00e9cutif national<\/h3>\n<p>L\u2019Ex\u00e9cutif national est l\u2019organe directeur du Club H\u00e9ritage. Le pr\u00e9sident national est le porte-parole du Club et rencontre les cadres de la Soci\u00e9t\u00e9 pour discuter des questions d\u2019int\u00e9r\u00eat pour tous les membres. Chacun des membres de l\u2019Ex\u00e9cutif national a une voix, et trois membres constituent le quorum.<\/p>\n<p>Il y a deux sous-comit\u00e9s permanents : le Sous-comit\u00e9 de la planification et des finances et le Sous-comit\u00e9 des statuts et r\u00e8glements. Chaque sous-comit\u00e9 est pr\u00e9sid\u00e9 par un membre de l\u2019Ex\u00e9cutif, et les r\u00e9unions on lieu par t\u00e9l\u00e9conf\u00e9rence. Les proc\u00e8s-verbaux de ces r\u00e9unions sont consign\u00e9s.<\/p>\n<p>Le Sous-comit\u00e9 de la planification et des finances : \u00e9tablit les objectifs annuels, passe en revue les plans \u00e0 long terme, aide \u00e0 l\u2019organisation de l\u2019assembl\u00e9e annuelle, pr\u00e9pare le budget annuel et les \u00e9tats financiers et engage des v\u00e9rificateurs, au besoin.<\/p>\n<p>Le Sous-comit\u00e9 des statuts et r\u00e8glements : passe en revue les statuts et r\u00e8glements chaque ann\u00e9e, recommande des modifications aux fins de consid\u00e9ration et \u00e9tudie les modifications propos\u00e9es par les chapitres.<\/p>\n<hr>\n<h3>Fonctions des administrateurs<\/h3>\n<p>Le Pr\u00e9sident national est le pr\u00e9sident-directeur g\u00e9n\u00e9ral du Club H\u00e9ritage et membre d\u2019office de tous les comit\u00e9s permanents. Le r\u00f4le du pr\u00e9sident est de coordonner l\u2019ordre du jour et de pr\u00e9sider l\u2019assembl\u00e9e annuelle et les r\u00e9unions de l\u2019Ex\u00e9cutif, d\u2019\u00eatre le porte-parole du Club H\u00e9ritage pour la publicit\u00e9 faite par la Soci\u00e9t\u00e9, d\u2019\u00eatre le principal agent de liaison avec la Soci\u00e9t\u00e9 par l\u2019interm\u00e9diaire de la Direction de la Reconnaissance des employ\u00e9s de la SCP et de repr\u00e9senter le Club aupr\u00e8s d\u2019autres organismes.<\/p>\n<p>Le premier vice-pr\u00e9sident pr\u00e9side le Sous-comit\u00e9 de la planification et des finances et assume les fonctions du pr\u00e9sident en son absence. Le deuxi\u00e8me vice-pr\u00e9sident fait \u00e9galement partie du Sous-comit\u00e9 de la planification et des finances et assume les fonctions des administrateurs principaux en leur absence. Le troisi\u00e8me vice-pr\u00e9sident pr\u00e9side le Sous-comit\u00e9 des statuts et r\u00e8glements et assume les fonctions des administrateurs principaux en leur absence. Le secr\u00e9taire\/tr\u00e9sorier a la garde des documents officiels du Comit\u00e9 ex\u00e9cutif et du Club H\u00e9ritage. Il r\u00e9dige le compte rendu de toutes les r\u00e9unions et t\u00e9l\u00e9conf\u00e9rences, fait la comptabilit\u00e9 de l\u2019Ex\u00e9cutif, pr\u00e9pare les \u00e9tats financiers trimestriels et annuels li\u00e9s \u00e0 la Reconnaissance des employ\u00e9s, pr\u00e9pare les \u00e9tats financiers annuels \u00e0 l\u2019intention des v\u00e9rificateurs, au besoin, et est membre du Sous-comit\u00e9 de la planification et des finances.<\/p>\n<hr>\n<h3>Conduite des affaires du Club H\u00e9ritage<\/h3>\n<p>L\u2019Ex\u00e9cutif national pr\u00e9sente les suggestions de ses chapitres \u00e0 la Soci\u00e9t\u00e9 par l\u2019interm\u00e9diaire du directeur, Reconnaissance des employ\u00e9s. Par exemple, il peut recommander des modifications touchant les politiques et demander des fonds pour de nouveaux projets. Il n\u00e9gocie le degr\u00e9 de participation aux programmes de la Soci\u00e9t\u00e9 tels que le Programme de lettres au P\u00e8re No\u00ebl, le programme d\u2019alphab\u00e9tisation, et recommande les laur\u00e9ats du Prix cachet et du Troph\u00e9e du service communautaire du Club H\u00e9ritage.<br \/>\nIl passe en revue les plans d\u2019activit\u00e9s des chapitres traitant des projets de services communautaires et recommande leur approbation \u00e0 la direction de la Reconnaissance des employ\u00e9s.<\/p>\n<p>L\u2019Ex\u00e9cutif national aide les chapitres \u00e0 \u00e9laborer de nouvelles initiatives, organise des \u00e9v\u00e9nements sp\u00e9ciaux autofinanc\u00e9s comme une conf\u00e9rence nationale ou un voyage, recherche les possibilit\u00e9s d\u2019obtenir des produits et services \u00e0 rabais pour les membres et d\u00e9cide quel chapitre recevra le Troph\u00e9e annuel de service communautaire du Club H\u00e9ritage et la Plaque camaraderie du Club H\u00e9ritage.<\/p>\n<p>L\u2019Ex\u00e9cutif national pr\u00e9pare le budget annuel et le pr\u00e9sente \u00e0 la Soci\u00e9t\u00e9 (directeur, Reconnaissance des employ\u00e9s) en septembre, chaque ann\u00e9e. Le budget est r\u00e9dig\u00e9 pour l\u2019ann\u00e9e financi\u00e8re s\u2019\u00e9tendant du 1er janvier au 31 d\u00e9cembre.<\/p>\n<p>Le budget est examin\u00e9 par la Soci\u00e9t\u00e9 qui, \u00e0 son tour, avance des fonds \u00e0 l\u2019Ex\u00e9cutif, au d\u00e9but de la nouvelle ann\u00e9e financi\u00e8re. Une compte de ch\u00e8ques conjoint est \u00e9tabli au nom de pr\u00e9sident national et du secr\u00e9taire\/tr\u00e9sorier.<\/p>\n<p>L\u2019Ex\u00e9cutif national s\u2019occupe de la publicit\u00e9 du Club H\u00e9ritage \u00e0 l\u2019\u00e9chelle nationale en traitant, \u00e0 l\u2019externe, avec les m\u00e9dias, et \u00e0 l\u2019interne, avec la Soci\u00e9t\u00e9 et ses publications nationales. Le pr\u00e9sident national est le principal porte-parole du Club H\u00e9ritage.<\/p>\n<p>Le Club cherche des moyens de travailler avec les m\u00e9dias pour faire conna\u00eetre ses programmes aux collectivit\u00e9s et renforcer la r\u00e9putation du Club H\u00e9ritage \u00e0 la grandeur du pays.<\/p>\n<hr>\n<h3>Conduite des affaires du Club H\u00e9ritage<\/h3>\n<p>L\u2019Ex\u00e9cutif national assiste non seulement \u00e0 l\u2019assembl\u00e9e annuelle de tous les pr\u00e9sidents de chapitres, mais aussi \u00e0 ses propres rencontres p\u00e9riodiques qui ont lieu \u00e0 Ottawa, dans les bureaux de la Soci\u00e9t\u00e9. Ces r\u00e9unions ont une caract\u00e8re moins officiel que l\u2019assembl\u00e9e annuelle. Toutefois, un proc\u00e8s-verbal est \u00e9tabli, traduit et distribu\u00e9, dans un d\u00e9lai de trois semaines, aux pr\u00e9sidents des chapitres et \u00e0 la direction de la Reconnaissance des employ\u00e9s, de la SCP, servant ainsi de moyen de communication.<\/p>\n<p>Entre les r\u00e9unions de l\u2019Ex\u00e9cutif, on tient des t\u00e9l\u00e9conf\u00e9rences pour traiter de questions particuli\u00e8res. Le pr\u00e9sident peur d\u00e9cider de le faire parvenir \u00e9galement \u00e0 tous les pr\u00e9sidents de chapitres.<\/p>\n","protected":false},"excerpt":{"rendered":"<p>Le Club H\u00e9ritage est administr\u00e9 par un pr\u00e9sident, un premier vice-pr\u00e9sident, un deuxi\u00e8me vice-pr\u00e9sident, un troisi\u00e8me vice-pr\u00e9sident et un secr\u00e9taire-tr\u00e9sorier. Ils sont \u00e9lus \u00e0 titre d\u2019administrateurs par les d\u00e9l\u00e9gu\u00e9s pr\u00e9sents \u00e0 l\u2019assembl\u00e9e annuelle, pour un mandat de deux ans. Les administrateurs du Club constituent le Comit\u00e9 ex\u00e9cutif qui en est l\u2019organe directeur. Membres du comit\u00e9&#8230;  <a class=\"excerpt-read-more\" href=\"https:\/\/heritageclub.ca\/fr\/rencontrer-lexecutif-national-2\/\" title=\"Read Rencontrer l\u2019ex\u00e9cutif National\">Lire la suite &raquo;<\/a><\/p>\n","protected":false},"author":12,"featured_media":0,"parent":0,"menu_order":0,"comment_status":"closed","ping_status":"closed","template":"","meta":{"_acf_changed":false,"ngg_post_thumbnail":0,"footnotes":""},"class_list":["post-3996","page","type-page","status-publish","hentry"],"acf":[],"_links":{"self":[{"href":"https:\/\/heritageclub.ca\/fr\/wp-json\/wp\/v2\/pages\/3996","targetHints":{"allow":["GET"]}}],"collection":[{"href":"https:\/\/heritageclub.ca\/fr\/wp-json\/wp\/v2\/pages"}],"about":[{"href":"https:\/\/heritageclub.ca\/fr\/wp-json\/wp\/v2\/types\/page"}],"author":[{"embeddable":true,"href":"https:\/\/heritageclub.ca\/fr\/wp-json\/wp\/v2\/users\/12"}],"replies":[{"embeddable":true,"href":"https:\/\/heritageclub.ca\/fr\/wp-json\/wp\/v2\/comments?post=3996"}],"version-history":[{"count":14,"href":"https:\/\/heritageclub.ca\/fr\/wp-json\/wp\/v2\/pages\/3996\/revisions"}],"predecessor-version":[{"id":5153,"href":"https:\/\/heritageclub.ca\/fr\/wp-json\/wp\/v2\/pages\/3996\/revisions\/5153"}],"wp:attachment":[{"href":"https:\/\/heritageclub.ca\/fr\/wp-json\/wp\/v2\/media?parent=3996"}],"curies":[{"name":"wp","href":"https:\/\/api.w.org\/{rel}","templated":true}]}}