{"id":373,"date":"2015-01-17T17:21:42","date_gmt":"2015-01-17T17:21:42","guid":{"rendered":"http:\/\/heritageclub.ca\/?page_id=373"},"modified":"2021-11-08T23:11:11","modified_gmt":"2021-11-08T23:11:11","slug":"liens","status":"publish","type":"page","link":"https:\/\/heritageclub.ca\/fr\/liens\/","title":{"rendered":"Liens"},"content":{"rendered":"<h3>FONDATION COMMUNAUTAIRE DE POSTES CANADA PREVENTION DE LA FRAUDE<\/h3>\n<p><a href=\"http:\/\/heritageclub.ca\/wp-content\/uploads\/2019\/03\/Prevention-de-la-fraude.pdf\">Pr\u00e9vention de la fraude<\/a><\/p>\n<hr \/>\n<h3>NATIONAL<\/h3>\n<p>Clique pour voir<\/p>\n<p><a href=\"http:\/\/www.canadapost.ca\/segment-f.asp\" target=\"_blank\" rel=\"noopener noreferrer\">Postes Canada<\/a><\/p>\n<p><a href=\"http:\/\/cpcpension.com\/homepage\/index-f.asp\">Bienvenue \u00e0 votre r\u00e9gime de retraite<\/a><\/p>\n<p><a href=\"https:\/\/www.federalretirees.ca\/fr\">ANRF (Association Nationale des Retrait\u00e9s F\u00e9d\u00e9raux)<\/a><\/p>\n<p><a href=\"http:\/\/www.radio-canada.ca\/\" target=\"_blank\" rel=\"noopener noreferrer\">Radio-Canada<\/a><\/p>\n<hr \/>\n<h3>PROVINCIAL<\/h3>\n<p>Alberta: <a href=\"http:\/\/www.gov.ab.ca\" target=\"_blank\" rel=\"noopener noreferrer\">Clique pour voir<\/a><\/p>\n<p>Colombie Britanique: <a href=\"http:\/\/www.gov.bc.ca\" target=\"_blank\" rel=\"noopener noreferrer\">Clique pour voir<\/a><\/p>\n<p>Ile du Prince Edouard: <a href=\"http:\/\/www.gov.pe.ca\" target=\"_blank\" rel=\"noopener noreferrer\">Clique pour voir<\/a><\/p>\n<p>Manitoba: <a href=\"http:\/\/www.gov.mb.ca\" target=\"_blank\" rel=\"noopener noreferrer\">Clique pour voir<\/a><\/p>\n<p>Nouveau Brunswick: <a href=\"http:\/\/www.gov.nb.ca\" target=\"_blank\" rel=\"noopener noreferrer\">Clique pour voir<\/a><\/p>\n<p>Nouvelle Ecosse: <a href=\"http:\/\/www.gov.ns.ca\" target=\"_blank\" rel=\"noopener noreferrer\">Clique pour voir<\/a><\/p>\n<p>Ontario: <a href=\"http:\/\/www.gov.on.ca\" target=\"_blank\" rel=\"noopener noreferrer\">Clique pour voir<\/a><\/p>\n<p>Qu\u00e9bec: <a href=\"http:\/\/www.gouv.qc.ca\" target=\"_blank\" rel=\"noopener noreferrer\">Clique pour voir<\/a><\/p>\n<p>Saskatchewan: <a href=\"http:\/\/www.gov.sk.ca\" target=\"_blank\" rel=\"noopener noreferrer\">Clique pour voir<\/a><\/p>\n<p>Terreneuve &amp; Labrador: <a href=\"http:\/\/www.gov.nf.ca\" target=\"_blank\" rel=\"noopener noreferrer\">Clique pour voir<\/a><\/p>\n<p>Nord Ouest: <a href=\"http:\/\/www.gov.nt.ca\" target=\"_blank\" rel=\"noopener noreferrer\">Clique pour voir<\/a><\/p>\n<p>Nunavuk: <a href=\"http:\/\/www.gov.nu.ca\" target=\"_blank\" rel=\"noopener noreferrer\">Clique pour voir<\/a><\/p>\n<p>Yukon: <a href=\"http:\/\/www.gov.yk.ca\" target=\"_blank\" rel=\"noopener noreferrer\">Clique pour voir<\/a><\/p>\n<p>Villa Beausejour: <a href=\"http:\/\/villabeausejour.com\/\" target=\"_blank\" rel=\"noopener noreferrer\">Clique pour voir<\/a><\/p>\n","protected":false},"excerpt":{"rendered":"<p>FONDATION COMMUNAUTAIRE DE POSTES CANADA PREVENTION DE LA FRAUDE Pr\u00e9vention de la fraude NATIONAL Clique pour voir Postes Canada Bienvenue \u00e0 votre r\u00e9gime de retraite ANRF (Association Nationale des Retrait\u00e9s F\u00e9d\u00e9raux) Radio-Canada PROVINCIAL Alberta: Clique pour voir Colombie Britanique: Clique pour voir Ile du Prince Edouard: Clique pour voir Manitoba: Clique pour voir Nouveau Brunswick:&#8230;  <a class=\"excerpt-read-more\" href=\"https:\/\/heritageclub.ca\/fr\/liens\/\" title=\"Read Liens\">Lire la suite &raquo;<\/a><\/p>\n","protected":false},"author":12,"featured_media":0,"parent":0,"menu_order":0,"comment_status":"closed","ping_status":"closed","template":"","meta":{"_acf_changed":false,"ngg_post_thumbnail":0,"footnotes":""},"class_list":["post-373","page","type-page","status-publish","hentry"],"acf":[],"_links":{"self":[{"href":"https:\/\/heritageclub.ca\/fr\/wp-json\/wp\/v2\/pages\/373","targetHints":{"allow":["GET"]}}],"collection":[{"href":"https:\/\/heritageclub.ca\/fr\/wp-json\/wp\/v2\/pages"}],"about":[{"href":"https:\/\/heritageclub.ca\/fr\/wp-json\/wp\/v2\/types\/page"}],"author":[{"embeddable":true,"href":"https:\/\/heritageclub.ca\/fr\/wp-json\/wp\/v2\/users\/12"}],"replies":[{"embeddable":true,"href":"https:\/\/heritageclub.ca\/fr\/wp-json\/wp\/v2\/comments?post=373"}],"version-history":[{"count":132,"href":"https:\/\/heritageclub.ca\/fr\/wp-json\/wp\/v2\/pages\/373\/revisions"}],"predecessor-version":[{"id":4385,"href":"https:\/\/heritageclub.ca\/fr\/wp-json\/wp\/v2\/pages\/373\/revisions\/4385"}],"wp:attachment":[{"href":"https:\/\/heritageclub.ca\/fr\/wp-json\/wp\/v2\/media?parent=373"}],"curies":[{"name":"wp","href":"https:\/\/api.w.org\/{rel}","templated":true}]}}