{"id":316,"date":"2015-01-14T01:18:45","date_gmt":"2015-01-14T01:18:45","guid":{"rendered":"http:\/\/heritageclub.ca\/?page_id=316"},"modified":"2023-12-31T16:02:24","modified_gmt":"2023-12-31T16:02:24","slug":"reclamation-de-frais","status":"publish","type":"page","link":"https:\/\/heritageclub.ca\/fr\/chapter-financial-reports\/reclamation-de-frais\/","title":{"rendered":"R\u00e9clamation De Frais"},"content":{"rendered":"<p>Veuillez remplir le <a href=\"https:\/\/heritageclub.ca\/wp-content\/uploads\/2021\/12\/EXPENSES-CLAIM.pdf\" target=\"_blank\" rel=\"noopener\">formulaire PDF<\/a> et envoyez le avec une copie de vos re\u00e7us \u00e0<\/p>\n<p><a href=\"mailto:broomb@telus.net\">broomb@telus.net<\/a>&nbsp;&nbsp;ou envoyez le tout \u00e0 :<\/p>\n<p>BOB BROOMHALL<\/p>\n<p>NATIONAL SECRETARY TREASURER<\/p>\n<p>19019 92 Ave. NW<\/p>\n<p>EDMONTON AB&nbsp; T4T 5R1<\/p>\n<p>&nbsp;<\/p>\n<hr>\n","protected":false},"excerpt":{"rendered":"<p>Veuillez remplir le formulaire PDF et envoyez le avec une copie de vos re\u00e7us \u00e0 broomb@telus.net&nbsp;&nbsp;ou envoyez le tout \u00e0 : BOB BROOMHALL NATIONAL SECRETARY TREASURER 19019 92 Ave. NW EDMONTON AB&nbsp; T4T 5R1 &nbsp;<\/p>\n","protected":false},"author":12,"featured_media":0,"parent":1092,"menu_order":0,"comment_status":"closed","ping_status":"closed","template":"","meta":{"_acf_changed":false,"ngg_post_thumbnail":0,"footnotes":""},"class_list":["post-316","page","type-page","status-publish","hentry"],"acf":[],"_links":{"self":[{"href":"https:\/\/heritageclub.ca\/fr\/wp-json\/wp\/v2\/pages\/316","targetHints":{"allow":["GET"]}}],"collection":[{"href":"https:\/\/heritageclub.ca\/fr\/wp-json\/wp\/v2\/pages"}],"about":[{"href":"https:\/\/heritageclub.ca\/fr\/wp-json\/wp\/v2\/types\/page"}],"author":[{"embeddable":true,"href":"https:\/\/heritageclub.ca\/fr\/wp-json\/wp\/v2\/users\/12"}],"replies":[{"embeddable":true,"href":"https:\/\/heritageclub.ca\/fr\/wp-json\/wp\/v2\/comments?post=316"}],"version-history":[{"count":20,"href":"https:\/\/heritageclub.ca\/fr\/wp-json\/wp\/v2\/pages\/316\/revisions"}],"predecessor-version":[{"id":4845,"href":"https:\/\/heritageclub.ca\/fr\/wp-json\/wp\/v2\/pages\/316\/revisions\/4845"}],"up":[{"embeddable":true,"href":"https:\/\/heritageclub.ca\/fr\/wp-json\/wp\/v2\/pages\/1092"}],"wp:attachment":[{"href":"https:\/\/heritageclub.ca\/fr\/wp-json\/wp\/v2\/media?parent=316"}],"curies":[{"name":"wp","href":"https:\/\/api.w.org\/{rel}","templated":true}]}}