{"id":309,"date":"2015-01-14T00:24:03","date_gmt":"2015-01-14T00:24:03","guid":{"rendered":"http:\/\/heritageclub.ca\/?page_id=309"},"modified":"2025-07-16T14:17:00","modified_gmt":"2025-07-16T14:17:00","slug":"adhesion","status":"publish","type":"page","link":"https:\/\/heritageclub.ca\/fr\/adhesion\/","title":{"rendered":"Adh\u00e9sion"},"content":{"rendered":"<h3>Devenir membre du Club H\u00e9ritage<\/h3>\n<p style=\"font-weight: 400;\">L\u2019adh\u00e9sion au Club H\u00e9ritage est volontaire et les membres potentiels peuvent en faire une demande au moment de leur 20<sup>e<\/sup>&nbsp;anniversaire ainsi qu\u2019\u00e0 la retraite.&nbsp; Un formulaire lui est pr\u00e9sent\u00e9 et peut devenir membre en cliquant ci-dessous.<\/p>\n<p style=\"font-weight: 400;\">Pour \u00eatre \u00e9ligible, vous devez remplir les conditions suivantes&nbsp;:<\/p>\n<p style=\"font-weight: 400;\">Employ\u00e9 actif avec 20 ans de service ou retrait\u00e9 avec un minimum de 10 ans de service<\/p>\n<p><a class=\"blue_btn\" href=\"\/fr\/chapter-financial-reports\/demande-dadhesion\/\">Devenez membre d\u00e8s aujourd\u2019hui! <\/a>&nbsp; &nbsp; ou&nbsp; <a class=\"blue_btn\" href=\"https:\/\/heritageclub.ca\/fr\/mise-a-jour-de-vos-coordonnees\/\">Faire une mise \u00e0 jour de mes informations <\/a>&nbsp; &nbsp;&nbsp;<\/p>\n<p><a href=\"https:\/\/heritageclub.ca\/wp-content\/uploads\/2023\/04\/Decription-des-chapitres-du-Club-Heritage-Postes-Canada-Avril-2023.pdf\">Description des chapitres du Club H\u00e9ritage Postes Canada Avril 2023<\/a><\/p>\n<hr>\n<h3>Cat\u00e9gories de membres honoraires et associ\u00e9s<\/h3>\n<p>Les membres honoraires sont nomm\u00e9s par un Comit\u00e9 ex\u00e9cutif de chapitre or par l\u2019organe l\u00e9gislatif, et leur nomination est approuv\u00e9e par l\u2019Ex\u00e9cutif national. Ils ont apport\u00e9 une contribution vraiment inhabituelle ou remarquable au Club H\u00e9ritage pendant une p\u00e9riode prolong\u00e9e. Ils n\u2019ont pas le droit de voter ni d\u2019exercer une fonction, mais peuvent se pr\u00e9valoir des autres privil\u00e8ges des membres. Le titre de membre honoraire est automatiquement conf\u00e9r\u00e9 au premier dirigeant de la Soci\u00e9t\u00e9 canadienne des postes.<\/p>\n<p>Les membres associ\u00e9s comprennent les conjointes ou conjoints des membres d\u00e9c\u00e9d\u00e9s.<\/p>\n","protected":false},"excerpt":{"rendered":"<p>Devenir membre du Club H\u00e9ritage L\u2019adh\u00e9sion au Club H\u00e9ritage est volontaire et les membres potentiels peuvent en faire une demande au moment de leur 20e&nbsp;anniversaire ainsi qu\u2019\u00e0 la retraite.&nbsp; Un formulaire lui est pr\u00e9sent\u00e9 et peut devenir membre en cliquant ci-dessous. Pour \u00eatre \u00e9ligible, vous devez remplir les conditions suivantes&nbsp;: Employ\u00e9 actif avec 20 ans&#8230;  <a class=\"excerpt-read-more\" href=\"https:\/\/heritageclub.ca\/fr\/adhesion\/\" title=\"Read Adh\u00e9sion\">Lire la suite &raquo;<\/a><\/p>\n","protected":false},"author":12,"featured_media":0,"parent":0,"menu_order":0,"comment_status":"closed","ping_status":"closed","template":"","meta":{"_acf_changed":false,"ngg_post_thumbnail":0,"footnotes":""},"class_list":["post-309","page","type-page","status-publish","hentry"],"acf":[],"_links":{"self":[{"href":"https:\/\/heritageclub.ca\/fr\/wp-json\/wp\/v2\/pages\/309","targetHints":{"allow":["GET"]}}],"collection":[{"href":"https:\/\/heritageclub.ca\/fr\/wp-json\/wp\/v2\/pages"}],"about":[{"href":"https:\/\/heritageclub.ca\/fr\/wp-json\/wp\/v2\/types\/page"}],"author":[{"embeddable":true,"href":"https:\/\/heritageclub.ca\/fr\/wp-json\/wp\/v2\/users\/12"}],"replies":[{"embeddable":true,"href":"https:\/\/heritageclub.ca\/fr\/wp-json\/wp\/v2\/comments?post=309"}],"version-history":[{"count":13,"href":"https:\/\/heritageclub.ca\/fr\/wp-json\/wp\/v2\/pages\/309\/revisions"}],"predecessor-version":[{"id":5157,"href":"https:\/\/heritageclub.ca\/fr\/wp-json\/wp\/v2\/pages\/309\/revisions\/5157"}],"wp:attachment":[{"href":"https:\/\/heritageclub.ca\/fr\/wp-json\/wp\/v2\/media?parent=309"}],"curies":[{"name":"wp","href":"https:\/\/api.w.org\/{rel}","templated":true}]}}