{"id":294,"date":"2015-01-14T00:10:51","date_gmt":"2015-01-14T00:10:51","guid":{"rendered":"http:\/\/heritageclub.ca\/?page_id=294"},"modified":"2021-06-17T19:37:17","modified_gmt":"2021-06-17T19:37:17","slug":"mission-et-mandat","status":"publish","type":"page","link":"https:\/\/heritageclub.ca\/fr\/about\/mission-et-mandat\/","title":{"rendered":"Mission et mandat"},"content":{"rendered":"<p>Le Club H\u00e9ritage a pour objet de fournir un cadre social amical aux employ\u00e9s ayant de longs \u00e9tats de service et \u00e0 ceux qui sont retrait\u00e9s de la Soci\u00e9t\u00e9; de favoriser la camaraderie constante et un esprit d\u2019entraide; d\u2019illustrer et de perp\u00e9tuer les principes qui sont devenus les id\u00e9aux et les traditions de Postes Canada; de participer \u00e0 des activit\u00e9s pouvant servir \u00e0 la collectivit\u00e9; de contribuer \u00e0 l\u2019\u00e9volution du Club et de promouvoir le bonheur et le bien-\u00eatre des membres ainsi que l\u2019utilit\u00e9 de leur adh\u00e9sion. R\u00e9vis\u00e9 juin 2010<\/p>\n<p>1. \u00c9nonc\u00e9 du mandat<br \/>\n2. R\u00f4le du Club H\u00e9ritage<br \/>\n3. Activit\u00e9s annuelles du Club H\u00e9ritage<br \/>\n4. Composition du Conseil<\/p>\n<p>Le Club H\u00e9ritage a pour mandat de promouvoir activement le b\u00e9n\u00e9volat au sein de la collectivit\u00e9, d\u2019agir en tant qu\u2019ambassadeur de la Soci\u00e9t\u00e9 en appuyant le succ\u00e8s de Postes Canada et de promouvoir un sentiment de camaraderie avec les employ\u00e9s de longue date et les employ\u00e9s retrait\u00e9s.<\/p>\n<p>Le slogan du Club H\u00e9ritage est : \u00ab L\u2019entraide \u00e0 son meilleur \u00bb.<\/p>\n<p>Pour s\u2019acquitter de son mandat, le Club H\u00e9ritage assume un r\u00f4le, tant \u00e0 l\u2019\u00e9chelle nationale qu\u2019au niveau des chapitres, qui consiste \u00e0 :<\/p>\n<p>Promouvoir activement et favoriser la participation des membres aux activit\u00e9s dans l\u2019int\u00e9r\u00eat de la collectivit\u00e9;<\/p>\n<p>Agir en tant qu\u2019ambassadeur de Postes Canada en travaillant en \u00e9troite collaboration avec la Soci\u00e9t\u00e9 afin de promouvoir et de poursuivre ses objectifs;<\/p>\n<p>Favoriser la camaraderie et la solidarit\u00e9 entre les employ\u00e9s ayant de longs \u00e9tats de service et les retrait\u00e9s, afin de promouvoir parmi eux une camaraderie constante et un esprit d\u2019entraide.<\/p>\n<hr \/>\n<h3>Le Club H\u00e9ritage s\u2019engage \u00e0 :<\/h3>\n<p>S\u2019employer \u00e0 communiquer les buts et objectifs aux membres;<\/p>\n<p>S\u2019activer \u00e0 faire participer les membres actuels aux activit\u00e9s et entreprises du Club;<\/p>\n<p>Faire un compte rendu \u00e0 la Soci\u00e9t\u00e9 chaque ann\u00e9e sur les activit\u00e9s des chapitres \u00e0 l\u2019aide des mesures convenues (p. ex. heures de b\u00e9n\u00e9volat dans la collectivit\u00e9), afin de d\u00e9terminer dans quelle mesure les activit\u00e9s de collecte de fonds du Club et sa participation au sein de la collectivit\u00e9, de m\u00eame que les activit\u00e9s de Postes Canada, viennent appuyer et promouvoir les besoins de Postes Canada, notamment le Programme de lettres au p\u00e8re No\u00ebl, la Fondation communautaire, les examens de demande de bourse, etc.<\/p>\n<hr \/>\n<h3>Postes Canada convient de :<\/h3>\n<p>Rencontrer l\u2019Ex\u00e9cutif du Club H\u00e9ritage deux fois par ann\u00e9e pour s\u2019assurer que les buts et les objectifs annuels du Club appuient bien ceux de la Soci\u00e9t\u00e9;<\/p>\n<p>Fournir des fonds suppl\u00e9mentaires pour souligner la participation d\u2019un chapitre \u00e0 des activit\u00e9s de b\u00e9n\u00e9volat.<\/p>\n<p>Le mandat propose une relation de travail plus \u00e9troite entre l\u2019Ex\u00e9cutif national du Club H\u00e9ritage et Postes Canada.<\/p>\n<p>Le mandat propose l\u2019harmonisation des buts et objectifs annuels du Club et ceux de Postes Canada.<\/p>\n","protected":false},"excerpt":{"rendered":"<p>Le Club H\u00e9ritage a pour objet de fournir un cadre social amical aux employ\u00e9s ayant de longs \u00e9tats de service et \u00e0 ceux qui sont retrait\u00e9s de la Soci\u00e9t\u00e9; de favoriser la camaraderie constante et un esprit d\u2019entraide; d\u2019illustrer et de perp\u00e9tuer les principes qui sont devenus les id\u00e9aux et les traditions de Postes Canada;&#8230;  <a class=\"excerpt-read-more\" href=\"https:\/\/heritageclub.ca\/fr\/about\/mission-et-mandat\/\" title=\"Read Mission et mandat\">Lire la suite &raquo;<\/a><\/p>\n","protected":false},"author":12,"featured_media":0,"parent":242,"menu_order":0,"comment_status":"closed","ping_status":"closed","template":"","meta":{"_acf_changed":false,"ngg_post_thumbnail":0,"footnotes":""},"class_list":["post-294","page","type-page","status-publish","hentry"],"acf":[],"_links":{"self":[{"href":"https:\/\/heritageclub.ca\/fr\/wp-json\/wp\/v2\/pages\/294","targetHints":{"allow":["GET"]}}],"collection":[{"href":"https:\/\/heritageclub.ca\/fr\/wp-json\/wp\/v2\/pages"}],"about":[{"href":"https:\/\/heritageclub.ca\/fr\/wp-json\/wp\/v2\/types\/page"}],"author":[{"embeddable":true,"href":"https:\/\/heritageclub.ca\/fr\/wp-json\/wp\/v2\/users\/12"}],"replies":[{"embeddable":true,"href":"https:\/\/heritageclub.ca\/fr\/wp-json\/wp\/v2\/comments?post=294"}],"version-history":[{"count":7,"href":"https:\/\/heritageclub.ca\/fr\/wp-json\/wp\/v2\/pages\/294\/revisions"}],"predecessor-version":[{"id":3986,"href":"https:\/\/heritageclub.ca\/fr\/wp-json\/wp\/v2\/pages\/294\/revisions\/3986"}],"up":[{"embeddable":true,"href":"https:\/\/heritageclub.ca\/fr\/wp-json\/wp\/v2\/pages\/242"}],"wp:attachment":[{"href":"https:\/\/heritageclub.ca\/fr\/wp-json\/wp\/v2\/media?parent=294"}],"curies":[{"name":"wp","href":"https:\/\/api.w.org\/{rel}","templated":true}]}}