{"id":254,"date":"2015-01-13T23:28:30","date_gmt":"2015-01-13T23:28:30","guid":{"rendered":"http:\/\/heritageclub.ca\/?page_id=254"},"modified":"2021-08-06T18:38:20","modified_gmt":"2021-08-06T18:38:20","slug":"mandat-communautaire","status":"publish","type":"page","link":"https:\/\/heritageclub.ca\/fr\/mandat-communautaire\/","title":{"rendered":"Mandat Communautaire"},"content":{"rendered":"<p>Les employ\u00e9s de Postes Canada ont une tradition d\u00e9j\u00e0 ancienne de rendre service aux collectivit\u00e9s qu\u2019ils servent. Il n\u2019est donc pas \u00e9tonnant que la mission du Club H\u00e9ritage comprenne un engagement profond de participation \u00e0 des activit\u00e9s de service communautaire. Les membres ont consacr\u00e9 des milliers d\u2019heures de travail b\u00e9n\u00e9vole aux programmes de la Soci\u00e9t\u00e9 comme le programme de lettres au P\u00e8re No\u00ebl, le Programme des b\u00e9n\u00e9voles en mati\u00e8re d\u2019imp\u00f4t, divers concours de r\u00e9daction de lettres et une multitude de rencontres sportives.<\/p>\n<p>Les b\u00e9n\u00e9voles sont toujours en demande dans toutes les collectivit\u00e9s. Quels que soient les int\u00e9r\u00eats des membres, ils peuvent combler certains des besoins. Depuis plusieurs ann\u00e9es, c\u2019est ce que font les membres du Club H\u00e9ritage. Ils consacrent des milliers d\u2019heures \u00e0 la r\u00e9alisation de t\u00e9l\u00e9thons, recueillent de l\u2019argent pour des services de sant\u00e9 et des h\u00f4pitaux pour enfants, ramassent des tonnes de nourriture et pr\u00e9parent des paniers pour les personnes moins fortun\u00e9es, mettent \u00e0 contribution leurs talents, pendant des milliers d\u2019heures, pour divertir des personnes confin\u00e9es dans des maisons de repos ou des centres d\u2019accueil pour les a\u00een\u00e9s, aident toutes sortes de clubs philanthropiques et de nombreux groupes religieux au Canada \u00e0 recueillir des fonds pour venir en aide aux gens dans le besoin, font des collectes de fonds pour des bourses d\u2019\u00e9tudes, offrent des conseils aux personnes qui ont des probl\u00e8mes, \u00e9laborent des projets communautaires li\u00e9s au service postal tels que la livraison du courrier et des colis du P\u00e8re No\u00ebl dans les jours qui pr\u00e9c\u00e8dent No\u00ebl.<\/p>\n<hr \/>\n<h3>Programme de lettres au P\u00e8re No\u00ebl<\/h3>\n<p>Chaque ann\u00e9e, avant No\u00ebl, des enfants de tous les coins du Canada et du monde entier \u00e9crivent plus d\u2019un million de lettres au P\u00e8re No\u00ebl.<\/p>\n<p>Ce programme s\u2019inscrit bien dans l\u2019initiative d\u2019alphab\u00e9tisation de la Soci\u00e9t\u00e9 canadienne des postes puisqu\u2019il encourage les enfants \u00e0 \u00e9crire au P\u00e8re No\u00ebl, en exprimant leurs pens\u00e9es sur la p\u00e9riode des f\u00eates et en dressant leur liste de souhaits. Ce programme permet aussi d\u2019inciter les enfants \u00e0 adresser correctement le courrier et \u00e0 utiliser le code postal.<\/p>\n<p>Depuis 2006 le Club Heritage s&rsquo;implique d&rsquo;avantage dans le programme de lettres au P\u00e8re No\u00ebl et le co-ordinnateur pour le Club H\u00e9ritage est Fred Danells.<\/p>\n<hr \/>\n<h3>Programme des Visites-soleil<\/h3>\n<p>Les gens confin\u00e9s \u00e0 la maison, \u00e0 l\u2019h\u00f4pital ou dans une maison de repos re\u00e7oivent la visite de b\u00e9n\u00e9voles qui les aident \u00e0 \u00e9crire des lettres, \u00e0 adresser des colis ou tout simplement qui viennent les distraire.<\/p>\n","protected":false},"excerpt":{"rendered":"<p>Les employ\u00e9s de Postes Canada ont une tradition d\u00e9j\u00e0 ancienne de rendre service aux collectivit\u00e9s qu\u2019ils servent. Il n\u2019est donc pas \u00e9tonnant que la mission du Club H\u00e9ritage comprenne un engagement profond de participation \u00e0 des activit\u00e9s de service communautaire. Les membres ont consacr\u00e9 des milliers d\u2019heures de travail b\u00e9n\u00e9vole aux programmes de la Soci\u00e9t\u00e9&#8230;  <a class=\"excerpt-read-more\" href=\"https:\/\/heritageclub.ca\/fr\/mandat-communautaire\/\" title=\"Read Mandat Communautaire\">Lire la suite &raquo;<\/a><\/p>\n","protected":false},"author":12,"featured_media":0,"parent":0,"menu_order":0,"comment_status":"closed","ping_status":"closed","template":"","meta":{"_acf_changed":false,"ngg_post_thumbnail":0,"footnotes":""},"class_list":["post-254","page","type-page","status-publish","hentry"],"acf":[],"_links":{"self":[{"href":"https:\/\/heritageclub.ca\/fr\/wp-json\/wp\/v2\/pages\/254","targetHints":{"allow":["GET"]}}],"collection":[{"href":"https:\/\/heritageclub.ca\/fr\/wp-json\/wp\/v2\/pages"}],"about":[{"href":"https:\/\/heritageclub.ca\/fr\/wp-json\/wp\/v2\/types\/page"}],"author":[{"embeddable":true,"href":"https:\/\/heritageclub.ca\/fr\/wp-json\/wp\/v2\/users\/12"}],"replies":[{"embeddable":true,"href":"https:\/\/heritageclub.ca\/fr\/wp-json\/wp\/v2\/comments?post=254"}],"version-history":[{"count":5,"href":"https:\/\/heritageclub.ca\/fr\/wp-json\/wp\/v2\/pages\/254\/revisions"}],"predecessor-version":[{"id":4105,"href":"https:\/\/heritageclub.ca\/fr\/wp-json\/wp\/v2\/pages\/254\/revisions\/4105"}],"wp:attachment":[{"href":"https:\/\/heritageclub.ca\/fr\/wp-json\/wp\/v2\/media?parent=254"}],"curies":[{"name":"wp","href":"https:\/\/api.w.org\/{rel}","templated":true}]}}