{"id":242,"date":"2014-12-11T16:59:43","date_gmt":"2014-12-11T16:59:43","guid":{"rendered":"http:\/\/heritageclub.ca\/about-2\/"},"modified":"2021-06-17T19:44:23","modified_gmt":"2021-06-17T19:44:23","slug":"about","status":"publish","type":"page","link":"https:\/\/heritageclub.ca\/fr\/about\/","title":{"rendered":"Aper\u00e7u"},"content":{"rendered":"<h3>Raison d\u2019\u00eatre<\/h3>\n<p>Les buts du Club H\u00e9ritage sont compatibles avec les objectifs de la Soci\u00e9t\u00e9 canadienne des postes. C\u2019est dans le cadre d\u2019un programme officiel destin\u00e9 \u00e0 souligner les longs \u00e9tats de service et la retraite que la Soci\u00e9t\u00e9 a cr\u00e9\u00e9 en 1989 le Club H\u00e9ritage, voulant ainsi montrer sa reconnaissance \u00e0 l\u2019\u00e9gard des employ\u00e9s ayant contribu\u00e9 aux services postaux du Canada. Depuis 1999, le Club n\u2019a cess\u00e9 d\u2019accro\u00eetre le nombre de membres pour atteindre quelque 20 000 membres. Par ses activit\u00e9s sociales et communautaires, le Club H\u00e9ritage perp\u00e9tue la tradition de service communautaire l\u00e9gu\u00e9e \u00e0 ses membres par des milliers d\u2019anciens employ\u00e9s. La Soci\u00e9t\u00e9 offre, par l\u2019entremise du Club H\u00e9ritage, la possibilit\u00e9 d\u2019enrichir cet h\u00e9ritage.<\/p>\n<p>Le groupe de travail de la Soci\u00e9t\u00e9, qui a recommand\u00e9 la cr\u00e9ation du Club H\u00e9ritage, a r\u00e9parti les 31 chapitres dans tout le Canada en suivant la structure de la Soci\u00e9t\u00e9 canadienne des postes pour les doter d\u2019un cadre administratif. <\/p>\n<p>Le groupe de travail a \u00e9galement s\u00e9lectionn\u00e9 des pr\u00e9sidents de chapitre temporaires qui, \u00e0 leur tour, ont choisi des administrateurs. Ces cadres ont ensuite donn\u00e9 un nom \u00e0 leurs chapitres respectifs et d\u00e9sign\u00e9 21 candidats comme membres fondateurs des chapitres. <\/p>\n<p>Ce travail pr\u00e9paratoire a \u00e9t\u00e9 couronn\u00e9 par un banquet inaugural tenu \u00e0 Ottawa le 18 mars 1989, au cours duquel le pr\u00e9sident-directeur g\u00e9n\u00e9ral de la Soci\u00e9t\u00e9, Donald Lander, a remis une charte \u00e0 chacun des pr\u00e9sidents de chapitre qui \u00e9taient pr\u00e9sents.<\/p>\n<hr \/>\n<h3>Cotisations au chapitre<\/h3>\n<p>Depuis 2000, le Club H\u00e9ritage a mis en place une structure de cotisations pour soutenir les diverses activit\u00e9s et initiatives des chapitres. Veuillez noter que les cotisations varient d\u2019un chapitre \u00e0 l\u2019autre et sont tr\u00e8s minimes. <\/p>\n<hr \/>\n<h3>Ann\u00e9e administrative et ann\u00e9e financi\u00e8re<\/h3>\n<p>L\u2019ann\u00e9e administrative et l\u2019ann\u00e9e financi\u00e8re commencent le 1er janvier et se terminent le 31 d\u00e9cembre. Les r\u00e9unions nationales li\u00e9es au financement et les rapports financiers sont planifi\u00e9s en fonction de ces dates.<\/p>\n<hr \/>\n<h3>R\u00e9union annuelle\/r\u00e9unions de l\u2019Ex\u00e9cutif national &#8211; AGA<\/h3>\n<p>L\u2019assembl\u00e9e annuelle des pr\u00e9sidents de chapitre est l\u2019organe l\u00e9gislatif du Club H\u00e9ritage. Elle a lieu le premier week-end de juin de chaque ann\u00e9e. En outre, l\u2019Ex\u00e9cutif national se r\u00e9unit p\u00e9riodiquement \u00e0 Ottawa. La dur\u00e9e de la r\u00e9union est d\u00e9termin\u00e9e par l\u2019Ex\u00e9cutif national et le personnel du programme interne du Club H\u00e9ritage de la Soci\u00e9t\u00e9.<\/p>\n<hr \/>\n<h3>La Charte<\/h3>\n<p>La Charte se lit comme suit : \u00ab Pour souligner votre d\u00e9vouement \u00e0 l\u2019acheminement du courrier en ce pays, et pour vous appuyer dans votre d\u00e9sir de maintenir les traditions de notre association, le Club H\u00e9ritage regroupe par la pr\u00e9sente, les membres fondateurs en une section qui sera connue sous le nom de \u2026 \u00bb. \u00ab Nous vous invitons, vous et tous ceux \u00e0 qui vous pourrez conf\u00e9rer le titre de membre, \u00e0 appuyer les meilleurs int\u00e9r\u00eats de notre pass\u00e9, \u00e0 vous r\u00e9jouir de nos r\u00e9alisations actuelles, et \u00e0 am\u00e9liorer les possibilit\u00e9s qui s\u2019offrent \u00e0 nous pour l\u2019avenir. \u00bb \u00ab Les membres de cette section acqui\u00e8rent tous les pouvoirs, tous les privil\u00e8ges et tous les avantages qui d\u00e9coulent de leur appartenance au Club H\u00e9ritage. \u00bb<\/p>\n<hr \/>\n<h3>Logo du Club<\/h3>\n<p>Le logo du Club H\u00e9ritage est form\u00e9 de deux cercles concentriques entre lesquels apparaissent la mention \u00ab Heritage Club Club H\u00e9ritage \u00bb et le symbole de la SCP. Dans certains cas, le logo de la Soci\u00e9t\u00e9 appara\u00eet \u00e0 la base des cercles. La permission d\u2019utiliser le logo ne peut \u00eatre accord\u00e9e \u00e0 un autre organisme qu\u2019apr\u00e8s consultation du pr\u00e9sident national (ins\u00e9rer le lien). <\/p>\n<hr \/>\n<h3>Devise du Club<\/h3>\n<p>\u00ab L\u2019entraide \u00e0 son meilleur \u00bb est la devise du Club. Elle r\u00e9sume avec \u00e9loquence l\u2019objectif du Club et ses activit\u00e9s.<\/p>\n<hr \/>\n<h3>Reconnaissance du m\u00e9rite et prix<\/h3>\n<p>La reconnaissance du m\u00e9rite des membres du Club H\u00e9ritage se manifeste sous diff\u00e9rentes formes, notamment le Troph\u00e9e du service communautaire, le Troph\u00e9e de camaraderie et le Prix du pr\u00e9sident.<\/p>\n<hr \/>\n<h3>Troph\u00e9e du service communautaire<\/h3>\n<p>Le Troph\u00e9e du service communautaire a \u00e9t\u00e9 command\u00e9 par la Soci\u00e9t\u00e9 et est attribu\u00e9 au chapitre qui offre le plus vaste \u00e9ventail d\u2019activit\u00e9s ax\u00e9es sur la collectivit\u00e9 et appuyant les initiatives de la Soci\u00e9t\u00e9, en particulier l\u2019alphab\u00e9tisation. Le troph\u00e9e, une statue de bronze cr\u00e9\u00e9e par l\u2019artiste montr\u00e9alaise Phyllis Mendell, est expos\u00e9 le long du boulevard des employ\u00e9s au si\u00e8ge social d\u2019Ottawa, t\u00e9moignage de la fiert\u00e9 de la Soci\u00e9t\u00e9 \u00e0 l\u2019\u00e9gard du Club H\u00e9ritage. Une plaque, conserv\u00e9e par le chapitre honor\u00e9, est remise par le pr\u00e9sident national au cours de l\u2019assembl\u00e9e annuelle des pr\u00e9sidents de chapitre. En 2018, la statue de bronze a \u00e9t\u00e9 remplac\u00e9e par un troph\u00e9e en acrylique de couleur jade. <\/p>\n<hr \/>\n<h3>Troph\u00e9e de camaraderie<\/h3>\n<p>Un autre \u00e9l\u00e9ment important du Club H\u00e9ritage est de favoriser l\u2019esprit de camaraderie parmi les membres. Les r\u00e9unions r\u00e9guli\u00e8res des membres, les activit\u00e9s sociales et les activit\u00e9s de travail b\u00e9n\u00e9vole sont des occasions propices \u00e0 la camaraderie. Cet esprit r\u00e8gne aussi chez les membres qui vont aider d\u2019autres membres qui sont confin\u00e9s \u00e0 la maison, ont besoin d\u2019un coup de main pour des petits travaux ou ont tout simplement besoin de parler \u00e0 quelqu\u2019un qui sait \u00e9couter. Cette plaque est d\u00e9cern\u00e9e au chapitre qui a tenu la plus grande vari\u00e9t\u00e9 d\u2019activit\u00e9s pour ses membres. Les activit\u00e9s sont habituellement r\u00e9parties dans les cat\u00e9gories suivantes :<br \/>\n\u2022 les services personnels dont b\u00e9n\u00e9ficient des membres du chapitre, comme les visites-soleil, la livraison de repas \u00e0 domicile, l\u2019aide en mati\u00e8re d\u2019imp\u00f4t ou l\u2019aide m\u00e9nag\u00e8re;<br \/>\n\u2022 les activit\u00e9s sociales comme les r\u00e9unions de membres, les soir\u00e9es dansantes, les f\u00eates saisonni\u00e8res, les barbecues, les sorties au d\u00eener-th\u00e9\u00e2tre, les conf\u00e9rences sp\u00e9ciales ou les s\u00e9minaires; les voyages ou la formation d\u2019une \u00e9quipe en vue d\u2019un travail communautaire;<br \/>\n\u2022 les activit\u00e9s sportives comme le curling, les quilles, les tournois de golf, les classes d\u2019exercices a\u00e9robiques, la danse de ligne ou la natation.<\/p>\n<hr \/>\n<h3>Prix du pr\u00e9sident<\/h3>\n<p>Ce prix a \u00e9t\u00e9 introduit en 2010 et est pr\u00e9sent\u00e9 au chapitre qui s\u2019est le plus am\u00e9lior\u00e9 d\u2019une ann\u00e9e sur l\u2019autre et qui refl\u00e8te le mieux les objectifs du Club.<\/p>\n<p>L\u2019Ex\u00e9cutif national agit \u00e0 tire de jury de s\u00e9lection, et aucun bulletin de nomination n\u2019est requis. Les renseignements pertinents sont obtenus \u00e0 partir des rapports des chapitres inclus dans le rapport annuel. Le chapitre gagnant est annonc\u00e9 au cours de l\u2019assembl\u00e9e annuelle, et le troph\u00e9e est pr\u00e9sent\u00e9 par le pr\u00e9sident national.<\/p>\n<hr \/>\n<h3>Pri\u00e8re pour le repas du Club H\u00e9ritage<\/h3>\n<p>Pour le meilleur de notre pass\u00e9,<br \/>\nPour nos r\u00e9alisations d\u2019aujourd\u2019hui,<br \/>\nPour les perspectives d\u2019avenir,<br \/>\nPour ce repas et pour notre camaraderie,<br \/>\nSeigneur, nous te remercions.<br \/>\nAmen<\/p>\n","protected":false},"excerpt":{"rendered":"<p>Raison d\u2019\u00eatre Les buts du Club H\u00e9ritage sont compatibles avec les objectifs de la Soci\u00e9t\u00e9 canadienne des postes. C\u2019est dans le cadre d\u2019un programme officiel destin\u00e9 \u00e0 souligner les longs \u00e9tats de service et la retraite que la Soci\u00e9t\u00e9 a cr\u00e9\u00e9 en 1989 le Club H\u00e9ritage, voulant ainsi montrer sa reconnaissance \u00e0 l\u2019\u00e9gard des employ\u00e9s&#8230;  <a class=\"excerpt-read-more\" href=\"https:\/\/heritageclub.ca\/fr\/about\/\" title=\"Read Aper\u00e7u\">Lire la suite &raquo;<\/a><\/p>\n","protected":false},"author":12,"featured_media":0,"parent":0,"menu_order":0,"comment_status":"closed","ping_status":"closed","template":"","meta":{"_acf_changed":false,"ngg_post_thumbnail":0,"footnotes":""},"class_list":["post-242","page","type-page","status-publish","hentry"],"acf":[],"_links":{"self":[{"href":"https:\/\/heritageclub.ca\/fr\/wp-json\/wp\/v2\/pages\/242","targetHints":{"allow":["GET"]}}],"collection":[{"href":"https:\/\/heritageclub.ca\/fr\/wp-json\/wp\/v2\/pages"}],"about":[{"href":"https:\/\/heritageclub.ca\/fr\/wp-json\/wp\/v2\/types\/page"}],"author":[{"embeddable":true,"href":"https:\/\/heritageclub.ca\/fr\/wp-json\/wp\/v2\/users\/12"}],"replies":[{"embeddable":true,"href":"https:\/\/heritageclub.ca\/fr\/wp-json\/wp\/v2\/comments?post=242"}],"version-history":[{"count":9,"href":"https:\/\/heritageclub.ca\/fr\/wp-json\/wp\/v2\/pages\/242\/revisions"}],"predecessor-version":[{"id":3988,"href":"https:\/\/heritageclub.ca\/fr\/wp-json\/wp\/v2\/pages\/242\/revisions\/3988"}],"wp:attachment":[{"href":"https:\/\/heritageclub.ca\/fr\/wp-json\/wp\/v2\/media?parent=242"}],"curies":[{"name":"wp","href":"https:\/\/api.w.org\/{rel}","templated":true}]}}