{"id":138,"date":"2014-12-22T14:40:06","date_gmt":"2014-12-22T14:40:06","guid":{"rendered":"http:\/\/heritageclub.ca\/bluewater\/?page_id=138"},"modified":"2016-11-16T13:04:35","modified_gmt":"2016-11-16T13:04:35","slug":"executif-et-contact","status":"publish","type":"page","link":"https:\/\/heritageclub.ca\/bluewater\/fr\/executif-et-contact\/","title":{"rendered":"Ex\u00e9cutif et Contact"},"content":{"rendered":"<table>\n<tbody>\n<tr>\n<td width=\"250\">Pr\u00e9sident<\/td>\n<td><a href=\"mailto:campbellkid1@bell.net\">Bob Emmons<\/a><\/td>\n<\/tr>\n<tr>\n<td>1er Vice-Pr\u00e9sident<\/td>\n<td>Mike\u00a0 Belchuk<\/td>\n<\/tr>\n<tr>\n<td>2i\u00e8me Vice-Pr\u00e9sident<\/td>\n<td>Lyle Drouillard<\/td>\n<\/tr>\n<tr>\n<td>Newsletter<\/td>\n<td>Holly Perreault<\/td>\n<\/tr>\n<tr>\n<td>Membre Ex\u00e9cutif<\/td>\n<td><\/td>\n<\/tr>\n<tr>\n<td>3rd Vice-Pr\u00e9sident<\/td>\n<td><\/td>\n<\/tr>\n<tr>\n<td>Treasurer<\/td>\n<td>Mike Belchuk<\/td>\n<\/tr>\n<tr>\n<td>Membership<\/td>\n<td>Carol Spence<\/td>\n<\/tr>\n<\/tbody>\n<\/table>\n<p>&nbsp;<\/p>\n","protected":false},"excerpt":{"rendered":"<p>Pr\u00e9sident Bob Emmons 1er Vice-Pr\u00e9sident Mike\u00a0 Belchuk 2i\u00e8me Vice-Pr\u00e9sident Lyle Drouillard Newsletter Holly Perreault Membre Ex\u00e9cutif 3rd Vice-Pr\u00e9sident Treasurer Mike Belchuk Membership Carol Spence &nbsp;<\/p>\n","protected":false},"author":12,"featured_media":0,"parent":0,"menu_order":0,"comment_status":"closed","ping_status":"closed","template":"","meta":{"_acf_changed":false,"footnotes":""},"class_list":["post-138","page","type-page","status-publish","hentry"],"acf":[],"_links":{"self":[{"href":"https:\/\/heritageclub.ca\/bluewater\/fr\/wp-json\/wp\/v2\/pages\/138","targetHints":{"allow":["GET"]}}],"collection":[{"href":"https:\/\/heritageclub.ca\/bluewater\/fr\/wp-json\/wp\/v2\/pages"}],"about":[{"href":"https:\/\/heritageclub.ca\/bluewater\/fr\/wp-json\/wp\/v2\/types\/page"}],"author":[{"embeddable":true,"href":"https:\/\/heritageclub.ca\/bluewater\/fr\/wp-json\/wp\/v2\/users\/12"}],"replies":[{"embeddable":true,"href":"https:\/\/heritageclub.ca\/bluewater\/fr\/wp-json\/wp\/v2\/comments?post=138"}],"version-history":[{"count":6,"href":"https:\/\/heritageclub.ca\/bluewater\/fr\/wp-json\/wp\/v2\/pages\/138\/revisions"}],"predecessor-version":[{"id":265,"href":"https:\/\/heritageclub.ca\/bluewater\/fr\/wp-json\/wp\/v2\/pages\/138\/revisions\/265"}],"wp:attachment":[{"href":"https:\/\/heritageclub.ca\/bluewater\/fr\/wp-json\/wp\/v2\/media?parent=138"}],"curies":[{"name":"wp","href":"https:\/\/api.w.org\/{rel}","templated":true}]}}